{"id":66,"date":"2014-09-18T12:40:47","date_gmt":"2014-09-18T11:40:47","guid":{"rendered":"http:\/\/agora.xtec.cat\/ceipbordils\/?page_id=66"},"modified":"2021-02-10T16:24:46","modified_gmt":"2021-02-10T15:24:46","slug":"perfercami","status":"publish","type":"page","link":"https:\/\/agora.xtec.cat\/ceipbordils\/perfercami\/","title":{"rendered":"Per fer cam\u00ed"},"content":{"rendered":"<p><span style=\"color: #333333; font-size: 20px;\"><span style=\"font-family: helvetica, arial, sans-serif;\">&#8230;perqu\u00e8 \u00e9s caminant que avancem, sense oblidar d\u2019on venim,\u00a0 <\/span><\/span><span style=\"color: #333333; font-size: 20px;\"><span style=\"font-family: helvetica, arial, sans-serif;\">perqu\u00e8 tot all\u00f2 viscut justifica on ens trobem, <\/span><\/span><span style=\"color: #333333; font-size: 20px;\"><span style=\"font-family: helvetica, arial, sans-serif;\">perqu\u00e8 all\u00f2 que ens defineix no \u00e9s all\u00f2 que fem, sin\u00f3 com ho fem.<\/span><\/span><\/p>\n","protected":false},"excerpt":{"rendered":"<p>&#8230;perqu\u00e8 \u00e9s caminant que avancem, sense oblidar d\u2019on venim,\u00a0 perqu\u00e8 tot all\u00f2 viscut justifica on ens trobem, perqu\u00e8 all\u00f2 que ens defineix no \u00e9s all\u00f2 que fem, sin\u00f3 com ho fem.<\/p>\n","protected":false},"author":1,"featured_media":0,"parent":0,"menu_order":0,"comment_status":"closed","ping_status":"closed","template":"page-templates\/side-menu.php","meta":{"_bbp_topic_count":0,"_bbp_reply_count":0,"_bbp_total_topic_count":0,"_bbp_total_reply_count":0,"_bbp_voice_count":0,"_bbp_anonymous_reply_count":0,"_bbp_topic_count_hidden":0,"_bbp_reply_count_hidden":0,"_bbp_forum_subforum_count":0,"footnotes":""},"class_list":["post-66","page","type-page","status-publish","hentry"],"post_mailing_queue_ids":[],"_links":{"self":[{"href":"https:\/\/agora.xtec.cat\/ceipbordils\/wp-json\/wp\/v2\/pages\/66","targetHints":{"allow":["GET"]}}],"collection":[{"href":"https:\/\/agora.xtec.cat\/ceipbordils\/wp-json\/wp\/v2\/pages"}],"about":[{"href":"https:\/\/agora.xtec.cat\/ceipbordils\/wp-json\/wp\/v2\/types\/page"}],"author":[{"embeddable":true,"href":"https:\/\/agora.xtec.cat\/ceipbordils\/wp-json\/wp\/v2\/users\/1"}],"replies":[{"embeddable":true,"href":"https:\/\/agora.xtec.cat\/ceipbordils\/wp-json\/wp\/v2\/comments?post=66"}],"version-history":[{"count":4,"href":"https:\/\/agora.xtec.cat\/ceipbordils\/wp-json\/wp\/v2\/pages\/66\/revisions"}],"predecessor-version":[{"id":6325,"href":"https:\/\/agora.xtec.cat\/ceipbordils\/wp-json\/wp\/v2\/pages\/66\/revisions\/6325"}],"wp:attachment":[{"href":"https:\/\/agora.xtec.cat\/ceipbordils\/wp-json\/wp\/v2\/media?parent=66"}],"curies":[{"name":"wp","href":"https:\/\/api.w.org\/{rel}","templated":true}]}}