{"id":6357,"date":"2021-02-10T21:39:26","date_gmt":"2021-02-10T20:39:26","guid":{"rendered":"http:\/\/agora.xtec.cat\/ceipbordils\/?page_id=6357"},"modified":"2021-02-13T20:45:11","modified_gmt":"2021-02-13T19:45:11","slug":"univers-creatriu","status":"publish","type":"page","link":"https:\/\/agora.xtec.cat\/ceipbordils\/perfercami\/univers-creatriu\/","title":{"rendered":"Univers creatiu"},"content":{"rendered":"<p><span style=\"font-size: 24px;\">Felicitar les festes, marcar el punt de lectura, personalitzar la llibreta, anunciar l&#8217;obra de teatre o un esdeveniment important, &#8230; l&#8217;univers creatiu \u00e9s infinit!<\/span><\/p>\n<p><strong>FELICITACIONS<\/strong><\/p>\n<p><a href=\"https:\/\/agora.xtec.cat\/ceipbordils\/general\/nadal-casasses-i-lescola-de-bordils\/\"><em>\u2026 quan tot dorm i tu descanses i amb el cap planxes el coix\u00ed, qui sap els somnis on viatgen, ni quin ball balla l\u2019esperit. <\/em><\/a>Enric Casasses<\/p>\n<p><a href=\"https:\/\/agora.xtec.cat\/ceipbordils\/infantil\/p3\/recordant-a-ladria-creus-1957-2019\/\"><i>&#8220;Tinc la porta oberta a n\u00favols i estrelles\u201d .\u00a0<\/i><\/a>Adri\u00e0 Creus<\/p>\n<p><a href=\"https:\/\/agora.xtec.cat\/ceipbordils\/portada\/postals-de-nadal\/\"><em>La nit de cor de xarol<\/em> . <\/a>Maria Merc\u00e8 Mar\u00e7al<\/p>\n<p><a href=\"https:\/\/photos.google.com\/share\/AF1QipNTBl84wnCwgAQgAMOVzzwwD_hkswN4wfdFQ4E9bRgO2yfqXVNQodMXIbokCkasdw?key=TVRYNjVTMEJwcXVhODd4WHljdENlSzJZclFQUmVR\">\u201cSi la veritat tingu\u00e9s amo, podr\u00edem cantar les flors, el paisatge i reposar sota les branques que abracen els cels estrellats, i viure en un m\u00f3n de criatures on el joc fos la vida\u201d<\/a>. Ricard Creus<\/p>\n<p>&nbsp;<\/p>\n<p><strong>CARTELLS<\/strong><\/p>\n<p>Carnestoltes\u00a0 \u00a0<a href=\"https:\/\/agora.xtec.cat\/ceipbordils\/general\/carnestoltes-2021\/\">2021 \u00a0 \u00a0 <\/a><a href=\"https:\/\/agora.xtec.cat\/ceipbordils\/portada\/carnestoltes-cartells-15-de-marc-de-2020\/\">2020<\/a>\u00a0 \u00a0<a href=\"https:\/\/agora.xtec.cat\/ceipbordils\/portada\/carnestoltes\/\"> \u00a02019<\/a> \u00a0 \u00a0<a href=\"https:\/\/photos.google.com\/share\/AF1QipMG_OBQ_WwAT4ApXR4n4CTe8IbPnfNgGpctMlD6BrFldlSiRPTyxAhtK2yhgsNzPQ?key=QVUzVmhUNEtETlBqX25nNXg4YlFMTWc5UHQ1LUx3\">2018<\/a> \u00a0\u00a0 \u00a0<a href=\"http:\/\/www.xtec.cat\/ceipbordils\/CURS%201617\/Carnestoltes%20p.jpg\">2017<\/a><\/p>\n<p>Cantem nadales:\u00a0 \u00a0 \u00a0 <a href=\"https:\/\/agora.xtec.cat\/ceipbordils\/portada\/cantem-nadales-2\/\">2019\u00a0 \u00a0 <\/a><a href=\"https:\/\/agora.xtec.cat\/ceipbordils\/portada\/cantem-nadales\/\">2018\u00a0 \u00a0 \u00a0<\/a><a href=\"https:\/\/agora.xtec.cat\/ceipbordils\/portada\/cantada-de-nadales-al-poble\/\">2017 \u00a0 \u00a0 <\/a><a href=\"http:\/\/www.xtec.cat\/ceipbordils\/CURS%201617\/CANTEM%20NADALES%20CI_3.jpg\">2016<\/a><\/p>\n<p>Bufet lliure:\u00a0 \u00a0 \u00a0 <a href=\"https:\/\/agora.xtec.cat\/ceipbordils\/portada\/bufet-lliure\/\">2019<\/a>\u00a0 \u00a0 \u00a0<a href=\"https:\/\/agora.xtec.cat\/ceipbordils\/portada\/installacions-del-bufet-lliure\/\">2018<\/a>\u00a0 \u00a0 <a href=\"https:\/\/photos.google.com\/share\/AF1QipNgxrGRo37bkLFhr3di5zn3SmKG21lw3qKJLgAYIetFEOEuUkMA0HK72gBCVa_37A?key=WER1UmN0ZHRYTExwZkYwWC1DOEZJSkg3MHRkMDBB\">\u00a02017 \u00a0 \u00a0 <\/a><a href=\"http:\/\/www.xtec.cat\/ceipbordils\/CURS%201516\/CARTELL_3.jpg\">2016<\/a><\/p>\n<p>St. Jordi:\u00a0 \u00a0 <a href=\"https:\/\/agora.xtec.cat\/ceipbordils\/portada\/sant-jordi-2019\/\">\u00a02019\u00a0<\/a> \u00a0 \u00a0<a href=\"https:\/\/agora.xtec.cat\/ceipbordils\/portada\/sant-jordi\/\">2018<\/a> \u00a0 \u00a0 <a href=\"http:\/\/www.xtec.cat\/ceipbordils\/CURS%201516\/15_16_CARTELL%20SANT%20JORDI_2%20(Medium).jpg\">2016<\/a><\/p>\n<p>Mat\u00ed de natura:\u00a0 \u00a0 \u00a0<a href=\"https:\/\/agora.xtec.cat\/ceipbordils\/portada\/mati-de-natura\/\">Anellament d&#8217;ocells \u00a0 \u00a0 <\/a><a href=\"https:\/\/agora.xtec.cat\/ceipbordils\/portada\/mati-de-natura-2018\/\">Baixada en caic \u00a0 \u00a0 <\/a><a href=\"https:\/\/photos.google.com\/share\/AF1QipN-hNiZIrtihsHhSp9qMu4U9vlCmJUnZ_bZYSRh1lobpcNzy0JMHOaGEsMBlV2Mlg?key=SzlNeWszTHRtUHZTLVBRdnhPWVAwZkU0Y1lScERn\">Pesca cient\u00edfica<\/a><\/p>\n<p>Dijous gras:\u00a0 \u00a0 \u00a0<a href=\"https:\/\/agora.xtec.cat\/ceipbordils\/infantil\/nya\/\">Madremanya \u00a0 \u00a0 <\/a><a href=\"http:\/\/www.xtec.cat\/ceipbordils\/CURS%201617\/2016_2017_cartell%20dijous%20gras_web%20.jpg\">Emp\u00faries \u00a0 \u00a0 <\/a><a href=\"http:\/\/www.xtec.cat\/ceipbordils\/CURS%201516\/MX-3100N_20160129_113240_001.jpg\">Cru\u00eflles<\/a><\/p>\n<p>Films:\u00a0 \u00a0 <a href=\"https:\/\/agora.xtec.cat\/ceipbordils\/portada\/projeccio-al-teu-costat\/\">Al teu costat \u00a0 \u00a0 <\/a><a href=\"https:\/\/photos.google.com\/share\/AF1QipPNs2klXezLy0jcD51Gy33cCG17aI9medSVuEV7IObulTN0gZ-j2OwPSiQRzy-F5A?key=S1IzQjhVN2tOQUtYQ3hhcTVicXNwNEt4YjR4NVFn\">A prop teu \u00a0 \u00a0 <\/a><a href=\"http:\/\/www.cinemaencurs.org\/ca\/post-diari\/cartells-projeccio-del-film-bordils\">Ad\u00e9u<\/a><\/p>\n<p>Festes\u00a0 \u00a0Nadal:\u00a0 \u00a0\u00a0<a href=\"https:\/\/agora.xtec.cat\/ceipbordils\/portada\/festa-de-nadal-diumenge-15-de-desembre-al-mati\/\">2019 \u00a0 \u00a0 <\/a><a href=\"https:\/\/agora.xtec.cat\/ceipbordils\/portada\/festa-de-nadal-a-lescola\">2017<\/a><\/p>\n<p>&nbsp;<\/p>\n<p><strong>FESTES<\/strong><\/p>\n<p><a href=\"https:\/\/agora.xtec.cat\/ceipbordils\/general\/dijous-gras-mascares-i-complements-de-carnestoltes\/?preview_id=6374&amp;preview_nonce=fd071048e1&amp;_thumbnail_id=6375&amp;preview=true\">Carnestoltes 2021<\/a><\/p>\n<p>&nbsp;<\/p>\n<p><strong>ITINERARIS PO\u00c8TICS<\/strong><\/p>\n<p><a href=\"http:\/\/bordilsprimer1617.blogspot.com\/2017\/05\/els-aiguamolls-de-m-angels-anglada-els.html\">M\u00aa \u00c0ngels Anglada\u00a0<\/a><\/p>\n<p>&nbsp;<\/p>\n","protected":false},"excerpt":{"rendered":"<p>Felicitar les festes, marcar el punt de lectura, personalitzar la llibreta, anunciar l&#8217;obra de teatre o un esdeveniment important, &#8230; l&#8217;univers creatiu \u00e9s infinit!<br \/>\nFELICITACIONS<br \/>\n<a href=\"https:\/\/agora.xtec.cat\/ceipbordils\/general\/nadal-casasses-i-lescola-de-bordils\/\">\u2026 quan tot dorm i tu descanses i amb el cap planxes el coix\u00ed, qui sap els somnis on viatgen, ni&hellip;  <a href=\"https:\/\/agora.xtec.cat\/ceipbordils\/perfercami\/univers-creatriu\/\" title=\"Read Univers creatiu\">Llegeix m\u00e9s\u00bb<\/a><\/p>\n","protected":false},"author":1,"featured_media":0,"parent":66,"menu_order":30,"comment_status":"closed","ping_status":"closed","template":"page-templates\/side-menu.php","meta":{"_bbp_topic_count":0,"_bbp_reply_count":0,"_bbp_total_topic_count":0,"_bbp_total_reply_count":0,"_bbp_voice_count":0,"_bbp_anonymous_reply_count":0,"_bbp_topic_count_hidden":0,"_bbp_reply_count_hidden":0,"_bbp_forum_subforum_count":0,"footnotes":""},"class_list":["post-6357","page","type-page","status-publish","hentry"],"post_mailing_queue_ids":[],"_links":{"self":[{"href":"https:\/\/agora.xtec.cat\/ceipbordils\/wp-json\/wp\/v2\/pages\/6357","targetHints":{"allow":["GET"]}}],"collection":[{"href":"https:\/\/agora.xtec.cat\/ceipbordils\/wp-json\/wp\/v2\/pages"}],"about":[{"href":"https:\/\/agora.xtec.cat\/ceipbordils\/wp-json\/wp\/v2\/types\/page"}],"author":[{"embeddable":true,"href":"https:\/\/agora.xtec.cat\/ceipbordils\/wp-json\/wp\/v2\/users\/1"}],"replies":[{"embeddable":true,"href":"https:\/\/agora.xtec.cat\/ceipbordils\/wp-json\/wp\/v2\/comments?post=6357"}],"version-history":[{"count":4,"href":"https:\/\/agora.xtec.cat\/ceipbordils\/wp-json\/wp\/v2\/pages\/6357\/revisions"}],"predecessor-version":[{"id":6412,"href":"https:\/\/agora.xtec.cat\/ceipbordils\/wp-json\/wp\/v2\/pages\/6357\/revisions\/6412"}],"up":[{"embeddable":true,"href":"https:\/\/agora.xtec.cat\/ceipbordils\/wp-json\/wp\/v2\/pages\/66"}],"wp:attachment":[{"href":"https:\/\/agora.xtec.cat\/ceipbordils\/wp-json\/wp\/v2\/media?parent=6357"}],"curies":[{"name":"wp","href":"https:\/\/api.w.org\/{rel}","templated":true}]}}