{"id":6307,"date":"2021-02-10T15:58:53","date_gmt":"2021-02-10T14:58:53","guid":{"rendered":"http:\/\/agora.xtec.cat\/ceipbordils\/?page_id=6307"},"modified":"2021-02-10T15:58:53","modified_gmt":"2021-02-10T14:58:53","slug":"tertulia-educar-avui-el-rol-de-laudult","status":"publish","type":"page","link":"https:\/\/agora.xtec.cat\/ceipbordils\/tertulia-educar-avui-el-rol-de-laudult\/","title":{"rendered":"Tert\u00falia Educar avui El rol de l&#8217;audult"},"content":{"rendered":"<p><a href=\"http:\/\/agora.xtec.cat\/ceipbordils\/wp-content\/uploads\/usu1413\/2017\/11\/Tert%C3%BAlia.png\"><img loading=\"lazy\" decoding=\"async\" class=\"alignnone size-full wp-image-2483\" src=\"http:\/\/agora.xtec.cat\/ceipbordils\/wp-content\/uploads\/usu1413\/2017\/11\/Tert%C3%BAlia.png\" sizes=\"auto, (max-width: 750px) 100vw, 750px\" srcset=\"https:\/\/agora.xtec.cat\/ceipbordils\/wp-content\/uploads\/usu1413\/2017\/11\/Tert\u00falia.png 750w, https:\/\/agora.xtec.cat\/ceipbordils\/wp-content\/uploads\/usu1413\/2017\/11\/Tert\u00falia-300x160.png 300w\" alt=\"\" width=\"750\" height=\"400\" \/><\/a><\/p>\n<p align=\"CENTER\"><b>L\u00edmits, sobreprotecci\u00f3, flexibilitat, oportunitats, prendre decisions, temps de lleure, seguretat, autonomia, autoestima, exig\u00e8ncies, cr\u00e9ixer, frustracions, expectatives,\u2026\u00a0\u00a0<\/b><b>o com acompanyar als infants.<\/b><\/p>\n<p align=\"CENTER\"><b>M\u00aa Jes\u00fas Comellas,\u00a0<\/b>mestra, Doctora en psicologia i professora em\u00e8rita del Departament de Pedagogia Aplicada de la Universitat Aut\u00f2noma de Barcelona ens acompanyar\u00e0 en les reflexions entorn aquests temes.<\/p>\n<p align=\"CENTER\"><i>Organitza: Claustre i AFA de l\u2019escola de Bordils<\/i><\/p>\n<p align=\"CENTER\"><a href=\"http:\/\/agora.xtec.cat\/ceipbordils\/wp-content\/uploads\/usu1413\/2017\/11\/2017_11_23_TERT%C3%9ALIA_4.jpg\"><img loading=\"lazy\" decoding=\"async\" class=\"alignnone size-full wp-image-2479\" src=\"http:\/\/agora.xtec.cat\/ceipbordils\/wp-content\/uploads\/usu1413\/2017\/11\/2017_11_23_TERT%C3%9ALIA_4.jpg\" sizes=\"auto, (max-width: 1024px) 100vw, 1024px\" srcset=\"https:\/\/agora.xtec.cat\/ceipbordils\/wp-content\/uploads\/usu1413\/2017\/11\/2017_11_23_TERT\u00daLIA_4.jpg 1024w, https:\/\/agora.xtec.cat\/ceipbordils\/wp-content\/uploads\/usu1413\/2017\/11\/2017_11_23_TERT\u00daLIA_4-300x173.jpg 300w, https:\/\/agora.xtec.cat\/ceipbordils\/wp-content\/uploads\/usu1413\/2017\/11\/2017_11_23_TERT\u00daLIA_4-768x443.jpg 768w\" alt=\"\" width=\"1024\" height=\"590\" \/><\/a><\/p>\n<p><a href=\"http:\/\/agora.xtec.cat\/ceipbordils\/wp-content\/uploads\/usu1413\/2017\/11\/2017_11_23_TERT%C3%9ALIA_2.jpg\"><img loading=\"lazy\" decoding=\"async\" class=\"alignnone size-full wp-image-2478\" src=\"http:\/\/agora.xtec.cat\/ceipbordils\/wp-content\/uploads\/usu1413\/2017\/11\/2017_11_23_TERT%C3%9ALIA_2.jpg\" sizes=\"auto, (max-width: 1024px) 100vw, 1024px\" srcset=\"https:\/\/agora.xtec.cat\/ceipbordils\/wp-content\/uploads\/usu1413\/2017\/11\/2017_11_23_TERT\u00daLIA_2.jpg 1024w, https:\/\/agora.xtec.cat\/ceipbordils\/wp-content\/uploads\/usu1413\/2017\/11\/2017_11_23_TERT\u00daLIA_2-300x162.jpg 300w, https:\/\/agora.xtec.cat\/ceipbordils\/wp-content\/uploads\/usu1413\/2017\/11\/2017_11_23_TERT\u00daLIA_2-768x414.jpg 768w\" alt=\"\" width=\"1024\" height=\"552\" \/><\/a><\/p>\n<p><a href=\"http:\/\/agora.xtec.cat\/ceipbordils\/wp-content\/uploads\/usu1413\/2017\/11\/2017_11_23_TERT%C3%9ALIA_1.jpg\"><img loading=\"lazy\" decoding=\"async\" class=\"alignnone size-full wp-image-2477\" src=\"http:\/\/agora.xtec.cat\/ceipbordils\/wp-content\/uploads\/usu1413\/2017\/11\/2017_11_23_TERT%C3%9ALIA_1.jpg\" sizes=\"auto, (max-width: 1024px) 100vw, 1024px\" srcset=\"https:\/\/agora.xtec.cat\/ceipbordils\/wp-content\/uploads\/usu1413\/2017\/11\/2017_11_23_TERT\u00daLIA_1.jpg 1024w, https:\/\/agora.xtec.cat\/ceipbordils\/wp-content\/uploads\/usu1413\/2017\/11\/2017_11_23_TERT\u00daLIA_1-300x165.jpg 300w, https:\/\/agora.xtec.cat\/ceipbordils\/wp-content\/uploads\/usu1413\/2017\/11\/2017_11_23_TERT\u00daLIA_1-768x422.jpg 768w\" alt=\"\" width=\"1024\" height=\"562\" \/><\/a><\/p>\n<p>El dijous 23 de novembre de 2017, M\u00aa Jes\u00fas Comelles ens va acompanyar a la 7\u00aa Tert\u00falia sobre el rol de l\u2019adult, amb gran aflu\u00e8ncia de p\u00fablic.<\/p>\n","protected":false},"excerpt":{"rendered":"<p><a href=\"http:\/\/agora.xtec.cat\/ceipbordils\/wp-content\/uploads\/usu1413\/2017\/11\/Tert%C3%BAlia.png\"><\/a><br \/>\nL\u00edmits, sobreprotecci\u00f3, flexibilitat, oportunitats, prendre decisions, temps de lleure, seguretat, autonomia, autoestima, exig\u00e8ncies, cr\u00e9ixer, frustracions, expectatives,\u2026\u00a0\u00a0o com acompanyar als infants.<br \/>\nM\u00aa Jes\u00fas Comellas,\u00a0mestra, Doctora en psicologia i professora em\u00e8rita del Departament de Pedagogia Aplicada de la Universitat Aut\u00f2noma de Barcelona ens acompanyar\u00e0 en les reflexions&hellip;  <a href=\"https:\/\/agora.xtec.cat\/ceipbordils\/tertulia-educar-avui-el-rol-de-laudult\/\" title=\"Read Tert\u00falia Educar avui El rol de l&#8217;audult\">Llegeix m\u00e9s\u00bb<\/a><\/p>\n","protected":false},"author":1,"featured_media":0,"parent":0,"menu_order":0,"comment_status":"closed","ping_status":"closed","template":"","meta":{"_bbp_topic_count":0,"_bbp_reply_count":0,"_bbp_total_topic_count":0,"_bbp_total_reply_count":0,"_bbp_voice_count":0,"_bbp_anonymous_reply_count":0,"_bbp_topic_count_hidden":0,"_bbp_reply_count_hidden":0,"_bbp_forum_subforum_count":0,"footnotes":""},"class_list":["post-6307","page","type-page","status-publish","hentry"],"post_mailing_queue_ids":[],"_links":{"self":[{"href":"https:\/\/agora.xtec.cat\/ceipbordils\/wp-json\/wp\/v2\/pages\/6307","targetHints":{"allow":["GET"]}}],"collection":[{"href":"https:\/\/agora.xtec.cat\/ceipbordils\/wp-json\/wp\/v2\/pages"}],"about":[{"href":"https:\/\/agora.xtec.cat\/ceipbordils\/wp-json\/wp\/v2\/types\/page"}],"author":[{"embeddable":true,"href":"https:\/\/agora.xtec.cat\/ceipbordils\/wp-json\/wp\/v2\/users\/1"}],"replies":[{"embeddable":true,"href":"https:\/\/agora.xtec.cat\/ceipbordils\/wp-json\/wp\/v2\/comments?post=6307"}],"version-history":[{"count":1,"href":"https:\/\/agora.xtec.cat\/ceipbordils\/wp-json\/wp\/v2\/pages\/6307\/revisions"}],"predecessor-version":[{"id":6308,"href":"https:\/\/agora.xtec.cat\/ceipbordils\/wp-json\/wp\/v2\/pages\/6307\/revisions\/6308"}],"wp:attachment":[{"href":"https:\/\/agora.xtec.cat\/ceipbordils\/wp-json\/wp\/v2\/media?parent=6307"}],"curies":[{"name":"wp","href":"https:\/\/api.w.org\/{rel}","templated":true}]}}