{"id":6293,"date":"2021-02-10T14:42:54","date_gmt":"2021-02-10T13:42:54","guid":{"rendered":"http:\/\/agora.xtec.cat\/ceipbordils\/?page_id=6293"},"modified":"2021-02-10T22:36:27","modified_gmt":"2021-02-10T21:36:27","slug":"entre-bambolines","status":"publish","type":"page","link":"https:\/\/agora.xtec.cat\/ceipbordils\/perfercami\/monliterari\/entre-bambolines\/","title":{"rendered":"Entre bambolines"},"content":{"rendered":"<p>El teatre, un <strong>projecte de creaci\u00f3<\/strong> que es nodreix de referents literaris d&#8217;aula i d\u2019escola per\u00f2 que neix d&#8217;interessos i viv\u00e8ncies del grup, que s\u2019elabora com els bons plats, a foc lent i temps. Hist\u00f2ries que reflecteixen cultura de grup i descriuen qui som, que s&#8217;emmirallen i s&#8217;inspiren en creacions d&#8217;autor per esdevenir nostres.<\/p>\n<p>Suposa la descoberta i coneixen\u00e7a de multitud de de llenguatges que dif\u00edcilment es troben amb tants i matisos\u00a0 en el mateix instant: facilita jugar amb les paraules, paraules plenes de m\u00fasica, la llum i les ombres, la m\u00e0gia, els silencis, la m\u00fasica, ens diverteix; se\u2019ns presenta com una eina viva que ens serveix per comunicar emocions; ens apropa a la coneixen\u00e7a d\u2019 actors, poetes, disciplines,&#8230;<\/p>\n<p>El teatre \u00e9s present a l\u2019escola cada curs i a cada grup, i ens permet desplegar un ampli ventall de\u00a0 continguts i de\u00a0 de llenguatges. Tots hi participem\u00a0 de manera activa, com un repte que estimula la implicaci\u00f3 i obre finestres a mirades diferents amb imatges, ritmes,\u00a0 m\u00fasica, dansa, poesia, art, llengua, vida\u2026 tot \u00e9s aire que circula a l\u2019escola i ajuda a cr\u00e9ixer.<\/p>\n<p><a href=\"https:\/\/agora.xtec.cat\/ceipbordils\/tag\/teatre\/\" target=\"_blank\" rel=\"noopener noreferrer\">Articles de Teatre<\/a><\/p>\n<p><strong>OBRES DE TEATRE- CARTELLS<\/strong><\/p>\n<p><a href=\"http:\/\/bordilsprimer1617.blogspot.com\/2017\/06\/dos-i-dos-fan-tres.html\">2 i 2 fan 3\u00a0 \u00a0 \u00a0 <\/a><a href=\"http:\/\/bordilsquart1617.blogspot.com\/2017\/01\/tillusionaras.html\">T&#8217;IL\u00b7LUSIONAR\u00c0S\u00a0 \u00a0 \u00a0 \u00a0 <\/a><a href=\"http:\/\/bordilsquart1617.blogspot.com\/2017\/01\/tillusionaras.html\">EP! ON VAS? \u00a0 \u00a0 \u00a0 \u00a0 \u00a0<\/a><a href=\"http:\/\/bordilssegon1415.blogspot.com\/2015\/05\/teatre-19-camins.html\">19 CAMINS \u00a0 \u00a0 \u00a0 \u00a0 \u00a0<\/a><a href=\"http:\/\/bordilssegon1516.blogspot.com\/2016\/05\/teatre-idees.html\">ANTAVIANA \u00a0 \u00a0 \u00a0 <\/a><a href=\"https:\/\/agora.xtec.cat\/ceipbordils\/portada\/brossians-teatre-p5-1r-i-2n\/\">BROSSIANS \u00a0 \u00a0 <\/a><a href=\"https:\/\/agora.xtec.cat\/ceipbordils\/general\/lespera-i-brossa\/\">L&#8217;ESPERA<\/a><\/p>\n<p><strong>DECORATS<\/strong><\/p>\n<p><a href=\"http:\/\/bordilsprimer1617.blogspot.com\/2017\/03\/viatge-la-sabana-teatre-p3-p4.html\">VIATGE A LA SABANA<\/a><\/p>\n<p>&nbsp;<\/p>\n","protected":false},"excerpt":{"rendered":"<p>El teatre, un projecte de creaci\u00f3 que es nodreix de referents literaris d&#8217;aula i d\u2019escola per\u00f2 que neix d&#8217;interessos i viv\u00e8ncies del grup, que s\u2019elabora com els bons plats, a foc lent i temps. Hist\u00f2ries que reflecteixen cultura de grup i descriuen qui som, que&hellip;  <a href=\"https:\/\/agora.xtec.cat\/ceipbordils\/perfercami\/monliterari\/entre-bambolines\/\" title=\"Read Entre bambolines\">Llegeix m\u00e9s\u00bb<\/a><\/p>\n","protected":false},"author":1,"featured_media":0,"parent":2728,"menu_order":20,"comment_status":"closed","ping_status":"closed","template":"page-templates\/side-menu.php","meta":{"_bbp_topic_count":0,"_bbp_reply_count":0,"_bbp_total_topic_count":0,"_bbp_total_reply_count":0,"_bbp_voice_count":0,"_bbp_anonymous_reply_count":0,"_bbp_topic_count_hidden":0,"_bbp_reply_count_hidden":0,"_bbp_forum_subforum_count":0,"footnotes":""},"class_list":["post-6293","page","type-page","status-publish","hentry"],"post_mailing_queue_ids":[],"_links":{"self":[{"href":"https:\/\/agora.xtec.cat\/ceipbordils\/wp-json\/wp\/v2\/pages\/6293","targetHints":{"allow":["GET"]}}],"collection":[{"href":"https:\/\/agora.xtec.cat\/ceipbordils\/wp-json\/wp\/v2\/pages"}],"about":[{"href":"https:\/\/agora.xtec.cat\/ceipbordils\/wp-json\/wp\/v2\/types\/page"}],"author":[{"embeddable":true,"href":"https:\/\/agora.xtec.cat\/ceipbordils\/wp-json\/wp\/v2\/users\/1"}],"replies":[{"embeddable":true,"href":"https:\/\/agora.xtec.cat\/ceipbordils\/wp-json\/wp\/v2\/comments?post=6293"}],"version-history":[{"count":4,"href":"https:\/\/agora.xtec.cat\/ceipbordils\/wp-json\/wp\/v2\/pages\/6293\/revisions"}],"predecessor-version":[{"id":6368,"href":"https:\/\/agora.xtec.cat\/ceipbordils\/wp-json\/wp\/v2\/pages\/6293\/revisions\/6368"}],"up":[{"embeddable":true,"href":"https:\/\/agora.xtec.cat\/ceipbordils\/wp-json\/wp\/v2\/pages\/2728"}],"wp:attachment":[{"href":"https:\/\/agora.xtec.cat\/ceipbordils\/wp-json\/wp\/v2\/media?parent=6293"}],"curies":[{"name":"wp","href":"https:\/\/api.w.org\/{rel}","templated":true}]}}