{"id":6242,"date":"2021-02-10T12:19:04","date_gmt":"2021-02-10T11:19:04","guid":{"rendered":"http:\/\/agora.xtec.cat\/ceipbordils\/?page_id=6242"},"modified":"2023-06-22T11:20:12","modified_gmt":"2023-06-22T09:20:12","slug":"recomanacions","status":"publish","type":"page","link":"https:\/\/agora.xtec.cat\/ceipbordils\/perfercami\/monliterari\/recomanacions\/","title":{"rendered":"Recomanacions"},"content":{"rendered":"<p><strong>FONS D&#8217;ESCOLA &#8211; <a href=\"https:\/\/aplicacions.gestioeducativa.gencat.cat\/epergam\/web\/biblioteca.jsp?codi=17000561\" target=\"_blank\" rel=\"noopener noreferrer\">Busques un llibre de l&#8217;escola?<\/a><\/strong><\/p>\n<p><strong>GUIES DE LECTURA- <\/strong>Pels volts de St.Jordi, cada curs i cada classe, comparteix un indispensable perqu\u00e8 formi part de la guia de lectura. <span style=\"font-weight: 400;\">La<\/span><b> Guia de lectures<\/b><span style=\"font-weight: 400;\"> recomanades pels alumnes vol posar en valor algunes de les lectures que han tingut pres\u00e8ncia a l\u2019aula i que es consideren bons referents literaris. Cada grup ha escrit algunes recomanacions que hi recull al llarg del curs i cada un dels infants en rep una com a record de l&#8217;edici\u00f3. La il\u00b7lustraci\u00f3 d&#8217;algunes guies \u00e9s una col\u00b7laboraci\u00f3 d&#8217;alumnes que han vingut a l&#8217;escola i que mantenen un vincle estret amb el m\u00f3n de la il\u00b7lustraci\u00f3. Es tracta d&#8217;una donaci\u00f3 que ens omple d&#8217;alegria al descobrir que el dibuix segueix ocupant part del seu temps.<\/span><\/p>\n<p>Guia de lectura 2023 &#8211; <a href=\"https:\/\/drive.google.com\/file\/d\/1Ckt-Y8AcUfR5KjgTEig89cA8b8hsMdDk\/view?usp=drive_link\" target=\"_blank\" rel=\"noopener\">Guia de recomanacions d&#8217;Infantil i Cicle Inicial<\/a> &#8211; <a href=\"https:\/\/drive.google.com\/file\/d\/1k5ermuweWS5Nuxyv-65CYY8HHLUWsrxe\/view?usp=drive_link\" target=\"_blank\" rel=\"noopener\">Guia de recomanacions de CM i CS\u00a0<\/a><\/p>\n<p>Guia de lectura 2022 &#8211; <a href=\"https:\/\/agora.xtec.cat\/ceipbordils\/portada\/guia-de-lectures-2022\/\" target=\"_blank\" rel=\"noopener\">desplegable<\/a><\/p>\n<p>Guia de lectura 2021 &#8211; <a href=\"https:\/\/drive.google.com\/file\/d\/1tP27hhof1dQQfFXQtQLZWTFSTBhxIMGA\/view?usp=sharing\" target=\"_blank\" rel=\"noopener\">davant<\/a> &#8211; <a href=\"https:\/\/drive.google.com\/file\/d\/1f_rWcMa4BNdW0AbhjGcw7CvkzDWmp1Jn\/view?usp=sharing\" target=\"_blank\" rel=\"noopener\">darrera<\/a><\/p>\n<p>Guia de lectures 2019 &#8211; <a href=\"https:\/\/drive.google.com\/file\/d\/1-xI-SPGG0FhlZZ4_t6ug99za3YDyyh0r\/view?usp=sharing\" target=\"_blank\" rel=\"noopener noreferrer\">davant<\/a> &#8211; <a href=\"https:\/\/drive.google.com\/file\/d\/1AsFWLVdv2Fy_VvoY2F62jwfuSBNGa7It\/view?usp=sharing\" target=\"_blank\" rel=\"noopener noreferrer\">darrera<\/a><\/p>\n<p><a href=\"https:\/\/agora.xtec.cat\/ceipbordils\/infantil\/p3\/guia-de-lectures-2018\/\" target=\"_blank\" rel=\"noopener noreferrer\">Guia de lectures 2018 \u00a0 \u00a0 \u00a0 \u00a0 \u00a0 <\/a><\/p>\n<p>Guia de lectures 2017 &#8211;<a href=\"http:\/\/www.xtec.cat\/ceipbordils\/CURS%201617\/Guia%20lectura%202017%20davant.jpg\" target=\"_blank\" rel=\"noopener noreferrer\">davant<\/a> &#8211; <a href=\"http:\/\/www.xtec.cat\/ceipbordils\/CURS%201617\/Guia%20lectura%202017%20darrera.jpg\" target=\"_blank\" rel=\"noopener noreferrer\">darrera<\/a><\/p>\n<p><strong>RECOMANEM &#8211; <\/strong>Perqu\u00e8 \u00e9s una manera de con\u00e8ixer el fons de lectures de l&#8217;escola, perqu\u00e8 volem regalar el gaudi de tenir a les mans una bona hist\u00f2ria, perqu\u00e8 apreciem els criteris que determinen un bon llibre, perqu\u00e8 intercanviem, &#8230; infinitats de motius promouen aquesta pr\u00e0ctica a les aules.<\/p>\n<p><a href=\"https:\/\/agora.xtec.cat\/ceipbordils\/general\/recomanacions-per-sant-jordi\/\" target=\"_blank\" rel=\"noopener noreferrer\">https:\/\/agora.xtec.cat\/ceipbordils\/general\/recomanacions-per-sant-jordi\/\u00a0<\/a><\/p>\n<p><a href=\"http:\/\/bordilsprimer1415.blogspot.com\/2015\/03\/recomanem.html\" target=\"_blank\" rel=\"noopener noreferrer\">http:\/\/bordilsprimer1415.blogspot.com\/2015\/03\/recomanem.html\u00a0<\/a><\/p>\n<p><a href=\"http:\/\/bordilsprimer1415.blogspot.com\/2014\/12\/recomanem-contes.html\" target=\"_blank\" rel=\"noopener noreferrer\">http:\/\/bordilsprimer1415.blogspot.com\/2014\/12\/recomanem-contes.html<\/a><\/p>\n<p>http:\/\/bordilsprimer1617.blogspot.com\/2017\/01\/moments-de-lectura-el-vent.html<\/p>\n","protected":false},"excerpt":{"rendered":"<p>FONS D&#8217;ESCOLA &#8211; <a href=\"https:\/\/aplicacions.gestioeducativa.gencat.cat\/epergam\/web\/biblioteca.jsp?codi=17000561\" target=\"_blank\" rel=\"noopener noreferrer\">Busques un llibre de l&#8217;escola?<\/a><br \/>\nGUIES DE LECTURA- Pels volts de St.Jordi, cada curs i cada classe, comparteix un indispensable perqu\u00e8 formi part de la guia de lectura. La Guia de lectures recomanades pels alumnes vol posar en valor&hellip;  <a href=\"https:\/\/agora.xtec.cat\/ceipbordils\/perfercami\/monliterari\/recomanacions\/\" title=\"Read Recomanacions\">Llegeix m\u00e9s\u00bb<\/a><\/p>\n","protected":false},"author":1,"featured_media":0,"parent":2728,"menu_order":60,"comment_status":"closed","ping_status":"closed","template":"page-templates\/side-menu.php","meta":{"_bbp_topic_count":0,"_bbp_reply_count":0,"_bbp_total_topic_count":0,"_bbp_total_reply_count":0,"_bbp_voice_count":0,"_bbp_anonymous_reply_count":0,"_bbp_topic_count_hidden":0,"_bbp_reply_count_hidden":0,"_bbp_forum_subforum_count":0,"footnotes":""},"class_list":["post-6242","page","type-page","status-publish","hentry"],"post_mailing_queue_ids":[],"_links":{"self":[{"href":"https:\/\/agora.xtec.cat\/ceipbordils\/wp-json\/wp\/v2\/pages\/6242","targetHints":{"allow":["GET"]}}],"collection":[{"href":"https:\/\/agora.xtec.cat\/ceipbordils\/wp-json\/wp\/v2\/pages"}],"about":[{"href":"https:\/\/agora.xtec.cat\/ceipbordils\/wp-json\/wp\/v2\/types\/page"}],"author":[{"embeddable":true,"href":"https:\/\/agora.xtec.cat\/ceipbordils\/wp-json\/wp\/v2\/users\/1"}],"replies":[{"embeddable":true,"href":"https:\/\/agora.xtec.cat\/ceipbordils\/wp-json\/wp\/v2\/comments?post=6242"}],"version-history":[{"count":4,"href":"https:\/\/agora.xtec.cat\/ceipbordils\/wp-json\/wp\/v2\/pages\/6242\/revisions"}],"predecessor-version":[{"id":7002,"href":"https:\/\/agora.xtec.cat\/ceipbordils\/wp-json\/wp\/v2\/pages\/6242\/revisions\/7002"}],"up":[{"embeddable":true,"href":"https:\/\/agora.xtec.cat\/ceipbordils\/wp-json\/wp\/v2\/pages\/2728"}],"wp:attachment":[{"href":"https:\/\/agora.xtec.cat\/ceipbordils\/wp-json\/wp\/v2\/media?parent=6242"}],"curies":[{"name":"wp","href":"https:\/\/api.w.org\/{rel}","templated":true}]}}