{"id":5213,"date":"2019-10-28T09:28:14","date_gmt":"2019-10-28T08:28:14","guid":{"rendered":"http:\/\/agora.xtec.cat\/ceipbordils\/?page_id=5213"},"modified":"2019-10-28T09:30:12","modified_gmt":"2019-10-28T08:30:12","slug":"altres-articles","status":"publish","type":"page","link":"https:\/\/agora.xtec.cat\/ceipbordils\/perpensar\/articles\/altres-articles\/","title":{"rendered":"Altres articles"},"content":{"rendered":"<table style=\"width: 70.636%; border-color: #fcfcfc; height: 17px;\">\n<tbody>\n<tr style=\"height: 17px;\" bgcolor=\"#FFFFFF\">\n<td style=\"width: 37.8512%; border-color: #ffffff; height: 17px; text-align: justify;\" colspan=\"3\"><span style=\"font-size: large;\"><b><span style=\"color: #ff0000; font-size: x-large;\">NOU\u00a0<\/span><\/b><\/span><a href=\"https:\/\/criatures.ara.cat\/opinio\/paraules-boniques-educacio_0_2055394452.html\" target=\"_blank\" rel=\"noopener noreferrer\"><span style=\"font-size: 20px;\">16 paraules boniques en educaci\u00f3, Eva Bach al Criatures de l&#8217;Ara.cat\u00a0<\/span><\/a><\/td>\n<\/tr>\n<\/tbody>\n<\/table>\n<table style=\"width: 70.636%; border-color: #fcfcfc; height: 104px;\">\n<tbody>\n<tr style=\"height: 17px;\" bgcolor=\"#FFFFFF\">\n<td style=\"width: 37.8512%; border-color: #ffffff; height: 17px; text-align: justify;\" colspan=\"3\"><span style=\"font-size: 14px;\"><a href=\"http:\/\/www.lavanguardia.com\/vida\/20140127\/54400432994\/gregorio-luri-paternidad-contemporanea-neurotizada.html\">&#8220;La paternidat contempor\u00e0nea est\u00e1 muy neurotitzada&#8221;, Gregorio Luri<\/a><\/span><\/td>\n<\/tr>\n<tr style=\"height: 70px;\" bgcolor=\"#FFFFFF\">\n<td style=\"width: 37.8512%; border-color: #ffffff; height: 70px; text-align: justify;\" colspan=\"3\"><a href=\"http:\/\/www.xtec.cat\/ceipbordils\/CURS%201415\/IMG_0296.jpg\">As\u00ed le educar\u00e1s para ser feliz &#8211; L\u00eddia Garc\u00eda-Fresneda &#8211; Ser padres p\u00e0g1<\/a>\u00a0&#8211;\u00a0<a href=\"http:\/\/www.xtec.cat\/ceipbordils\/CURS%201415\/IMG_0297.jpg\">p\u00e0g2<\/a>\u00a0&#8211;\u00a0<a href=\"http:\/\/www.xtec.cat\/ceipbordils\/CURS%201415\/IMG_0298.jpg\">p\u00e0g3<\/a><\/td>\n<\/tr>\n<\/tbody>\n<\/table>\n","protected":false},"excerpt":{"rendered":"<p>NOU\u00a0<a href=\"https:\/\/criatures.ara.cat\/opinio\/paraules-boniques-educacio_0_2055394452.html\" target=\"_blank\" rel=\"noopener noreferrer\">16 paraules boniques en educaci\u00f3, Eva Bach al Criatures de l&#8217;Ara.cat\u00a0<\/a><\/p>\n<p><a href=\"http:\/\/www.lavanguardia.com\/vida\/20140127\/54400432994\/gregorio-luri-paternidad-contemporanea-neurotizada.html\">&#8220;La paternidat contempor\u00e0nea est\u00e1 muy neurotitzada&#8221;, Gregorio Luri<\/a><\/p>\n<p><a href=\"http:\/\/www.xtec.cat\/ceipbordils\/CURS%201415\/IMG_0296.jpg\">As\u00ed le educar\u00e1s para ser feliz &#8211; L\u00eddia Garc\u00eda-Fresneda &#8211; Ser padres p\u00e0g1<\/a>\u00a0&#8211;\u00a0<a href=\"http:\/\/www.xtec.cat\/ceipbordils\/CURS%201415\/IMG_0297.jpg\">p\u00e0g2<\/a>\u00a0&#8211;\u00a0<a href=\"http:\/\/www.xtec.cat\/ceipbordils\/CURS%201415\/IMG_0298.jpg\">p\u00e0g3<\/a><\/p>\n","protected":false},"author":23,"featured_media":0,"parent":2228,"menu_order":50,"comment_status":"closed","ping_status":"closed","template":"page-templates\/side-menu.php","meta":{"_bbp_topic_count":0,"_bbp_reply_count":0,"_bbp_total_topic_count":0,"_bbp_total_reply_count":0,"_bbp_voice_count":0,"_bbp_anonymous_reply_count":0,"_bbp_topic_count_hidden":0,"_bbp_reply_count_hidden":0,"_bbp_forum_subforum_count":0,"footnotes":""},"class_list":["post-5213","page","type-page","status-publish","hentry"],"post_mailing_queue_ids":[],"_links":{"self":[{"href":"https:\/\/agora.xtec.cat\/ceipbordils\/wp-json\/wp\/v2\/pages\/5213","targetHints":{"allow":["GET"]}}],"collection":[{"href":"https:\/\/agora.xtec.cat\/ceipbordils\/wp-json\/wp\/v2\/pages"}],"about":[{"href":"https:\/\/agora.xtec.cat\/ceipbordils\/wp-json\/wp\/v2\/types\/page"}],"author":[{"embeddable":true,"href":"https:\/\/agora.xtec.cat\/ceipbordils\/wp-json\/wp\/v2\/users\/23"}],"replies":[{"embeddable":true,"href":"https:\/\/agora.xtec.cat\/ceipbordils\/wp-json\/wp\/v2\/comments?post=5213"}],"version-history":[{"count":3,"href":"https:\/\/agora.xtec.cat\/ceipbordils\/wp-json\/wp\/v2\/pages\/5213\/revisions"}],"predecessor-version":[{"id":5219,"href":"https:\/\/agora.xtec.cat\/ceipbordils\/wp-json\/wp\/v2\/pages\/5213\/revisions\/5219"}],"up":[{"embeddable":true,"href":"https:\/\/agora.xtec.cat\/ceipbordils\/wp-json\/wp\/v2\/pages\/2228"}],"wp:attachment":[{"href":"https:\/\/agora.xtec.cat\/ceipbordils\/wp-json\/wp\/v2\/media?parent=5213"}],"curies":[{"name":"wp","href":"https:\/\/api.w.org\/{rel}","templated":true}]}}