{"id":2883,"date":"2018-01-31T10:29:58","date_gmt":"2018-01-31T09:29:58","guid":{"rendered":"http:\/\/agora.xtec.cat\/ceipbordils\/?page_id=2883"},"modified":"2021-02-10T16:04:54","modified_gmt":"2021-02-10T15:04:54","slug":"tastets-de-lectura","status":"publish","type":"page","link":"https:\/\/agora.xtec.cat\/ceipbordils\/perfercami\/monliterari\/tastets-de-lectura\/","title":{"rendered":"Tastets de lectura"},"content":{"rendered":"<p><b><span style=\"font-family: arial, sans-serif; font-size: large;\">Els\u00a0<\/span><\/b><strong>llibres, una experi\u00e8ncia compartida<\/strong>. Nens i nenes de diferents edats llegeixen i escolten, en acollidors espais ambientats per a l&#8217;ocasi\u00f3, hist\u00f2ries narrades per companys i familiars de l\u2019escola.\u00a0La lectura \u00e9s la gran protagonista de la diada i pren for\u00e7a quan som capa\u00e7os de compartir-ne el valor. Alguns diuen que la jornada s\u2019ha convertit en un mercat de lectures, d\u2019altres ho defineixen com un passeig entre paraules, els m\u00e9s lletrats s\u2019atreveixen a dir-ne una ruta liter\u00e0ria, per\u00f2,\u00a0 tots estem d\u2019acord que \u00e9s un tast de bones lectures.<\/p>\n<p><a href=\"https:\/\/agora.xtec.cat\/ceipbordils\/general\/tastets-de-lectura-2\/\" target=\"_blank\" rel=\"noopener noreferrer\">Tastets 2019 <\/a>Tastets 2017 &#8211; <a href=\"https:\/\/photos.google.com\/share\/AF1QipPpJbz2rM_krBnFBQomYNrDUQHIf3XcfuLVPD1DGan-VRgWYDoGKCj86-crE9kjUg?key=T2tlQU1NdF9jMHJhVV9kWDlaaEFFX3cxX3hjelh3\" target=\"_blank\" rel=\"noopener noreferrer\">mat\u00ed alumnes<\/a> &#8211; <a href=\"https:\/\/photos.google.com\/share\/AF1QipPyzweKCKil9VS2tYq1Adzi4e7nlTJmugTeGQdZIwVM-03bXdevVreVSLYCpz1EEg?key=cFIxa0wzVU1RLTQ4RUN6cFlJSHFSZWFlVXRlWTFR\" target=\"_blank\" rel=\"noopener noreferrer\">tarda familiars<\/a><\/p>\n<p><a href=\"http:\/\/xtec.cat\/ceipbordils\/biblioteca\/Tastets%20de%20lectura.htm\" target=\"_blank\" rel=\"noopener noreferrer\">Tastets 2016 \u00a0 <\/a><a href=\"http:\/\/bordilsprimer1415.blogspot.com\/2015\/05\/tastets-de-lectures.html\" target=\"_blank\" rel=\"noopener noreferrer\">Tastets 2015<\/a><\/p>\n<p><a href=\"http:\/\/www.xtec.cat\/ceipbordils\/biblioteca\/firallibreusat.htm?authkey=Gv1sRgCOyOl_rWza2NvwE#slideshow\/6021466538207427010\" target=\"_blank\" rel=\"noopener noreferrer\">20\u00aa Fira del llibre Usat<\/a><\/p>\n","protected":false},"excerpt":{"rendered":"<p>Els\u00a0llibres, una experi\u00e8ncia compartida. Nens i nenes de diferents edats llegeixen i escolten, en acollidors espais ambientats per a l&#8217;ocasi\u00f3, hist\u00f2ries narrades per companys i familiars de l\u2019escola.\u00a0La lectura \u00e9s la gran protagonista de la diada i pren for\u00e7a quan som capa\u00e7os de compartir-ne el&hellip;  <a href=\"https:\/\/agora.xtec.cat\/ceipbordils\/perfercami\/monliterari\/tastets-de-lectura\/\" title=\"Read Tastets de lectura\">Llegeix m\u00e9s\u00bb<\/a><\/p>\n","protected":false},"author":9,"featured_media":0,"parent":2728,"menu_order":30,"comment_status":"closed","ping_status":"closed","template":"page-templates\/side-menu.php","meta":{"_bbp_topic_count":0,"_bbp_reply_count":0,"_bbp_total_topic_count":0,"_bbp_total_reply_count":0,"_bbp_voice_count":0,"_bbp_anonymous_reply_count":0,"_bbp_topic_count_hidden":0,"_bbp_reply_count_hidden":0,"_bbp_forum_subforum_count":0,"footnotes":""},"class_list":["post-2883","page","type-page","status-publish","hentry"],"post_mailing_queue_ids":[],"_links":{"self":[{"href":"https:\/\/agora.xtec.cat\/ceipbordils\/wp-json\/wp\/v2\/pages\/2883","targetHints":{"allow":["GET"]}}],"collection":[{"href":"https:\/\/agora.xtec.cat\/ceipbordils\/wp-json\/wp\/v2\/pages"}],"about":[{"href":"https:\/\/agora.xtec.cat\/ceipbordils\/wp-json\/wp\/v2\/types\/page"}],"author":[{"embeddable":true,"href":"https:\/\/agora.xtec.cat\/ceipbordils\/wp-json\/wp\/v2\/users\/9"}],"replies":[{"embeddable":true,"href":"https:\/\/agora.xtec.cat\/ceipbordils\/wp-json\/wp\/v2\/comments?post=2883"}],"version-history":[{"count":3,"href":"https:\/\/agora.xtec.cat\/ceipbordils\/wp-json\/wp\/v2\/pages\/2883\/revisions"}],"predecessor-version":[{"id":6231,"href":"https:\/\/agora.xtec.cat\/ceipbordils\/wp-json\/wp\/v2\/pages\/2883\/revisions\/6231"}],"up":[{"embeddable":true,"href":"https:\/\/agora.xtec.cat\/ceipbordils\/wp-json\/wp\/v2\/pages\/2728"}],"wp:attachment":[{"href":"https:\/\/agora.xtec.cat\/ceipbordils\/wp-json\/wp\/v2\/media?parent=2883"}],"curies":[{"name":"wp","href":"https:\/\/api.w.org\/{rel}","templated":true}]}}