{"id":2881,"date":"2018-01-31T10:29:30","date_gmt":"2018-01-31T09:29:30","guid":{"rendered":"http:\/\/agora.xtec.cat\/ceipbordils\/?page_id=2881"},"modified":"2023-06-22T11:22:32","modified_gmt":"2023-06-22T09:22:32","slug":"moments-de-poesia","status":"publish","type":"page","link":"https:\/\/agora.xtec.cat\/ceipbordils\/perfercami\/monliterari\/moments-de-poesia\/","title":{"rendered":"Moments de poesia"},"content":{"rendered":"<p><a href=\"https:\/\/agora.xtec.cat\/ceipbordils\/general\/poemes-i-cancons-de-rosa-pou\/\" target=\"_blank\" rel=\"noopener\">Poemes i can\u00e7ons de Rosa Pou &#8211; desembre 2021<\/a><\/p>\n<p><a href=\"https:\/\/agora.xtec.cat\/ceipbordils\/portada\/llum-i-poesia\/\">Recitem Enric Casasses amb un muntatge de llum i poesia &#8211; desembre 2020\u00a0<\/a><\/p>\n<p><a href=\"https:\/\/agora.xtec.cat\/ceipbordils\/general\/alhora-de-cuinar\/\" target=\"_blank\" rel=\"noopener noreferrer\">Remenem poemes per acompanyar el bufet lliure &#8211; mar\u00e7 2019<\/a><\/p>\n<p><a href=\"https:\/\/agora.xtec.cat\/ceipbordils\/general\/lespera-i-brossa\/\" target=\"_blank\" rel=\"noopener noreferrer\">Creem obres de teatre a partir dels poemes i escrits de Joan Brossa &#8211; desembre 2018<\/a><\/p>\n<p><a href=\"http:\/\/bordilssegon1516.blogspot.com\/2016\/03\/21-de-marc-dia-mundial-de-la-poesia.html\" target=\"_blank\" rel=\"noopener noreferrer\">Dia mundial de la poesia 2016<\/a><\/p>\n<p dir=\"ltr\">Poesia visual:\u00a0<a href=\"http:\/\/bordilssegon1617.blogspot.com\/2017\/03\/poesia-visual.html\" target=\"_blank\" rel=\"noopener noreferrer\" data-saferedirecturl=\"https:\/\/www.google.com\/url?q=http:\/\/bordilssegon1617.blogspot.com\/2017\/03\/poesia-visual.html&amp;source=gmail&amp;ust=1613040758695000&amp;usg=AFQjCNGnLzbt97Hh7P9pnm_WphXb_yZd4Q\">http:\/\/bordilssegon1617.<wbr \/>blogspot.com\/2017\/03\/poesia-<wbr \/>visual.html<\/a><\/p>\n<p dir=\"ltr\">Dibuixem versos d&#8217;en Ricard Creus:\u00a0<a href=\"http:\/\/bordilssegon1617.blogspot.com\/2016\/12\/dibuixem-versos-den-ricard-creus.html\" target=\"_blank\" rel=\"noopener noreferrer\" data-saferedirecturl=\"https:\/\/www.google.com\/url?q=http:\/\/bordilssegon1617.blogspot.com\/2016\/12\/dibuixem-versos-den-ricard-creus.html&amp;source=gmail&amp;ust=1613040758695000&amp;usg=AFQjCNGNHT892emv5pBTV1ZiDJcuZO06TQ\">http:\/\/bordilssegon1617.<wbr \/>blogspot.com\/2016\/12\/dibuixem-<wbr \/>versos-den-ricard-creus.html<\/a><\/p>\n<p dir=\"ltr\">Creacions al voltant de la poesia de Montserrat Abell\u00f3 :\u00a0<a href=\"http:\/\/bordilssegon1415.blogspot.com\/2015\/01\/homenatge-montserrat-abello.html\" target=\"_blank\" rel=\"noopener noreferrer\" data-saferedirecturl=\"https:\/\/www.google.com\/url?q=http:\/\/bordilssegon1415.blogspot.com\/2015\/01\/homenatge-montserrat-abello.html&amp;source=gmail&amp;ust=1613040758695000&amp;usg=AFQjCNF3ac7EtXAkeSp1Xdj0jsTU4sZImA\">http:\/\/bordilssegon1415.<wbr \/>blogspot.com\/2015\/01\/<wbr \/>homenatge-montserrat-abello.<wbr \/>html<\/a><\/p>\n<p dir=\"ltr\"><a href=\"http:\/\/bordilsprimer1415.blogspot.com\/2014\/12\/les-mans.html\" target=\"_blank\" rel=\"noopener noreferrer\" data-saferedirecturl=\"https:\/\/www.google.com\/url?q=http:\/\/bordilsprimer1415.blogspot.com\/2014\/12\/les-mans.html&amp;source=gmail&amp;ust=1613040758695000&amp;usg=AFQjCNG9LKvbZY2t-fgPHhwDA5CUGhX_xQ\">http:\/\/bordilsprimer1415.<wbr \/>blogspot.com\/2014\/12\/les-mans.<wbr \/>html<\/a><\/p>\n<p dir=\"ltr\">Representem un poema d&#8217;en Marc Granell:\u00a0<a href=\"http:\/\/bordilssegon1415.blogspot.com\/2014\/10\/representem-un-poema.html\" target=\"_blank\" rel=\"noopener noreferrer\" data-saferedirecturl=\"https:\/\/www.google.com\/url?q=http:\/\/bordilssegon1415.blogspot.com\/2014\/10\/representem-un-poema.html&amp;source=gmail&amp;ust=1613040758695000&amp;usg=AFQjCNHHY5vgq04djaLKQKyPoHeym_5RUQ\">http:\/\/bordilssegon1415.<wbr \/>blogspot.com\/2014\/10\/<wbr \/>representem-un-poema.html<\/a><\/p>\n<p>&nbsp;<\/p>\n<p><a href=\"https:\/\/photos.google.com\/share\/AF1QipNTBl84wnCwgAQgAMOVzzwwD_hkswN4wfdFQ4E9bRgO2yfqXVNQodMXIbokCkasdw?key=TVRYNjVTMEJwcXVhODd4WHljdENlSzJZclFQUmVR\" target=\"_blank\" rel=\"noopener noreferrer\">Recitaci\u00f3 homenatge a Ricard Creus i postals de Nadal amb fragments dels seus poemes &#8211; desembre 2016<\/a><\/p>\n<p><a href=\"https:\/\/get.google.com\/albumarchive\/103959359972330347701\/album\/AF1QipOIwHM1yHSXw8NGGg8fXKfEvs_zzF-7zQTETx5f?source=pwa&amp;authKey=CLPdg9vvi-r7twE#slideshow\/6231073046349630818\" target=\"_blank\" rel=\"noopener noreferrer\">Recitaci\u00f3 homenatge a Rosa Leveroni i postals de Nadal amb fragments dels seus poemes &#8211; desembre 2015<\/a><\/p>\n<p><a href=\"https:\/\/get.google.com\/albumarchive\/103959359972330347701\/album\/AF1QipPFJ7A1wJjnLfuUwNjHigKY7yuG_2zl_iO7SEf3?source=pwa&amp;authKey=CLK5kvT0zN60NA#slideshow\/6096077315178270386\">Recitaci\u00f3 homenatge Montserrat Abell\u00f3 23 de desembre de 2014<\/a> &#8211; recull d&#8217;imatges<\/p>\n<p><a href=\"http:\/\/www.lletrescatalanes.cat\/images\/documentacio\/Dia%20M.%20Poesia14%20filmar.pdf\">Dia de la poesia 2014<\/a><\/p>\n<p><a href=\"http:\/\/www.xtec.cat\/ceipbordils\/biblioteca\/Joana%20Raspall.htm\" target=\"_blank\" rel=\"noopener noreferrer\">Ad\u00e9u, Joana Raspall &#8211; desembre 2013 &#8211; recull de treballs audiovisuals, obra de teatre, postals i exposici\u00f3 fotogr\u00e0fica a partir de la seva obra po\u00e8tica.\u00a0<\/a><\/p>\n","protected":false},"excerpt":{"rendered":"<p><a href=\"https:\/\/agora.xtec.cat\/ceipbordils\/general\/poemes-i-cancons-de-rosa-pou\/\" target=\"_blank\" rel=\"noopener\">Poemes i can\u00e7ons de Rosa Pou &#8211; desembre 2021<\/a><br \/>\n<a href=\"https:\/\/agora.xtec.cat\/ceipbordils\/portada\/llum-i-poesia\/\">Recitem Enric Casasses amb un muntatge de llum i poesia &#8211; desembre 2020\u00a0<\/a><br \/>\n<a href=\"https:\/\/agora.xtec.cat\/ceipbordils\/general\/alhora-de-cuinar\/\" target=\"_blank\" rel=\"noopener noreferrer\">Remenem poemes per acompanyar el bufet lliure &#8211; mar\u00e7 2019<\/a><br \/>\n<a href=\"https:\/\/agora.xtec.cat\/ceipbordils\/general\/lespera-i-brossa\/\" target=\"_blank\" rel=\"noopener noreferrer\">Creem obres de teatre&hellip;  <a href=\"https:\/\/agora.xtec.cat\/ceipbordils\/perfercami\/monliterari\/moments-de-poesia\/\" title=\"Read Moments de poesia\">Llegeix m\u00e9s\u00bb<\/a><\/p>\n","protected":false},"author":9,"featured_media":0,"parent":2728,"menu_order":40,"comment_status":"closed","ping_status":"closed","template":"page-templates\/side-menu.php","meta":{"_bbp_topic_count":0,"_bbp_reply_count":0,"_bbp_total_topic_count":0,"_bbp_total_reply_count":0,"_bbp_voice_count":0,"_bbp_anonymous_reply_count":0,"_bbp_topic_count_hidden":0,"_bbp_reply_count_hidden":0,"_bbp_forum_subforum_count":0,"footnotes":""},"class_list":["post-2881","page","type-page","status-publish","hentry"],"post_mailing_queue_ids":[],"_links":{"self":[{"href":"https:\/\/agora.xtec.cat\/ceipbordils\/wp-json\/wp\/v2\/pages\/2881","targetHints":{"allow":["GET"]}}],"collection":[{"href":"https:\/\/agora.xtec.cat\/ceipbordils\/wp-json\/wp\/v2\/pages"}],"about":[{"href":"https:\/\/agora.xtec.cat\/ceipbordils\/wp-json\/wp\/v2\/types\/page"}],"author":[{"embeddable":true,"href":"https:\/\/agora.xtec.cat\/ceipbordils\/wp-json\/wp\/v2\/users\/9"}],"replies":[{"embeddable":true,"href":"https:\/\/agora.xtec.cat\/ceipbordils\/wp-json\/wp\/v2\/comments?post=2881"}],"version-history":[{"count":5,"href":"https:\/\/agora.xtec.cat\/ceipbordils\/wp-json\/wp\/v2\/pages\/2881\/revisions"}],"predecessor-version":[{"id":7003,"href":"https:\/\/agora.xtec.cat\/ceipbordils\/wp-json\/wp\/v2\/pages\/2881\/revisions\/7003"}],"up":[{"embeddable":true,"href":"https:\/\/agora.xtec.cat\/ceipbordils\/wp-json\/wp\/v2\/pages\/2728"}],"wp:attachment":[{"href":"https:\/\/agora.xtec.cat\/ceipbordils\/wp-json\/wp\/v2\/media?parent=2881"}],"curies":[{"name":"wp","href":"https:\/\/api.w.org\/{rel}","templated":true}]}}