{"id":2819,"date":"2018-01-24T10:43:59","date_gmt":"2018-01-24T09:43:59","guid":{"rendered":"http:\/\/agora.xtec.cat\/ceipbordils\/?page_id=2819"},"modified":"2018-01-31T10:28:11","modified_gmt":"2018-01-31T09:28:11","slug":"com-aprenem-2","status":"publish","type":"page","link":"https:\/\/agora.xtec.cat\/ceipbordils\/perpensar\/articles\/com-aprenem-2\/","title":{"rendered":"Com aprenem"},"content":{"rendered":"<p><span style=\"font-size: large;\"><a href=\"http:\/\/www.elperiodicodearagon.com\/noticias\/aragon\/cesar-bona-la-escuela-deberia-ensenar-reflexionar-no-hacer-tantos-examenes_1087315.html\">C\u00e9sar Bona: &#8220;La escuela deber\u00eda ense\u00f1ar a reflexionar y no a hacer tantos ex\u00e1menes&#8221; &#8211; El Peri\u00f3dico 11\/2\/2016<\/a><\/span><\/p>\n<p><span style=\"font-size: large;\"><a href=\"http:\/\/www.abc.es\/familia-educacion\/20150924\/abci-cesar-bona-entrevista-201509181800.html\">\u00abPara muchos padres, si el maestro no sigue el libro en el aula, hace algo extra\u00f1o\u00bb.\u00a0<\/a>C\u00e9sar Bona, el mejor profesor de Espa\u00f1a, apunta que hay colegios en los que se ense\u00f1a como productos envasados \u00aby eso no estimula el aprendizaje\u00bb<\/span><\/p>\n<p><span style=\"font-size: large;\"><a href=\"http:\/\/diarieducacio.cat\/autonomia-o-control-en-que-quedem\/\" target=\"_blank\" rel=\"noopener noreferrer\">Autonomia o control: en qu\u00e8 quedem? de Jaume Carbonell<\/a><\/span><\/p>\n<p><span style=\"font-size: large;\"><a href=\"http:\/\/diarieducacio.cat\/notes-proves-examens-pensats-per-mantenir-la-societat-classista-que-tenim\/\" target=\"_blank\" rel=\"noopener noreferrer\">Notes, proves, ex\u00e0mens&#8230; Pensats per manternir una societa classista, de Joan M. Girona.<\/a><\/span><\/p>\n<p><span style=\"font-size: large;\"><a href=\"http:\/\/www.lavanguardia.com\/20150317\/54428207048\/ni-assignatures-ni-examens-ni-notes-maite-gutierrez.html\">Ni assignatures, ni ex\u00e0mens, ni notes &#8211; Maite Guti\u00e9rrez &#8211; La Vanguardia (Tendencias)<\/a><\/span><\/p>\n<p><span style=\"font-size: large;\"><a href=\"http:\/\/www.elconfidencial.com\/alma-corazon-vida\/2015-01-08\/uno-de-nuestros-mejores-profesores-senala-el-gran-error-en-la-ensenanza-de-matematicas_599881\/\">El gran error de la ense\u00f1anza de las matem\u00e1ticas &#8211; Jose Antonio Fern\u00e1ndez Bravo &#8211; El confidencial<\/a><\/span><\/p>\n<p><span style=\"font-size: large;\"><a href=\"http:\/\/www.lavanguardia.com\/vida\/20141202\/54420965245\/ejercicio-cuestion.html\">Las escuelas de Finlandia dejar\u00e1n de ense\u00f1ar caligraf\u00eda tradicional &#8211; La Vanguardia<\/a><\/span><\/p>\n<p><span style=\"font-size: large;\"><a href=\"http:\/\/www.lavanguardia.com\/gente\/20100410\/53902887814\/lo-que-hay-que-saber-en-el-siglo-xxi.html\">Lo que hay que saber en el siglo XXI &#8211; La Vanguardia &#8211;\u00a0<\/a><\/span><i><b><span style=\"font-size: medium;\">Gr\u00e0cies per les vostres aportacions!<\/span><\/b><\/i><\/p>\n<p><span style=\"font-size: large;\"><a href=\"http:\/\/www.xtec.cat\/ceipbordils\/CURS%201314\/Alicia_Bayer%20Article.pdf\">\u00bfQu\u00e9 debe saber un ni\u00f1o de cuatro a\u00f1os? Alicia Bayer.<\/a><\/span><\/p>\n<p><a href=\"http:\/\/www.xtec.cat\/ceipbordils\/CURS%201314\/Educar%20en%20el%20asombro%20Article.pdf\"><span style=\"font-size: large;\">Educar en el asombro. Catherine L\u2019Ecuyer<\/span><\/a><\/p>\n<p><a href=\"http:\/\/www.xtec.cat\/ceipbordils\/CURS%201314\/Els%20deures%20escolars%20Revista%20Guix.pdf\" target=\"_blank\" rel=\"noopener noreferrer\">Els deures escolars &#8211; Revista Guix.<\/a><\/p>\n<p><a href=\"http:\/\/m.ara.cat\/suplements\/diumenge\/alumnes-aprendre-No-siguis-mestre_0_1518448150.html\">\u201cSi no creus que tots els alumnes poden aprendre, no siguis mestre\u201d<\/a>\u00a0Entrevista de Carles Capdevila a la Neus Santmart\u00ed (v\u00eddeo)<\/p>\n","protected":false},"excerpt":{"rendered":"<p><a href=\"http:\/\/www.elperiodicodearagon.com\/noticias\/aragon\/cesar-bona-la-escuela-deberia-ensenar-reflexionar-no-hacer-tantos-examenes_1087315.html\">C\u00e9sar Bona: &#8220;La escuela deber\u00eda ense\u00f1ar a reflexionar y no a hacer tantos ex\u00e1menes&#8221; &#8211; El Peri\u00f3dico 11\/2\/2016<\/a><br \/>\n<a href=\"http:\/\/www.abc.es\/familia-educacion\/20150924\/abci-cesar-bona-entrevista-201509181800.html\">\u00abPara muchos padres, si el maestro no sigue el libro en el aula, hace algo extra\u00f1o\u00bb.\u00a0<\/a>C\u00e9sar Bona, el mejor profesor de Espa\u00f1a, apunta que hay colegios&hellip;  <a href=\"https:\/\/agora.xtec.cat\/ceipbordils\/perpensar\/articles\/com-aprenem-2\/\" title=\"Read Com aprenem\">Llegeix m\u00e9s\u00bb<\/a><\/p>\n","protected":false},"author":1,"featured_media":0,"parent":2228,"menu_order":10,"comment_status":"closed","ping_status":"closed","template":"page-templates\/side-menu.php","meta":{"_bbp_topic_count":0,"_bbp_reply_count":0,"_bbp_total_topic_count":0,"_bbp_total_reply_count":0,"_bbp_voice_count":0,"_bbp_anonymous_reply_count":0,"_bbp_topic_count_hidden":0,"_bbp_reply_count_hidden":0,"_bbp_forum_subforum_count":0,"footnotes":""},"class_list":["post-2819","page","type-page","status-publish","hentry"],"post_mailing_queue_ids":[],"_links":{"self":[{"href":"https:\/\/agora.xtec.cat\/ceipbordils\/wp-json\/wp\/v2\/pages\/2819","targetHints":{"allow":["GET"]}}],"collection":[{"href":"https:\/\/agora.xtec.cat\/ceipbordils\/wp-json\/wp\/v2\/pages"}],"about":[{"href":"https:\/\/agora.xtec.cat\/ceipbordils\/wp-json\/wp\/v2\/types\/page"}],"author":[{"embeddable":true,"href":"https:\/\/agora.xtec.cat\/ceipbordils\/wp-json\/wp\/v2\/users\/1"}],"replies":[{"embeddable":true,"href":"https:\/\/agora.xtec.cat\/ceipbordils\/wp-json\/wp\/v2\/comments?post=2819"}],"version-history":[{"count":4,"href":"https:\/\/agora.xtec.cat\/ceipbordils\/wp-json\/wp\/v2\/pages\/2819\/revisions"}],"predecessor-version":[{"id":2877,"href":"https:\/\/agora.xtec.cat\/ceipbordils\/wp-json\/wp\/v2\/pages\/2819\/revisions\/2877"}],"up":[{"embeddable":true,"href":"https:\/\/agora.xtec.cat\/ceipbordils\/wp-json\/wp\/v2\/pages\/2228"}],"wp:attachment":[{"href":"https:\/\/agora.xtec.cat\/ceipbordils\/wp-json\/wp\/v2\/media?parent=2819"}],"curies":[{"name":"wp","href":"https:\/\/api.w.org\/{rel}","templated":true}]}}