{"id":2802,"date":"2018-01-24T10:29:22","date_gmt":"2018-01-24T09:29:22","guid":{"rendered":"http:\/\/agora.xtec.cat\/ceipbordils\/?page_id=2802"},"modified":"2018-01-24T10:58:02","modified_gmt":"2018-01-24T09:58:02","slug":"creativitat","status":"publish","type":"page","link":"https:\/\/agora.xtec.cat\/ceipbordils\/perpensar\/articles\/creativitat\/","title":{"rendered":"Creativitat"},"content":{"rendered":"<p><span style=\"font-size: large;\"><a href=\"http:\/\/www.lavanguardia.com\/lacontra\/20101103\/54063818455\/la-creatividad-se-aprende-igual-que-se-aprende-a-leer.html\">&#8220;La creatividad se aprendre igual que se aprende a leer&#8221; a La Contra de La Vanguardia.<\/a><\/span><\/p>\n<p><span style=\"font-size: large;\"><a href=\"https:\/\/translate.google.es\/translate?hl=ca&amp;sl=es&amp;u=http:\/\/www.lavanguardia.com\/estilos-de-vida\/20120203\/54247867713\/la-escuela-mata-la-creatividad.html&amp;prev=search\">&#8220;L&#8217;escola mata la creativitat?&#8221; a la secci\u00f3 La Vida de La Vanguardia.<\/a><\/span><\/p>\n<p><span style=\"font-size: large;\"><a href=\"http:\/\/isabelfernandezdelcastillo.com\/sin-salirse-de-la-raya-antidotos-a-la-creatividad-infantil\/\">&#8220;Sin salirse de la raya (ant\u00eddotos a la creatividad infantil)&#8221; d&#8217;Is\u00e1bel Fern\u00e1ndez del Castillo.<\/a><\/span><\/p>\n<p>&nbsp;<\/p>\n<p>&nbsp;<\/p>\n","protected":false},"excerpt":{"rendered":"<p><a href=\"http:\/\/www.lavanguardia.com\/lacontra\/20101103\/54063818455\/la-creatividad-se-aprende-igual-que-se-aprende-a-leer.html\">&#8220;La creatividad se aprendre igual que se aprende a leer&#8221; a La Contra de La Vanguardia.<\/a><br \/>\n<a href=\"https:\/\/translate.google.es\/translate?hl=ca&amp;sl=es&amp;u=http:\/\/www.lavanguardia.com\/estilos-de-vida\/20120203\/54247867713\/la-escuela-mata-la-creatividad.html&amp;prev=search\">&#8220;L&#8217;escola mata la creativitat?&#8221; a la secci\u00f3 La Vida de La Vanguardia.<\/a><br \/>\n<a href=\"http:\/\/isabelfernandezdelcastillo.com\/sin-salirse-de-la-raya-antidotos-a-la-creatividad-infantil\/\">&#8220;Sin salirse de la raya (ant\u00eddotos a la creatividad infantil)&#8221; d&#8217;Is\u00e1bel Fern\u00e1ndez del Castillo.<\/a><br \/>\n&nbsp;<br \/>\n&nbsp;<\/p>\n","protected":false},"author":1,"featured_media":0,"parent":2228,"menu_order":40,"comment_status":"closed","ping_status":"closed","template":"page-templates\/side-menu.php","meta":{"_bbp_topic_count":0,"_bbp_reply_count":0,"_bbp_total_topic_count":0,"_bbp_total_reply_count":0,"_bbp_voice_count":0,"_bbp_anonymous_reply_count":0,"_bbp_topic_count_hidden":0,"_bbp_reply_count_hidden":0,"_bbp_forum_subforum_count":0,"footnotes":""},"class_list":["post-2802","page","type-page","status-publish","hentry"],"post_mailing_queue_ids":[],"_links":{"self":[{"href":"https:\/\/agora.xtec.cat\/ceipbordils\/wp-json\/wp\/v2\/pages\/2802","targetHints":{"allow":["GET"]}}],"collection":[{"href":"https:\/\/agora.xtec.cat\/ceipbordils\/wp-json\/wp\/v2\/pages"}],"about":[{"href":"https:\/\/agora.xtec.cat\/ceipbordils\/wp-json\/wp\/v2\/types\/page"}],"author":[{"embeddable":true,"href":"https:\/\/agora.xtec.cat\/ceipbordils\/wp-json\/wp\/v2\/users\/1"}],"replies":[{"embeddable":true,"href":"https:\/\/agora.xtec.cat\/ceipbordils\/wp-json\/wp\/v2\/comments?post=2802"}],"version-history":[{"count":3,"href":"https:\/\/agora.xtec.cat\/ceipbordils\/wp-json\/wp\/v2\/pages\/2802\/revisions"}],"predecessor-version":[{"id":2830,"href":"https:\/\/agora.xtec.cat\/ceipbordils\/wp-json\/wp\/v2\/pages\/2802\/revisions\/2830"}],"up":[{"embeddable":true,"href":"https:\/\/agora.xtec.cat\/ceipbordils\/wp-json\/wp\/v2\/pages\/2228"}],"wp:attachment":[{"href":"https:\/\/agora.xtec.cat\/ceipbordils\/wp-json\/wp\/v2\/media?parent=2802"}],"curies":[{"name":"wp","href":"https:\/\/api.w.org\/{rel}","templated":true}]}}