{"id":2799,"date":"2018-01-24T10:28:33","date_gmt":"2018-01-24T09:28:33","guid":{"rendered":"http:\/\/agora.xtec.cat\/ceipbordils\/?page_id=2799"},"modified":"2018-01-31T10:34:13","modified_gmt":"2018-01-31T09:34:13","slug":"com-aprenem","status":"publish","type":"page","link":"https:\/\/agora.xtec.cat\/ceipbordils\/perpensar\/articles\/com-aprenem\/","title":{"rendered":"Llegir i escriure"},"content":{"rendered":"<p><span style=\"font-size: large;\"><a href=\"http:\/\/docentes.leer.es\/files\/2010\/01\/art_prof_ei_ep_leeryescribir10ideas_montsefons.pdf\">Leer y escribir. 10 ideas clave para los primeros pasos. Montserrat Fons<\/a><\/span><\/p>\n<p><span style=\"font-size: large;\"><a href=\"http:\/\/familias.leer.es\/files\/2009\/05\/090330_art_prof_ep_eso_familias_por-que-leer-con-hijos_sanchezmiguel.pdf\">\u00bfPor qu\u00e9 hay que leer con los hijos y qu\u00e9 puede hacerse al respecto? Article d&#8217;Emilio S\u00e1nchez Miguel.<\/a><\/span><\/p>\n<p><span style=\"font-size: large;\"><a href=\"http:\/\/blocs.xtec.cat\/llegintambelspeusaterra\/tresors-de-lectura\/els-drets-del-lector\/\">Els Drets del Lector, Daniel Pennac<\/a><\/span><\/p>\n<p><span style=\"font-size: large;\"><a href=\"http:\/\/www.xtec.cat\/ceipbordils\/CURS%201314\/Doneu-los%20contes%20Article.pdf\">Doneu-los contes! Com triar bons llibres infantils. Anna Ortiz.<\/a><\/span><\/p>\n<p><span style=\"font-size: large;\"><a href=\"http:\/\/diarieducacio.cat\/blogs\/familiesenruta\/2015\/03\/23\/per-que-no-es-necessari-que-el-teu-fill-aprengui-a-llegir-i-escriure-abans-dels-6-anys\/\">Per qu\u00e8 no \u00e9s necessari que el teu fill\/a aprengui a llegir i escriure abans dels 6 anys &#8211; diarieducacio.com<\/a><\/span><\/p>\n<p>Webs de lectura:\u00a0<a href=\"http:\/\/leer.es\/\">LEER.ES<\/a>\u00a0&#8211;\u00a0<a href=\"http:\/\/www20.gencat.cat\/portal\/site\/familiaescola\/menuitem.5b21aabe12191ad9aacf3010b0c0e1a0\/?vgnextoid=219cee33b5ae3310VgnVCM2000009b0c1e0aRCRD&amp;vgnextchannel=219cee33b5ae3310VgnVCM2000009b0c1e0aRCRD&amp;vgnextfmt=default\">Familia i Escola (Generalitat)<\/a>\u00a0&#8211;\u00a0<a href=\"http:\/\/bibliopoemes.blogspot.com.es\/\">Poesia Infantil i Juvenil<\/a>\u00a0&#8211;<a href=\"http:\/\/familias.leer.es\/category\/10-ideas-padres\/\">10 ideas para crear buenos lectores\u00a0<\/a>&#8211;\u00a0<a href=\"http:\/\/familias.leer.es\/files\/2010\/07\/art_fam_10consejosparaseleccionarlaslecturas_gemmalluch.pdf\">10 consejos para seleccionar las lecturas<\/a><\/p>\n<p>&nbsp;<\/p>\n","protected":false},"excerpt":{"rendered":"<p><a href=\"http:\/\/docentes.leer.es\/files\/2010\/01\/art_prof_ei_ep_leeryescribir10ideas_montsefons.pdf\">Leer y escribir. 10 ideas clave para los primeros pasos. Montserrat Fons<\/a><br \/>\n<a href=\"http:\/\/familias.leer.es\/files\/2009\/05\/090330_art_prof_ep_eso_familias_por-que-leer-con-hijos_sanchezmiguel.pdf\">\u00bfPor qu\u00e9 hay que leer con los hijos y qu\u00e9 puede hacerse al respecto? Article d&#8217;Emilio S\u00e1nchez Miguel.<\/a><br \/>\n<a href=\"http:\/\/blocs.xtec.cat\/llegintambelspeusaterra\/tresors-de-lectura\/els-drets-del-lector\/\">Els Drets del Lector, Daniel Pennac<\/a><br \/>\n<a href=\"http:\/\/www.xtec.cat\/ceipbordils\/CURS%201314\/Doneu-los%20contes%20Article.pdf\">Doneu-los contes! Com triar bons llibres infantils. Anna&hellip;  <a href=\"https:\/\/agora.xtec.cat\/ceipbordils\/perpensar\/articles\/com-aprenem\/\" title=\"Read Llegir i escriure\">Llegeix m\u00e9s\u00bb<\/a><\/p>\n","protected":false},"author":1,"featured_media":0,"parent":2228,"menu_order":30,"comment_status":"closed","ping_status":"closed","template":"page-templates\/side-menu.php","meta":{"_bbp_topic_count":0,"_bbp_reply_count":0,"_bbp_total_topic_count":0,"_bbp_total_reply_count":0,"_bbp_voice_count":0,"_bbp_anonymous_reply_count":0,"_bbp_topic_count_hidden":0,"_bbp_reply_count_hidden":0,"_bbp_forum_subforum_count":0,"footnotes":""},"class_list":["post-2799","page","type-page","status-publish","hentry"],"post_mailing_queue_ids":[],"_links":{"self":[{"href":"https:\/\/agora.xtec.cat\/ceipbordils\/wp-json\/wp\/v2\/pages\/2799","targetHints":{"allow":["GET"]}}],"collection":[{"href":"https:\/\/agora.xtec.cat\/ceipbordils\/wp-json\/wp\/v2\/pages"}],"about":[{"href":"https:\/\/agora.xtec.cat\/ceipbordils\/wp-json\/wp\/v2\/types\/page"}],"author":[{"embeddable":true,"href":"https:\/\/agora.xtec.cat\/ceipbordils\/wp-json\/wp\/v2\/users\/1"}],"replies":[{"embeddable":true,"href":"https:\/\/agora.xtec.cat\/ceipbordils\/wp-json\/wp\/v2\/comments?post=2799"}],"version-history":[{"count":3,"href":"https:\/\/agora.xtec.cat\/ceipbordils\/wp-json\/wp\/v2\/pages\/2799\/revisions"}],"predecessor-version":[{"id":2885,"href":"https:\/\/agora.xtec.cat\/ceipbordils\/wp-json\/wp\/v2\/pages\/2799\/revisions\/2885"}],"up":[{"embeddable":true,"href":"https:\/\/agora.xtec.cat\/ceipbordils\/wp-json\/wp\/v2\/pages\/2228"}],"wp:attachment":[{"href":"https:\/\/agora.xtec.cat\/ceipbordils\/wp-json\/wp\/v2\/media?parent=2799"}],"curies":[{"name":"wp","href":"https:\/\/api.w.org\/{rel}","templated":true}]}}