{"id":2738,"date":"2018-01-17T10:15:28","date_gmt":"2018-01-17T09:15:28","guid":{"rendered":"http:\/\/agora.xtec.cat\/ceipbordils\/?page_id=2738"},"modified":"2021-02-09T20:34:27","modified_gmt":"2021-02-09T19:34:27","slug":"elogi-a-lescola","status":"publish","type":"page","link":"https:\/\/agora.xtec.cat\/ceipbordils\/perconeixens\/elogi-a-lescola\/","title":{"rendered":"Elogi a l&#8217;escola"},"content":{"rendered":"<p align=\"left\">El curs 2009-2010, en motiu del 75\u00e8 aniversari de l&#8217;escola, els alumnes de P3 fins a 6\u00e8, varen investigar, fotografiar, filmar, documentar, escriure, recordar i reflexionar sobre l\u2019hist\u00f2ria de l&#8217;escola. Varen parlar amb pares, mares, avis, \u00e0vies, amics, ve\u00efns i coneguts; varen buscar i analitzar fotografies antigues; mesurar les aules i els espais de l\u2019escola; indagar sobre els estris d\u2019ara i d\u2019abans; compartir els seus records; fotografiar els espais estimats i les traces del passat.<\/p>\n<p align=\"left\">Cada classe va realitzar i muntar una o m\u00e9s peces cinematogr\u00e0fiques amb aquests materials. El film \u00e9s un recull de les m\u00e9s de cinc hores que sumen totes les peces.<\/p>\n<p align=\"left\">L\u2019<a href=\"http:\/\/www.a-abaoaqu.org\/activitat\/elogi-lescola\">Associaci\u00f3 A Bao A Qu<\/a>, que fa m\u00e9s de deu anys treballa amb l\u2019escola fent\u00a0<a href=\"http:\/\/www.xtec.cat\/ceipbordils\/cinema\/presentacio1011.htm\">Cinema en curs<\/a>, va col\u00b7laborar en el projecte assessorant la ideaci\u00f3 i el proc\u00e9s, i realitzant el muntatge final del film a partir de les peces\u00a0dels alumnes.<\/p>\n<p align=\"left\"><a href=\"https:\/\/vimeo.com\/87257334\" target=\"_blank\" rel=\"noopener noreferrer\">Clicant aqu\u00ed el podeu veure.<\/a><\/p>\n","protected":false},"excerpt":{"rendered":"<p>El curs 2009-2010, en motiu del 75\u00e8 aniversari de l&#8217;escola, els alumnes de P3 fins a 6\u00e8, varen investigar, fotografiar, filmar, documentar, escriure, recordar i reflexionar sobre l\u2019hist\u00f2ria de l&#8217;escola. Varen parlar amb pares, mares, avis, \u00e0vies, amics, ve\u00efns i coneguts; varen buscar i analitzar&hellip;  <a href=\"https:\/\/agora.xtec.cat\/ceipbordils\/perconeixens\/elogi-a-lescola\/\" title=\"Read Elogi a l&#8217;escola\">Llegeix m\u00e9s\u00bb<\/a><\/p>\n","protected":false},"author":9,"featured_media":0,"parent":64,"menu_order":0,"comment_status":"closed","ping_status":"closed","template":"page-templates\/side-menu.php","meta":{"_bbp_topic_count":0,"_bbp_reply_count":0,"_bbp_total_topic_count":0,"_bbp_total_reply_count":0,"_bbp_voice_count":0,"_bbp_anonymous_reply_count":0,"_bbp_topic_count_hidden":0,"_bbp_reply_count_hidden":0,"_bbp_forum_subforum_count":0,"footnotes":""},"class_list":["post-2738","page","type-page","status-publish","hentry"],"post_mailing_queue_ids":[],"_links":{"self":[{"href":"https:\/\/agora.xtec.cat\/ceipbordils\/wp-json\/wp\/v2\/pages\/2738","targetHints":{"allow":["GET"]}}],"collection":[{"href":"https:\/\/agora.xtec.cat\/ceipbordils\/wp-json\/wp\/v2\/pages"}],"about":[{"href":"https:\/\/agora.xtec.cat\/ceipbordils\/wp-json\/wp\/v2\/types\/page"}],"author":[{"embeddable":true,"href":"https:\/\/agora.xtec.cat\/ceipbordils\/wp-json\/wp\/v2\/users\/9"}],"replies":[{"embeddable":true,"href":"https:\/\/agora.xtec.cat\/ceipbordils\/wp-json\/wp\/v2\/comments?post=2738"}],"version-history":[{"count":4,"href":"https:\/\/agora.xtec.cat\/ceipbordils\/wp-json\/wp\/v2\/pages\/2738\/revisions"}],"predecessor-version":[{"id":6211,"href":"https:\/\/agora.xtec.cat\/ceipbordils\/wp-json\/wp\/v2\/pages\/2738\/revisions\/6211"}],"up":[{"embeddable":true,"href":"https:\/\/agora.xtec.cat\/ceipbordils\/wp-json\/wp\/v2\/pages\/64"}],"wp:attachment":[{"href":"https:\/\/agora.xtec.cat\/ceipbordils\/wp-json\/wp\/v2\/media?parent=2738"}],"curies":[{"name":"wp","href":"https:\/\/api.w.org\/{rel}","templated":true}]}}