{"id":2732,"date":"2018-01-17T10:13:42","date_gmt":"2018-01-17T09:13:42","guid":{"rendered":"http:\/\/agora.xtec.cat\/ceipbordils\/?page_id=2732"},"modified":"2021-02-10T14:26:16","modified_gmt":"2021-02-10T13:26:16","slug":"escapades","status":"publish","type":"page","link":"https:\/\/agora.xtec.cat\/ceipbordils\/perfercami\/escapades\/","title":{"rendered":"Escapades!"},"content":{"rendered":"<p>Les <strong>col\u00f2nies<\/strong> es concreten en tres dies on nens i nenes de tres a deu anys, acompanyats, en tot moment, pels seus mestres descobreixen entorns i realitats diverses. Ara b\u00e9, all\u00f2 que, realment per nosaltres d\u00f3na for\u00e7a al projecte \u00e9s la dimensi\u00f3 que pren el seu desplegament al llarg del curs alhora, que enforteix el sentiment de pertinen\u00e7a a l\u2019escola.<\/p>\n<p><a href=\"http:\/\/bordilsprimer1617.blogspot.com\/2017\/05\/colonies-moments_26.html\">Col\u00f2nies 2017<\/a><\/p>\n<p><a href=\"http:\/\/xtec.cat\/ceipbordils\/CURS%201516\/Colonies%202016.htm\" target=\"_blank\" rel=\"noopener noreferrer\">Col\u00f2nies 2016<\/a><\/p>\n<p><strong>Dijous Gras<\/strong> suposa la descoberta d\u2019un indret, la coneixen\u00e7a del territori. Sortida on participa tota l\u2019escola. El recorregut i la durada d\u2019aquest s\u2019adapta a les edats dels infants, jornada que tamb\u00e9 permet un temps gener\u00f3s i relaxat per jugar, badar, passejar&#8230;<\/p>\n<p><a href=\"https:\/\/agora.xtec.cat\/ceipbordils\/?s=DIJOUS+GRAS\">Dijous gras- articles publicats a la web<\/a><\/p>\n<p>&nbsp;<\/p>\n","protected":false},"excerpt":{"rendered":"<p>Les col\u00f2nies es concreten en tres dies on nens i nenes de tres a deu anys, acompanyats, en tot moment, pels seus mestres descobreixen entorns i realitats diverses. Ara b\u00e9, all\u00f2 que, realment per nosaltres d\u00f3na for\u00e7a al projecte \u00e9s la dimensi\u00f3 que pren el&hellip;  <a href=\"https:\/\/agora.xtec.cat\/ceipbordils\/perfercami\/escapades\/\" title=\"Read Escapades!\">Llegeix m\u00e9s\u00bb<\/a><\/p>\n","protected":false},"author":9,"featured_media":0,"parent":66,"menu_order":50,"comment_status":"closed","ping_status":"closed","template":"page-templates\/side-menu.php","meta":{"_bbp_topic_count":0,"_bbp_reply_count":0,"_bbp_total_topic_count":0,"_bbp_total_reply_count":0,"_bbp_voice_count":0,"_bbp_anonymous_reply_count":0,"_bbp_topic_count_hidden":0,"_bbp_reply_count_hidden":0,"_bbp_forum_subforum_count":0,"footnotes":""},"class_list":["post-2732","page","type-page","status-publish","hentry"],"post_mailing_queue_ids":[],"_links":{"self":[{"href":"https:\/\/agora.xtec.cat\/ceipbordils\/wp-json\/wp\/v2\/pages\/2732","targetHints":{"allow":["GET"]}}],"collection":[{"href":"https:\/\/agora.xtec.cat\/ceipbordils\/wp-json\/wp\/v2\/pages"}],"about":[{"href":"https:\/\/agora.xtec.cat\/ceipbordils\/wp-json\/wp\/v2\/types\/page"}],"author":[{"embeddable":true,"href":"https:\/\/agora.xtec.cat\/ceipbordils\/wp-json\/wp\/v2\/users\/9"}],"replies":[{"embeddable":true,"href":"https:\/\/agora.xtec.cat\/ceipbordils\/wp-json\/wp\/v2\/comments?post=2732"}],"version-history":[{"count":3,"href":"https:\/\/agora.xtec.cat\/ceipbordils\/wp-json\/wp\/v2\/pages\/2732\/revisions"}],"predecessor-version":[{"id":6292,"href":"https:\/\/agora.xtec.cat\/ceipbordils\/wp-json\/wp\/v2\/pages\/2732\/revisions\/6292"}],"up":[{"embeddable":true,"href":"https:\/\/agora.xtec.cat\/ceipbordils\/wp-json\/wp\/v2\/pages\/66"}],"wp:attachment":[{"href":"https:\/\/agora.xtec.cat\/ceipbordils\/wp-json\/wp\/v2\/media?parent=2732"}],"curies":[{"name":"wp","href":"https:\/\/api.w.org\/{rel}","templated":true}]}}