{"id":2730,"date":"2018-01-17T10:13:13","date_gmt":"2018-01-17T09:13:13","guid":{"rendered":"http:\/\/agora.xtec.cat\/ceipbordils\/?page_id=2730"},"modified":"2018-03-14T10:00:05","modified_gmt":"2018-03-14T09:00:05","slug":"cinema-en-curs","status":"publish","type":"page","link":"https:\/\/agora.xtec.cat\/ceipbordils\/perfercami\/cinema-en-curs\/","title":{"rendered":"Cinema en curs"},"content":{"rendered":"<p id=\"yui_3_16_0_ym19_1_1513094884761_19809\" style=\"text-align: justify;\"><a href=\"http:\/\/www.cinemaencurs.org\/\" target=\"_blank\" rel=\"noopener noreferrer\">\u2018Cinema en curs\u2019<\/a>\u00a0\u00e9s un programa de pedagogi<img loading=\"lazy\" decoding=\"async\" class=\"wp-image-2600 alignright\" src=\"http:\/\/agora.xtec.cat\/ceipbordils\/wp-content\/uploads\/usu1413\/2017\/12\/2016_2017_film_final_567-300x169.jpg\" alt=\"\" width=\"316\" height=\"178\" srcset=\"https:\/\/agora.xtec.cat\/ceipbordils\/wp-content\/uploads\/usu1413\/2017\/12\/2016_2017_film_final_567-300x169.jpg 300w, https:\/\/agora.xtec.cat\/ceipbordils\/wp-content\/uploads\/usu1413\/2017\/12\/2016_2017_film_final_567.jpg 640w\" sizes=\"auto, (max-width: 316px) 100vw, 316px\" \/>a del cinema i amb el cinema a escoles i instituts.\u00a0Iniciat el 2005 a Catalunya, actualment tamb\u00e9 es desenvolupa a Gal\u00edcia, Madrid, Euskadi, Argentina, Xile i\u00a0Alemanya.<\/p>\n<p style=\"text-align: justify;\">\u2018Cinema en curs\u2019 t\u00e9 dos grans objectius:<\/p>\n<p id=\"yui_3_16_0_ym19_1_1513094884761_19818\" style=\"text-align: justify;\">&#8211; Propiciar el descobriment per part de nens i joves del cinema ent\u00e8s com a art, creaci\u00f3 i cultura.<br \/>\n&#8211; Desenvolupar les pot\u00e8ncies pedag\u00f2giques de la creaci\u00f3 cinematogr\u00e0fica en el context educatiu.<\/p>\n","protected":false},"excerpt":{"rendered":"<p><a href=\"http:\/\/www.cinemaencurs.org\/\" target=\"_blank\" rel=\"noopener noreferrer\">\u2018Cinema en curs\u2019<\/a>\u00a0\u00e9s un programa de pedagogia del cinema i amb el cinema a escoles i instituts.\u00a0Iniciat el 2005 a Catalunya, actualment tamb\u00e9 es desenvolupa a Gal\u00edcia, Madrid, Euskadi, Argentina, Xile i\u00a0Alemanya.<br \/>\n\u2018Cinema en curs\u2019 t\u00e9 dos grans objectius:<br \/>\n&#8211; Propiciar el descobriment&hellip;  <a href=\"https:\/\/agora.xtec.cat\/ceipbordils\/perfercami\/cinema-en-curs\/\" title=\"Read Cinema en curs\">Llegeix m\u00e9s\u00bb<\/a><\/p>\n","protected":false},"author":9,"featured_media":0,"parent":66,"menu_order":10,"comment_status":"closed","ping_status":"closed","template":"","meta":{"_bbp_topic_count":0,"_bbp_reply_count":0,"_bbp_total_topic_count":0,"_bbp_total_reply_count":0,"_bbp_voice_count":0,"_bbp_anonymous_reply_count":0,"_bbp_topic_count_hidden":0,"_bbp_reply_count_hidden":0,"_bbp_forum_subforum_count":0,"footnotes":""},"class_list":["post-2730","page","type-page","status-publish","hentry"],"post_mailing_queue_ids":[],"_links":{"self":[{"href":"https:\/\/agora.xtec.cat\/ceipbordils\/wp-json\/wp\/v2\/pages\/2730","targetHints":{"allow":["GET"]}}],"collection":[{"href":"https:\/\/agora.xtec.cat\/ceipbordils\/wp-json\/wp\/v2\/pages"}],"about":[{"href":"https:\/\/agora.xtec.cat\/ceipbordils\/wp-json\/wp\/v2\/types\/page"}],"author":[{"embeddable":true,"href":"https:\/\/agora.xtec.cat\/ceipbordils\/wp-json\/wp\/v2\/users\/9"}],"replies":[{"embeddable":true,"href":"https:\/\/agora.xtec.cat\/ceipbordils\/wp-json\/wp\/v2\/comments?post=2730"}],"version-history":[{"count":3,"href":"https:\/\/agora.xtec.cat\/ceipbordils\/wp-json\/wp\/v2\/pages\/2730\/revisions"}],"predecessor-version":[{"id":3218,"href":"https:\/\/agora.xtec.cat\/ceipbordils\/wp-json\/wp\/v2\/pages\/2730\/revisions\/3218"}],"up":[{"embeddable":true,"href":"https:\/\/agora.xtec.cat\/ceipbordils\/wp-json\/wp\/v2\/pages\/66"}],"wp:attachment":[{"href":"https:\/\/agora.xtec.cat\/ceipbordils\/wp-json\/wp\/v2\/media?parent=2730"}],"curies":[{"name":"wp","href":"https:\/\/api.w.org\/{rel}","templated":true}]}}