{"id":2724,"date":"2018-01-17T10:12:14","date_gmt":"2018-01-17T09:12:14","guid":{"rendered":"http:\/\/agora.xtec.cat\/ceipbordils\/?page_id=2724"},"modified":"2021-09-08T11:45:56","modified_gmt":"2021-09-08T09:45:56","slug":"descobrim-bordils","status":"publish","type":"page","link":"https:\/\/agora.xtec.cat\/ceipbordils\/perfercami\/descobrim-bordils\/","title":{"rendered":"Descobrim Bordils"},"content":{"rendered":"<h4><a href=\"http:\/\/agora.xtec.cat\/ceipbordils\/tag\/descobrim-bordils\/\" target=\"_blank\" rel=\"noopener noreferrer\">DESCOBRIM BORDILS 2015 &#8211; 2019<\/a><\/h4>\n<p style=\"text-align: justify;\"><span style=\"font-weight: 400;\"><strong>2a edici\u00f3 de Descobrim Bordils<\/strong>. Prop\u00f2sit \u00e9s consolidar, ampliar i donar continu\u00eftat al projecte. Volem mantenir i fer cr\u00e9ixer el projecte de <strong>descobrir el patrimoni local<\/strong> pel coneixement propi i per donar-lo a con\u00e8ixer als altres, a trav\u00e9s de la <strong>creaci\u00f3 audiovisual<\/strong> i en formats diversos. Ser\u00e0 mitjan\u00e7ant paraules, poemes, tradicions i mem\u00f2ries, i ho farem observant, investigant, escrivint, seleccionant, retratant i filmant espais, persones, oficis, eines, arbres i meteorologies.<\/span><\/p>\n<p><a href=\"https:\/\/vimeo.com\/510257049\" target=\"_blank\" rel=\"noopener noreferrer\"><em>Video resum de la 2\u00aa edici\u00f3 Descobrim Bordils, organitzada el 19 d&#8217;octubre de 2019<\/em><\/a><\/p>\n<p><a href=\"https:\/\/vimeopro.com\/cinemaencurs\/descobrimbordils2019\" target=\"_blank\" rel=\"noopener\">Per tornar a veure els films<\/a><\/p>\n<p><a href=\"https:\/\/agora.xtec.cat\/ceipbordils\/tag\/preparem-descobrim-bordils\/\" target=\"_blank\" rel=\"noopener noreferrer\"><em> Preparant les exposicions, espais i materials pel 19 d&#8217;octubre.<\/em><\/a><\/p>\n<p><a href=\"https:\/\/agora.xtec.cat\/ceipbordils\/tag\/descobrim-bordils\/\" target=\"_blank\" rel=\"noopener noreferrer\"><img loading=\"lazy\" decoding=\"async\" class=\"aligncenter size-full wp-image-5121\" src=\"https:\/\/agora.xtec.cat\/ceipbordils\/wp-content\/uploads\/usu1413\/2019\/10\/Desplegable1.jpg\" alt=\"\" width=\"799\" height=\"565\" srcset=\"https:\/\/agora.xtec.cat\/ceipbordils\/wp-content\/uploads\/usu1413\/2019\/10\/Desplegable1.jpg 799w, https:\/\/agora.xtec.cat\/ceipbordils\/wp-content\/uploads\/usu1413\/2019\/10\/Desplegable1-300x212.jpg 300w, https:\/\/agora.xtec.cat\/ceipbordils\/wp-content\/uploads\/usu1413\/2019\/10\/Desplegable1-768x543.jpg 768w\" sizes=\"auto, (max-width: 799px) 100vw, 799px\" \/><\/a><\/p>\n<hr \/>\n<h4><a href=\"http:\/\/bordilsmoita.org\/\" target=\"_blank\" rel=\"noopener noreferrer\">DESCOBRIM BORDILS 2012 &#8211; 2014<\/a><\/h4>\n<p><a href=\"http:\/\/bordilsmoita.org\/\" target=\"_blank\" rel=\"noopener noreferrer\"><img loading=\"lazy\" decoding=\"async\" class=\"alignnone wp-image-3174 size-full\" src=\"http:\/\/agora.xtec.cat\/ceipbordils\/wp-content\/uploads\/usu1413\/2018\/01\/descobrim-Bordils-2.jpg\" alt=\"\" width=\"480\" height=\"339\" srcset=\"https:\/\/agora.xtec.cat\/ceipbordils\/wp-content\/uploads\/usu1413\/2018\/01\/descobrim-Bordils-2.jpg 480w, https:\/\/agora.xtec.cat\/ceipbordils\/wp-content\/uploads\/usu1413\/2018\/01\/descobrim-Bordils-2-300x212.jpg 300w\" sizes=\"auto, (max-width: 480px) 100vw, 480px\" \/><\/a><\/p>\n<p style=\"text-align: justify;\"><b>Descobrim Bordils<\/b><span style=\"font-weight: 400;\"> &#8211; Comenius Regio (2012- 2014): Juntament amb l\u2019Ajuntament de Bordils i amb l\u2019Associaci\u00f3 A Bao A Qu, durant els cursos 2012-13 i 2013-14 es va portar a terme un <strong>projecte de creaci\u00f3 fotogr\u00e0fica i cinematogr\u00e0fica<\/strong> en el marc del programa Comenius Regio de la Uni\u00f3 Europea. El projecte es va realitzar amb correspond\u00e8ncia amb el municipi portugu\u00e8s de Moita, l\u2019Agrupaci\u00f3 d\u2019Escolas Jos\u00e9 Afonso i l\u2019associaci\u00f3 filhos de Lumi\u00e8re i portava per t\u00edtol <\/span><i><span style=\"font-weight: 400;\">Descobrint i construint el patrimoni local i europeu a trav\u00e9s de la creaci\u00f3 audiovisual. Un model de cooperaci\u00f3 entre l\u2019escola i el municipi per la cultura, el coneixement i la cohesi\u00f3 audiovisual<\/span><\/i><span style=\"font-weight: 400;\">. Al llarg de dos cursos, els alumnes dels centres educatius participants van explorar el seu entorn i el van compartir. En finalitzar el projecte, els alumnes de l\u2019Escola de Bordils, des de P3 fins a 6\u00e8, varen realitzar 29 films i m\u00e9s de 700 fotografies, alguns d\u2019aquells films i fotografies es van exposar en quinze espais del poble i van ser els propis autors qui presentaven els projectes als visitants.\u00a0<\/span><span style=\"font-weight: 400;\">Web del projecte: <\/span><a href=\"http:\/\/www.bordilsmoita.org\/es\"><span style=\"font-weight: 400;\">www.bordilsmoita.org\/es<\/span><\/a><span style=\"font-weight: 400;\">.<\/span><\/p>\n","protected":false},"excerpt":{"rendered":"<p><a href=\"http:\/\/agora.xtec.cat\/ceipbordils\/tag\/descobrim-bordils\/\" target=\"_blank\" rel=\"noopener noreferrer\">DESCOBRIM BORDILS 2015 &#8211; 2019<\/a><br \/>\n2a edici\u00f3 de Descobrim Bordils. Prop\u00f2sit \u00e9s consolidar, ampliar i donar continu\u00eftat al projecte. Volem mantenir i fer cr\u00e9ixer el projecte de descobrir el patrimoni local pel coneixement propi i per donar-lo a con\u00e8ixer als altres, a&hellip;  <a href=\"https:\/\/agora.xtec.cat\/ceipbordils\/perfercami\/descobrim-bordils\/\" title=\"Read Descobrim Bordils\">Llegeix m\u00e9s\u00bb<\/a><\/p>\n","protected":false},"author":9,"featured_media":0,"parent":66,"menu_order":0,"comment_status":"closed","ping_status":"closed","template":"page-templates\/side-menu.php","meta":{"_bbp_topic_count":0,"_bbp_reply_count":0,"_bbp_total_topic_count":0,"_bbp_total_reply_count":0,"_bbp_voice_count":0,"_bbp_anonymous_reply_count":0,"_bbp_topic_count_hidden":0,"_bbp_reply_count_hidden":0,"_bbp_forum_subforum_count":0,"footnotes":""},"class_list":["post-2724","page","type-page","status-publish","hentry"],"post_mailing_queue_ids":[],"_links":{"self":[{"href":"https:\/\/agora.xtec.cat\/ceipbordils\/wp-json\/wp\/v2\/pages\/2724","targetHints":{"allow":["GET"]}}],"collection":[{"href":"https:\/\/agora.xtec.cat\/ceipbordils\/wp-json\/wp\/v2\/pages"}],"about":[{"href":"https:\/\/agora.xtec.cat\/ceipbordils\/wp-json\/wp\/v2\/types\/page"}],"author":[{"embeddable":true,"href":"https:\/\/agora.xtec.cat\/ceipbordils\/wp-json\/wp\/v2\/users\/9"}],"replies":[{"embeddable":true,"href":"https:\/\/agora.xtec.cat\/ceipbordils\/wp-json\/wp\/v2\/comments?post=2724"}],"version-history":[{"count":4,"href":"https:\/\/agora.xtec.cat\/ceipbordils\/wp-json\/wp\/v2\/pages\/2724\/revisions"}],"predecessor-version":[{"id":6638,"href":"https:\/\/agora.xtec.cat\/ceipbordils\/wp-json\/wp\/v2\/pages\/2724\/revisions\/6638"}],"up":[{"embeddable":true,"href":"https:\/\/agora.xtec.cat\/ceipbordils\/wp-json\/wp\/v2\/pages\/66"}],"wp:attachment":[{"href":"https:\/\/agora.xtec.cat\/ceipbordils\/wp-json\/wp\/v2\/media?parent=2724"}],"curies":[{"name":"wp","href":"https:\/\/api.w.org\/{rel}","templated":true}]}}