{"id":2228,"date":"2017-10-18T11:06:24","date_gmt":"2017-10-18T09:06:24","guid":{"rendered":"http:\/\/agora.xtec.cat\/ceipbordils\/?page_id=2228"},"modified":"2020-10-02T12:53:35","modified_gmt":"2020-10-02T10:53:35","slug":"articles","status":"publish","type":"page","link":"https:\/\/agora.xtec.cat\/ceipbordils\/perpensar\/articles\/","title":{"rendered":"Articles"},"content":{"rendered":"<p><a href=\"https:\/\/agora.xtec.cat\/ceipbordils\/perpensar\/articles\/altres-articles\/?preview_id=5213&amp;preview_nonce=6c449a675b&amp;preview=true\" target=\"_blank\" rel=\"noopener noreferrer\"><span style=\"font-size: large;\"><b><span style=\"color: #ff0000; font-size: x-large;\">ACTUALITZAT!<\/span><\/b><\/span><\/a>Peri\u00f2dicament publiquem articles de temes diversos que poden interessar a membres de la comunitat educativa, tant mestres com educadors com a les fam\u00edlies.<\/p>\n<p><a href=\"https:\/\/agora.xtec.cat\/ceipbordils\/perpensar\/articles\/altres-articles\/?preview_id=5213&amp;preview_nonce=6c449a675b&amp;preview=true\" target=\"_blank\" rel=\"noopener noreferrer\"><span style=\"font-size: large;\"><b><span style=\"color: #ff0000; font-size: x-large;\">NOU <\/span><\/b><\/span><\/a><a href=\"https:\/\/agora.xtec.cat\/ceipbordils\/portada\/lectures-que-guareixen\/\" target=\"_blank\" rel=\"noopener noreferrer\">27\/09\/2020: Lectures que guareixen<\/a><\/p>\n<p><a href=\"https:\/\/agora.xtec.cat\/ceipbordils\/portada\/mes-lectures-que-ens-acompanyen\/\" target=\"_blank\" rel=\"noopener noreferrer\"><span style=\"font-size: large;\"><b><span style=\"color: #ff0000; font-size: x-large;\">NOU<\/span><\/b><\/span>10\/04\/2020: M\u00e9s lectures que ens acompanyen<\/a><\/p>\n<p><span style=\"font-size: large;\"><b><span style=\"color: #ff0000; font-size: x-large;\">NOU <\/span><\/b><\/span><a href=\"https:\/\/agora.xtec.cat\/ceipbordils\/portada\/lectures-que-ens-acompanyen\/\" target=\"_blank\" rel=\"noopener noreferrer\">26\/03\/2020: Lectures que ens acompanyen<\/a> (durant el confinament)<\/p>\n<p>Articles anteriors:<\/p>\n<p><a href=\"https:\/\/criatures.ara.cat\/infancia\/masclisme-extraescolars_0_2403959594.html\" target=\"_blank\" rel=\"noopener noreferrer\">El masclisme ocult a les extraescolars, <\/a><a href=\"https:\/\/criatures.ara.cat\/infancia\/masclisme-extraescolars_0_2403959594.html\" target=\"_blank\" rel=\"noopener noreferrer\">Albert Sol\u00e9,<\/a> <a href=\"https:\/\/criatures.ara.cat\/infancia\/masclisme-extraescolars_0_2403959594.html\" target=\"_blank\" rel=\"noopener noreferrer\">ARA Criatures, 22\/02\/2020<\/a><\/p>\n<p><b> <\/b><a href=\"https:\/\/www.elcritic.cat\/mes\/espai-critic\/que-es-adultcentrisme-i-perque-cal-posar-lo-en-questio-50064\" target=\"_blank\" rel=\"noopener noreferrer\">Qu\u00e8 \u00e9s l&#8217;adulcentrisme i per qu\u00e8 cal posar-lo en q\u00fcesti\u00f3,\u00a0 Helena Mart\u00edn, Elcritic.cat, 19\/02\/2020<\/a><\/p>\n<p><a href=\"https:\/\/criatures.ara.cat\/infancia\/Jocs-tradicionals-sense-caducitat-ni-genere_0_2357764213.html\" target=\"_blank\" rel=\"noopener noreferrer\">Jocs sense caducitat i sense g\u00e8nere, Trinitat Gibert, ARA Criatures, 07\/12\/2019<\/a><\/p>\n<p><a href=\"https:\/\/criatures.ara.cat\/infancia\/que-infants-jugar-joguines-analogiques_0_2326567402.html\" target=\"_blank\" rel=\"noopener noreferrer\">Per qu\u00e8 els infants han de jugar amb joguines anal\u00f2giques?, AF, ARA Criatures, 16\/10\/2020<\/a><\/p>\n<p>Recull d&#8217;articles:<\/p>\n<table style=\"height: 150px;\" width=\"332\">\n<tbody>\n<tr>\n<td style=\"width: 326px;\"><a href=\"http:\/\/agora.xtec.cat\/ceipbordils\/perpensar\/articles\/com-aprenem-2\/\">Com aprenem<\/a><\/td>\n<\/tr>\n<tr>\n<td style=\"width: 326px;\"><a href=\"http:\/\/agora.xtec.cat\/ceipbordils\/perpensar\/articles\/educacio-cooperativa\/\">Educaci\u00f3 cooperativa<\/a><\/td>\n<\/tr>\n<tr>\n<td style=\"width: 326px;\"><a href=\"http:\/\/agora.xtec.cat\/ceipbordils\/perpensar\/articles\/com-aprenem\/\">Llegir i escriure<\/a><\/td>\n<\/tr>\n<tr>\n<td style=\"width: 326px;\"><a href=\"http:\/\/agora.xtec.cat\/ceipbordils\/perpensar\/articles\/creativitat\/\">Creativitat<\/a><\/td>\n<\/tr>\n<tr>\n<td style=\"width: 326px;\"><a href=\"https:\/\/agora.xtec.cat\/ceipbordils\/perpensar\/articles\/altres-articles\/?preview_id=5213&amp;preview_nonce=6c449a675b&amp;preview=true\" target=\"_blank\" rel=\"noopener noreferrer\">Altres articles\u00a0<\/a><\/td>\n<\/tr>\n<\/tbody>\n<\/table>\n<p>Actualitzat, octubre 2020<\/p>\n","protected":false},"excerpt":{"rendered":"<p><a href=\"https:\/\/agora.xtec.cat\/ceipbordils\/perpensar\/articles\/altres-articles\/?preview_id=5213&amp;preview_nonce=6c449a675b&amp;preview=true\" target=\"_blank\" rel=\"noopener noreferrer\">ACTUALITZAT!<\/a>Peri\u00f2dicament publiquem articles de temes diversos que poden interessar a membres de la comunitat educativa, tant mestres com educadors com a les fam\u00edlies.<br \/>\n<a href=\"https:\/\/agora.xtec.cat\/ceipbordils\/perpensar\/articles\/altres-articles\/?preview_id=5213&amp;preview_nonce=6c449a675b&amp;preview=true\" target=\"_blank\" rel=\"noopener noreferrer\">NOU <\/a><a href=\"https:\/\/agora.xtec.cat\/ceipbordils\/portada\/lectures-que-guareixen\/\" target=\"_blank\" rel=\"noopener noreferrer\">27\/09\/2020: Lectures que guareixen<\/a><br \/>\n<a href=\"https:\/\/agora.xtec.cat\/ceipbordils\/portada\/mes-lectures-que-ens-acompanyen\/\" target=\"_blank\" rel=\"noopener noreferrer\">NOU10\/04\/2020: M\u00e9s lectures&hellip;  <a href=\"https:\/\/agora.xtec.cat\/ceipbordils\/perpensar\/articles\/\" title=\"Read Articles\">Llegeix m\u00e9s\u00bb<\/a><\/p>\n","protected":false},"author":9,"featured_media":0,"parent":71,"menu_order":0,"comment_status":"closed","ping_status":"closed","template":"page-templates\/side-menu.php","meta":{"_bbp_topic_count":0,"_bbp_reply_count":0,"_bbp_total_topic_count":0,"_bbp_total_reply_count":0,"_bbp_voice_count":0,"_bbp_anonymous_reply_count":0,"_bbp_topic_count_hidden":0,"_bbp_reply_count_hidden":0,"_bbp_forum_subforum_count":0,"footnotes":""},"class_list":["post-2228","page","type-page","status-publish","hentry"],"post_mailing_queue_ids":[],"_links":{"self":[{"href":"https:\/\/agora.xtec.cat\/ceipbordils\/wp-json\/wp\/v2\/pages\/2228","targetHints":{"allow":["GET"]}}],"collection":[{"href":"https:\/\/agora.xtec.cat\/ceipbordils\/wp-json\/wp\/v2\/pages"}],"about":[{"href":"https:\/\/agora.xtec.cat\/ceipbordils\/wp-json\/wp\/v2\/types\/page"}],"author":[{"embeddable":true,"href":"https:\/\/agora.xtec.cat\/ceipbordils\/wp-json\/wp\/v2\/users\/9"}],"replies":[{"embeddable":true,"href":"https:\/\/agora.xtec.cat\/ceipbordils\/wp-json\/wp\/v2\/comments?post=2228"}],"version-history":[{"count":4,"href":"https:\/\/agora.xtec.cat\/ceipbordils\/wp-json\/wp\/v2\/pages\/2228\/revisions"}],"predecessor-version":[{"id":2815,"href":"https:\/\/agora.xtec.cat\/ceipbordils\/wp-json\/wp\/v2\/pages\/2228\/revisions\/2815"}],"up":[{"embeddable":true,"href":"https:\/\/agora.xtec.cat\/ceipbordils\/wp-json\/wp\/v2\/pages\/71"}],"wp:attachment":[{"href":"https:\/\/agora.xtec.cat\/ceipbordils\/wp-json\/wp\/v2\/media?parent=2228"}],"curies":[{"name":"wp","href":"https:\/\/api.w.org\/{rel}","templated":true}]}}