{"id":2097,"date":"2016-02-20T20:03:30","date_gmt":"2016-02-20T19:03:30","guid":{"rendered":"http:\/\/agora.xtec.cat\/formacio\/form291\/?page_id=464"},"modified":"2020-10-08T12:12:45","modified_gmt":"2020-10-08T10:12:45","slug":"principisdescola","status":"publish","type":"page","link":"https:\/\/agora.xtec.cat\/ceipbordils\/perconeixens\/principisdescola\/","title":{"rendered":"Principis d&#8217;escola"},"content":{"rendered":"<p style=\"text-align: justify;\">L&#8217;Escola de Bordils est\u00e0 situada en el poble de Bordils, poble que pertany a la comarca del Giron\u00e8s, amb una poblaci\u00f3 de 1779 habitants (2020).\u00a0Al centre hi assisteixen alumnes dels pobles ve\u00efns de Sant Mart\u00ed Vell i Madremanya.<\/p>\n<p style=\"text-align: justify;\">\u00c9s una escola p\u00fablica, que va n\u00e9ixer amb la Segona Rep\u00fablica i que en vol conservar el llegat com a referent i horitz\u00f3 pedag\u00f2gic, catalana, d&#8217;una l\u00ednia, on es defensen els valors democr\u00e0tics en les seves actuacions.<\/p>\n<p style=\"text-align: justify;\">Escola arrelada a l&#8217;entorn on els protagonistes principals s\u00f3n els nens i les nenes, als quals fa part\u00edcips del seu proc\u00e9s de creixement en els diferents \u00e0mbits, atenent les individualitats tot intentant donar resposta a una societat en constant canvi.<\/p>\n<p style=\"text-align: justify;\">Creiem en una idea de coneixement global, interrelacionant les diferents disciplines del saber, amb la llengua com a eix vertebrador de tots els aprenentatges, per assolir un coneixement del m\u00f3n en tota la seva complexitat. Aquesta idea, es materialitza a l&#8217;aula desenvolupant projectes de treball que propicien cercar resposta a preguntes, assolir reptes i resoldre problemes que sorgeixen o que es plantegen, posant en joc tots els sabers i convertint l&#8217;aula en un vertader espai de recerca i investigaci\u00f3 &#8211; aprenem fent i pensant sobre qu\u00e8 fem-.<\/p>\n<p style=\"text-align: justify;\">Potenciem l&#8217;expressi\u00f3 a trav\u00e9s de tots els llenguatges: comunicatiu, matem\u00e0tic, pl\u00e0stic, corporal, musical, audiovisual &#8211; fotografia i cinema-, i en valorem la vessant creativa i d&#8217;apropament emocional de cadascun d&#8217;ells.<\/p>\n<p style=\"text-align: justify;\">La l\u00ednia metodol\u00f2gica es basa en la perspectiva socio-constructivista de l&#8217;ensenyament aprenentatge, tal com queda reflectit en el curr\u00edculum: l&#8217;alumne elabora i construeix el seu propi coneixement, \u00e9s el protagonista actiu del seu aprenentatge; planteja interrogants, formula hip\u00f2tesis, entra en conflicte amb els companys, aporta informaci\u00f3; estableix una interacci\u00f3 bidireccional amb els companys i la mestra, participa en el disseny de les activitats i en el proc\u00e9s d&#8217;avaluaci\u00f3.<\/p>\n","protected":false},"excerpt":{"rendered":"<p>L&#8217;Escola de Bordils est\u00e0 situada en el poble de Bordils, poble que pertany a la comarca del Giron\u00e8s, amb una poblaci\u00f3 de 1779 habitants (2020).\u00a0Al centre hi assisteixen alumnes dels pobles ve\u00efns de Sant Mart\u00ed Vell i Madremanya.<br \/>\n\u00c9s una escola p\u00fablica, que va n\u00e9ixer amb&hellip;  <a href=\"https:\/\/agora.xtec.cat\/ceipbordils\/perconeixens\/principisdescola\/\" title=\"Read Principis d&#8217;escola\">Llegeix m\u00e9s\u00bb<\/a><\/p>\n","protected":false},"author":1,"featured_media":0,"parent":64,"menu_order":10,"comment_status":"closed","ping_status":"closed","template":"page-templates\/side-menu.php","meta":{"_bbp_topic_count":0,"_bbp_reply_count":0,"_bbp_total_topic_count":0,"_bbp_total_reply_count":0,"_bbp_voice_count":0,"_bbp_anonymous_reply_count":0,"_bbp_topic_count_hidden":0,"_bbp_reply_count_hidden":0,"_bbp_forum_subforum_count":0,"footnotes":""},"class_list":["post-2097","page","type-page","status-publish","hentry"],"post_mailing_queue_ids":[],"_links":{"self":[{"href":"https:\/\/agora.xtec.cat\/ceipbordils\/wp-json\/wp\/v2\/pages\/2097","targetHints":{"allow":["GET"]}}],"collection":[{"href":"https:\/\/agora.xtec.cat\/ceipbordils\/wp-json\/wp\/v2\/pages"}],"about":[{"href":"https:\/\/agora.xtec.cat\/ceipbordils\/wp-json\/wp\/v2\/types\/page"}],"author":[{"embeddable":true,"href":"https:\/\/agora.xtec.cat\/ceipbordils\/wp-json\/wp\/v2\/users\/1"}],"replies":[{"embeddable":true,"href":"https:\/\/agora.xtec.cat\/ceipbordils\/wp-json\/wp\/v2\/comments?post=2097"}],"version-history":[{"count":3,"href":"https:\/\/agora.xtec.cat\/ceipbordils\/wp-json\/wp\/v2\/pages\/2097\/revisions"}],"predecessor-version":[{"id":6032,"href":"https:\/\/agora.xtec.cat\/ceipbordils\/wp-json\/wp\/v2\/pages\/2097\/revisions\/6032"}],"up":[{"embeddable":true,"href":"https:\/\/agora.xtec.cat\/ceipbordils\/wp-json\/wp\/v2\/pages\/64"}],"wp:attachment":[{"href":"https:\/\/agora.xtec.cat\/ceipbordils\/wp-json\/wp\/v2\/media?parent=2097"}],"curies":[{"name":"wp","href":"https:\/\/api.w.org\/{rel}","templated":true}]}}