{"id":84,"date":"2014-09-18T14:11:31","date_gmt":"2014-09-18T13:11:31","guid":{"rendered":"http:\/\/agora.xtec.cat\/ceipbonavista-bellcaire-urgell\/?page_id=84"},"modified":"2023-11-06T13:45:56","modified_gmt":"2023-11-06T12:45:56","slug":"activitats-extraescolars","status":"publish","type":"page","link":"https:\/\/agora.xtec.cat\/ceipbonavista-bellcaire-urgell\/afa\/activitats-extraescolars\/","title":{"rendered":"Activitats extraescolars"},"content":{"rendered":"<p>Les activitats extraescolars que es duran a terme aquest curs 23\/24 s\u00f3n les seg\u00fcents:<\/p>\n<p>&nbsp;<\/p>\n<table style=\"border-collapse: collapse; width: 100%;\">\n<tbody>\n<tr>\n<td style=\"width: 50%;\">\n<ul>\n<li><strong>Informeca<\/strong><\/li>\n<\/ul>\n<\/td>\n<td style=\"width: 50%;\">Inscripcions a trav\u00e9s de l&#8217;aplicatiu de Qu\u00e0lia:<\/p>\n<p><a href=\"https:\/\/app.lleurequalia.cat\/\">https:\/\/app.lleurequalia.cat\/<\/a><\/td>\n<\/tr>\n<tr>\n<td style=\"width: 50%;\">\n<ul>\n<li><strong>R\u00edtmica<\/strong><\/li>\n<\/ul>\n<\/td>\n<td style=\"width: 50%;\">Inscripcions a trav\u00e9s de l&#8217;aplicatiu de Qu\u00e0lia:<\/p>\n<p><a href=\"https:\/\/app.lleurequalia.cat\/\">https:\/\/app.lleurequalia.cat\/<\/a><\/td>\n<\/tr>\n<tr>\n<td style=\"width: 50%;\">\n<ul>\n<li><strong>Multiesports<\/strong> (<em>des del Consell comarcal)<\/em><\/li>\n<\/ul>\n<\/td>\n<td style=\"width: 50%;\">Inscripcions a trav\u00e9s del web del consell esportiu :<\/p>\n<p><a href=\"https:\/\/consellnoguera.cat\/activitats\/activitats-esportives-escolars\/bellcaire-durgell\/inscripcions-activitat-de-multiesports\/\">https:\/\/consellnoguera.cat\/activitats\/activitats-esportives-escolars\/bellcaire-durgell\/inscripcions-activitat-de-multiesports\/<\/a><\/td>\n<\/tr>\n<\/tbody>\n<\/table>\n","protected":false},"excerpt":{"rendered":"<p>Les activitats extraescolars que es duran a terme aquest curs 23\/24 s\u00f3n les seg\u00fcents: &nbsp; Informeca Inscripcions a trav\u00e9s de l&#8217;aplicatiu de Qu\u00e0lia: https:\/\/app.lleurequalia.cat\/ R\u00edtmica Inscripcions a trav\u00e9s de l&#8217;aplicatiu de Qu\u00e0lia: https:\/\/app.lleurequalia.cat\/ Multiesports (des del Consell comarcal) Inscripcions a trav\u00e9s del web del consell esportiu : https:\/\/consellnoguera.cat\/activitats\/activitats-esportives-escolars\/bellcaire-durgell\/inscripcions-activitat-de-multiesports\/<\/p>\n","protected":false},"author":1,"featured_media":0,"parent":659,"menu_order":60,"comment_status":"closed","ping_status":"closed","template":"page-templates\/side-menu.php","meta":{"_bbp_topic_count":0,"_bbp_reply_count":0,"_bbp_total_topic_count":0,"_bbp_total_reply_count":0,"_bbp_voice_count":0,"_bbp_anonymous_reply_count":0,"_bbp_topic_count_hidden":0,"_bbp_reply_count_hidden":0,"_bbp_forum_subforum_count":0,"site-sidebar-layout":"default","site-content-layout":"","ast-site-content-layout":"","site-content-style":"default","site-sidebar-style":"default","ast-global-header-display":"","ast-banner-title-visibility":"","ast-main-header-display":"","ast-hfb-above-header-display":"","ast-hfb-below-header-display":"","ast-hfb-mobile-header-display":"","site-post-title":"","ast-breadcrumbs-content":"","ast-featured-img":"","footer-sml-layout":"","theme-transparent-header-meta":"","adv-header-id-meta":"","stick-header-meta":"","header-above-stick-meta":"","header-main-stick-meta":"","header-below-stick-meta":"","astra-migrate-meta-layouts":"default","ast-page-background-enabled":"default","ast-page-background-meta":{"desktop":{"background-color":"var(--ast-global-color-4)","background-image":"","background-repeat":"repeat","background-position":"center center","background-size":"auto","background-attachment":"scroll","background-type":"","background-media":"","overlay-type":"","overlay-color":"","overlay-opacity":"","overlay-gradient":""},"tablet":{"background-color":"","background-image":"","background-repeat":"repeat","background-position":"center center","background-size":"auto","background-attachment":"scroll","background-type":"","background-media":"","overlay-type":"","overlay-color":"","overlay-opacity":"","overlay-gradient":""},"mobile":{"background-color":"","background-image":"","background-repeat":"repeat","background-position":"center center","background-size":"auto","background-attachment":"scroll","background-type":"","background-media":"","overlay-type":"","overlay-color":"","overlay-opacity":"","overlay-gradient":""}},"ast-content-background-meta":{"desktop":{"background-color":"var(--ast-global-color-5)","background-image":"","background-repeat":"repeat","background-position":"center center","background-size":"auto","background-attachment":"scroll","background-type":"","background-media":"","overlay-type":"","overlay-color":"","overlay-opacity":"","overlay-gradient":""},"tablet":{"background-color":"var(--ast-global-color-5)","background-image":"","background-repeat":"repeat","background-position":"center center","background-size":"auto","background-attachment":"scroll","background-type":"","background-media":"","overlay-type":"","overlay-color":"","overlay-opacity":"","overlay-gradient":""},"mobile":{"background-color":"var(--ast-global-color-5)","background-image":"","background-repeat":"repeat","background-position":"center center","background-size":"auto","background-attachment":"scroll","background-type":"","background-media":"","overlay-type":"","overlay-color":"","overlay-opacity":"","overlay-gradient":""}},"footnotes":""},"class_list":["post-84","page","type-page","status-publish","hentry"],"post_mailing_queue_ids":[],"_links":{"self":[{"href":"https:\/\/agora.xtec.cat\/ceipbonavista-bellcaire-urgell\/wp-json\/wp\/v2\/pages\/84","targetHints":{"allow":["GET"]}}],"collection":[{"href":"https:\/\/agora.xtec.cat\/ceipbonavista-bellcaire-urgell\/wp-json\/wp\/v2\/pages"}],"about":[{"href":"https:\/\/agora.xtec.cat\/ceipbonavista-bellcaire-urgell\/wp-json\/wp\/v2\/types\/page"}],"author":[{"embeddable":true,"href":"https:\/\/agora.xtec.cat\/ceipbonavista-bellcaire-urgell\/wp-json\/wp\/v2\/users\/1"}],"replies":[{"embeddable":true,"href":"https:\/\/agora.xtec.cat\/ceipbonavista-bellcaire-urgell\/wp-json\/wp\/v2\/comments?post=84"}],"version-history":[{"count":2,"href":"https:\/\/agora.xtec.cat\/ceipbonavista-bellcaire-urgell\/wp-json\/wp\/v2\/pages\/84\/revisions"}],"predecessor-version":[{"id":645,"href":"https:\/\/agora.xtec.cat\/ceipbonavista-bellcaire-urgell\/wp-json\/wp\/v2\/pages\/84\/revisions\/645"}],"up":[{"embeddable":true,"href":"https:\/\/agora.xtec.cat\/ceipbonavista-bellcaire-urgell\/wp-json\/wp\/v2\/pages\/659"}],"wp:attachment":[{"href":"https:\/\/agora.xtec.cat\/ceipbonavista-bellcaire-urgell\/wp-json\/wp\/v2\/media?parent=84"}],"curies":[{"name":"wp","href":"https:\/\/api.w.org\/{rel}","templated":true}]}}