{"id":38,"date":"2014-09-18T12:34:08","date_gmt":"2014-09-18T10:34:08","guid":{"rendered":"http:\/\/agora.xtec.cat\/ceipbonavista-bellcaire-urgell\/?page_id=38"},"modified":"2025-09-08T12:54:02","modified_gmt":"2025-09-08T10:54:02","slug":"salut","status":"publish","type":"page","link":"https:\/\/agora.xtec.cat\/ceipbonavista-bellcaire-urgell\/lescola\/salut\/","title":{"rendered":"Equip docent"},"content":{"rendered":"<p><strong>El nostre equip docent del curs 25\/26:<\/strong><\/p>\n<p><a href=\"https:\/\/agora.xtec.cat\/ceipbonavista-bellcaire-urgell\/wp-content\/uploads\/usu2328\/2025\/09\/2fa82070-35cb-46bc-a2b9-4bf61a67c1e0.jpg\"><img loading=\"lazy\" decoding=\"async\" class=\"alignnone  wp-image-927\" src=\"https:\/\/agora.xtec.cat\/ceipbonavista-bellcaire-urgell\/wp-content\/uploads\/usu2328\/2025\/09\/2fa82070-35cb-46bc-a2b9-4bf61a67c1e0-1024x768.jpg\" alt=\"\" width=\"666\" height=\"500\" srcset=\"https:\/\/agora.xtec.cat\/ceipbonavista-bellcaire-urgell\/wp-content\/uploads\/usu2328\/2025\/09\/2fa82070-35cb-46bc-a2b9-4bf61a67c1e0-1024x768.jpg 1024w, https:\/\/agora.xtec.cat\/ceipbonavista-bellcaire-urgell\/wp-content\/uploads\/usu2328\/2025\/09\/2fa82070-35cb-46bc-a2b9-4bf61a67c1e0-300x225.jpg 300w, https:\/\/agora.xtec.cat\/ceipbonavista-bellcaire-urgell\/wp-content\/uploads\/usu2328\/2025\/09\/2fa82070-35cb-46bc-a2b9-4bf61a67c1e0-768x576.jpg 768w, https:\/\/agora.xtec.cat\/ceipbonavista-bellcaire-urgell\/wp-content\/uploads\/usu2328\/2025\/09\/2fa82070-35cb-46bc-a2b9-4bf61a67c1e0-200x150.jpg 200w, https:\/\/agora.xtec.cat\/ceipbonavista-bellcaire-urgell\/wp-content\/uploads\/usu2328\/2025\/09\/2fa82070-35cb-46bc-a2b9-4bf61a67c1e0.jpg 1280w\" sizes=\"auto, (max-width: 666px) 100vw, 666px\" \/><\/a><\/p>\n<table style=\"height: 666px; width: 66.9072%; border-collapse: collapse; border-color: #7605a6; background-color: #e9c7f0;\" border=\"3\">\n<tbody>\n<tr style=\"height: 32px;\">\n<td style=\"width: 32.6667%; height: 32px;\">\n<h4><b>Tutoria \/Especialitat<\/b><\/h4>\n<\/td>\n<td style=\"width: 34.2424%; height: 32px;\">\n<h4>MESTRES<\/h4>\n<\/td>\n<\/tr>\n<tr style=\"height: 32px;\">\n<td style=\"width: 32.6667%; height: 32px;\">\n<h5>EI-3<\/h5>\n<\/td>\n<td style=\"width: 34.2424%; height: 32px;\">\n<h6><span style=\"font-weight: 400;\">Laura B. P.<\/span><\/h6>\n<\/td>\n<\/tr>\n<tr style=\"height: 32px;\">\n<td style=\"width: 32.6667%; height: 32px;\">\n<h5>EI-4<\/h5>\n<\/td>\n<td style=\"width: 34.2424%; height: 32px;\">\n<h6><span style=\"font-weight: 400;\">Laura B. P.<\/span><\/h6>\n<\/td>\n<\/tr>\n<tr style=\"height: 32px;\">\n<td style=\"width: 32.6667%; height: 39px;\">\n<h5>EI-5<\/h5>\n<\/td>\n<td style=\"width: 34.2424%; height: 39px;\">\n<h6><span style=\"font-weight: 400;\">Maria J. M.<\/span><\/h6>\n<h6><span style=\"font-weight: 400;\">S\u00edlvia C. T.\u00a0<\/span><\/h6>\n<\/td>\n<\/tr>\n<tr style=\"height: 56px;\">\n<td style=\"width: 32.6667%; height: 56px;\">\n<h5>Psicomotricitat<\/h5>\n<h5>Suport Infantil<\/h5>\n<\/td>\n<td style=\"width: 34.2424%; height: 56px;\">\n<h6><span style=\"font-weight: 400;\">Montse M. G.<\/span><\/h6>\n<\/td>\n<\/tr>\n<tr style=\"height: 32px;\">\n<td style=\"width: 32.6667%; height: 32px;\">\n<h5>1r<\/h5>\n<\/td>\n<td style=\"width: 34.2424%; height: 32px;\">Ester S. E.<\/td>\n<\/tr>\n<tr style=\"height: 35px;\">\n<td style=\"width: 32.6667%; height: 35px;\">\n<h5>2n<\/h5>\n<\/td>\n<td style=\"width: 34.2424%; height: 35px;\">Victoria F. R.<\/td>\n<\/tr>\n<tr style=\"height: 32px;\">\n<td style=\"width: 32.6667%; height: 32px;\">\n<h5>3r<\/h5>\n<\/td>\n<td style=\"width: 34.2424%; height: 32px;\">\n<h6><span style=\"font-weight: 400;\">Cristina P. C.<\/span><\/h6>\n<\/td>\n<\/tr>\n<tr style=\"height: 32px;\">\n<td style=\"width: 32.6667%; height: 32px;\">\n<h5>4t<\/h5>\n<\/td>\n<td style=\"width: 34.2424%; height: 32px;\">Jero M. C.<\/td>\n<\/tr>\n<tr style=\"height: 32px;\">\n<td style=\"width: 32.6667%; height: 32px;\">\n<h5>5\u00e8<\/h5>\n<\/td>\n<td style=\"width: 34.2424%; height: 32px;\">\n<h6><span style=\"font-weight: 400;\">N\u00faria B. F.<\/span><\/h6>\n<\/td>\n<\/tr>\n<tr style=\"height: 32px;\">\n<td style=\"width: 32.6667%; height: 32px;\">\n<h5>6\u00e8<\/h5>\n<\/td>\n<td style=\"width: 34.2424%; height: 32px;\">\n<h6><span style=\"font-weight: 400;\">Raquel C. P.<\/span><\/h6>\n<\/td>\n<\/tr>\n<tr style=\"height: 56px;\">\n<td style=\"width: 32.6667%; height: 56px;\">\n<h5><b>Llengua anglesa<\/b><\/h5>\n<\/td>\n<td style=\"width: 34.2424%; height: 56px;\">\n<h6><span style=\"font-weight: 400;\">Anna V. C.<\/span><\/h6>\n<h6><span style=\"font-weight: 400;\">Maria P. T.<\/span><\/h6>\n<\/td>\n<\/tr>\n<tr style=\"height: 56px;\">\n<td style=\"width: 32.6667%; height: 56px;\">\n<h5><b>Educaci\u00f3 musical<\/b><\/h5>\n<\/td>\n<td style=\"width: 34.2424%; height: 56px;\">\n<h6><span style=\"font-weight: 400;\">N\u00faria B. F.<\/span><\/h6>\n<\/td>\n<\/tr>\n<tr style=\"height: 56px;\">\n<td style=\"width: 32.6667%; height: 56px;\">\n<h5><b>Educaci\u00f3 f\u00edsica<\/b><\/h5>\n<\/td>\n<td style=\"width: 34.2424%; height: 56px;\">\n<h6><span style=\"font-weight: 400;\">Jero M. C.<\/span><\/h6>\n<\/td>\n<\/tr>\n<tr style=\"height: 56px;\">\n<td style=\"width: 32.6667%; height: 56px;\">\n<h5><b>Educaci\u00f3 especial<\/b><\/h5>\n<\/td>\n<td style=\"width: 34.2424%; height: 56px;\">\n<h6><span style=\"font-weight: 400;\">Anna V. P.<\/span><\/h6>\n<\/td>\n<\/tr>\n<tr style=\"height: 56px;\">\n<td style=\"width: 32.6667%; height: 56px;\">\n<h5><b>Educaci\u00f3 religiosa<\/b><\/h5>\n<\/td>\n<td style=\"width: 34.2424%; height: 56px;\">\n<h6><span style=\"font-weight: 400;\">Merc\u00e8 B. C.<\/span><\/h6>\n<\/td>\n<\/tr>\n<\/tbody>\n<\/table>\n<p>&nbsp;<\/p>\n<p>&nbsp;<\/p>\n<p>&nbsp;<\/p>\n","protected":false},"excerpt":{"rendered":"<p>El nostre equip docent del curs 25\/26: Tutoria \/Especialitat MESTRES EI-3 Laura B. P. EI-4 Laura B. P. EI-5 Maria J. M. S\u00edlvia C. T.\u00a0 Psicomotricitat Suport Infantil Montse M. G. 1r Ester S. E. 2n Victoria F. R. 3r Cristina P. C. 4t Jero M. C. 5\u00e8 N\u00faria B. F. 6\u00e8 Raquel C. P. [&hellip;]<\/p>\n","protected":false},"author":1,"featured_media":0,"parent":22,"menu_order":30,"comment_status":"closed","ping_status":"closed","template":"page-templates\/side-menu.php","meta":{"_bbp_topic_count":0,"_bbp_reply_count":0,"_bbp_total_topic_count":0,"_bbp_total_reply_count":0,"_bbp_voice_count":0,"_bbp_anonymous_reply_count":0,"_bbp_topic_count_hidden":0,"_bbp_reply_count_hidden":0,"_bbp_forum_subforum_count":0,"site-sidebar-layout":"default","site-content-layout":"","ast-site-content-layout":"","site-content-style":"default","site-sidebar-style":"default","ast-global-header-display":"","ast-banner-title-visibility":"","ast-main-header-display":"","ast-hfb-above-header-display":"","ast-hfb-below-header-display":"","ast-hfb-mobile-header-display":"","site-post-title":"","ast-breadcrumbs-content":"","ast-featured-img":"","footer-sml-layout":"","theme-transparent-header-meta":"","adv-header-id-meta":"","stick-header-meta":"","header-above-stick-meta":"","header-main-stick-meta":"","header-below-stick-meta":"","astra-migrate-meta-layouts":"default","ast-page-background-enabled":"default","ast-page-background-meta":{"desktop":{"background-color":"var(--ast-global-color-4)","background-image":"","background-repeat":"repeat","background-position":"center center","background-size":"auto","background-attachment":"scroll","background-type":"","background-media":"","overlay-type":"","overlay-color":"","overlay-opacity":"","overlay-gradient":""},"tablet":{"background-color":"","background-image":"","background-repeat":"repeat","background-position":"center center","background-size":"auto","background-attachment":"scroll","background-type":"","background-media":"","overlay-type":"","overlay-color":"","overlay-opacity":"","overlay-gradient":""},"mobile":{"background-color":"","background-image":"","background-repeat":"repeat","background-position":"center center","background-size":"auto","background-attachment":"scroll","background-type":"","background-media":"","overlay-type":"","overlay-color":"","overlay-opacity":"","overlay-gradient":""}},"ast-content-background-meta":{"desktop":{"background-color":"var(--ast-global-color-5)","background-image":"","background-repeat":"repeat","background-position":"center center","background-size":"auto","background-attachment":"scroll","background-type":"","background-media":"","overlay-type":"","overlay-color":"","overlay-opacity":"","overlay-gradient":""},"tablet":{"background-color":"var(--ast-global-color-5)","background-image":"","background-repeat":"repeat","background-position":"center center","background-size":"auto","background-attachment":"scroll","background-type":"","background-media":"","overlay-type":"","overlay-color":"","overlay-opacity":"","overlay-gradient":""},"mobile":{"background-color":"var(--ast-global-color-5)","background-image":"","background-repeat":"repeat","background-position":"center center","background-size":"auto","background-attachment":"scroll","background-type":"","background-media":"","overlay-type":"","overlay-color":"","overlay-opacity":"","overlay-gradient":""}},"footnotes":""},"class_list":["post-38","page","type-page","status-publish","hentry"],"post_mailing_queue_ids":[],"_links":{"self":[{"href":"https:\/\/agora.xtec.cat\/ceipbonavista-bellcaire-urgell\/wp-json\/wp\/v2\/pages\/38","targetHints":{"allow":["GET"]}}],"collection":[{"href":"https:\/\/agora.xtec.cat\/ceipbonavista-bellcaire-urgell\/wp-json\/wp\/v2\/pages"}],"about":[{"href":"https:\/\/agora.xtec.cat\/ceipbonavista-bellcaire-urgell\/wp-json\/wp\/v2\/types\/page"}],"author":[{"embeddable":true,"href":"https:\/\/agora.xtec.cat\/ceipbonavista-bellcaire-urgell\/wp-json\/wp\/v2\/users\/1"}],"replies":[{"embeddable":true,"href":"https:\/\/agora.xtec.cat\/ceipbonavista-bellcaire-urgell\/wp-json\/wp\/v2\/comments?post=38"}],"version-history":[{"count":6,"href":"https:\/\/agora.xtec.cat\/ceipbonavista-bellcaire-urgell\/wp-json\/wp\/v2\/pages\/38\/revisions"}],"predecessor-version":[{"id":928,"href":"https:\/\/agora.xtec.cat\/ceipbonavista-bellcaire-urgell\/wp-json\/wp\/v2\/pages\/38\/revisions\/928"}],"up":[{"embeddable":true,"href":"https:\/\/agora.xtec.cat\/ceipbonavista-bellcaire-urgell\/wp-json\/wp\/v2\/pages\/22"}],"wp:attachment":[{"href":"https:\/\/agora.xtec.cat\/ceipbonavista-bellcaire-urgell\/wp-json\/wp\/v2\/media?parent=38"}],"curies":[{"name":"wp","href":"https:\/\/api.w.org\/{rel}","templated":true}]}}