{"id":28,"date":"2014-09-18T12:29:35","date_gmt":"2014-09-18T10:29:35","guid":{"rendered":"http:\/\/agora.xtec.cat\/ceipbonavista-bellcaire-urgell\/?page_id=28"},"modified":"2024-09-27T14:53:05","modified_gmt":"2024-09-27T12:53:05","slug":"consell-escolar","status":"publish","type":"page","link":"https:\/\/agora.xtec.cat\/ceipbonavista-bellcaire-urgell\/lescola\/consell-escolar\/","title":{"rendered":"Consell escolar"},"content":{"rendered":"<p style=\"color: #444444;\">El consell escolar ha d&#8217;aprovar les seves normes de funcionament aix\u00ed com l&#8217;aprovaci\u00f3 del projecte educatiu i les seves modificacions. Aquest es reuneix preceptivament una vegada al trimestre. Una reuni\u00f3 s&#8217;ha de fer a principi de curs i una altra a la seva finalitzaci\u00f3. El consell escolar actua normalment en ple. Es poden constituir comissions espec\u00edfiques d&#8217;estudi\u00a0 i informaci\u00f3, els centres de titularitat p\u00fablica, a m\u00e9s, hi ha d&#8217;haver preceptivament una comissi\u00f3 econ\u00f2mica que supervisa la gesti\u00f3 econ\u00f2mica del centre.<\/p>\n<table style=\"height: 256px; width: 67.1514%; border-collapse: collapse; border-color: #4b00a6; background-color: #a1c3d1; border-style: outset;\" border=\"5\">\n<tbody>\n<tr style=\"height: 32px;\">\n<td style=\"height: 32px; width: 31.1226%;\"><strong>Presidenta<\/strong><\/td>\n<td style=\"height: 32px; width: 35.005%;\">Anna M. G.P.<\/td>\n<\/tr>\n<tr style=\"height: 32px;\">\n<td style=\"height: 32px; width: 31.1226%;\"><strong>Cap d\u2019Estudis<\/strong><\/td>\n<td style=\"height: 32px; width: 35.005%;\">Raquel C.P.<\/td>\n<\/tr>\n<tr style=\"height: 32px;\">\n<td style=\"height: 32px; width: 31.1226%;\"><strong>Secret\u00e0ria<\/strong><\/td>\n<td style=\"height: 32px; width: 35.005%;\">M. Carme O. M.<\/td>\n<\/tr>\n<tr style=\"height: 32px;\">\n<td style=\"width: 31.1226%; height: 32px;\"><strong>Representant de l&#8217;Ajuntament<\/strong><\/td>\n<td style=\"width: 35.005%; height: 32px;\">Ramona B. J.<\/td>\n<\/tr>\n<tr style=\"height: 32px;\">\n<td style=\"width: 31.1226%; height: 32px;\"><strong>Representant de l&#8217;AFA<\/strong><\/td>\n<td style=\"width: 35.005%; height: 32px;\">Joan S. A.<\/td>\n<\/tr>\n<tr style=\"height: 32px;\">\n<td style=\"width: 31.1226%; height: 32px;\">\n<p style=\"text-align: left;\"><strong>Representant de pares i mares<\/strong><\/p>\n<\/td>\n<td style=\"width: 35.005%; height: 32px;\">Rosa V. G<\/p>\n<p>Raquel C. M.<\/p>\n<p>Georgina R. P.<\/p>\n<p>Montse P.C.<\/td>\n<\/tr>\n<tr style=\"height: 32px;\">\n<td style=\"width: 31.1226%; height: 32px;\">\n<p style=\"text-align: left;\"><strong>Representant del professorat<\/strong><\/p>\n<\/td>\n<td style=\"width: 35.005%; height: 32px;\">N\u00faria B. F.<\/p>\n<p>Anna V. C.<\/p>\n<p>Vict\u00f2ria F. R.<\/p>\n<p>Maria J. M.<\/td>\n<\/tr>\n<tr style=\"height: 32px;\">\n<td style=\"width: 31.1226%; height: 32px;\"><strong>Representant del Pas<\/strong><\/td>\n<td style=\"width: 35.005%; height: 32px;\">Jordi S. B.<\/td>\n<\/tr>\n<\/tbody>\n<\/table>\n<p>&nbsp;<\/p>\n","protected":false},"excerpt":{"rendered":"<p>El consell escolar ha d&#8217;aprovar les seves normes de funcionament aix\u00ed com l&#8217;aprovaci\u00f3 del projecte educatiu i les seves modificacions. Aquest es reuneix preceptivament una vegada al trimestre. Una reuni\u00f3 s&#8217;ha de fer a principi de curs i una altra a la seva finalitzaci\u00f3. El consell escolar actua normalment en ple. Es poden constituir comissions [&hellip;]<\/p>\n","protected":false},"author":1,"featured_media":0,"parent":22,"menu_order":50,"comment_status":"closed","ping_status":"closed","template":"page-templates\/side-menu.php","meta":{"_bbp_topic_count":0,"_bbp_reply_count":0,"_bbp_total_topic_count":0,"_bbp_total_reply_count":0,"_bbp_voice_count":0,"_bbp_anonymous_reply_count":0,"_bbp_topic_count_hidden":0,"_bbp_reply_count_hidden":0,"_bbp_forum_subforum_count":0,"site-sidebar-layout":"default","site-content-layout":"","ast-site-content-layout":"","site-content-style":"default","site-sidebar-style":"default","ast-global-header-display":"","ast-banner-title-visibility":"","ast-main-header-display":"","ast-hfb-above-header-display":"","ast-hfb-below-header-display":"","ast-hfb-mobile-header-display":"","site-post-title":"","ast-breadcrumbs-content":"","ast-featured-img":"","footer-sml-layout":"","theme-transparent-header-meta":"","adv-header-id-meta":"","stick-header-meta":"","header-above-stick-meta":"","header-main-stick-meta":"","header-below-stick-meta":"","astra-migrate-meta-layouts":"default","ast-page-background-enabled":"default","ast-page-background-meta":{"desktop":{"background-color":"var(--ast-global-color-4)","background-image":"","background-repeat":"repeat","background-position":"center center","background-size":"auto","background-attachment":"scroll","background-type":"","background-media":"","overlay-type":"","overlay-color":"","overlay-opacity":"","overlay-gradient":""},"tablet":{"background-color":"","background-image":"","background-repeat":"repeat","background-position":"center center","background-size":"auto","background-attachment":"scroll","background-type":"","background-media":"","overlay-type":"","overlay-color":"","overlay-opacity":"","overlay-gradient":""},"mobile":{"background-color":"","background-image":"","background-repeat":"repeat","background-position":"center center","background-size":"auto","background-attachment":"scroll","background-type":"","background-media":"","overlay-type":"","overlay-color":"","overlay-opacity":"","overlay-gradient":""}},"ast-content-background-meta":{"desktop":{"background-color":"var(--ast-global-color-5)","background-image":"","background-repeat":"repeat","background-position":"center center","background-size":"auto","background-attachment":"scroll","background-type":"","background-media":"","overlay-type":"","overlay-color":"","overlay-opacity":"","overlay-gradient":""},"tablet":{"background-color":"var(--ast-global-color-5)","background-image":"","background-repeat":"repeat","background-position":"center center","background-size":"auto","background-attachment":"scroll","background-type":"","background-media":"","overlay-type":"","overlay-color":"","overlay-opacity":"","overlay-gradient":""},"mobile":{"background-color":"var(--ast-global-color-5)","background-image":"","background-repeat":"repeat","background-position":"center center","background-size":"auto","background-attachment":"scroll","background-type":"","background-media":"","overlay-type":"","overlay-color":"","overlay-opacity":"","overlay-gradient":""}},"footnotes":""},"class_list":["post-28","page","type-page","status-publish","hentry"],"post_mailing_queue_ids":[],"_links":{"self":[{"href":"https:\/\/agora.xtec.cat\/ceipbonavista-bellcaire-urgell\/wp-json\/wp\/v2\/pages\/28","targetHints":{"allow":["GET"]}}],"collection":[{"href":"https:\/\/agora.xtec.cat\/ceipbonavista-bellcaire-urgell\/wp-json\/wp\/v2\/pages"}],"about":[{"href":"https:\/\/agora.xtec.cat\/ceipbonavista-bellcaire-urgell\/wp-json\/wp\/v2\/types\/page"}],"author":[{"embeddable":true,"href":"https:\/\/agora.xtec.cat\/ceipbonavista-bellcaire-urgell\/wp-json\/wp\/v2\/users\/1"}],"replies":[{"embeddable":true,"href":"https:\/\/agora.xtec.cat\/ceipbonavista-bellcaire-urgell\/wp-json\/wp\/v2\/comments?post=28"}],"version-history":[{"count":7,"href":"https:\/\/agora.xtec.cat\/ceipbonavista-bellcaire-urgell\/wp-json\/wp\/v2\/pages\/28\/revisions"}],"predecessor-version":[{"id":786,"href":"https:\/\/agora.xtec.cat\/ceipbonavista-bellcaire-urgell\/wp-json\/wp\/v2\/pages\/28\/revisions\/786"}],"up":[{"embeddable":true,"href":"https:\/\/agora.xtec.cat\/ceipbonavista-bellcaire-urgell\/wp-json\/wp\/v2\/pages\/22"}],"wp:attachment":[{"href":"https:\/\/agora.xtec.cat\/ceipbonavista-bellcaire-urgell\/wp-json\/wp\/v2\/media?parent=28"}],"curies":[{"name":"wp","href":"https:\/\/api.w.org\/{rel}","templated":true}]}}