{"id":66,"date":"2014-09-18T12:40:47","date_gmt":"2014-09-18T12:40:47","guid":{"rendered":"http:\/\/agora.xtec.cat\/ceipberti\/?page_id=66"},"modified":"2018-02-07T16:24:25","modified_gmt":"2018-02-07T15:24:25","slug":"serveis","status":"publish","type":"page","link":"https:\/\/agora.xtec.cat\/ceipberti\/lescola\/serveis\/","title":{"rendered":"Serveis"},"content":{"rendered":"<p style=\"text-align: justify;\">Els serveis extraescolars que ofereix el centre estan gestionats per l&#8217;AMIPA. A la seva web trobareu tota la informaci\u00f3 relacionada amb el menjador escolar, l&#8217;acollida (<a href=\"http:\/\/www.amipaescolaberti.org\/projectes_1\/_CAFjuKR7gbUpWpXU_6e10yeB4S693rZjdt9FTS2Neu634LdMksXg4g\">SAM i SAT<\/a>) i les activitats extraescolars. Aqu\u00ed podeu enlla\u00e7ar directament amb l&#8217;<a href=\"http:\/\/www.amipaescolaberti.org\">AMIPA<\/a> o amb l&#8217;empresa encarregada d&#8217;aquests serveis (<a href=\"http:\/\/www.lacucadellum.es\">La Cuca de Llum<\/a>).<\/p>\n<p style=\"text-align: justify;\">El <a href=\"http:\/\/www.amipaescolaberti.org\/presentacio2_1\/_5G1ICS7tAW57rlRlgm-7Uvmn2Fvj1DQLpKeasnlqyitMfvr6EFVoiQ\">men\u00fas<\/a> del menjador poden consultar-se a la graella mensual, tamb\u00e9 a la web de l&#8217;AMIPA, aix\u00ed com la normativa espec\u00edfica del servei, que podeu consultar i descarregar-vos <a href=\"http:\/\/www.amipaescolaberti.org\/files\/3-235027-annex\/normativa_menjador_sencera_2017-2018-1_1_1.pdf\">aqu\u00ed<\/a>.<\/p>\n<p>Recordeu que podeu comprar els tiquets del menjador a trav\u00e9s del TPV f\u00edsic ubicat a l&#8217;entrada de l&#8217;escola o des del web de\u00a0<a href=\"http:\/\/tpvescola.com\">TPV Escola<\/a>.<\/p>\n<p><a href=\"https:\/\/tpvescola.com\"><img loading=\"lazy\" decoding=\"async\" class=\"aligncenter wp-image-3696 size-full\" src=\"http:\/\/agora.xtec.cat\/ceipberti\/wp-content\/uploads\/usu199\/2018\/02\/tpv-escola-2.png\" alt=\"\" width=\"690\" height=\"216\" srcset=\"https:\/\/agora.xtec.cat\/ceipberti\/wp-content\/uploads\/usu199\/2018\/02\/tpv-escola-2.png 690w, https:\/\/agora.xtec.cat\/ceipberti\/wp-content\/uploads\/usu199\/2018\/02\/tpv-escola-2-300x94.png 300w\" sizes=\"auto, (max-width: 690px) 100vw, 690px\" \/><\/a><\/p>\n","protected":false},"excerpt":{"rendered":"<p>Els serveis extraescolars que ofereix el centre estan gestionats per l&#8217;AMIPA. A la seva web trobareu tota la informaci\u00f3 relacionada amb el menjador escolar, l&#8217;acollida (SAM i SAT) i les activitats extraescolars. Aqu\u00ed podeu enlla\u00e7ar directament amb l&#8217;AMIPA o amb l&#8217;empresa encarregada d&#8217;aquests serveis (La Cuca de Llum). El men\u00fas del menjador poden consultar-se a [&hellip;]<\/p>\n","protected":false},"author":2,"featured_media":0,"parent":22,"menu_order":8,"comment_status":"closed","ping_status":"closed","template":"","meta":{"_bbp_topic_count":0,"_bbp_reply_count":0,"_bbp_total_topic_count":0,"_bbp_total_reply_count":0,"_bbp_voice_count":0,"_bbp_anonymous_reply_count":0,"_bbp_topic_count_hidden":0,"_bbp_reply_count_hidden":0,"_bbp_forum_subforum_count":0,"site-sidebar-layout":"default","site-content-layout":"","ast-site-content-layout":"","site-content-style":"default","site-sidebar-style":"default","ast-global-header-display":"","ast-banner-title-visibility":"","ast-main-header-display":"","ast-hfb-above-header-display":"","ast-hfb-below-header-display":"","ast-hfb-mobile-header-display":"","site-post-title":"","ast-breadcrumbs-content":"","ast-featured-img":"","footer-sml-layout":"","theme-transparent-header-meta":"","adv-header-id-meta":"","stick-header-meta":"","header-above-stick-meta":"","header-main-stick-meta":"","header-below-stick-meta":"","astra-migrate-meta-layouts":"default","ast-page-background-enabled":"default","ast-page-background-meta":{"desktop":{"background-color":"var(--ast-global-color-4)","background-image":"","background-repeat":"repeat","background-position":"center center","background-size":"auto","background-attachment":"scroll","background-type":"","background-media":"","overlay-type":"","overlay-color":"","overlay-opacity":"","overlay-gradient":""},"tablet":{"background-color":"","background-image":"","background-repeat":"repeat","background-position":"center center","background-size":"auto","background-attachment":"scroll","background-type":"","background-media":"","overlay-type":"","overlay-color":"","overlay-opacity":"","overlay-gradient":""},"mobile":{"background-color":"","background-image":"","background-repeat":"repeat","background-position":"center center","background-size":"auto","background-attachment":"scroll","background-type":"","background-media":"","overlay-type":"","overlay-color":"","overlay-opacity":"","overlay-gradient":""}},"ast-content-background-meta":{"desktop":{"background-color":"var(--ast-global-color-5)","background-image":"","background-repeat":"repeat","background-position":"center center","background-size":"auto","background-attachment":"scroll","background-type":"","background-media":"","overlay-type":"","overlay-color":"","overlay-opacity":"","overlay-gradient":""},"tablet":{"background-color":"var(--ast-global-color-5)","background-image":"","background-repeat":"repeat","background-position":"center center","background-size":"auto","background-attachment":"scroll","background-type":"","background-media":"","overlay-type":"","overlay-color":"","overlay-opacity":"","overlay-gradient":""},"mobile":{"background-color":"var(--ast-global-color-5)","background-image":"","background-repeat":"repeat","background-position":"center center","background-size":"auto","background-attachment":"scroll","background-type":"","background-media":"","overlay-type":"","overlay-color":"","overlay-opacity":"","overlay-gradient":""}},"footnotes":""},"class_list":["post-66","page","type-page","status-publish","hentry"],"post_mailing_queue_ids":[],"_links":{"self":[{"href":"https:\/\/agora.xtec.cat\/ceipberti\/wp-json\/wp\/v2\/pages\/66","targetHints":{"allow":["GET"]}}],"collection":[{"href":"https:\/\/agora.xtec.cat\/ceipberti\/wp-json\/wp\/v2\/pages"}],"about":[{"href":"https:\/\/agora.xtec.cat\/ceipberti\/wp-json\/wp\/v2\/types\/page"}],"author":[{"embeddable":true,"href":"https:\/\/agora.xtec.cat\/ceipberti\/wp-json\/wp\/v2\/users\/2"}],"replies":[{"embeddable":true,"href":"https:\/\/agora.xtec.cat\/ceipberti\/wp-json\/wp\/v2\/comments?post=66"}],"version-history":[{"count":4,"href":"https:\/\/agora.xtec.cat\/ceipberti\/wp-json\/wp\/v2\/pages\/66\/revisions"}],"predecessor-version":[{"id":3698,"href":"https:\/\/agora.xtec.cat\/ceipberti\/wp-json\/wp\/v2\/pages\/66\/revisions\/3698"}],"up":[{"embeddable":true,"href":"https:\/\/agora.xtec.cat\/ceipberti\/wp-json\/wp\/v2\/pages\/22"}],"wp:attachment":[{"href":"https:\/\/agora.xtec.cat\/ceipberti\/wp-json\/wp\/v2\/media?parent=66"}],"curies":[{"name":"wp","href":"https:\/\/api.w.org\/{rel}","templated":true}]}}