{"id":3813,"date":"2018-02-19T15:42:33","date_gmt":"2018-02-19T14:42:33","guid":{"rendered":"http:\/\/agora.xtec.cat\/ceipberti\/?page_id=3813"},"modified":"2018-02-19T16:14:47","modified_gmt":"2018-02-19T15:14:47","slug":"si-salut-integral","status":"publish","type":"page","link":"https:\/\/agora.xtec.cat\/ceipberti\/projecte-educatiu\/projectes-de-centre\/si-salut-integral\/","title":{"rendered":"SI &#8211; Salut Integral"},"content":{"rendered":"<p style=\"text-align: justify;\"><a href=\"http:\/\/agora.xtec.cat\/ceipberti\/wp-content\/uploads\/usu199\/2018\/02\/programa-si.jpg\"><img loading=\"lazy\" decoding=\"async\" class=\"size-full wp-image-3556 aligncenter\" src=\"http:\/\/agora.xtec.cat\/ceipberti\/wp-content\/uploads\/usu199\/2018\/02\/programa-si.jpg\" alt=\"\" width=\"314\" height=\"153\" srcset=\"https:\/\/agora.xtec.cat\/ceipberti\/wp-content\/uploads\/usu199\/2018\/02\/programa-si.jpg 314w, https:\/\/agora.xtec.cat\/ceipberti\/wp-content\/uploads\/usu199\/2018\/02\/programa-si-300x146.jpg 300w\" sizes=\"auto, (max-width: 314px) 100vw, 314px\" \/><\/a><\/p>\n<p style=\"text-align: justify;\">L\u2019objectiu del programa \u00e9s promoure la salut integral amb l\u2019objectiu d\u2019ensenyar h\u00e0bits saludables per tota la vida, a trav\u00e9s dels h\u00e0bits alimentaris i l\u2019activitat f\u00edsica. Amb l\u2019objectiu de reduir el risc de patir malalties cardiovasculars i millorar la qualitat de vida.<\/p>\n<p style=\"text-align: justify;\">El programa SI desenvolupa metodologies globalitzadores i integra quatre components b\u00e0sics interrelacionats: <strong>l\u2019Adquisici\u00f3 d\u2019h\u00e0bits d\u2019alimentaci\u00f3 saludable<\/strong>, <strong>el desenvolupament de l\u2019activitat f\u00edsica<\/strong>, <strong>el coneixement del cos<\/strong> i <strong>la gesti\u00f3 emocional<\/strong> com a factor de protecci\u00f3 envers a les addiccions amb l\u2019objectiu que els centres promoguin h\u00e0bits saludables.<\/p>\n<p style=\"text-align: justify;\">Promou la transformaci\u00f3 tant metodol\u00f2gica com d\u2019aspectes d\u2019ambient escolar relacionats amb els h\u00e0bits saludables, l\u2019intercanvi de bones practiques amb altres centres, i el comprom\u00eds col\u00b7lectiu entre els professors, els alumnes i les fam\u00edlies.<\/p>\n<p style=\"text-align: justify;\">Aqu\u00ed teniu la<a href=\"http:\/\/agora.xtec.cat\/ceipberti\/wp-content\/uploads\/usu199\/2018\/02\/SI-Carta-fam\u00edlies-17-18.pdf\">\u00a0carta a les fam\u00edlies <\/a>que vam repartir als alumnes a l&#8217;inici del curs 2017 &#8211; 18 en refer\u00e8ncia a aquest programa, i que inclou la contrasenya per accedir a la intranet de la web corporativa.<\/p>\n","protected":false},"excerpt":{"rendered":"<p>L\u2019objectiu del programa \u00e9s promoure la salut integral amb l\u2019objectiu d\u2019ensenyar h\u00e0bits saludables per tota la vida, a trav\u00e9s dels h\u00e0bits alimentaris i l\u2019activitat f\u00edsica. Amb l\u2019objectiu de reduir el risc de patir malalties cardiovasculars i millorar la qualitat de vida. El programa SI desenvolupa metodologies globalitzadores i integra quatre components b\u00e0sics interrelacionats: l\u2019Adquisici\u00f3 d\u2019h\u00e0bits [&hellip;]<\/p>\n","protected":false},"author":1,"featured_media":0,"parent":357,"menu_order":16,"comment_status":"closed","ping_status":"closed","template":"page-templates\/side-menu.php","meta":{"_bbp_topic_count":0,"_bbp_reply_count":0,"_bbp_total_topic_count":0,"_bbp_total_reply_count":0,"_bbp_voice_count":0,"_bbp_anonymous_reply_count":0,"_bbp_topic_count_hidden":0,"_bbp_reply_count_hidden":0,"_bbp_forum_subforum_count":0,"site-sidebar-layout":"default","site-content-layout":"","ast-site-content-layout":"","site-content-style":"default","site-sidebar-style":"default","ast-global-header-display":"","ast-banner-title-visibility":"","ast-main-header-display":"","ast-hfb-above-header-display":"","ast-hfb-below-header-display":"","ast-hfb-mobile-header-display":"","site-post-title":"","ast-breadcrumbs-content":"","ast-featured-img":"","footer-sml-layout":"","theme-transparent-header-meta":"","adv-header-id-meta":"","stick-header-meta":"","header-above-stick-meta":"","header-main-stick-meta":"","header-below-stick-meta":"","astra-migrate-meta-layouts":"default","ast-page-background-enabled":"default","ast-page-background-meta":{"desktop":{"background-color":"var(--ast-global-color-4)","background-image":"","background-repeat":"repeat","background-position":"center center","background-size":"auto","background-attachment":"scroll","background-type":"","background-media":"","overlay-type":"","overlay-color":"","overlay-opacity":"","overlay-gradient":""},"tablet":{"background-color":"","background-image":"","background-repeat":"repeat","background-position":"center center","background-size":"auto","background-attachment":"scroll","background-type":"","background-media":"","overlay-type":"","overlay-color":"","overlay-opacity":"","overlay-gradient":""},"mobile":{"background-color":"","background-image":"","background-repeat":"repeat","background-position":"center center","background-size":"auto","background-attachment":"scroll","background-type":"","background-media":"","overlay-type":"","overlay-color":"","overlay-opacity":"","overlay-gradient":""}},"ast-content-background-meta":{"desktop":{"background-color":"var(--ast-global-color-5)","background-image":"","background-repeat":"repeat","background-position":"center center","background-size":"auto","background-attachment":"scroll","background-type":"","background-media":"","overlay-type":"","overlay-color":"","overlay-opacity":"","overlay-gradient":""},"tablet":{"background-color":"var(--ast-global-color-5)","background-image":"","background-repeat":"repeat","background-position":"center center","background-size":"auto","background-attachment":"scroll","background-type":"","background-media":"","overlay-type":"","overlay-color":"","overlay-opacity":"","overlay-gradient":""},"mobile":{"background-color":"var(--ast-global-color-5)","background-image":"","background-repeat":"repeat","background-position":"center center","background-size":"auto","background-attachment":"scroll","background-type":"","background-media":"","overlay-type":"","overlay-color":"","overlay-opacity":"","overlay-gradient":""}},"footnotes":""},"class_list":["post-3813","page","type-page","status-publish","hentry"],"post_mailing_queue_ids":[],"_links":{"self":[{"href":"https:\/\/agora.xtec.cat\/ceipberti\/wp-json\/wp\/v2\/pages\/3813","targetHints":{"allow":["GET"]}}],"collection":[{"href":"https:\/\/agora.xtec.cat\/ceipberti\/wp-json\/wp\/v2\/pages"}],"about":[{"href":"https:\/\/agora.xtec.cat\/ceipberti\/wp-json\/wp\/v2\/types\/page"}],"author":[{"embeddable":true,"href":"https:\/\/agora.xtec.cat\/ceipberti\/wp-json\/wp\/v2\/users\/1"}],"replies":[{"embeddable":true,"href":"https:\/\/agora.xtec.cat\/ceipberti\/wp-json\/wp\/v2\/comments?post=3813"}],"version-history":[{"count":3,"href":"https:\/\/agora.xtec.cat\/ceipberti\/wp-json\/wp\/v2\/pages\/3813\/revisions"}],"predecessor-version":[{"id":3820,"href":"https:\/\/agora.xtec.cat\/ceipberti\/wp-json\/wp\/v2\/pages\/3813\/revisions\/3820"}],"up":[{"embeddable":true,"href":"https:\/\/agora.xtec.cat\/ceipberti\/wp-json\/wp\/v2\/pages\/357"}],"wp:attachment":[{"href":"https:\/\/agora.xtec.cat\/ceipberti\/wp-json\/wp\/v2\/media?parent=3813"}],"curies":[{"name":"wp","href":"https:\/\/api.w.org\/{rel}","templated":true}]}}