{"id":357,"date":"2015-08-31T11:22:53","date_gmt":"2015-08-31T10:22:53","guid":{"rendered":"http:\/\/agora.xtec.cat\/ceipberti\/?page_id=357"},"modified":"2021-11-29T15:15:26","modified_gmt":"2021-11-29T14:15:26","slug":"projectes-de-centre","status":"publish","type":"page","link":"https:\/\/agora.xtec.cat\/ceipberti\/projecte-educatiu\/projectes-de-centre\/","title":{"rendered":"Projectes de Centre"},"content":{"rendered":"<p><a href=\"https:\/\/agora.xtec.cat\/ceipberti\/wp-content\/uploads\/usu199\/2021\/11\/students-3518726_960_720.jpg\"><img loading=\"lazy\" decoding=\"async\" class=\"size-full wp-image-8883 aligncenter\" src=\"https:\/\/agora.xtec.cat\/ceipberti\/wp-content\/uploads\/usu199\/2021\/11\/students-3518726_960_720.jpg\" alt=\"\" width=\"957\" height=\"428\" srcset=\"https:\/\/agora.xtec.cat\/ceipberti\/wp-content\/uploads\/usu199\/2021\/11\/students-3518726_960_720.jpg 957w, https:\/\/agora.xtec.cat\/ceipberti\/wp-content\/uploads\/usu199\/2021\/11\/students-3518726_960_720-300x134.jpg 300w, https:\/\/agora.xtec.cat\/ceipberti\/wp-content\/uploads\/usu199\/2021\/11\/students-3518726_960_720-768x343.jpg 768w\" sizes=\"auto, (max-width: 957px) 100vw, 957px\" \/><\/a><\/p>\n<p>Actualment a l&#8217;escola tenim en funcionament els projectes seg\u00fcents:<\/p>\n<p><img loading=\"lazy\" decoding=\"async\" class=\"alignright\" src=\"https:\/\/cdn.pixabay.com\/photo\/2013\/07\/13\/12\/43\/girl-160172_960_720.png\" alt=\"Ni\u00f1a, Libros, Apilar, Leer, Pila De Libros, Aprender\" width=\"248\" height=\"496\" \/><\/p>\n<ul style=\"list-style-type: circle;\">\n<li><a href=\"http:\/\/agora.xtec.cat\/ceipberti\/projecte-educatiu\/projectes-de-centre\/accio-tutorial-individualitzada-ati\/\">Acci\u00f3 Tutorial Individualitzada<\/a><\/li>\n<li><a href=\"http:\/\/agora.xtec.cat\/ceipberti\/projecte-educatiu\/projectes-de-centre\/apadrinament\/\">Apadrinament<\/a><\/li>\n<li><a href=\"http:\/\/agora.xtec.cat\/ceipberti\/projecte-educatiu\/projectes-de-centre\/biblioteca-escolar-puntedu\/\">Biblioteca escolar<\/a><\/li>\n<li><a href=\"http:\/\/agora.xtec.cat\/ceipberti\/projecte-educatiu\/projectes-de-centre\/bon-dia-berti\/\">Bon dia Bert\u00ed<\/a><\/li>\n<li><a href=\"http:\/\/agora.xtec.cat\/ceipberti\/projecte-educatiu\/projectes-de-centre\/cantania\/\">Cant\u00e0nia<\/a><\/li>\n<li><a href=\"http:\/\/agora.xtec.cat\/ceipberti\/projecte-educatiu\/projectes-de-centre\/gep\/\">GEP<\/a><\/li>\n<li><a href=\"http:\/\/agora.xtec.cat\/ceipberti\/projecte-educatiu\/projectes-de-centre\/jocs-al-pati\/\">Jocs al pati<\/a><\/li>\n<li><a href=\"http:\/\/agora.xtec.cat\/ceipberti\/projecte-educatiu\/projectes-de-centre\/la-meva-historia-al-berti-de-p3-a-6e\/\">La meva hist\u00f2ria al Bert\u00ed<\/a><\/li>\n<li><a href=\"http:\/\/agora.xtec.cat\/ceipberti\/projecte-educatiu\/projectes-de-centre\/si-salut-integral\/\">SI &#8211; Salut Integral<\/a><\/li>\n<li><a href=\"http:\/\/agora.xtec.cat\/ceipberti\/projecte-educatiu\/projectes-de-centre\/socialitzacio-de-llibres\/\">Socialitzaci\u00f3 de llibres<\/a><\/li>\n<li><a href=\"https:\/\/www.erasmusworks.eu\/\">Projecte d&#8217;Erasmus<\/a><\/li>\n<\/ul>\n<p>&nbsp;<\/p>\n","protected":false},"excerpt":{"rendered":"<p>Actualment a l&#8217;escola tenim en funcionament els projectes seg\u00fcents: Acci\u00f3 Tutorial Individualitzada Apadrinament Biblioteca escolar Bon dia Bert\u00ed Cant\u00e0nia GEP Jocs al pati La meva hist\u00f2ria al Bert\u00ed SI &#8211; Salut Integral Socialitzaci\u00f3 de llibres Projecte d&#8217;Erasmus &nbsp;<\/p>\n","protected":false},"author":1,"featured_media":0,"parent":64,"menu_order":4,"comment_status":"closed","ping_status":"closed","template":"","meta":{"_bbp_topic_count":0,"_bbp_reply_count":0,"_bbp_total_topic_count":0,"_bbp_total_reply_count":0,"_bbp_voice_count":0,"_bbp_anonymous_reply_count":0,"_bbp_topic_count_hidden":0,"_bbp_reply_count_hidden":0,"_bbp_forum_subforum_count":0,"site-sidebar-layout":"default","site-content-layout":"","ast-site-content-layout":"","site-content-style":"default","site-sidebar-style":"default","ast-global-header-display":"","ast-banner-title-visibility":"","ast-main-header-display":"","ast-hfb-above-header-display":"","ast-hfb-below-header-display":"","ast-hfb-mobile-header-display":"","site-post-title":"","ast-breadcrumbs-content":"","ast-featured-img":"","footer-sml-layout":"","theme-transparent-header-meta":"","adv-header-id-meta":"","stick-header-meta":"","header-above-stick-meta":"","header-main-stick-meta":"","header-below-stick-meta":"","astra-migrate-meta-layouts":"default","ast-page-background-enabled":"default","ast-page-background-meta":{"desktop":{"background-color":"var(--ast-global-color-4)","background-image":"","background-repeat":"repeat","background-position":"center center","background-size":"auto","background-attachment":"scroll","background-type":"","background-media":"","overlay-type":"","overlay-color":"","overlay-opacity":"","overlay-gradient":""},"tablet":{"background-color":"","background-image":"","background-repeat":"repeat","background-position":"center center","background-size":"auto","background-attachment":"scroll","background-type":"","background-media":"","overlay-type":"","overlay-color":"","overlay-opacity":"","overlay-gradient":""},"mobile":{"background-color":"","background-image":"","background-repeat":"repeat","background-position":"center center","background-size":"auto","background-attachment":"scroll","background-type":"","background-media":"","overlay-type":"","overlay-color":"","overlay-opacity":"","overlay-gradient":""}},"ast-content-background-meta":{"desktop":{"background-color":"var(--ast-global-color-5)","background-image":"","background-repeat":"repeat","background-position":"center center","background-size":"auto","background-attachment":"scroll","background-type":"","background-media":"","overlay-type":"","overlay-color":"","overlay-opacity":"","overlay-gradient":""},"tablet":{"background-color":"var(--ast-global-color-5)","background-image":"","background-repeat":"repeat","background-position":"center center","background-size":"auto","background-attachment":"scroll","background-type":"","background-media":"","overlay-type":"","overlay-color":"","overlay-opacity":"","overlay-gradient":""},"mobile":{"background-color":"var(--ast-global-color-5)","background-image":"","background-repeat":"repeat","background-position":"center center","background-size":"auto","background-attachment":"scroll","background-type":"","background-media":"","overlay-type":"","overlay-color":"","overlay-opacity":"","overlay-gradient":""}},"footnotes":""},"class_list":["post-357","page","type-page","status-publish","hentry"],"post_mailing_queue_ids":[],"_links":{"self":[{"href":"https:\/\/agora.xtec.cat\/ceipberti\/wp-json\/wp\/v2\/pages\/357","targetHints":{"allow":["GET"]}}],"collection":[{"href":"https:\/\/agora.xtec.cat\/ceipberti\/wp-json\/wp\/v2\/pages"}],"about":[{"href":"https:\/\/agora.xtec.cat\/ceipberti\/wp-json\/wp\/v2\/types\/page"}],"author":[{"embeddable":true,"href":"https:\/\/agora.xtec.cat\/ceipberti\/wp-json\/wp\/v2\/users\/1"}],"replies":[{"embeddable":true,"href":"https:\/\/agora.xtec.cat\/ceipberti\/wp-json\/wp\/v2\/comments?post=357"}],"version-history":[{"count":4,"href":"https:\/\/agora.xtec.cat\/ceipberti\/wp-json\/wp\/v2\/pages\/357\/revisions"}],"predecessor-version":[{"id":8885,"href":"https:\/\/agora.xtec.cat\/ceipberti\/wp-json\/wp\/v2\/pages\/357\/revisions\/8885"}],"up":[{"embeddable":true,"href":"https:\/\/agora.xtec.cat\/ceipberti\/wp-json\/wp\/v2\/pages\/64"}],"wp:attachment":[{"href":"https:\/\/agora.xtec.cat\/ceipberti\/wp-json\/wp\/v2\/media?parent=357"}],"curies":[{"name":"wp","href":"https:\/\/api.w.org\/{rel}","templated":true}]}}