{"id":3181,"date":"2017-12-11T16:10:18","date_gmt":"2017-12-11T15:10:18","guid":{"rendered":"http:\/\/agora.xtec.cat\/ceipberti\/?page_id=3181"},"modified":"2021-10-06T09:26:11","modified_gmt":"2021-10-06T07:26:11","slug":"gep","status":"publish","type":"page","link":"https:\/\/agora.xtec.cat\/ceipberti\/projecte-educatiu\/projectes-de-centre\/gep\/","title":{"rendered":"GEP (Generaci\u00f3 Pluriling\u00fce)"},"content":{"rendered":"<p dir=\"ltr\">Des del curs 2017-18, l\u2019escola Bert\u00ed participa en el programa d\u2019innovaci\u00f3 pedag\u00f2gica Generaci\u00f3 Pluriling\u00fce (GEP) impulsat pel Departament d\u2019Educaci\u00f3 de la Generalitat. L\u2019escola vol incrementar el temps d\u2019exposici\u00f3 dels alumnes a l\u2019angl\u00e8s, per tal que els alumnes millorin el seu nivell de compet\u00e8ncia en aquesta llengua i a m\u00e9s, com a projecte escolar, es tracta d\u2019afavorir la participaci\u00f3 i la implicaci\u00f3 de tota la comunitat educativa. Pots veure el seg\u00fcent\u00a0 video explicatiu per si vols saber m\u00e9s sobre el Projecte GEP a l\u2019Escola Bert\u00ed:<\/p>\n<p dir=\"ltr\"><iframe loading=\"lazy\" title=\"YouTube video player\" src=\"https:\/\/www.youtube.com\/embed\/DvMqWdI8v2w\" width=\"560\" height=\"315\" frameborder=\"0\" allowfullscreen=\"allowfullscreen\"><\/iframe><\/p>\n<p dir=\"ltr\">El nostre projecte Erasmus: &#8220;Become European Maths Champions&#8221; continua en marxa. L&#8217;any passat vam fer moltes activitats i hem entrat en el segon any. En aquest v\u00eddeo fem una breu explicaci\u00f3 del projecte i el que hem fet fins ara. Si voleu saber m\u00e9s, dirigiu-vos a la p\u00e0gina web del projecte: <a href=\"http:\/\/www.erasmusworks.eu\">www.erasmusworks.eu<\/a><\/p>\n<p dir=\"ltr\"><iframe loading=\"lazy\" title=\"YouTube video player\" src=\"https:\/\/www.youtube.com\/embed\/NrBFbDKAKpQ\" width=\"560\" height=\"315\" frameborder=\"0\" allowfullscreen=\"allowfullscreen\"><\/iframe><\/p>\n<p dir=\"ltr\">\nPer aconseguir aquests objectius l\u2019escola s\u2019ha plantejat diverses actuacions, com l\u2019acc\u00e9s a l\u2019aprenentatge de l\u2019angl\u00e8s a tots els cursos. S\u2019imparteix angl\u00e8s des de P3, augmentant progressivament, per cicles, les hores d\u2019exposici\u00f3 a la llengua estrangera fins que arriben al cicle dels grans (4rt, 5\u00e8 i 6\u00e8) quan tamb\u00e9 s\u2019imparteix medi en angl\u00e8s (Science) utilitzant la metodologia CLIL (Content Language Integrated Learning) amb mestres de suport a l\u2019aula. D\u2019altra banda, tamb\u00e9 es realitzen altres activitats per fer m\u00e9s visible l\u2019angl\u00e8s a tota l\u2019escola, tals com la celebraci\u00f3 de l\u2019English day, l\u2019 utilitzaci\u00f3 de la plataforma eTwinning, el teatre en angl\u00e8s, entre d\u2019altres.<\/p>\n<p dir=\"ltr\">Si vols saber m\u00e9s sobre la metodologia CLIL, pots veure un video explicatiu:<\/p>\n<p dir=\"ltr\"><iframe loading=\"lazy\" title=\"YouTube video player\" src=\"https:\/\/www.youtube.com\/embed\/lT_EROKO1kE\" width=\"560\" height=\"315\" frameborder=\"0\" allowfullscreen=\"allowfullscreen\"><\/iframe><br \/>\nDes del curs 2017-2018, que es va iniciar el Programa d\u2019Innovaci\u00f3, els nostres alumnes han millorat el seu nivell d\u2019angl\u00e8s, segons l\u2019an\u00e0lisi dels resultats de les Compet\u00e8ncies B\u00e0siques dels darrers cursos. Des del claustre de professors es continua treballant per ampliar les propostes en angl\u00e8s al Centre i millorar encara m\u00e9s el nivell d\u2019angl\u00e8s dels nostres alumnes.<\/p>\n<p dir=\"ltr\">Si vols saber m\u00e9s sobre les activitats que es realitzen al centre, visita el nostre <a href=\"https:\/\/agora.xtec.cat\/ceipberti\/categoria\/gep\/\">BLOG del GEP<\/a>:<\/p>\n<p>&nbsp;<\/p>\n","protected":false},"excerpt":{"rendered":"<p>Des del curs 2017-18, l\u2019escola Bert\u00ed participa en el programa d\u2019innovaci\u00f3 pedag\u00f2gica Generaci\u00f3 Pluriling\u00fce (GEP) impulsat pel Departament d\u2019Educaci\u00f3 de la Generalitat. L\u2019escola vol incrementar el temps d\u2019exposici\u00f3 dels alumnes a l\u2019angl\u00e8s, per tal que els alumnes millorin el seu nivell de compet\u00e8ncia en aquesta llengua i a m\u00e9s, com a projecte escolar, es tracta [&hellip;]<\/p>\n","protected":false},"author":1,"featured_media":0,"parent":357,"menu_order":7,"comment_status":"closed","ping_status":"closed","template":"page-templates\/side-menu.php","meta":{"_bbp_topic_count":0,"_bbp_reply_count":0,"_bbp_total_topic_count":0,"_bbp_total_reply_count":0,"_bbp_voice_count":0,"_bbp_anonymous_reply_count":0,"_bbp_topic_count_hidden":0,"_bbp_reply_count_hidden":0,"_bbp_forum_subforum_count":0,"site-sidebar-layout":"default","site-content-layout":"","ast-site-content-layout":"","site-content-style":"default","site-sidebar-style":"default","ast-global-header-display":"","ast-banner-title-visibility":"","ast-main-header-display":"","ast-hfb-above-header-display":"","ast-hfb-below-header-display":"","ast-hfb-mobile-header-display":"","site-post-title":"","ast-breadcrumbs-content":"","ast-featured-img":"","footer-sml-layout":"","theme-transparent-header-meta":"","adv-header-id-meta":"","stick-header-meta":"","header-above-stick-meta":"","header-main-stick-meta":"","header-below-stick-meta":"","astra-migrate-meta-layouts":"default","ast-page-background-enabled":"default","ast-page-background-meta":{"desktop":{"background-color":"var(--ast-global-color-4)","background-image":"","background-repeat":"repeat","background-position":"center center","background-size":"auto","background-attachment":"scroll","background-type":"","background-media":"","overlay-type":"","overlay-color":"","overlay-opacity":"","overlay-gradient":""},"tablet":{"background-color":"","background-image":"","background-repeat":"repeat","background-position":"center center","background-size":"auto","background-attachment":"scroll","background-type":"","background-media":"","overlay-type":"","overlay-color":"","overlay-opacity":"","overlay-gradient":""},"mobile":{"background-color":"","background-image":"","background-repeat":"repeat","background-position":"center center","background-size":"auto","background-attachment":"scroll","background-type":"","background-media":"","overlay-type":"","overlay-color":"","overlay-opacity":"","overlay-gradient":""}},"ast-content-background-meta":{"desktop":{"background-color":"var(--ast-global-color-5)","background-image":"","background-repeat":"repeat","background-position":"center center","background-size":"auto","background-attachment":"scroll","background-type":"","background-media":"","overlay-type":"","overlay-color":"","overlay-opacity":"","overlay-gradient":""},"tablet":{"background-color":"var(--ast-global-color-5)","background-image":"","background-repeat":"repeat","background-position":"center center","background-size":"auto","background-attachment":"scroll","background-type":"","background-media":"","overlay-type":"","overlay-color":"","overlay-opacity":"","overlay-gradient":""},"mobile":{"background-color":"var(--ast-global-color-5)","background-image":"","background-repeat":"repeat","background-position":"center center","background-size":"auto","background-attachment":"scroll","background-type":"","background-media":"","overlay-type":"","overlay-color":"","overlay-opacity":"","overlay-gradient":""}},"footnotes":""},"class_list":["post-3181","page","type-page","status-publish","hentry"],"post_mailing_queue_ids":[],"_links":{"self":[{"href":"https:\/\/agora.xtec.cat\/ceipberti\/wp-json\/wp\/v2\/pages\/3181","targetHints":{"allow":["GET"]}}],"collection":[{"href":"https:\/\/agora.xtec.cat\/ceipberti\/wp-json\/wp\/v2\/pages"}],"about":[{"href":"https:\/\/agora.xtec.cat\/ceipberti\/wp-json\/wp\/v2\/types\/page"}],"author":[{"embeddable":true,"href":"https:\/\/agora.xtec.cat\/ceipberti\/wp-json\/wp\/v2\/users\/1"}],"replies":[{"embeddable":true,"href":"https:\/\/agora.xtec.cat\/ceipberti\/wp-json\/wp\/v2\/comments?post=3181"}],"version-history":[{"count":3,"href":"https:\/\/agora.xtec.cat\/ceipberti\/wp-json\/wp\/v2\/pages\/3181\/revisions"}],"predecessor-version":[{"id":8811,"href":"https:\/\/agora.xtec.cat\/ceipberti\/wp-json\/wp\/v2\/pages\/3181\/revisions\/8811"}],"up":[{"embeddable":true,"href":"https:\/\/agora.xtec.cat\/ceipberti\/wp-json\/wp\/v2\/pages\/357"}],"wp:attachment":[{"href":"https:\/\/agora.xtec.cat\/ceipberti\/wp-json\/wp\/v2\/media?parent=3181"}],"curies":[{"name":"wp","href":"https:\/\/api.w.org\/{rel}","templated":true}]}}