{"id":1663,"date":"2016-10-28T10:20:06","date_gmt":"2016-10-28T08:20:06","guid":{"rendered":"http:\/\/agora.xtec.cat\/ceipberti\/?page_id=1663"},"modified":"2025-05-26T09:42:27","modified_gmt":"2025-05-26T07:42:27","slug":"pec-2016","status":"publish","type":"page","link":"https:\/\/agora.xtec.cat\/ceipberti\/projecte-educatiu\/pec-2016\/","title":{"rendered":"Projecte Ling\u00fc\u00edstic de Centre"},"content":{"rendered":"<p style=\"text-align: justify;\"><a href=\"http:\/\/agora.xtec.cat\/ceipberti\/wp-content\/uploads\/usu199\/2018\/02\/escola-PEC.png\"><img loading=\"lazy\" decoding=\"async\" class=\"size-full wp-image-3717 aligncenter\" src=\"http:\/\/agora.xtec.cat\/ceipberti\/wp-content\/uploads\/usu199\/2018\/02\/escola-PEC.png\" alt=\"\" width=\"641\" height=\"212\" srcset=\"https:\/\/agora.xtec.cat\/ceipberti\/wp-content\/uploads\/usu199\/2018\/02\/escola-PEC.png 641w, https:\/\/agora.xtec.cat\/ceipberti\/wp-content\/uploads\/usu199\/2018\/02\/escola-PEC-300x99.png 300w\" sizes=\"auto, (max-width: 641px) 100vw, 641px\" \/><\/a><\/p>\n<p style=\"text-align: justify;\">Podeu consultar les l\u00ednies generals del Projecte Ling\u00fc\u00edstic de Centre fent clic a l&#8217;apartat seg\u00fcent:<\/p>\n<ul style=\"list-style-type: circle;\">\n<li><a href=\"https:\/\/drive.google.com\/file\/d\/13810QsvyIRs2BOMKq6Kj8ajhZRsfkmOB\/view?usp=sharing\">PLC (Projecte Ling\u00fc\u00edstic de Centre) <strong>EN REVISI\u00d3<\/strong>.<\/a><\/li>\n<\/ul>\n<p><!--a=1--><\/p>\n","protected":false},"excerpt":{"rendered":"<p>Podeu consultar les l\u00ednies generals del Projecte Ling\u00fc\u00edstic de Centre fent clic a l&#8217;apartat seg\u00fcent: PLC (Projecte Ling\u00fc\u00edstic de Centre) EN REVISI\u00d3.<\/p>\n","protected":false},"author":1,"featured_media":0,"parent":64,"menu_order":3,"comment_status":"closed","ping_status":"closed","template":"","meta":{"_bbp_topic_count":0,"_bbp_reply_count":0,"_bbp_total_topic_count":0,"_bbp_total_reply_count":0,"_bbp_voice_count":0,"_bbp_anonymous_reply_count":0,"_bbp_topic_count_hidden":0,"_bbp_reply_count_hidden":0,"_bbp_forum_subforum_count":0,"site-sidebar-layout":"default","site-content-layout":"","ast-site-content-layout":"","site-content-style":"default","site-sidebar-style":"default","ast-global-header-display":"","ast-banner-title-visibility":"","ast-main-header-display":"","ast-hfb-above-header-display":"","ast-hfb-below-header-display":"","ast-hfb-mobile-header-display":"","site-post-title":"","ast-breadcrumbs-content":"","ast-featured-img":"","footer-sml-layout":"","theme-transparent-header-meta":"","adv-header-id-meta":"","stick-header-meta":"","header-above-stick-meta":"","header-main-stick-meta":"","header-below-stick-meta":"","astra-migrate-meta-layouts":"default","ast-page-background-enabled":"default","ast-page-background-meta":{"desktop":{"background-color":"var(--ast-global-color-4)","background-image":"","background-repeat":"repeat","background-position":"center center","background-size":"auto","background-attachment":"scroll","background-type":"","background-media":"","overlay-type":"","overlay-color":"","overlay-opacity":"","overlay-gradient":""},"tablet":{"background-color":"","background-image":"","background-repeat":"repeat","background-position":"center center","background-size":"auto","background-attachment":"scroll","background-type":"","background-media":"","overlay-type":"","overlay-color":"","overlay-opacity":"","overlay-gradient":""},"mobile":{"background-color":"","background-image":"","background-repeat":"repeat","background-position":"center center","background-size":"auto","background-attachment":"scroll","background-type":"","background-media":"","overlay-type":"","overlay-color":"","overlay-opacity":"","overlay-gradient":""}},"ast-content-background-meta":{"desktop":{"background-color":"var(--ast-global-color-5)","background-image":"","background-repeat":"repeat","background-position":"center center","background-size":"auto","background-attachment":"scroll","background-type":"","background-media":"","overlay-type":"","overlay-color":"","overlay-opacity":"","overlay-gradient":""},"tablet":{"background-color":"var(--ast-global-color-5)","background-image":"","background-repeat":"repeat","background-position":"center center","background-size":"auto","background-attachment":"scroll","background-type":"","background-media":"","overlay-type":"","overlay-color":"","overlay-opacity":"","overlay-gradient":""},"mobile":{"background-color":"var(--ast-global-color-5)","background-image":"","background-repeat":"repeat","background-position":"center center","background-size":"auto","background-attachment":"scroll","background-type":"","background-media":"","overlay-type":"","overlay-color":"","overlay-opacity":"","overlay-gradient":""}},"footnotes":""},"class_list":["post-1663","page","type-page","status-publish","hentry"],"post_mailing_queue_ids":[],"_links":{"self":[{"href":"https:\/\/agora.xtec.cat\/ceipberti\/wp-json\/wp\/v2\/pages\/1663","targetHints":{"allow":["GET"]}}],"collection":[{"href":"https:\/\/agora.xtec.cat\/ceipberti\/wp-json\/wp\/v2\/pages"}],"about":[{"href":"https:\/\/agora.xtec.cat\/ceipberti\/wp-json\/wp\/v2\/types\/page"}],"author":[{"embeddable":true,"href":"https:\/\/agora.xtec.cat\/ceipberti\/wp-json\/wp\/v2\/users\/1"}],"replies":[{"embeddable":true,"href":"https:\/\/agora.xtec.cat\/ceipberti\/wp-json\/wp\/v2\/comments?post=1663"}],"version-history":[{"count":5,"href":"https:\/\/agora.xtec.cat\/ceipberti\/wp-json\/wp\/v2\/pages\/1663\/revisions"}],"predecessor-version":[{"id":9312,"href":"https:\/\/agora.xtec.cat\/ceipberti\/wp-json\/wp\/v2\/pages\/1663\/revisions\/9312"}],"up":[{"embeddable":true,"href":"https:\/\/agora.xtec.cat\/ceipberti\/wp-json\/wp\/v2\/pages\/64"}],"wp:attachment":[{"href":"https:\/\/agora.xtec.cat\/ceipberti\/wp-json\/wp\/v2\/media?parent=1663"}],"curies":[{"name":"wp","href":"https:\/\/api.w.org\/{rel}","templated":true}]}}