{"id":1078,"date":"2016-03-09T18:50:16","date_gmt":"2016-03-09T17:50:16","guid":{"rendered":"http:\/\/agora.xtec.cat\/ceipberti\/?page_id=1078"},"modified":"2025-05-26T09:39:39","modified_gmt":"2025-05-26T07:39:39","slug":"nofc","status":"publish","type":"page","link":"https:\/\/agora.xtec.cat\/ceipberti\/projecte-educatiu\/nofc\/","title":{"rendered":"NOFC"},"content":{"rendered":"<p><img loading=\"lazy\" decoding=\"async\" class=\"alignleft wp-image-9305\" src=\"https:\/\/agora.xtec.cat\/ceipberti\/wp-content\/uploads\/usu199\/2025\/05\/nofc.jpg\" alt=\"\" width=\"314\" height=\"396\" srcset=\"https:\/\/agora.xtec.cat\/ceipberti\/wp-content\/uploads\/usu199\/2025\/05\/nofc.jpg 537w, https:\/\/agora.xtec.cat\/ceipberti\/wp-content\/uploads\/usu199\/2025\/05\/nofc-238x300.jpg 238w\" sizes=\"auto, (max-width: 314px) 100vw, 314px\" \/>\u00c9s interessant con\u00e8ixer el document de\u00a0<a href=\"https:\/\/docs.google.com\/document\/d\/1xrxEXIpsIe9mBWVMWSqYdK__3hfleJx46c9vLM506UM\/edit?usp=sharing\" target=\"_blank\" rel=\"noopener\"><em><strong>Normes d&#8217;Organitzaci\u00f3 i Funcionament de Centre<\/strong><\/em><\/a> de la nostra escola. Cliqueu l&#8217;enla\u00e7 per saber m\u00e9s.<\/p>\n<p>&nbsp;<\/p>\n<p><!--a=1--><\/p>\n<p><!--a=1--><\/p>\n<p><!--a=1--><\/p>\n<p><!--a=1--><\/p>\n","protected":false},"excerpt":{"rendered":"<p>\u00c9s interessant con\u00e8ixer el document de\u00a0Normes d&#8217;Organitzaci\u00f3 i Funcionament de Centre de la nostra escola. Cliqueu l&#8217;enla\u00e7 per saber m\u00e9s. &nbsp;<\/p>\n","protected":false},"author":1,"featured_media":0,"parent":64,"menu_order":2,"comment_status":"closed","ping_status":"closed","template":"","meta":{"_bbp_topic_count":0,"_bbp_reply_count":0,"_bbp_total_topic_count":0,"_bbp_total_reply_count":0,"_bbp_voice_count":0,"_bbp_anonymous_reply_count":0,"_bbp_topic_count_hidden":0,"_bbp_reply_count_hidden":0,"_bbp_forum_subforum_count":0,"site-sidebar-layout":"default","site-content-layout":"","ast-site-content-layout":"","site-content-style":"default","site-sidebar-style":"default","ast-global-header-display":"","ast-banner-title-visibility":"","ast-main-header-display":"","ast-hfb-above-header-display":"","ast-hfb-below-header-display":"","ast-hfb-mobile-header-display":"","site-post-title":"","ast-breadcrumbs-content":"","ast-featured-img":"","footer-sml-layout":"","theme-transparent-header-meta":"","adv-header-id-meta":"","stick-header-meta":"","header-above-stick-meta":"","header-main-stick-meta":"","header-below-stick-meta":"","astra-migrate-meta-layouts":"default","ast-page-background-enabled":"default","ast-page-background-meta":{"desktop":{"background-color":"var(--ast-global-color-4)","background-image":"","background-repeat":"repeat","background-position":"center center","background-size":"auto","background-attachment":"scroll","background-type":"","background-media":"","overlay-type":"","overlay-color":"","overlay-opacity":"","overlay-gradient":""},"tablet":{"background-color":"","background-image":"","background-repeat":"repeat","background-position":"center center","background-size":"auto","background-attachment":"scroll","background-type":"","background-media":"","overlay-type":"","overlay-color":"","overlay-opacity":"","overlay-gradient":""},"mobile":{"background-color":"","background-image":"","background-repeat":"repeat","background-position":"center center","background-size":"auto","background-attachment":"scroll","background-type":"","background-media":"","overlay-type":"","overlay-color":"","overlay-opacity":"","overlay-gradient":""}},"ast-content-background-meta":{"desktop":{"background-color":"var(--ast-global-color-5)","background-image":"","background-repeat":"repeat","background-position":"center center","background-size":"auto","background-attachment":"scroll","background-type":"","background-media":"","overlay-type":"","overlay-color":"","overlay-opacity":"","overlay-gradient":""},"tablet":{"background-color":"var(--ast-global-color-5)","background-image":"","background-repeat":"repeat","background-position":"center center","background-size":"auto","background-attachment":"scroll","background-type":"","background-media":"","overlay-type":"","overlay-color":"","overlay-opacity":"","overlay-gradient":""},"mobile":{"background-color":"var(--ast-global-color-5)","background-image":"","background-repeat":"repeat","background-position":"center center","background-size":"auto","background-attachment":"scroll","background-type":"","background-media":"","overlay-type":"","overlay-color":"","overlay-opacity":"","overlay-gradient":""}},"footnotes":""},"class_list":["post-1078","page","type-page","status-publish","hentry"],"post_mailing_queue_ids":[],"_links":{"self":[{"href":"https:\/\/agora.xtec.cat\/ceipberti\/wp-json\/wp\/v2\/pages\/1078","targetHints":{"allow":["GET"]}}],"collection":[{"href":"https:\/\/agora.xtec.cat\/ceipberti\/wp-json\/wp\/v2\/pages"}],"about":[{"href":"https:\/\/agora.xtec.cat\/ceipberti\/wp-json\/wp\/v2\/types\/page"}],"author":[{"embeddable":true,"href":"https:\/\/agora.xtec.cat\/ceipberti\/wp-json\/wp\/v2\/users\/1"}],"replies":[{"embeddable":true,"href":"https:\/\/agora.xtec.cat\/ceipberti\/wp-json\/wp\/v2\/comments?post=1078"}],"version-history":[{"count":6,"href":"https:\/\/agora.xtec.cat\/ceipberti\/wp-json\/wp\/v2\/pages\/1078\/revisions"}],"predecessor-version":[{"id":9310,"href":"https:\/\/agora.xtec.cat\/ceipberti\/wp-json\/wp\/v2\/pages\/1078\/revisions\/9310"}],"up":[{"embeddable":true,"href":"https:\/\/agora.xtec.cat\/ceipberti\/wp-json\/wp\/v2\/pages\/64"}],"wp:attachment":[{"href":"https:\/\/agora.xtec.cat\/ceipberti\/wp-json\/wp\/v2\/media?parent=1078"}],"curies":[{"name":"wp","href":"https:\/\/api.w.org\/{rel}","templated":true}]}}