{"id":925,"date":"2018-01-09T12:04:51","date_gmt":"2018-01-09T11:04:51","guid":{"rendered":"http:\/\/agora.xtec.cat\/ceipbernatmetge\/?page_id=925"},"modified":"2026-02-04T10:17:53","modified_gmt":"2026-02-04T09:17:53","slug":"aula-dacollida","status":"publish","type":"page","link":"https:\/\/agora.xtec.cat\/ceipbernatmetge\/acollida\/aula-dacollida\/","title":{"rendered":"Aula d&#8217;Acollida"},"content":{"rendered":"\n<h2 class=\"wp-block-heading\"><strong>Celebrem el Dia de la Pau i la no-Viol\u00e8ncia:<\/strong><\/h2>\n\n\n\n<p>A l\u2019aula d\u2019acollida hem celebrat el <strong>Dia de la Pau<\/strong> d\u2019una manera molt especial. Els infants han preparat i han fet un <strong>discurs<\/strong> per explicar qu\u00e8 \u00e9s la pau i per qu\u00e8 \u00e9s tan important per a tothom.<\/p>\n\n\n\n<p>Cada nen i nena ha compartit paraules plenes de <strong>respecte, amistat i esperan\u00e7a<\/strong>. Han parlat de viure sense baralles, d\u2019ajudar-nos els uns als altres i de conviure amb persones diferents, per\u00f2 igual d\u2019importants.<\/p>\n\n\n\n<p>Tot i que molts infants estan aprenent una llengua nova, han demostrat molt de <strong>coratge i esfor\u00e7<\/strong>. Han parlat amb il\u00b7lusi\u00f3 i han fet arribar un missatge molt bonic a tota l\u2019escola.<\/p>\n\n\n\n<p>Estem molt orgullosos i orgulloses d\u2019ells i elles \ud83d\udc9b<br>Amb petits gestos i paraules, tamb\u00e9 es construeix la pau cada dia.<\/p>\n\n\n\n<p>\ud83d\udd4a\ufe0f <strong>La pau comen\u00e7a amb nosaltres!<\/strong> \ud83d\udd4a\ufe0f<\/p>\n\n\n\n<div class=\"wp-block-group is-nowrap is-layout-flex wp-container-core-group-is-layout-1 wp-block-group-is-layout-flex\"><div class=\"wp-block-image\">\n<figure class=\"alignleft size-large is-resized\"><a href=\"https:\/\/agora.xtec.cat\/ceipbernatmetge\/wp-content\/uploads\/usu1667\/2026\/02\/aa.jpg\"><img loading=\"lazy\" decoding=\"async\" width=\"1024\" height=\"577\" src=\"https:\/\/agora.xtec.cat\/ceipbernatmetge\/wp-content\/uploads\/usu1667\/2026\/02\/aa-1024x577.jpg\" alt=\"\" class=\"wp-image-5678\" style=\"width:404px;height:auto\" srcset=\"https:\/\/agora.xtec.cat\/ceipbernatmetge\/wp-content\/uploads\/usu1667\/2026\/02\/aa-1024x577.jpg 1024w, https:\/\/agora.xtec.cat\/ceipbernatmetge\/wp-content\/uploads\/usu1667\/2026\/02\/aa-300x169.jpg 300w, https:\/\/agora.xtec.cat\/ceipbernatmetge\/wp-content\/uploads\/usu1667\/2026\/02\/aa-768x433.jpg 768w, https:\/\/agora.xtec.cat\/ceipbernatmetge\/wp-content\/uploads\/usu1667\/2026\/02\/aa.jpg 1041w\" sizes=\"auto, (max-width: 1024px) 100vw, 1024px\" \/><\/a><\/figure><\/div>\n\n\n<figure class=\"wp-block-audio\"><audio controls src=\"https:\/\/agora.xtec.cat\/ceipbernatmetge\/wp-content\/uploads\/usu1667\/2026\/02\/dia-de-la-pau-discurs.mp3\"><\/audio><figcaption class=\"wp-element-caption\">Feu clic per escoltar el discurs.<\/figcaption><\/figure>\n<\/div>\n\n\n\n<p><\/p>\n","protected":false},"excerpt":{"rendered":"<p>Celebrem el Dia de la Pau i la no-Viol\u00e8ncia:<\/p>\n<p>A l\u2019aula d\u2019acollida hem celebrat el Dia de la Pau d\u2019una manera molt especial. Els infants han preparat i han fet un discurs per explicar qu\u00e8 \u00e9s la pau i per qu\u00e8 \u00e9s tan important per a&hellip;  <a href=\"https:\/\/agora.xtec.cat\/ceipbernatmetge\/acollida\/aula-dacollida\/\" title=\"Read Aula d&#8217;Acollida\">Llegeix m\u00e9s\u00bb<\/a><\/p>\n","protected":false},"author":1,"featured_media":0,"parent":77,"menu_order":0,"comment_status":"closed","ping_status":"closed","template":"","meta":{"_bbp_topic_count":0,"_bbp_reply_count":0,"_bbp_total_topic_count":0,"_bbp_total_reply_count":0,"_bbp_voice_count":0,"_bbp_anonymous_reply_count":0,"_bbp_topic_count_hidden":0,"_bbp_reply_count_hidden":0,"_bbp_forum_subforum_count":0,"footnotes":""},"class_list":["post-925","page","type-page","status-publish","hentry"],"post_mailing_queue_ids":[],"_links":{"self":[{"href":"https:\/\/agora.xtec.cat\/ceipbernatmetge\/wp-json\/wp\/v2\/pages\/925","targetHints":{"allow":["GET"]}}],"collection":[{"href":"https:\/\/agora.xtec.cat\/ceipbernatmetge\/wp-json\/wp\/v2\/pages"}],"about":[{"href":"https:\/\/agora.xtec.cat\/ceipbernatmetge\/wp-json\/wp\/v2\/types\/page"}],"author":[{"embeddable":true,"href":"https:\/\/agora.xtec.cat\/ceipbernatmetge\/wp-json\/wp\/v2\/users\/1"}],"replies":[{"embeddable":true,"href":"https:\/\/agora.xtec.cat\/ceipbernatmetge\/wp-json\/wp\/v2\/comments?post=925"}],"version-history":[{"count":4,"href":"https:\/\/agora.xtec.cat\/ceipbernatmetge\/wp-json\/wp\/v2\/pages\/925\/revisions"}],"predecessor-version":[{"id":5680,"href":"https:\/\/agora.xtec.cat\/ceipbernatmetge\/wp-json\/wp\/v2\/pages\/925\/revisions\/5680"}],"up":[{"embeddable":true,"href":"https:\/\/agora.xtec.cat\/ceipbernatmetge\/wp-json\/wp\/v2\/pages\/77"}],"wp:attachment":[{"href":"https:\/\/agora.xtec.cat\/ceipbernatmetge\/wp-json\/wp\/v2\/media?parent=925"}],"curies":[{"name":"wp","href":"https:\/\/api.w.org\/{rel}","templated":true}]}}