{"id":26,"date":"2014-09-18T12:24:32","date_gmt":"2014-09-18T11:24:32","guid":{"rendered":"http:\/\/agora.xtec.cat\/ceipbernatmetge\/?page_id=26"},"modified":"2017-09-26T20:27:20","modified_gmt":"2017-09-26T18:27:20","slug":"historia","status":"publish","type":"page","link":"https:\/\/agora.xtec.cat\/ceipbernatmetge\/lescola\/historia\/","title":{"rendered":"Hist\u00f2ria"},"content":{"rendered":"<p>LA NOSTRA ESCOLA<\/p>\n<p><span style=\"font-size: medium;\">El centre es troba al barri de Bellvitge, dins de la ciutat de l\u2019Hospitalet de Llobregat situat a la comarca del Barcelon\u00e8s.\u00a0Les primeres not\u00edcies que tenim d\u2019aquest barri de l\u2019Hospitalet, es remunten a la<\/span><span style=\"font-size: medium;\">\u00a0fundaci\u00f3 de l\u2019Ermita, que data del segle XII.<\/span><\/p>\n<p><span style=\"font-size: medium;\">En aquest petit centre religi\u00f3s han buscat uns l\u2019origen del nom de Bellvitge.\u00a0Segons aquesta opini\u00f3; la gent que viatjava des de Barcelona vers Tarragona o\u00a0Val\u00e8ncia, s\u2019aturava a descansar a la vora de l\u2019 Ermita, i demanaven a la Verge\u00a0un \u201cbon viatge\u201d.<\/span><\/p>\n<p><span style=\"font-size: medium;\">El territori que actualment ocupa el barri de Bellvitge era una zona destinada a\u00a0l&#8217;agricultura de regadiu, molt productiva gr\u00e0cies a les seves f\u00e8rtils terres. Es\u00a0caracteritzava tamb\u00e9 pels desbordaments del riu Llobregat.\u00a0Tanmateix els primers indicis de qu\u00e8 el lloc estava habitat es remunten alssegles X i XI, \u00e8poca en qu\u00e8 es va construir l&#8217;ermita de Bellvitge, situada a uns\u00a0dos quil\u00f2metres al sud del petit poble de l&#8217;Hospitalet, que avui constitueix el\u00a0nucli antic de la ciutat. La primera refer\u00e8ncia escrita, tant de la zona com de la\u00a0seva ermita, s\u00f3n uns arxius datats del 8 de maig de 1057, essent Ramon\u00a0Berenguer I comte de Barcelona.<\/span><\/p>\n<p><span style=\"font-size: medium;\">El barri tal i com avui dia el coneixem va n\u00e9ixer l&#8217;estiu de 1964, quan l&#8217;empresa\u00a0Immobili\u00e0ria Ciudad Condal S.A. va iniciar-ne la construcci\u00f3, en uns terrenys\u00a0que havia comprat pr\u00e8viament als pagesos de la zona.\u00a0La construcci\u00f3 del pol\u00edgon, que va ser concebut com una zona residencial, es\u00a0va englobar dins un marc d&#8217;actuacions que es van portar a terme per a oferir\u00a0habitatges als immigrants procedents de la resta d&#8217;Espanya &#8211; m\u00e9s de 126.000\u00a0persones el 1964 &#8211; que venien a Catalunya a la recerca de treball.<\/span><\/p>\n<p><span style=\"font-size: medium;\">Les primeres construccions es van aixecar al costat de l&#8217;ermita, prenent el\u00a0carrer el nom d&#8217;aquesta &#8211; carrer de l&#8217;Ermita de Bellvitge, i estenent-se per tota la\u00a0part sud. Aquesta zona va prendre\u00a0<\/span><span style=\"font-size: medium;\">posteriorment\u00a0el nom popular de &#8220;Bellvitge\u00a0Vell&#8221;. Posteriorment, l&#8217;any 1968 es va procedir a l&#8217;edificaci\u00f3 dels terrenys de la\u00a0part nord, on actualment hi ha l&#8217;avinguda Am\u00e8rica.\u00a0Els primers problemes van comen\u00e7ar a sorgir\u00a0entre els nous ve\u00efns i lesconstructores (ICC, CIDESA, Lamano i UREDESA) degut a qu\u00e8 aquestes no\u00a0dotaven al barri dels equipaments previstos al Pla Parcial, estant m\u00e9sinteressades en construir quants m\u00e9s blocs i m\u00e9s r\u00e0pid millor.<\/span><\/p>\n<p><span style=\"font-size: medium;\">Aix\u00ed doncs no resultaven estranys els problemes d&#8217;enllumenat, paviment de les\u00a0voreres, manca d&#8217;escoles i de zones verdes, i comunicacions insuficients amb\u00a0la resta de l&#8217;Hospitalet i inexistents amb Barcelona. A m\u00e9s a m\u00e9s, a aquestes\u00a0defici\u00e8ncies se&#8217;ls sumaven les riuades del riu Llobregat.\u00a0No sent suficients els problemes d&#8217;habitabilitat del barri, les constructores es\u00a0van llan\u00e7ar a una carrera especuladora en la qual van modificar repetides\u00a0vegades el Pla Parcial i van augmentar repetides vegades la densitat\u00a0d&#8217;habitatges, passant aix\u00ed d&#8217;un projecte inicial de zona residencial a un projecte\u00a0de construcci\u00f3 del barri dormitori amb la major densitat de poblaci\u00f3 de tota\u00a0Europa.<\/span><\/p>\n<p><span style=\"font-size: medium;\">Aquesta situaci\u00f3 va fer que els ve\u00efns decidissin organitzar-se per a fer-se\u00a0escoltar davant les autoritats competents. Aix\u00ed, es van dur a terme diversesaccions de protesta entre les quals destaquen la realitzaci\u00f3 d&#8217;un t\u00fanel per sota\u00a0de la Gran Via per a poder-la creuar sense perill i les protestes que van tenir\u00a0lloc entre 1973 i 1976, i on sota el lema &#8220;No m\u00e9s blocs&#8221;, els mateixos ve\u00efns van\u00a0paralitzar les obres de nous edificis. Finalment, una sent\u00e8ncia del Tribunal\u00a0Suprem va ordenar el cessament de tota construcci\u00f3 a Bellvitge l&#8217;any 1980.<\/span><\/p>\n","protected":false},"excerpt":{"rendered":"<p>LA NOSTRA ESCOLA<br \/>\nEl centre es troba al barri de Bellvitge, dins de la ciutat de l\u2019Hospitalet de Llobregat situat a la comarca del Barcelon\u00e8s.\u00a0Les primeres not\u00edcies que tenim d\u2019aquest barri de l\u2019Hospitalet, es remunten a la\u00a0fundaci\u00f3 de l\u2019Ermita, que data del segle XII.<br \/>\nEn aquest petit&hellip;  <a href=\"https:\/\/agora.xtec.cat\/ceipbernatmetge\/lescola\/historia\/\" title=\"Read Hist\u00f2ria\">Llegeix m\u00e9s\u00bb<\/a><\/p>\n","protected":false},"author":1,"featured_media":0,"parent":22,"menu_order":20,"comment_status":"closed","ping_status":"closed","template":"page-templates\/side-menu.php","meta":{"_bbp_topic_count":0,"_bbp_reply_count":0,"_bbp_total_topic_count":0,"_bbp_total_reply_count":0,"_bbp_voice_count":0,"_bbp_anonymous_reply_count":0,"_bbp_topic_count_hidden":0,"_bbp_reply_count_hidden":0,"_bbp_forum_subforum_count":0,"footnotes":""},"class_list":["post-26","page","type-page","status-publish","hentry"],"post_mailing_queue_ids":[],"_links":{"self":[{"href":"https:\/\/agora.xtec.cat\/ceipbernatmetge\/wp-json\/wp\/v2\/pages\/26","targetHints":{"allow":["GET"]}}],"collection":[{"href":"https:\/\/agora.xtec.cat\/ceipbernatmetge\/wp-json\/wp\/v2\/pages"}],"about":[{"href":"https:\/\/agora.xtec.cat\/ceipbernatmetge\/wp-json\/wp\/v2\/types\/page"}],"author":[{"embeddable":true,"href":"https:\/\/agora.xtec.cat\/ceipbernatmetge\/wp-json\/wp\/v2\/users\/1"}],"replies":[{"embeddable":true,"href":"https:\/\/agora.xtec.cat\/ceipbernatmetge\/wp-json\/wp\/v2\/comments?post=26"}],"version-history":[{"count":1,"href":"https:\/\/agora.xtec.cat\/ceipbernatmetge\/wp-json\/wp\/v2\/pages\/26\/revisions"}],"predecessor-version":[{"id":481,"href":"https:\/\/agora.xtec.cat\/ceipbernatmetge\/wp-json\/wp\/v2\/pages\/26\/revisions\/481"}],"up":[{"embeddable":true,"href":"https:\/\/agora.xtec.cat\/ceipbernatmetge\/wp-json\/wp\/v2\/pages\/22"}],"wp:attachment":[{"href":"https:\/\/agora.xtec.cat\/ceipbernatmetge\/wp-json\/wp\/v2\/media?parent=26"}],"curies":[{"name":"wp","href":"https:\/\/api.w.org\/{rel}","templated":true}]}}