{"id":9888,"date":"2018-03-20T13:32:38","date_gmt":"2018-03-20T12:32:38","guid":{"rendered":"http:\/\/benviure.cat\/?page_id=9888"},"modified":"2026-02-28T10:59:17","modified_gmt":"2026-02-28T09:59:17","slug":"escola","status":"publish","type":"page","link":"https:\/\/agora.xtec.cat\/ceipbenviure\/","title":{"rendered":"Escola"},"content":{"rendered":"<p><a href=\"https:\/\/flipbookpdf.net\/web\/site\/ba1533fb1a50b873f75a064f1667fddc637a90a4202602.pdf.html\" target=\"_blank\" rel=\"noopener\"><img loading=\"lazy\" decoding=\"async\" class=\"alignnone size-full wp-image-17322 aligncenter\" src=\"https:\/\/agora.xtec.cat\/ceipbenviure\/wp-content\/uploads\/usu1908\/Benviure-amb-ull-dinfants.jpg\" alt=\"\" width=\"794\" height=\"443\" srcset=\"https:\/\/agora.xtec.cat\/ceipbenviure\/wp-content\/uploads\/usu1908\/Benviure-amb-ull-dinfants.jpg 794w, https:\/\/agora.xtec.cat\/ceipbenviure\/wp-content\/uploads\/usu1908\/Benviure-amb-ull-dinfants-300x167.jpg 300w, https:\/\/agora.xtec.cat\/ceipbenviure\/wp-content\/uploads\/usu1908\/Benviure-amb-ull-dinfants-768x428.jpg 768w\" sizes=\"auto, (max-width: 794px) 100vw, 794px\" \/><\/a>Volem donar les gr\u00e0cies de tot cor a totes les fam\u00edlies que vau venir a les nostres portes obertes. Va ser un plaer compartir amb vosaltres el dia a dia de la nostra escola.<\/p>\n<p data-start=\"357\" data-end=\"608\">Aqu\u00ed podeu veure \u201cEl Benviure vist amb ulls d\u2019infants\u201d, un treball molt especial fet pels infants de la classe dels Rodolins d\u2019I5, on ens mostren com viuen, senten i entenen la nostra escola des de la seva mirada sincera i creativa.<\/p>\n<p>El per\u00edode de preinscripci\u00f3 d\u2019Educaci\u00f3 infantil de segon cicle i educaci\u00f3 prim\u00e0ria ser\u00e0 del <strong>4 al 18 de mar\u00e7 de 2026.<\/strong><\/p>\n","protected":false},"excerpt":{"rendered":"<p>Volem donar les gr\u00e0cies de tot cor a totes les fam\u00edlies que vau venir a les nostres portes obertes. Va ser un plaer compartir amb vosaltres el dia a dia de la nostra escola. Aqu\u00ed podeu veure \u201cEl Benviure vist amb ulls d\u2019infants\u201d, un treball molt especial fet pels infants de la classe dels Rodolins [&hellip;]<\/p>\n","protected":false},"author":1,"featured_media":0,"parent":2410,"menu_order":2,"comment_status":"closed","ping_status":"closed","template":"","meta":{"_bbp_topic_count":0,"_bbp_reply_count":0,"_bbp_total_topic_count":0,"_bbp_total_reply_count":0,"_bbp_voice_count":0,"_bbp_anonymous_reply_count":0,"_bbp_topic_count_hidden":0,"_bbp_reply_count_hidden":0,"_bbp_forum_subforum_count":0,"site-sidebar-layout":"default","site-content-layout":"","ast-site-content-layout":"default","site-content-style":"default","site-sidebar-style":"default","ast-global-header-display":"","ast-banner-title-visibility":"","ast-main-header-display":"","ast-hfb-above-header-display":"","ast-hfb-below-header-display":"","ast-hfb-mobile-header-display":"","site-post-title":"","ast-breadcrumbs-content":"","ast-featured-img":"","footer-sml-layout":"","theme-transparent-header-meta":"default","adv-header-id-meta":"","stick-header-meta":"","header-above-stick-meta":"","header-main-stick-meta":"","header-below-stick-meta":"","astra-migrate-meta-layouts":"set","ast-page-background-enabled":"default","ast-page-background-meta":{"desktop":{"background-color":"var(--ast-global-color-4)","background-image":"","background-repeat":"repeat","background-position":"center center","background-size":"auto","background-attachment":"scroll","background-type":"","background-media":"","overlay-type":"","overlay-color":"","overlay-opacity":"","overlay-gradient":""},"tablet":{"background-color":"","background-image":"","background-repeat":"repeat","background-position":"center center","background-size":"auto","background-attachment":"scroll","background-type":"","background-media":"","overlay-type":"","overlay-color":"","overlay-opacity":"","overlay-gradient":""},"mobile":{"background-color":"","background-image":"","background-repeat":"repeat","background-position":"center center","background-size":"auto","background-attachment":"scroll","background-type":"","background-media":"","overlay-type":"","overlay-color":"","overlay-opacity":"","overlay-gradient":""}},"ast-content-background-meta":{"desktop":{"background-color":"var(--ast-global-color-5)","background-image":"","background-repeat":"repeat","background-position":"center center","background-size":"auto","background-attachment":"scroll","background-type":"","background-media":"","overlay-type":"","overlay-color":"","overlay-opacity":"","overlay-gradient":""},"tablet":{"background-color":"var(--ast-global-color-5)","background-image":"","background-repeat":"repeat","background-position":"center center","background-size":"auto","background-attachment":"scroll","background-type":"","background-media":"","overlay-type":"","overlay-color":"","overlay-opacity":"","overlay-gradient":""},"mobile":{"background-color":"var(--ast-global-color-5)","background-image":"","background-repeat":"repeat","background-position":"center center","background-size":"auto","background-attachment":"scroll","background-type":"","background-media":"","overlay-type":"","overlay-color":"","overlay-opacity":"","overlay-gradient":""}},"footnotes":""},"class_list":["post-9888","page","type-page","status-publish","hentry"],"post_mailing_queue_ids":[],"_links":{"self":[{"href":"https:\/\/agora.xtec.cat\/ceipbenviure\/wp-json\/wp\/v2\/pages\/9888","targetHints":{"allow":["GET"]}}],"collection":[{"href":"https:\/\/agora.xtec.cat\/ceipbenviure\/wp-json\/wp\/v2\/pages"}],"about":[{"href":"https:\/\/agora.xtec.cat\/ceipbenviure\/wp-json\/wp\/v2\/types\/page"}],"author":[{"embeddable":true,"href":"https:\/\/agora.xtec.cat\/ceipbenviure\/wp-json\/wp\/v2\/users\/1"}],"replies":[{"embeddable":true,"href":"https:\/\/agora.xtec.cat\/ceipbenviure\/wp-json\/wp\/v2\/comments?post=9888"}],"version-history":[{"count":7,"href":"https:\/\/agora.xtec.cat\/ceipbenviure\/wp-json\/wp\/v2\/pages\/9888\/revisions"}],"predecessor-version":[{"id":17323,"href":"https:\/\/agora.xtec.cat\/ceipbenviure\/wp-json\/wp\/v2\/pages\/9888\/revisions\/17323"}],"up":[{"embeddable":true,"href":"https:\/\/agora.xtec.cat\/ceipbenviure\/wp-json\/wp\/v2\/pages\/2410"}],"wp:attachment":[{"href":"https:\/\/agora.xtec.cat\/ceipbenviure\/wp-json\/wp\/v2\/media?parent=9888"}],"curies":[{"name":"wp","href":"https:\/\/api.w.org\/{rel}","templated":true}]}}