{"id":77,"date":"2014-09-18T14:05:08","date_gmt":"2014-09-18T12:05:08","guid":{"rendered":"http:\/\/agora.xtec.cat\/ceipbenviure\/?page_id=77"},"modified":"2026-02-07T09:39:34","modified_gmt":"2026-02-07T08:39:34","slug":"acollida","status":"publish","type":"page","link":"https:\/\/agora.xtec.cat\/ceipbenviure\/serveis\/acollida\/","title":{"rendered":"Extraescolars i acollida"},"content":{"rendered":"<h6><strong>ACOLLIDA<\/strong><\/h6>\n<p style=\"margin-bottom: 5px;\">L\u2019acollida \u00e9s un servei gestionat per l\u2019AFA a trav\u00e9s de l\u2019empresa Fundesplai.<\/p>\n<ul style=\"margin-left: 40px;\">\n<li>Horari de mat\u00ed: de 7:30 a 9:00 hores.<\/li>\n<li>\u2022 Horari de tarda: de 16:30 a 17:30 hores.<\/li>\n<\/ul>\n<p>&nbsp;<\/p>\n<h6><strong>EXTRAESCOLARS<\/strong><\/h6>\n<p>L\u2019AFA ofereix a les fam\u00edlies diferents serveis d&#8217;extraescolars.<\/p>\n<p><a href=\"https:\/\/flipbookpdf.net\/web\/site\/575a033208acf71f1c97292298e2998ccc4f7915202601.pdf.html\" target=\"_blank\" rel=\"noopener\">EXTRAESCOLARS 25-26<\/a><\/p>\n<p>Per a m\u00e9s informaci\u00f3 contactar amb: <a style=\"font-family: inherit; font-size: 1em;\" href=\"mailto:extraescolarsafabenviure@gmail.com\" target=\"_blank\" rel=\"noopener\">extraescolarsafabenviure@<wbr \/>gmail.com<\/a><\/p>\n<footer class=\"entry-footer\">\n<div class=\"edit-link\"><a class=\"post-edit-link\" href=\"https:\/\/agora.xtec.cat\/ceipbenviure\/wp-admin\/post.php?post=2057&amp;action=edit\">Edita<\/a><\/div>\n<\/footer>\n<p>&nbsp;<\/p>\n","protected":false},"excerpt":{"rendered":"<p>ACOLLIDA L\u2019acollida \u00e9s un servei gestionat per l\u2019AFA a trav\u00e9s de l\u2019empresa Fundesplai. Horari de mat\u00ed: de 7:30 a 9:00 hores. \u2022 Horari de tarda: de 16:30 a 17:30 hores. &nbsp; EXTRAESCOLARS L\u2019AFA ofereix a les fam\u00edlies diferents serveis d&#8217;extraescolars. EXTRAESCOLARS 25-26 Per a m\u00e9s informaci\u00f3 contactar amb: extraescolarsafabenviure@gmail.com Edita &nbsp;<\/p>\n","protected":false},"author":1,"featured_media":0,"parent":66,"menu_order":3,"comment_status":"closed","ping_status":"closed","template":"","meta":{"_bbp_topic_count":0,"_bbp_reply_count":0,"_bbp_total_topic_count":0,"_bbp_total_reply_count":0,"_bbp_voice_count":0,"_bbp_anonymous_reply_count":0,"_bbp_topic_count_hidden":0,"_bbp_reply_count_hidden":0,"_bbp_forum_subforum_count":0,"site-sidebar-layout":"default","site-content-layout":"","ast-site-content-layout":"default","site-content-style":"default","site-sidebar-style":"default","ast-global-header-display":"","ast-banner-title-visibility":"","ast-main-header-display":"","ast-hfb-above-header-display":"","ast-hfb-below-header-display":"","ast-hfb-mobile-header-display":"","site-post-title":"","ast-breadcrumbs-content":"","ast-featured-img":"","footer-sml-layout":"","theme-transparent-header-meta":"default","adv-header-id-meta":"","stick-header-meta":"","header-above-stick-meta":"","header-main-stick-meta":"","header-below-stick-meta":"","astra-migrate-meta-layouts":"set","ast-page-background-enabled":"default","ast-page-background-meta":{"desktop":{"background-color":"var(--ast-global-color-4)","background-image":"","background-repeat":"repeat","background-position":"center center","background-size":"auto","background-attachment":"scroll","background-type":"","background-media":"","overlay-type":"","overlay-color":"","overlay-opacity":"","overlay-gradient":""},"tablet":{"background-color":"","background-image":"","background-repeat":"repeat","background-position":"center center","background-size":"auto","background-attachment":"scroll","background-type":"","background-media":"","overlay-type":"","overlay-color":"","overlay-opacity":"","overlay-gradient":""},"mobile":{"background-color":"","background-image":"","background-repeat":"repeat","background-position":"center center","background-size":"auto","background-attachment":"scroll","background-type":"","background-media":"","overlay-type":"","overlay-color":"","overlay-opacity":"","overlay-gradient":""}},"ast-content-background-meta":{"desktop":{"background-color":"var(--ast-global-color-5)","background-image":"","background-repeat":"repeat","background-position":"center center","background-size":"auto","background-attachment":"scroll","background-type":"","background-media":"","overlay-type":"","overlay-color":"","overlay-opacity":"","overlay-gradient":""},"tablet":{"background-color":"var(--ast-global-color-5)","background-image":"","background-repeat":"repeat","background-position":"center center","background-size":"auto","background-attachment":"scroll","background-type":"","background-media":"","overlay-type":"","overlay-color":"","overlay-opacity":"","overlay-gradient":""},"mobile":{"background-color":"var(--ast-global-color-5)","background-image":"","background-repeat":"repeat","background-position":"center center","background-size":"auto","background-attachment":"scroll","background-type":"","background-media":"","overlay-type":"","overlay-color":"","overlay-opacity":"","overlay-gradient":""}},"footnotes":""},"class_list":["post-77","page","type-page","status-publish","hentry"],"post_mailing_queue_ids":[],"_links":{"self":[{"href":"https:\/\/agora.xtec.cat\/ceipbenviure\/wp-json\/wp\/v2\/pages\/77","targetHints":{"allow":["GET"]}}],"collection":[{"href":"https:\/\/agora.xtec.cat\/ceipbenviure\/wp-json\/wp\/v2\/pages"}],"about":[{"href":"https:\/\/agora.xtec.cat\/ceipbenviure\/wp-json\/wp\/v2\/types\/page"}],"author":[{"embeddable":true,"href":"https:\/\/agora.xtec.cat\/ceipbenviure\/wp-json\/wp\/v2\/users\/1"}],"replies":[{"embeddable":true,"href":"https:\/\/agora.xtec.cat\/ceipbenviure\/wp-json\/wp\/v2\/comments?post=77"}],"version-history":[{"count":4,"href":"https:\/\/agora.xtec.cat\/ceipbenviure\/wp-json\/wp\/v2\/pages\/77\/revisions"}],"predecessor-version":[{"id":17295,"href":"https:\/\/agora.xtec.cat\/ceipbenviure\/wp-json\/wp\/v2\/pages\/77\/revisions\/17295"}],"up":[{"embeddable":true,"href":"https:\/\/agora.xtec.cat\/ceipbenviure\/wp-json\/wp\/v2\/pages\/66"}],"wp:attachment":[{"href":"https:\/\/agora.xtec.cat\/ceipbenviure\/wp-json\/wp\/v2\/media?parent=77"}],"curies":[{"name":"wp","href":"https:\/\/api.w.org\/{rel}","templated":true}]}}