{"id":73,"date":"2014-09-18T14:01:51","date_gmt":"2014-09-18T12:01:51","guid":{"rendered":"http:\/\/agora.xtec.cat\/ceipbenviure\/?page_id=73"},"modified":"2026-04-07T17:59:16","modified_gmt":"2026-04-07T15:59:16","slug":"menjador","status":"publish","type":"page","link":"https:\/\/agora.xtec.cat\/ceipbenviure\/serveis\/menjador\/","title":{"rendered":"Menjador"},"content":{"rendered":"<p><img loading=\"lazy\" decoding=\"async\" class=\"alignnone wp-image-17036 size-full\" src=\"https:\/\/agora.xtec.cat\/ceipbenviure\/wp-content\/uploads\/usu1908\/PHOTO-2025-09-22-12-34-24.jpg\" alt=\"\" width=\"2048\" height=\"1976\" srcset=\"https:\/\/agora.xtec.cat\/ceipbenviure\/wp-content\/uploads\/usu1908\/PHOTO-2025-09-22-12-34-24.jpg 2048w, https:\/\/agora.xtec.cat\/ceipbenviure\/wp-content\/uploads\/usu1908\/PHOTO-2025-09-22-12-34-24-300x289.jpg 300w, https:\/\/agora.xtec.cat\/ceipbenviure\/wp-content\/uploads\/usu1908\/PHOTO-2025-09-22-12-34-24-1024x988.jpg 1024w, https:\/\/agora.xtec.cat\/ceipbenviure\/wp-content\/uploads\/usu1908\/PHOTO-2025-09-22-12-34-24-768x741.jpg 768w, https:\/\/agora.xtec.cat\/ceipbenviure\/wp-content\/uploads\/usu1908\/PHOTO-2025-09-22-12-34-24-1536x1482.jpg 1536w\" sizes=\"auto, (max-width: 2048px) 100vw, 2048px\" \/><\/p>\n<div class=\"row\">\n<div class=\"large-8 small-12\" style=\"float: left;\">\n<p style=\"margin-bottom: 5px;\">Aquest curs l\u2019equip de FUNDESPLAI est\u00e0 format per:<\/p>\n<ul style=\"margin-left: 40px;\">\n<li>Cap de cuina: Manolo Navarro<\/li>\n<li>Ajudant de cuina: M\u00f3nica Ayala<\/li>\n<li>Coordinadora: Montse Campa\u00f1a<\/li>\n<li>Segona coordinadora: Ester Guasch<\/li>\n<li>Infantil 3 anys: M. Carmen Duque<\/li>\n<li>Infantil 4 anys: Ona Quesada<\/li>\n<li>Infantil 5 anys: Raquel Zamora<\/li>\n<li>Refor\u00e7 Infantil: Omi<\/li>\n<li>1r Prim\u00e0ria: Montse Arjona<\/li>\n<li>2n Prim\u00e0ria: Montse Soria<\/li>\n<li>3r Prim\u00e0ria: Marta Lozano<\/li>\n<li>4t Prim\u00e0ria: Marta Payan<\/li>\n<li>5\u00e8 Prim\u00e0ria: \u00a0Maribel Palomares<\/li>\n<li>6\u00e8 Prim\u00e0ria: Olga D\u00edaz (suplent Akim R\u00e0fols)<\/li>\n<li>Vetlladora: Ester Guasch<\/li>\n<\/ul>\n<\/div>\n<div class=\"large-4 small-12\" style=\"float: left;\">\n<h4><strong>MEN\u00da DEL MES<\/strong><\/h4>\n<p><a href=\"https:\/\/agora.xtec.cat\/ceipbenviure\/wp-content\/uploads\/usu1908\/Menu_basal_Escola_Benviure_Abril26.pdf\">Descarrega-te&#8217;l en PDF<\/a><\/p>\n<h4><strong>MEN\u00da DE LES DERIVACIONS<\/strong><\/h4>\n<p><a href=\"https:\/\/agora.xtec.cat\/ceipbenviure\/wp-content\/uploads\/usu1908\/Menu_derivacions_Escola_Benviure_Abril26.pdf\" target=\"_blank\" rel=\"noopener noreferrer\">Descarrega-te&#8217;l en PDF<\/a><\/p>\n<h4><strong>PROPOSTA DE SOPARS<\/strong><\/h4>\n<p><a href=\"https:\/\/agora.xtec.cat\/ceipbenviure\/wp-content\/uploads\/usu1908\/Menu_derivacions_Escola_Benviure_Abril26.pdf\" target=\"_blank\" rel=\"noopener noreferrer\">Descarrega-te&#8217;l en PDF<\/a><br \/>\n<strong><br \/>\nL\u2019empresa responsable del servei de menjador i monitoratge som Fundesplai, coneix-nos:<\/strong><\/p>\n<div class=\"sangria\"><a href=\"https:\/\/escoles.fundesplai.org\/\">&gt; Fundesplai<\/a><\/div>\n<\/div>\n<\/div>\n","protected":false},"excerpt":{"rendered":"<p>Aquest curs l\u2019equip de FUNDESPLAI est\u00e0 format per: Cap de cuina: Manolo Navarro Ajudant de cuina: M\u00f3nica Ayala Coordinadora: Montse Campa\u00f1a Segona coordinadora: Ester Guasch Infantil 3 anys: M. Carmen Duque Infantil 4 anys: Ona Quesada Infantil 5 anys: Raquel Zamora Refor\u00e7 Infantil: Omi 1r Prim\u00e0ria: Montse Arjona 2n Prim\u00e0ria: Montse Soria 3r Prim\u00e0ria: Marta [&hellip;]<\/p>\n","protected":false},"author":1,"featured_media":0,"parent":66,"menu_order":1,"comment_status":"closed","ping_status":"closed","template":"","meta":{"_bbp_topic_count":0,"_bbp_reply_count":0,"_bbp_total_topic_count":0,"_bbp_total_reply_count":0,"_bbp_voice_count":0,"_bbp_anonymous_reply_count":0,"_bbp_topic_count_hidden":0,"_bbp_reply_count_hidden":0,"_bbp_forum_subforum_count":0,"site-sidebar-layout":"default","site-content-layout":"","ast-site-content-layout":"default","site-content-style":"default","site-sidebar-style":"default","ast-global-header-display":"","ast-banner-title-visibility":"","ast-main-header-display":"","ast-hfb-above-header-display":"","ast-hfb-below-header-display":"","ast-hfb-mobile-header-display":"","site-post-title":"","ast-breadcrumbs-content":"","ast-featured-img":"","footer-sml-layout":"","theme-transparent-header-meta":"default","adv-header-id-meta":"","stick-header-meta":"","header-above-stick-meta":"","header-main-stick-meta":"","header-below-stick-meta":"","astra-migrate-meta-layouts":"set","ast-page-background-enabled":"default","ast-page-background-meta":{"desktop":{"background-color":"var(--ast-global-color-4)","background-image":"","background-repeat":"repeat","background-position":"center center","background-size":"auto","background-attachment":"scroll","background-type":"","background-media":"","overlay-type":"","overlay-color":"","overlay-opacity":"","overlay-gradient":""},"tablet":{"background-color":"","background-image":"","background-repeat":"repeat","background-position":"center center","background-size":"auto","background-attachment":"scroll","background-type":"","background-media":"","overlay-type":"","overlay-color":"","overlay-opacity":"","overlay-gradient":""},"mobile":{"background-color":"","background-image":"","background-repeat":"repeat","background-position":"center center","background-size":"auto","background-attachment":"scroll","background-type":"","background-media":"","overlay-type":"","overlay-color":"","overlay-opacity":"","overlay-gradient":""}},"ast-content-background-meta":{"desktop":{"background-color":"var(--ast-global-color-5)","background-image":"","background-repeat":"repeat","background-position":"center center","background-size":"auto","background-attachment":"scroll","background-type":"","background-media":"","overlay-type":"","overlay-color":"","overlay-opacity":"","overlay-gradient":""},"tablet":{"background-color":"var(--ast-global-color-5)","background-image":"","background-repeat":"repeat","background-position":"center center","background-size":"auto","background-attachment":"scroll","background-type":"","background-media":"","overlay-type":"","overlay-color":"","overlay-opacity":"","overlay-gradient":""},"mobile":{"background-color":"var(--ast-global-color-5)","background-image":"","background-repeat":"repeat","background-position":"center center","background-size":"auto","background-attachment":"scroll","background-type":"","background-media":"","overlay-type":"","overlay-color":"","overlay-opacity":"","overlay-gradient":""}},"footnotes":""},"class_list":["post-73","page","type-page","status-publish","hentry"],"post_mailing_queue_ids":[],"_links":{"self":[{"href":"https:\/\/agora.xtec.cat\/ceipbenviure\/wp-json\/wp\/v2\/pages\/73","targetHints":{"allow":["GET"]}}],"collection":[{"href":"https:\/\/agora.xtec.cat\/ceipbenviure\/wp-json\/wp\/v2\/pages"}],"about":[{"href":"https:\/\/agora.xtec.cat\/ceipbenviure\/wp-json\/wp\/v2\/types\/page"}],"author":[{"embeddable":true,"href":"https:\/\/agora.xtec.cat\/ceipbenviure\/wp-json\/wp\/v2\/users\/1"}],"replies":[{"embeddable":true,"href":"https:\/\/agora.xtec.cat\/ceipbenviure\/wp-json\/wp\/v2\/comments?post=73"}],"version-history":[{"count":8,"href":"https:\/\/agora.xtec.cat\/ceipbenviure\/wp-json\/wp\/v2\/pages\/73\/revisions"}],"predecessor-version":[{"id":17377,"href":"https:\/\/agora.xtec.cat\/ceipbenviure\/wp-json\/wp\/v2\/pages\/73\/revisions\/17377"}],"up":[{"embeddable":true,"href":"https:\/\/agora.xtec.cat\/ceipbenviure\/wp-json\/wp\/v2\/pages\/66"}],"wp:attachment":[{"href":"https:\/\/agora.xtec.cat\/ceipbenviure\/wp-json\/wp\/v2\/media?parent=73"}],"curies":[{"name":"wp","href":"https:\/\/api.w.org\/{rel}","templated":true}]}}