{"id":64,"date":"2014-09-18T12:39:08","date_gmt":"2014-09-18T10:39:08","guid":{"rendered":"http:\/\/agora.xtec.cat\/ceipbenviure\/?page_id=64"},"modified":"2023-02-07T22:31:26","modified_gmt":"2023-02-07T21:31:26","slug":"projecte-innovador","status":"publish","type":"page","link":"https:\/\/agora.xtec.cat\/ceipbenviure\/projecte-innovador\/","title":{"rendered":"Projecte innovador"},"content":{"rendered":"<p>L\u2019escola va participar en la convocat\u00f2ria de Pla d\u2019Autonomia de Centre del 2006 (PAC 06). En aquell moment nom\u00e9s 33 centres de Prim\u00e0ria a Catalunya signen l\u2019acord amb el Departament d\u2019Ensenyament. En l\u2019actualitat hem signat un Acord de coresponsabilitat per quatre cursos.<\/p>\n<p>L\u2019escola participa en una Xarxa d\u2019escoles innovadores per tal d\u2019aprofundir en processos d\u2019aprenentatge i la seva transfer\u00e8ncia a l\u2019aula, mitjan\u00e7ant metodologies reflexives i participatives (Xarxa XIEP).<\/p>\n<p style=\"margin-bottom: 5px;\">Els dos grans objectius que persegueix el centre s\u00f3n:<\/p>\n<ul style=\"margin-left: 40px;\">\n<li>La millora dels resultats acad\u00e8mics, i<\/li>\n<li>La millora de la cohesi\u00f3 social<\/li>\n<\/ul>\n<p style=\"margin-bottom: 5px;\">Es desenvolupen mitjan\u00e7ant les seg\u00fcents estrat\u00e8gies, que s\u00f3n l\u2019eix vertebrador del nostre Projecte Educatiu de Centre:<\/p>\n<ul style=\"margin-left: 40px;\">\n<li><a href=\"https:\/\/agora.xtec.cat\/ceipbenviure\/projecte-innovador\/laprenentatge-de-langles\/\">L&#8217;aprenentatge de l&#8217;angl\u00e8s<\/a><\/li>\n<li><a href=\"https:\/\/agora.xtec.cat\/ceipbenviure\/wp-admin\/post.php?post=13515&amp;action=edit\">Aprenentatge competencial: Projectes, treball cooperatiu, reptes, &#8230;<\/a><\/li>\n<li><a href=\"https:\/\/agora.xtec.cat\/ceipbenviure\/projecte-innovador\/laprenentatge-experimental\/\">L&#8217;aprenentatge experimental<\/a><\/li>\n<li><a href=\"https:\/\/agora.xtec.cat\/ceipbenviure\/projecte-innovador\/les-noves-tecnologies\/\">Les noves tecnologies<\/a><\/li>\n<li><a href=\"https:\/\/agora.xtec.cat\/ceipbenviure\/wp-admin\/post.php?post=13513&amp;action=edit\">Compet\u00e8ncia matem\u00e0tica: InnovaMat<\/a><\/li>\n<li><a href=\"https:\/\/agora.xtec.cat\/ceipbenviure\/projecte-innovador\/laprenentatge-de-la-lectura-i-lescriptura\/\">L&#8217;aprenentatge de la lectura i l&#8217;escriptura<\/a><\/li>\n<li><a href=\"https:\/\/agora.xtec.cat\/ceipbenviure\/projecte-innovador\/medi-ambient\/\">Medi ambient<\/a><\/li>\n<li><a href=\"https:\/\/agora.xtec.cat\/ceipbenviure\/projecte-innovador\/leducacio-emocional\/\">L&#8217;educaci\u00f3 emocional<\/a><\/li>\n<li><a href=\"https:\/\/agora.xtec.cat\/ceipbenviure\/projecte-innovador\/la-practica-esportiva\/\">La pr\u00e0ctica esportiva<\/a><\/li>\n<\/ul>\n","protected":false},"excerpt":{"rendered":"<p>L\u2019escola va participar en la convocat\u00f2ria de Pla d\u2019Autonomia de Centre del 2006 (PAC 06). En aquell moment nom\u00e9s 33 centres de Prim\u00e0ria a Catalunya signen l\u2019acord amb el Departament d\u2019Ensenyament. En l\u2019actualitat hem signat un Acord de coresponsabilitat per quatre cursos. L\u2019escola participa en una Xarxa d\u2019escoles innovadores per tal d\u2019aprofundir en processos d\u2019aprenentatge [&hellip;]<\/p>\n","protected":false},"author":1,"featured_media":0,"parent":0,"menu_order":0,"comment_status":"closed","ping_status":"closed","template":"page-templates\/side-menu.php","meta":{"_bbp_topic_count":0,"_bbp_reply_count":0,"_bbp_total_topic_count":0,"_bbp_total_reply_count":0,"_bbp_voice_count":0,"_bbp_anonymous_reply_count":0,"_bbp_topic_count_hidden":0,"_bbp_reply_count_hidden":0,"_bbp_forum_subforum_count":0,"site-sidebar-layout":"default","site-content-layout":"","ast-site-content-layout":"","site-content-style":"default","site-sidebar-style":"default","ast-global-header-display":"","ast-banner-title-visibility":"","ast-main-header-display":"","ast-hfb-above-header-display":"","ast-hfb-below-header-display":"","ast-hfb-mobile-header-display":"","site-post-title":"","ast-breadcrumbs-content":"","ast-featured-img":"","footer-sml-layout":"","theme-transparent-header-meta":"","adv-header-id-meta":"","stick-header-meta":"","header-above-stick-meta":"","header-main-stick-meta":"","header-below-stick-meta":"","astra-migrate-meta-layouts":"default","ast-page-background-enabled":"default","ast-page-background-meta":{"desktop":{"background-color":"var(--ast-global-color-4)","background-image":"","background-repeat":"repeat","background-position":"center center","background-size":"auto","background-attachment":"scroll","background-type":"","background-media":"","overlay-type":"","overlay-color":"","overlay-opacity":"","overlay-gradient":""},"tablet":{"background-color":"","background-image":"","background-repeat":"repeat","background-position":"center center","background-size":"auto","background-attachment":"scroll","background-type":"","background-media":"","overlay-type":"","overlay-color":"","overlay-opacity":"","overlay-gradient":""},"mobile":{"background-color":"","background-image":"","background-repeat":"repeat","background-position":"center center","background-size":"auto","background-attachment":"scroll","background-type":"","background-media":"","overlay-type":"","overlay-color":"","overlay-opacity":"","overlay-gradient":""}},"ast-content-background-meta":{"desktop":{"background-color":"var(--ast-global-color-5)","background-image":"","background-repeat":"repeat","background-position":"center center","background-size":"auto","background-attachment":"scroll","background-type":"","background-media":"","overlay-type":"","overlay-color":"","overlay-opacity":"","overlay-gradient":""},"tablet":{"background-color":"var(--ast-global-color-5)","background-image":"","background-repeat":"repeat","background-position":"center center","background-size":"auto","background-attachment":"scroll","background-type":"","background-media":"","overlay-type":"","overlay-color":"","overlay-opacity":"","overlay-gradient":""},"mobile":{"background-color":"var(--ast-global-color-5)","background-image":"","background-repeat":"repeat","background-position":"center center","background-size":"auto","background-attachment":"scroll","background-type":"","background-media":"","overlay-type":"","overlay-color":"","overlay-opacity":"","overlay-gradient":""}},"footnotes":""},"class_list":["post-64","page","type-page","status-publish","hentry"],"post_mailing_queue_ids":[],"_links":{"self":[{"href":"https:\/\/agora.xtec.cat\/ceipbenviure\/wp-json\/wp\/v2\/pages\/64","targetHints":{"allow":["GET"]}}],"collection":[{"href":"https:\/\/agora.xtec.cat\/ceipbenviure\/wp-json\/wp\/v2\/pages"}],"about":[{"href":"https:\/\/agora.xtec.cat\/ceipbenviure\/wp-json\/wp\/v2\/types\/page"}],"author":[{"embeddable":true,"href":"https:\/\/agora.xtec.cat\/ceipbenviure\/wp-json\/wp\/v2\/users\/1"}],"replies":[{"embeddable":true,"href":"https:\/\/agora.xtec.cat\/ceipbenviure\/wp-json\/wp\/v2\/comments?post=64"}],"version-history":[{"count":5,"href":"https:\/\/agora.xtec.cat\/ceipbenviure\/wp-json\/wp\/v2\/pages\/64\/revisions"}],"predecessor-version":[{"id":14954,"href":"https:\/\/agora.xtec.cat\/ceipbenviure\/wp-json\/wp\/v2\/pages\/64\/revisions\/14954"}],"wp:attachment":[{"href":"https:\/\/agora.xtec.cat\/ceipbenviure\/wp-json\/wp\/v2\/media?parent=64"}],"curies":[{"name":"wp","href":"https:\/\/api.w.org\/{rel}","templated":true}]}}