{"id":495,"date":"2018-10-25T20:47:41","date_gmt":"2018-10-25T18:47:41","guid":{"rendered":"http:\/\/agora.xtec.cat\/ceipbenviure\/?page_id=495"},"modified":"2023-02-03T16:22:05","modified_gmt":"2023-02-03T15:22:05","slug":"la-practica-esportiva","status":"publish","type":"page","link":"https:\/\/agora.xtec.cat\/ceipbenviure\/projecte-innovador\/la-practica-esportiva\/","title":{"rendered":"La pr\u00e0ctica esportiva"},"content":{"rendered":"<p><iframe loading=\"lazy\" width=\"100%\" height=\"400\" frameborder=\"0\" src=\"\/\/www.youtube.com\/embed\/RVIRAkGbWxA\" frameborder=\"0\" allowfullscreen><\/iframe><\/p>\n<p>L\u2019escola est\u00e0 immersa en el PLA CATAL\u00c0 DE L\u2019ESPORT ESCOLAR (PCEE). Els Departaments d\u2019Educaci\u00f3 i de Vicepresid\u00e8ncia de la Generalitat, mitjan\u00e7ant la Secretaria General de l\u2019Esport impulsen el PCEE, adre\u00e7at principalment a incrementar la participaci\u00f3 dels infants i joves en activitats f\u00edsiques i esportives en horari no lectiu en el propi centre educatiu i i, alhora, emprar aquestes pr\u00e0ctiques per a la difusi\u00f3 i educaci\u00f3 d\u2019h\u00e0bits saludables.<\/p>\n<p>Per aquesta ra\u00f3 les activitats f\u00edsiques en horari lectiu i les activitats extraescolars esportives estan coordinades per tal d\u2019aconseguir els mateixos objectius dins de l\u2019\u00e0mbit esportiu (h\u00e0bits d\u2019higiene, participaci\u00f3 en activitats esportives municipals i comarcals, estil de vida saludable, actituds i valors enfront l\u2019esport).<\/p>\n","protected":false},"excerpt":{"rendered":"<p>L\u2019escola est\u00e0 immersa en el PLA CATAL\u00c0 DE L\u2019ESPORT ESCOLAR (PCEE). Els Departaments d\u2019Educaci\u00f3 i de Vicepresid\u00e8ncia de la Generalitat, mitjan\u00e7ant la Secretaria General de l\u2019Esport impulsen el PCEE, adre\u00e7at principalment a incrementar la participaci\u00f3 dels infants i joves en activitats f\u00edsiques i esportives en horari no lectiu en el propi centre educatiu i i, [&hellip;]<\/p>\n","protected":false},"author":1,"featured_media":0,"parent":64,"menu_order":8,"comment_status":"closed","ping_status":"closed","template":"page-templates\/side-menu.php","meta":{"_bbp_topic_count":0,"_bbp_reply_count":0,"_bbp_total_topic_count":0,"_bbp_total_reply_count":0,"_bbp_voice_count":0,"_bbp_anonymous_reply_count":0,"_bbp_topic_count_hidden":0,"_bbp_reply_count_hidden":0,"_bbp_forum_subforum_count":0,"site-sidebar-layout":"default","site-content-layout":"","ast-site-content-layout":"","site-content-style":"default","site-sidebar-style":"default","ast-global-header-display":"","ast-banner-title-visibility":"","ast-main-header-display":"","ast-hfb-above-header-display":"","ast-hfb-below-header-display":"","ast-hfb-mobile-header-display":"","site-post-title":"","ast-breadcrumbs-content":"","ast-featured-img":"","footer-sml-layout":"","theme-transparent-header-meta":"","adv-header-id-meta":"","stick-header-meta":"","header-above-stick-meta":"","header-main-stick-meta":"","header-below-stick-meta":"","astra-migrate-meta-layouts":"default","ast-page-background-enabled":"default","ast-page-background-meta":{"desktop":{"background-color":"var(--ast-global-color-4)","background-image":"","background-repeat":"repeat","background-position":"center center","background-size":"auto","background-attachment":"scroll","background-type":"","background-media":"","overlay-type":"","overlay-color":"","overlay-opacity":"","overlay-gradient":""},"tablet":{"background-color":"","background-image":"","background-repeat":"repeat","background-position":"center center","background-size":"auto","background-attachment":"scroll","background-type":"","background-media":"","overlay-type":"","overlay-color":"","overlay-opacity":"","overlay-gradient":""},"mobile":{"background-color":"","background-image":"","background-repeat":"repeat","background-position":"center center","background-size":"auto","background-attachment":"scroll","background-type":"","background-media":"","overlay-type":"","overlay-color":"","overlay-opacity":"","overlay-gradient":""}},"ast-content-background-meta":{"desktop":{"background-color":"var(--ast-global-color-5)","background-image":"","background-repeat":"repeat","background-position":"center center","background-size":"auto","background-attachment":"scroll","background-type":"","background-media":"","overlay-type":"","overlay-color":"","overlay-opacity":"","overlay-gradient":""},"tablet":{"background-color":"var(--ast-global-color-5)","background-image":"","background-repeat":"repeat","background-position":"center center","background-size":"auto","background-attachment":"scroll","background-type":"","background-media":"","overlay-type":"","overlay-color":"","overlay-opacity":"","overlay-gradient":""},"mobile":{"background-color":"var(--ast-global-color-5)","background-image":"","background-repeat":"repeat","background-position":"center center","background-size":"auto","background-attachment":"scroll","background-type":"","background-media":"","overlay-type":"","overlay-color":"","overlay-opacity":"","overlay-gradient":""}},"footnotes":""},"class_list":["post-495","page","type-page","status-publish","hentry"],"post_mailing_queue_ids":[],"_links":{"self":[{"href":"https:\/\/agora.xtec.cat\/ceipbenviure\/wp-json\/wp\/v2\/pages\/495","targetHints":{"allow":["GET"]}}],"collection":[{"href":"https:\/\/agora.xtec.cat\/ceipbenviure\/wp-json\/wp\/v2\/pages"}],"about":[{"href":"https:\/\/agora.xtec.cat\/ceipbenviure\/wp-json\/wp\/v2\/types\/page"}],"author":[{"embeddable":true,"href":"https:\/\/agora.xtec.cat\/ceipbenviure\/wp-json\/wp\/v2\/users\/1"}],"replies":[{"embeddable":true,"href":"https:\/\/agora.xtec.cat\/ceipbenviure\/wp-json\/wp\/v2\/comments?post=495"}],"version-history":[{"count":1,"href":"https:\/\/agora.xtec.cat\/ceipbenviure\/wp-json\/wp\/v2\/pages\/495\/revisions"}],"predecessor-version":[{"id":496,"href":"https:\/\/agora.xtec.cat\/ceipbenviure\/wp-json\/wp\/v2\/pages\/495\/revisions\/496"}],"up":[{"embeddable":true,"href":"https:\/\/agora.xtec.cat\/ceipbenviure\/wp-json\/wp\/v2\/pages\/64"}],"wp:attachment":[{"href":"https:\/\/agora.xtec.cat\/ceipbenviure\/wp-json\/wp\/v2\/media?parent=495"}],"curies":[{"name":"wp","href":"https:\/\/api.w.org\/{rel}","templated":true}]}}