{"id":493,"date":"2018-10-25T20:46:31","date_gmt":"2018-10-25T18:46:31","guid":{"rendered":"http:\/\/agora.xtec.cat\/ceipbenviure\/?page_id=493"},"modified":"2025-02-20T19:19:23","modified_gmt":"2025-02-20T18:19:23","slug":"leducacio-emocional","status":"publish","type":"page","link":"https:\/\/agora.xtec.cat\/ceipbenviure\/projecte-innovador\/leducacio-emocional\/","title":{"rendered":"L&#8217;educaci\u00f3 emocional"},"content":{"rendered":"<p><iframe loading=\"lazy\" src=\"\/\/www.youtube.com\/embed\/A2KY4nRfsy4\" width=\"100%\" height=\"400\" frameborder=\"0\"><\/iframe><\/p>\n<p style=\"margin-bottom: 5px;\">L\u2019Educaci\u00f3 emocional i social constitueix un altre dels eixos de l\u2019acci\u00f3 educativa del nostre centre. Cada alumne esdev\u00e9 protagonista indiscutible de tots els processos d\u2019ensenyament-aprenentatge. Per tant, volem que els nostres alumnes se sentin a gust i motivats per superar els diferents reptes que se\u2019ls proposin. Aquest no \u00e9s un treball puntual, sin\u00f3 que \u00e9s present a la nostra pr\u00e0ctica cada dia. Tot i aix\u00ed, per contribuir a aconseguir aquesta fita realitzem un treball expl\u00edcit d\u2019emocions:<\/p>\n<ul style=\"margin-left: 40px;\">\n<li>Tutories individualitzades que deriven del Programa Escolta\u2019m amb l\u2019objectiu de proporcionar a l\u2019alumne m\u00e9s seguretat afectiva, aix\u00ed com afavorir una autoimatge positiva. Alhora, afavoreix establir i enfortir vincles entre alumnes i alumne-mestre.<\/li>\n<li>Incorporaci\u00f3 de programes com ara:\u00a0 Filosofia 3\/18, Mediaci\u00f3, &#8230;<\/li>\n<li>Pr\u00e0ctiques restauratives<\/li>\n<li>Realitzaci\u00f3 de tallers d\u2019emocions<\/li>\n<\/ul>\n<p style=\"margin-bottom: 5px;\">Paral\u00b7lelament, es treballen els aspectes socials. Formem ciutadans per formar part d\u2019una societat en la que el treball en equip, els valors democr\u00e0tics i l\u2019esperit cr\u00edtic s\u00f3n indispensables per assolir l\u2019\u00e8xit. A la nostra escola:<\/p>\n<ul style=\"margin-left: 40px;\">\n<li>Es facilita un espai setmanal per facilitar l\u2019autoregulaci\u00f3 del grup: La tutoria.<\/li>\n<li>Creem vies de comunicaci\u00f3 amb els nostres alumnes: B\u00fasties, caixes de pensaments, &#8230;<\/li>\n<li>Fomentem el treball en grup mitjan\u00e7ant la metodologia del Treball cooperatiu.<\/li>\n<li>Cada aula t\u00e9 delegats que constitueixen un pont entre les aules i l\u2019Equip Directiu amb l\u2019objectiu d\u2019anar construint, dia a dia, la nostra escola.<\/li>\n<li>Participaci\u00f3 en el programa d\u2019innovaci\u00f3 #Aqu\u00edproubullying per tal de millorar la conviv\u00e8ncia al centre i prevenir qualsevol situaci\u00f3 d\u2019assetjament al centre.<\/li>\n<\/ul>\n","protected":false},"excerpt":{"rendered":"<p>L\u2019Educaci\u00f3 emocional i social constitueix un altre dels eixos de l\u2019acci\u00f3 educativa del nostre centre. Cada alumne esdev\u00e9 protagonista indiscutible de tots els processos d\u2019ensenyament-aprenentatge. Per tant, volem que els nostres alumnes se sentin a gust i motivats per superar els diferents reptes que se\u2019ls proposin. Aquest no \u00e9s un treball puntual, sin\u00f3 que \u00e9s [&hellip;]<\/p>\n","protected":false},"author":1,"featured_media":0,"parent":64,"menu_order":7,"comment_status":"closed","ping_status":"closed","template":"page-templates\/side-menu.php","meta":{"_bbp_topic_count":0,"_bbp_reply_count":0,"_bbp_total_topic_count":0,"_bbp_total_reply_count":0,"_bbp_voice_count":0,"_bbp_anonymous_reply_count":0,"_bbp_topic_count_hidden":0,"_bbp_reply_count_hidden":0,"_bbp_forum_subforum_count":0,"site-sidebar-layout":"default","site-content-layout":"","ast-site-content-layout":"","site-content-style":"default","site-sidebar-style":"default","ast-global-header-display":"","ast-banner-title-visibility":"","ast-main-header-display":"","ast-hfb-above-header-display":"","ast-hfb-below-header-display":"","ast-hfb-mobile-header-display":"","site-post-title":"","ast-breadcrumbs-content":"","ast-featured-img":"","footer-sml-layout":"","theme-transparent-header-meta":"","adv-header-id-meta":"","stick-header-meta":"","header-above-stick-meta":"","header-main-stick-meta":"","header-below-stick-meta":"","astra-migrate-meta-layouts":"default","ast-page-background-enabled":"default","ast-page-background-meta":{"desktop":{"background-color":"var(--ast-global-color-4)","background-image":"","background-repeat":"repeat","background-position":"center center","background-size":"auto","background-attachment":"scroll","background-type":"","background-media":"","overlay-type":"","overlay-color":"","overlay-opacity":"","overlay-gradient":""},"tablet":{"background-color":"","background-image":"","background-repeat":"repeat","background-position":"center center","background-size":"auto","background-attachment":"scroll","background-type":"","background-media":"","overlay-type":"","overlay-color":"","overlay-opacity":"","overlay-gradient":""},"mobile":{"background-color":"","background-image":"","background-repeat":"repeat","background-position":"center center","background-size":"auto","background-attachment":"scroll","background-type":"","background-media":"","overlay-type":"","overlay-color":"","overlay-opacity":"","overlay-gradient":""}},"ast-content-background-meta":{"desktop":{"background-color":"var(--ast-global-color-5)","background-image":"","background-repeat":"repeat","background-position":"center center","background-size":"auto","background-attachment":"scroll","background-type":"","background-media":"","overlay-type":"","overlay-color":"","overlay-opacity":"","overlay-gradient":""},"tablet":{"background-color":"var(--ast-global-color-5)","background-image":"","background-repeat":"repeat","background-position":"center center","background-size":"auto","background-attachment":"scroll","background-type":"","background-media":"","overlay-type":"","overlay-color":"","overlay-opacity":"","overlay-gradient":""},"mobile":{"background-color":"var(--ast-global-color-5)","background-image":"","background-repeat":"repeat","background-position":"center center","background-size":"auto","background-attachment":"scroll","background-type":"","background-media":"","overlay-type":"","overlay-color":"","overlay-opacity":"","overlay-gradient":""}},"footnotes":""},"class_list":["post-493","page","type-page","status-publish","hentry"],"post_mailing_queue_ids":[],"_links":{"self":[{"href":"https:\/\/agora.xtec.cat\/ceipbenviure\/wp-json\/wp\/v2\/pages\/493","targetHints":{"allow":["GET"]}}],"collection":[{"href":"https:\/\/agora.xtec.cat\/ceipbenviure\/wp-json\/wp\/v2\/pages"}],"about":[{"href":"https:\/\/agora.xtec.cat\/ceipbenviure\/wp-json\/wp\/v2\/types\/page"}],"author":[{"embeddable":true,"href":"https:\/\/agora.xtec.cat\/ceipbenviure\/wp-json\/wp\/v2\/users\/1"}],"replies":[{"embeddable":true,"href":"https:\/\/agora.xtec.cat\/ceipbenviure\/wp-json\/wp\/v2\/comments?post=493"}],"version-history":[{"count":4,"href":"https:\/\/agora.xtec.cat\/ceipbenviure\/wp-json\/wp\/v2\/pages\/493\/revisions"}],"predecessor-version":[{"id":16672,"href":"https:\/\/agora.xtec.cat\/ceipbenviure\/wp-json\/wp\/v2\/pages\/493\/revisions\/16672"}],"up":[{"embeddable":true,"href":"https:\/\/agora.xtec.cat\/ceipbenviure\/wp-json\/wp\/v2\/pages\/64"}],"wp:attachment":[{"href":"https:\/\/agora.xtec.cat\/ceipbenviure\/wp-json\/wp\/v2\/media?parent=493"}],"curies":[{"name":"wp","href":"https:\/\/api.w.org\/{rel}","templated":true}]}}