{"id":487,"date":"2018-10-25T20:44:50","date_gmt":"2018-10-25T18:44:50","guid":{"rendered":"http:\/\/agora.xtec.cat\/ceipbenviure\/?page_id=487"},"modified":"2023-02-03T16:19:56","modified_gmt":"2023-02-03T15:19:56","slug":"laprenentatge-experimental","status":"publish","type":"page","link":"https:\/\/agora.xtec.cat\/ceipbenviure\/projecte-innovador\/laprenentatge-experimental\/","title":{"rendered":"L&#8217;aprenentatge experimental"},"content":{"rendered":"<p><iframe loading=\"lazy\" src=\"\/\/www.youtube.com\/embed\/BMYbWAbayQY\" width=\"100%\" height=\"400\" frameborder=\"0\" allowfullscreen=\"allowfullscreen\"><span style=\"display: inline-block; width: 0px; overflow: hidden; line-height: 0;\" data-mce-type=\"bookmark\" class=\"mce_SELRES_start\">\ufeff<\/span><\/iframe><\/p>\n<p>\u00c9s una realitat que s\u2019apr\u00e8n molt m\u00e9s amb l\u2019experimentaci\u00f3, la manipulaci\u00f3 i la viv\u00e8ncia que tan sols rebent informaci\u00f3. All\u00f2 que han viscut \u00e9s dif\u00edcil d\u2019oblidar.<\/p>\n<p>Volem desenvolupar la capacitat de pensar, de fer, de comunicar i de debatre dels infants.<\/p>\n<p>Volem desenvolupar les capacitats de formulaci\u00f3 d\u2019hip\u00f2tesi, idear maneres de comprovar-les: observar, recollir dades, interpretar els resultats, comprovar les hip\u00f2tesis pr\u00e8vies i elaborar conclusions donant veracitat o falsedat.<\/p>\n<p>Els encaminem a treballar amb autonomia, responsabilitat, organitzaci\u00f3 i rigor cient\u00edfic.<\/p>\n<p>L\u2019assaig-error estimula la seva capacitat d\u2019imaginaci\u00f3, augmenta la curiositat i construeix els seus propis aprenentatges.<br \/>\nVolem crear uns bons h\u00e0bits d\u2019\u00fas i treball dels materials i estris d\u2019una aula de ci\u00e8ncies (laboratori).<\/p>\n<p>La mateixa cerca d\u2019informaci\u00f3 per resoldre els seus dubtes o curiositats els dona autonomia augmentant el seu inter\u00e8s per con\u00e8ixer i aprendre.<\/p>\n","protected":false},"excerpt":{"rendered":"<p>\ufeff \u00c9s una realitat que s\u2019apr\u00e8n molt m\u00e9s amb l\u2019experimentaci\u00f3, la manipulaci\u00f3 i la viv\u00e8ncia que tan sols rebent informaci\u00f3. All\u00f2 que han viscut \u00e9s dif\u00edcil d\u2019oblidar. Volem desenvolupar la capacitat de pensar, de fer, de comunicar i de debatre dels infants. Volem desenvolupar les capacitats de formulaci\u00f3 d\u2019hip\u00f2tesi, idear maneres de comprovar-les: observar, recollir [&hellip;]<\/p>\n","protected":false},"author":1,"featured_media":0,"parent":64,"menu_order":2,"comment_status":"closed","ping_status":"closed","template":"page-templates\/side-menu.php","meta":{"_bbp_topic_count":0,"_bbp_reply_count":0,"_bbp_total_topic_count":0,"_bbp_total_reply_count":0,"_bbp_voice_count":0,"_bbp_anonymous_reply_count":0,"_bbp_topic_count_hidden":0,"_bbp_reply_count_hidden":0,"_bbp_forum_subforum_count":0,"site-sidebar-layout":"default","site-content-layout":"","ast-site-content-layout":"","site-content-style":"default","site-sidebar-style":"default","ast-global-header-display":"","ast-banner-title-visibility":"","ast-main-header-display":"","ast-hfb-above-header-display":"","ast-hfb-below-header-display":"","ast-hfb-mobile-header-display":"","site-post-title":"","ast-breadcrumbs-content":"","ast-featured-img":"","footer-sml-layout":"","theme-transparent-header-meta":"","adv-header-id-meta":"","stick-header-meta":"","header-above-stick-meta":"","header-main-stick-meta":"","header-below-stick-meta":"","astra-migrate-meta-layouts":"default","ast-page-background-enabled":"default","ast-page-background-meta":{"desktop":{"background-color":"var(--ast-global-color-4)","background-image":"","background-repeat":"repeat","background-position":"center center","background-size":"auto","background-attachment":"scroll","background-type":"","background-media":"","overlay-type":"","overlay-color":"","overlay-opacity":"","overlay-gradient":""},"tablet":{"background-color":"","background-image":"","background-repeat":"repeat","background-position":"center center","background-size":"auto","background-attachment":"scroll","background-type":"","background-media":"","overlay-type":"","overlay-color":"","overlay-opacity":"","overlay-gradient":""},"mobile":{"background-color":"","background-image":"","background-repeat":"repeat","background-position":"center center","background-size":"auto","background-attachment":"scroll","background-type":"","background-media":"","overlay-type":"","overlay-color":"","overlay-opacity":"","overlay-gradient":""}},"ast-content-background-meta":{"desktop":{"background-color":"var(--ast-global-color-5)","background-image":"","background-repeat":"repeat","background-position":"center center","background-size":"auto","background-attachment":"scroll","background-type":"","background-media":"","overlay-type":"","overlay-color":"","overlay-opacity":"","overlay-gradient":""},"tablet":{"background-color":"var(--ast-global-color-5)","background-image":"","background-repeat":"repeat","background-position":"center center","background-size":"auto","background-attachment":"scroll","background-type":"","background-media":"","overlay-type":"","overlay-color":"","overlay-opacity":"","overlay-gradient":""},"mobile":{"background-color":"var(--ast-global-color-5)","background-image":"","background-repeat":"repeat","background-position":"center center","background-size":"auto","background-attachment":"scroll","background-type":"","background-media":"","overlay-type":"","overlay-color":"","overlay-opacity":"","overlay-gradient":""}},"footnotes":""},"class_list":["post-487","page","type-page","status-publish","hentry"],"post_mailing_queue_ids":[],"_links":{"self":[{"href":"https:\/\/agora.xtec.cat\/ceipbenviure\/wp-json\/wp\/v2\/pages\/487","targetHints":{"allow":["GET"]}}],"collection":[{"href":"https:\/\/agora.xtec.cat\/ceipbenviure\/wp-json\/wp\/v2\/pages"}],"about":[{"href":"https:\/\/agora.xtec.cat\/ceipbenviure\/wp-json\/wp\/v2\/types\/page"}],"author":[{"embeddable":true,"href":"https:\/\/agora.xtec.cat\/ceipbenviure\/wp-json\/wp\/v2\/users\/1"}],"replies":[{"embeddable":true,"href":"https:\/\/agora.xtec.cat\/ceipbenviure\/wp-json\/wp\/v2\/comments?post=487"}],"version-history":[{"count":3,"href":"https:\/\/agora.xtec.cat\/ceipbenviure\/wp-json\/wp\/v2\/pages\/487\/revisions"}],"predecessor-version":[{"id":14509,"href":"https:\/\/agora.xtec.cat\/ceipbenviure\/wp-json\/wp\/v2\/pages\/487\/revisions\/14509"}],"up":[{"embeddable":true,"href":"https:\/\/agora.xtec.cat\/ceipbenviure\/wp-json\/wp\/v2\/pages\/64"}],"wp:attachment":[{"href":"https:\/\/agora.xtec.cat\/ceipbenviure\/wp-json\/wp\/v2\/media?parent=487"}],"curies":[{"name":"wp","href":"https:\/\/api.w.org\/{rel}","templated":true}]}}