{"id":2057,"date":"2014-01-31T00:57:39","date_gmt":"2014-01-30T23:57:39","guid":{"rendered":"http:\/\/benviure.cat\/?page_id=2057"},"modified":"2026-01-30T12:34:51","modified_gmt":"2026-01-30T11:34:51","slug":"extraescolars-i-acollida","status":"publish","type":"page","link":"https:\/\/agora.xtec.cat\/ceipbenviure\/ampa\/extraescolars-i-acollida\/","title":{"rendered":"Extraescolars i acollida"},"content":{"rendered":"<p><img loading=\"lazy\" decoding=\"async\" class=\"alignnone size-full wp-image-10730\" src=\"https:\/\/agora.xtec.cat\/ceipbenviure\/wp-content\/uploads\/usu1908\/Bv_extraescolar_teatre.jpg\" alt=\"\" width=\"920\" height=\"644\" srcset=\"https:\/\/agora.xtec.cat\/ceipbenviure\/wp-content\/uploads\/usu1908\/Bv_extraescolar_teatre.jpg 920w, https:\/\/agora.xtec.cat\/ceipbenviure\/wp-content\/uploads\/usu1908\/Bv_extraescolar_teatre-300x210.jpg 300w, https:\/\/agora.xtec.cat\/ceipbenviure\/wp-content\/uploads\/usu1908\/Bv_extraescolar_teatre-768x538.jpg 768w\" sizes=\"auto, (max-width: 920px) 100vw, 920px\" \/><\/p>\n<h1>LA COMISSI\u00d3 D&#8217;EXTRAESCOLARS<\/h1>\n<p><strong>Acollides de mat\u00ed i tarda:<\/strong><\/p>\n<p>A l&#8217;escola Benviure disposem de servei d&#8217;acollida matinal de 7.30 a 9h i de tarda de 16.30 a 17.30 i est\u00e0 disponible per tots els infants de l&#8217;escola que ho necessitin.<\/p>\n<p>Es pot fer \u00fas del servei en franges de 30 minuts diaris, 1 hora di\u00e0ria\u00a0 o 1.5 hores cada dia. Tamb\u00e9 hi ha l&#8217;opci\u00f3 d&#8217;utilitzar aquest servei de forma puntual o pagant una quota fixe.<\/p>\n<p><strong>Extraescolars de migdia:<\/strong><\/p>\n<ul>\n&#8211; Extraescolar d\u2019angl\u00e8s<\/p>\n<p>D&#8217;I4 a 1r: un dia a la setmana durant l\u2019horari de menjador. Preu: 30 \u20ac<\/p>\n<p>De 2n a 6\u00e8: dos dies a la setmana durant l\u2019horari de menjador. Preu: 55 \u20ac<\/p>\n<p>&#8211; Cant Coral<br \/>\nDe 1r a 4t: els divendres de 14.00 a 15.00<\/p>\n<p>&#8211; Escacs<br \/>\nDe 1r a 5\u00e8: els dilluns de 14.00 a 15.00<\/p>\n<p><strong>Extraescolars de tarda:<\/strong><\/p>\n<p>L\u2019AFA t\u00e9 previst oferir tota una s\u00e8rie d\u2019activitats de lleure, esportives i de refor\u00e7 per complimentar el desenvolupament dels nostres infants.<\/p>\n<p>Els horaris, com cada any, estan pensats per donar continu\u00eftat a l\u2019horari escolar, comen\u00e7ant a les 16.30h i finalitzant les activitats aproximadament a les 18h.<\/p>\n<p>La llista de propostes que des de l\u2019AFA s\u2019intentaran portar a terme el proper curs 25-26 seran:<\/p>\n<ul>\n<li>B\u00e0squet<\/li>\n<li>Dansa urbana<\/li>\n<li>Futbol sala<\/li>\n<li>Gimn\u00e0stica esportiva<\/li>\n<li>Patinatge<\/li>\n<li>Petits artistes<\/li>\n<li>Taekwondo<\/li>\n<\/ul>\n<p>Aquesta llista s\u2019actualitzar\u00e0 cada curs i la realitzaci\u00f3 estar\u00e0 subjecte a un nombre d\u2019inscrits m\u00ednim.<\/p>\n<p>Trobareu tota la informaci\u00f3 complerta al seg\u00fcent document:<\/p>\n<p><a href=\"https:\/\/flipbookpdf.net\/web\/site\/575a033208acf71f1c97292298e2998ccc4f7915202601.pdf.html\" target=\"_blank\">EXTRAESCOLARS 25-26<\/a><\/p>\n<p align=\"left\"><strong>Contacte:<\/strong><\/p>\n<p align=\"left\"><a href=\"mailto:extraescolarsafabenviure@gmail.com\" target=\"_blank\" rel=\"noopener\">extraescolarsafabenviure@<wbr \/>gmail.com<\/a><\/p>\n","protected":false},"excerpt":{"rendered":"<p>LA COMISSI\u00d3 D&#8217;EXTRAESCOLARS Acollides de mat\u00ed i tarda: A l&#8217;escola Benviure disposem de servei d&#8217;acollida matinal de 7.30 a 9h i de tarda de 16.30 a 17.30 i est\u00e0 disponible per tots els infants de l&#8217;escola que ho necessitin. Es pot fer \u00fas del servei en franges de 30 minuts diaris, 1 hora di\u00e0ria\u00a0 o [&hellip;]<\/p>\n","protected":false},"author":2,"featured_media":0,"parent":479,"menu_order":2,"comment_status":"closed","ping_status":"closed","template":"","meta":{"_bbp_topic_count":0,"_bbp_reply_count":0,"_bbp_total_topic_count":0,"_bbp_total_reply_count":0,"_bbp_voice_count":0,"_bbp_anonymous_reply_count":0,"_bbp_topic_count_hidden":0,"_bbp_reply_count_hidden":0,"_bbp_forum_subforum_count":0,"site-sidebar-layout":"default","site-content-layout":"","ast-site-content-layout":"default","site-content-style":"default","site-sidebar-style":"default","ast-global-header-display":"","ast-banner-title-visibility":"","ast-main-header-display":"","ast-hfb-above-header-display":"","ast-hfb-below-header-display":"","ast-hfb-mobile-header-display":"","site-post-title":"","ast-breadcrumbs-content":"","ast-featured-img":"","footer-sml-layout":"","theme-transparent-header-meta":"default","adv-header-id-meta":"","stick-header-meta":"","header-above-stick-meta":"","header-main-stick-meta":"","header-below-stick-meta":"","astra-migrate-meta-layouts":"set","ast-page-background-enabled":"default","ast-page-background-meta":{"desktop":{"background-color":"var(--ast-global-color-4)","background-image":"","background-repeat":"repeat","background-position":"center center","background-size":"auto","background-attachment":"scroll","background-type":"","background-media":"","overlay-type":"","overlay-color":"","overlay-opacity":"","overlay-gradient":""},"tablet":{"background-color":"","background-image":"","background-repeat":"repeat","background-position":"center center","background-size":"auto","background-attachment":"scroll","background-type":"","background-media":"","overlay-type":"","overlay-color":"","overlay-opacity":"","overlay-gradient":""},"mobile":{"background-color":"","background-image":"","background-repeat":"repeat","background-position":"center center","background-size":"auto","background-attachment":"scroll","background-type":"","background-media":"","overlay-type":"","overlay-color":"","overlay-opacity":"","overlay-gradient":""}},"ast-content-background-meta":{"desktop":{"background-color":"var(--ast-global-color-5)","background-image":"","background-repeat":"repeat","background-position":"center center","background-size":"auto","background-attachment":"scroll","background-type":"","background-media":"","overlay-type":"","overlay-color":"","overlay-opacity":"","overlay-gradient":""},"tablet":{"background-color":"var(--ast-global-color-5)","background-image":"","background-repeat":"repeat","background-position":"center center","background-size":"auto","background-attachment":"scroll","background-type":"","background-media":"","overlay-type":"","overlay-color":"","overlay-opacity":"","overlay-gradient":""},"mobile":{"background-color":"var(--ast-global-color-5)","background-image":"","background-repeat":"repeat","background-position":"center center","background-size":"auto","background-attachment":"scroll","background-type":"","background-media":"","overlay-type":"","overlay-color":"","overlay-opacity":"","overlay-gradient":""}},"footnotes":""},"class_list":["post-2057","page","type-page","status-publish","hentry"],"post_mailing_queue_ids":[],"_links":{"self":[{"href":"https:\/\/agora.xtec.cat\/ceipbenviure\/wp-json\/wp\/v2\/pages\/2057","targetHints":{"allow":["GET"]}}],"collection":[{"href":"https:\/\/agora.xtec.cat\/ceipbenviure\/wp-json\/wp\/v2\/pages"}],"about":[{"href":"https:\/\/agora.xtec.cat\/ceipbenviure\/wp-json\/wp\/v2\/types\/page"}],"author":[{"embeddable":true,"href":"https:\/\/agora.xtec.cat\/ceipbenviure\/wp-json\/wp\/v2\/users\/2"}],"replies":[{"embeddable":true,"href":"https:\/\/agora.xtec.cat\/ceipbenviure\/wp-json\/wp\/v2\/comments?post=2057"}],"version-history":[{"count":6,"href":"https:\/\/agora.xtec.cat\/ceipbenviure\/wp-json\/wp\/v2\/pages\/2057\/revisions"}],"predecessor-version":[{"id":17275,"href":"https:\/\/agora.xtec.cat\/ceipbenviure\/wp-json\/wp\/v2\/pages\/2057\/revisions\/17275"}],"up":[{"embeddable":true,"href":"https:\/\/agora.xtec.cat\/ceipbenviure\/wp-json\/wp\/v2\/pages\/479"}],"wp:attachment":[{"href":"https:\/\/agora.xtec.cat\/ceipbenviure\/wp-json\/wp\/v2\/media?parent=2057"}],"curies":[{"name":"wp","href":"https:\/\/api.w.org\/{rel}","templated":true}]}}