{"id":2038,"date":"2014-01-31T00:32:12","date_gmt":"2014-01-30T23:32:12","guid":{"rendered":"http:\/\/benviure.cat\/?page_id=2038"},"modified":"2021-03-06T21:09:20","modified_gmt":"2021-03-06T20:09:20","slug":"menjador","status":"publish","type":"page","link":"https:\/\/agora.xtec.cat\/ceipbenviure\/ampa\/menjador\/","title":{"rendered":"Menjador"},"content":{"rendered":"<p><img loading=\"lazy\" decoding=\"async\" class=\"alignnone size-full wp-image-10735\" src=\"https:\/\/agora.xtec.cat\/ceipbenviure\/wp-content\/uploads\/usu1908\/menjador_ampa.jpg\" alt=\"\" width=\"600\" height=\"276\" srcset=\"https:\/\/agora.xtec.cat\/ceipbenviure\/wp-content\/uploads\/usu1908\/menjador_ampa.jpg 600w, https:\/\/agora.xtec.cat\/ceipbenviure\/wp-content\/uploads\/usu1908\/menjador_ampa-300x138.jpg 300w\" sizes=\"auto, (max-width: 600px) 100vw, 600px\" \/><\/p>\n<h1>LA COMISSI\u00d3 DE MENJADOR I ACOLLIDA<\/h1>\n<p>La comissi\u00f3 de menjador &#8211; acollida t\u00e9 com a objectius principals, a m\u00e9s de garantir una alimentaci\u00f3 adequada, vetllar per l&#8217;adquisici\u00f3 d&#8217;h\u00e0bits i conductes educatives referents a la conviv\u00e8ncia, a l&#8217;alimentaci\u00f3, a la higiene, al lleure i al descans i fer arribar, mitjan\u00e7ant reunions peri\u00f2diques amb l&#8217;empresa de menjador i la direcci\u00f3 del centre, els precs i preguntes que ens adrecen els pares del centre.<\/p>\n<p>El temps de menjador i acollida pret\u00e9n oferir una continu\u00eftat en la tasca educativa de l&#8217;escola i garantir a tots els alumnes que l&#8217;utilitzen, la seva formaci\u00f3 tant a l&#8217;hora de dinar com a les estones del lleure, possibilitant-los l&#8217;adquisici\u00f3 d&#8217;h\u00e0bits personals i socials.<\/p>\n<p><strong>Contacte:<\/strong><\/p>\n<p><a href=\"mailto:comissiomenjadorafabenviure@gmail.com\">comissiomenjadorafabenviure@gmail.com<\/a><\/p>\n","protected":false},"excerpt":{"rendered":"<p>LA COMISSI\u00d3 DE MENJADOR I ACOLLIDA La comissi\u00f3 de menjador &#8211; acollida t\u00e9 com a objectius principals, a m\u00e9s de garantir una alimentaci\u00f3 adequada, vetllar per l&#8217;adquisici\u00f3 d&#8217;h\u00e0bits i conductes educatives referents a la conviv\u00e8ncia, a l&#8217;alimentaci\u00f3, a la higiene, al lleure i al descans i fer arribar, mitjan\u00e7ant reunions peri\u00f2diques amb l&#8217;empresa de menjador [&hellip;]<\/p>\n","protected":false},"author":2,"featured_media":0,"parent":479,"menu_order":3,"comment_status":"closed","ping_status":"closed","template":"page-templates\/side-menu.php","meta":{"_bbp_topic_count":0,"_bbp_reply_count":0,"_bbp_total_topic_count":0,"_bbp_total_reply_count":0,"_bbp_voice_count":0,"_bbp_anonymous_reply_count":0,"_bbp_topic_count_hidden":0,"_bbp_reply_count_hidden":0,"_bbp_forum_subforum_count":0,"site-sidebar-layout":"default","site-content-layout":"","ast-site-content-layout":"","site-content-style":"default","site-sidebar-style":"default","ast-global-header-display":"","ast-banner-title-visibility":"","ast-main-header-display":"","ast-hfb-above-header-display":"","ast-hfb-below-header-display":"","ast-hfb-mobile-header-display":"","site-post-title":"","ast-breadcrumbs-content":"","ast-featured-img":"","footer-sml-layout":"","theme-transparent-header-meta":"","adv-header-id-meta":"","stick-header-meta":"","header-above-stick-meta":"","header-main-stick-meta":"","header-below-stick-meta":"","astra-migrate-meta-layouts":"default","ast-page-background-enabled":"default","ast-page-background-meta":{"desktop":{"background-color":"var(--ast-global-color-4)","background-image":"","background-repeat":"repeat","background-position":"center center","background-size":"auto","background-attachment":"scroll","background-type":"","background-media":"","overlay-type":"","overlay-color":"","overlay-opacity":"","overlay-gradient":""},"tablet":{"background-color":"","background-image":"","background-repeat":"repeat","background-position":"center center","background-size":"auto","background-attachment":"scroll","background-type":"","background-media":"","overlay-type":"","overlay-color":"","overlay-opacity":"","overlay-gradient":""},"mobile":{"background-color":"","background-image":"","background-repeat":"repeat","background-position":"center center","background-size":"auto","background-attachment":"scroll","background-type":"","background-media":"","overlay-type":"","overlay-color":"","overlay-opacity":"","overlay-gradient":""}},"ast-content-background-meta":{"desktop":{"background-color":"var(--ast-global-color-5)","background-image":"","background-repeat":"repeat","background-position":"center center","background-size":"auto","background-attachment":"scroll","background-type":"","background-media":"","overlay-type":"","overlay-color":"","overlay-opacity":"","overlay-gradient":""},"tablet":{"background-color":"var(--ast-global-color-5)","background-image":"","background-repeat":"repeat","background-position":"center center","background-size":"auto","background-attachment":"scroll","background-type":"","background-media":"","overlay-type":"","overlay-color":"","overlay-opacity":"","overlay-gradient":""},"mobile":{"background-color":"var(--ast-global-color-5)","background-image":"","background-repeat":"repeat","background-position":"center center","background-size":"auto","background-attachment":"scroll","background-type":"","background-media":"","overlay-type":"","overlay-color":"","overlay-opacity":"","overlay-gradient":""}},"footnotes":""},"class_list":["post-2038","page","type-page","status-publish","hentry"],"post_mailing_queue_ids":[],"_links":{"self":[{"href":"https:\/\/agora.xtec.cat\/ceipbenviure\/wp-json\/wp\/v2\/pages\/2038","targetHints":{"allow":["GET"]}}],"collection":[{"href":"https:\/\/agora.xtec.cat\/ceipbenviure\/wp-json\/wp\/v2\/pages"}],"about":[{"href":"https:\/\/agora.xtec.cat\/ceipbenviure\/wp-json\/wp\/v2\/types\/page"}],"author":[{"embeddable":true,"href":"https:\/\/agora.xtec.cat\/ceipbenviure\/wp-json\/wp\/v2\/users\/2"}],"replies":[{"embeddable":true,"href":"https:\/\/agora.xtec.cat\/ceipbenviure\/wp-json\/wp\/v2\/comments?post=2038"}],"version-history":[{"count":3,"href":"https:\/\/agora.xtec.cat\/ceipbenviure\/wp-json\/wp\/v2\/pages\/2038\/revisions"}],"predecessor-version":[{"id":13161,"href":"https:\/\/agora.xtec.cat\/ceipbenviure\/wp-json\/wp\/v2\/pages\/2038\/revisions\/13161"}],"up":[{"embeddable":true,"href":"https:\/\/agora.xtec.cat\/ceipbenviure\/wp-json\/wp\/v2\/pages\/479"}],"wp:attachment":[{"href":"https:\/\/agora.xtec.cat\/ceipbenviure\/wp-json\/wp\/v2\/media?parent=2038"}],"curies":[{"name":"wp","href":"https:\/\/api.w.org\/{rel}","templated":true}]}}