{"id":2030,"date":"2014-01-30T00:06:21","date_gmt":"2014-01-29T23:06:21","guid":{"rendered":"http:\/\/benviure.cat\/?page_id=2030"},"modified":"2026-02-07T09:35:31","modified_gmt":"2026-02-07T08:35:31","slug":"reutilitzacio-de-llibres","status":"publish","type":"page","link":"https:\/\/agora.xtec.cat\/ceipbenviure\/ampa\/reutilitzacio-de-llibres\/","title":{"rendered":"Diversitat i Inclusi\u00f3"},"content":{"rendered":"<p><img loading=\"lazy\" decoding=\"async\" class=\"wp-image-17292 aligncenter\" src=\"https:\/\/agora.xtec.cat\/ceipbenviure\/wp-content\/uploads\/usu1908\/inclusion-educativa-300x136-1.jpg\" alt=\"\" width=\"527\" height=\"239\" \/><\/p>\n<p><strong>DIVERSITAT I INCLUSI\u00d3<\/strong><\/p>\n<p>La Comissi\u00f3 de Diversitat i Inclusi\u00f3 t\u00e9 la voluntat de posar en valor la riquesa que ens aporta la diversitat present a la nostra escola.<br \/>\nVolem donar suport a les diverses realitats de les fam\u00edlies del centre a partir de promoure espais de reflexi\u00f3, xerrades i un punt de trobada.<br \/>\nSi teniu alguna inquietud i propostes podeu contactar-nos al seg\u00fcent email:<\/p>\n<p><a href=\"mailto:comissiodiversitatafabenviure@gmail.com\" target=\"_blank\" rel=\"noopener\">comissiodiversitatafabenviure<span class=\"atwho-query\">@gmail.com<\/span><\/a><\/p>\n","protected":false},"excerpt":{"rendered":"<p>DIVERSITAT I INCLUSI\u00d3 La Comissi\u00f3 de Diversitat i Inclusi\u00f3 t\u00e9 la voluntat de posar en valor la riquesa que ens aporta la diversitat present a la nostra escola. Volem donar suport a les diverses realitats de les fam\u00edlies del centre a partir de promoure espais de reflexi\u00f3, xerrades i un punt de trobada. Si teniu [&hellip;]<\/p>\n","protected":false},"author":2,"featured_media":0,"parent":479,"menu_order":4,"comment_status":"closed","ping_status":"closed","template":"","meta":{"_bbp_topic_count":0,"_bbp_reply_count":0,"_bbp_total_topic_count":0,"_bbp_total_reply_count":0,"_bbp_voice_count":0,"_bbp_anonymous_reply_count":0,"_bbp_topic_count_hidden":0,"_bbp_reply_count_hidden":0,"_bbp_forum_subforum_count":0,"site-sidebar-layout":"default","site-content-layout":"","ast-site-content-layout":"default","site-content-style":"default","site-sidebar-style":"default","ast-global-header-display":"","ast-banner-title-visibility":"","ast-main-header-display":"","ast-hfb-above-header-display":"","ast-hfb-below-header-display":"","ast-hfb-mobile-header-display":"","site-post-title":"","ast-breadcrumbs-content":"","ast-featured-img":"","footer-sml-layout":"","theme-transparent-header-meta":"default","adv-header-id-meta":"","stick-header-meta":"","header-above-stick-meta":"","header-main-stick-meta":"","header-below-stick-meta":"","astra-migrate-meta-layouts":"set","ast-page-background-enabled":"default","ast-page-background-meta":{"desktop":{"background-color":"var(--ast-global-color-4)","background-image":"","background-repeat":"repeat","background-position":"center center","background-size":"auto","background-attachment":"scroll","background-type":"","background-media":"","overlay-type":"","overlay-color":"","overlay-opacity":"","overlay-gradient":""},"tablet":{"background-color":"","background-image":"","background-repeat":"repeat","background-position":"center center","background-size":"auto","background-attachment":"scroll","background-type":"","background-media":"","overlay-type":"","overlay-color":"","overlay-opacity":"","overlay-gradient":""},"mobile":{"background-color":"","background-image":"","background-repeat":"repeat","background-position":"center center","background-size":"auto","background-attachment":"scroll","background-type":"","background-media":"","overlay-type":"","overlay-color":"","overlay-opacity":"","overlay-gradient":""}},"ast-content-background-meta":{"desktop":{"background-color":"var(--ast-global-color-5)","background-image":"","background-repeat":"repeat","background-position":"center center","background-size":"auto","background-attachment":"scroll","background-type":"","background-media":"","overlay-type":"","overlay-color":"","overlay-opacity":"","overlay-gradient":""},"tablet":{"background-color":"var(--ast-global-color-5)","background-image":"","background-repeat":"repeat","background-position":"center center","background-size":"auto","background-attachment":"scroll","background-type":"","background-media":"","overlay-type":"","overlay-color":"","overlay-opacity":"","overlay-gradient":""},"mobile":{"background-color":"var(--ast-global-color-5)","background-image":"","background-repeat":"repeat","background-position":"center center","background-size":"auto","background-attachment":"scroll","background-type":"","background-media":"","overlay-type":"","overlay-color":"","overlay-opacity":"","overlay-gradient":""}},"footnotes":""},"class_list":["post-2030","page","type-page","status-publish","hentry"],"post_mailing_queue_ids":[],"_links":{"self":[{"href":"https:\/\/agora.xtec.cat\/ceipbenviure\/wp-json\/wp\/v2\/pages\/2030","targetHints":{"allow":["GET"]}}],"collection":[{"href":"https:\/\/agora.xtec.cat\/ceipbenviure\/wp-json\/wp\/v2\/pages"}],"about":[{"href":"https:\/\/agora.xtec.cat\/ceipbenviure\/wp-json\/wp\/v2\/types\/page"}],"author":[{"embeddable":true,"href":"https:\/\/agora.xtec.cat\/ceipbenviure\/wp-json\/wp\/v2\/users\/2"}],"replies":[{"embeddable":true,"href":"https:\/\/agora.xtec.cat\/ceipbenviure\/wp-json\/wp\/v2\/comments?post=2030"}],"version-history":[{"count":6,"href":"https:\/\/agora.xtec.cat\/ceipbenviure\/wp-json\/wp\/v2\/pages\/2030\/revisions"}],"predecessor-version":[{"id":17294,"href":"https:\/\/agora.xtec.cat\/ceipbenviure\/wp-json\/wp\/v2\/pages\/2030\/revisions\/17294"}],"up":[{"embeddable":true,"href":"https:\/\/agora.xtec.cat\/ceipbenviure\/wp-json\/wp\/v2\/pages\/479"}],"wp:attachment":[{"href":"https:\/\/agora.xtec.cat\/ceipbenviure\/wp-json\/wp\/v2\/media?parent=2030"}],"curies":[{"name":"wp","href":"https:\/\/api.w.org\/{rel}","templated":true}]}}