{"id":2026,"date":"2014-01-29T23:53:27","date_gmt":"2014-01-29T22:53:27","guid":{"rendered":"http:\/\/benviure.cat\/?page_id=2026"},"modified":"2021-03-08T11:34:09","modified_gmt":"2021-03-08T10:34:09","slug":"economia","status":"publish","type":"page","link":"https:\/\/agora.xtec.cat\/ceipbenviure\/ampa\/economia\/","title":{"rendered":"Actes i celebracions"},"content":{"rendered":"<p><img loading=\"lazy\" decoding=\"async\" class=\"aligncenter wp-image-13185 size-large\" src=\"https:\/\/agora.xtec.cat\/ceipbenviure\/wp-content\/uploads\/usu1908\/DSCN5871-1024x768.jpg\" alt=\"\" width=\"1024\" height=\"768\" srcset=\"https:\/\/agora.xtec.cat\/ceipbenviure\/wp-content\/uploads\/usu1908\/DSCN5871-1024x768.jpg 1024w, https:\/\/agora.xtec.cat\/ceipbenviure\/wp-content\/uploads\/usu1908\/DSCN5871-300x225.jpg 300w, https:\/\/agora.xtec.cat\/ceipbenviure\/wp-content\/uploads\/usu1908\/DSCN5871-768x576.jpg 768w, https:\/\/agora.xtec.cat\/ceipbenviure\/wp-content\/uploads\/usu1908\/DSCN5871-200x150.jpg 200w\" sizes=\"auto, (max-width: 1024px) 100vw, 1024px\" \/><\/p>\n<p style=\"margin-bottom: 5px;\">Mitjan\u00e7ant la comissi\u00f3 d&#8217;actes i celebracions oferim diferents propostes l\u00fadiques per a les fam\u00edlies de l&#8217;escola i del municipi.<\/p>\n<p align=\"left\"><span style=\"font-family: Candara, serif;\">En aquesta comissi\u00f3 busquem propostes formatives que siguin d\u2019inter\u00e8s pels pares i mares, organitzem xerrades amb la col\u00b7laboraci\u00f3 de la resta d\u2019escoles, organitzem la festa de final de curs, el tastet de Festa major, col\u00b7laborem amb la Marat\u00f3 de TV3 i fomentem totes aquelles activitats que proporcionen un espai compartit per tots els membres de la comunitat educativa i que donen valor a la participaci\u00f3 de tothom d\u2019una forma l\u00fadica.<\/span><\/p>\n<p><strong>Contacte:<\/strong><\/p>\n<p><a href=\"mailto:comissioactesafabenviure@gmail.com\">comissioactesafabenviure@gmail.com<\/a><\/p>\n","protected":false},"excerpt":{"rendered":"<p>Mitjan\u00e7ant la comissi\u00f3 d&#8217;actes i celebracions oferim diferents propostes l\u00fadiques per a les fam\u00edlies de l&#8217;escola i del municipi. En aquesta comissi\u00f3 busquem propostes formatives que siguin d\u2019inter\u00e8s pels pares i mares, organitzem xerrades amb la col\u00b7laboraci\u00f3 de la resta d\u2019escoles, organitzem la festa de final de curs, el tastet de Festa major, col\u00b7laborem amb [&hellip;]<\/p>\n","protected":false},"author":2,"featured_media":0,"parent":479,"menu_order":1,"comment_status":"closed","ping_status":"closed","template":"page-templates\/side-menu.php","meta":{"_bbp_topic_count":0,"_bbp_reply_count":0,"_bbp_total_topic_count":0,"_bbp_total_reply_count":0,"_bbp_voice_count":0,"_bbp_anonymous_reply_count":0,"_bbp_topic_count_hidden":0,"_bbp_reply_count_hidden":0,"_bbp_forum_subforum_count":0,"site-sidebar-layout":"default","site-content-layout":"","ast-site-content-layout":"","site-content-style":"default","site-sidebar-style":"default","ast-global-header-display":"","ast-banner-title-visibility":"","ast-main-header-display":"","ast-hfb-above-header-display":"","ast-hfb-below-header-display":"","ast-hfb-mobile-header-display":"","site-post-title":"","ast-breadcrumbs-content":"","ast-featured-img":"","footer-sml-layout":"","theme-transparent-header-meta":"","adv-header-id-meta":"","stick-header-meta":"","header-above-stick-meta":"","header-main-stick-meta":"","header-below-stick-meta":"","astra-migrate-meta-layouts":"default","ast-page-background-enabled":"default","ast-page-background-meta":{"desktop":{"background-color":"var(--ast-global-color-4)","background-image":"","background-repeat":"repeat","background-position":"center center","background-size":"auto","background-attachment":"scroll","background-type":"","background-media":"","overlay-type":"","overlay-color":"","overlay-opacity":"","overlay-gradient":""},"tablet":{"background-color":"","background-image":"","background-repeat":"repeat","background-position":"center center","background-size":"auto","background-attachment":"scroll","background-type":"","background-media":"","overlay-type":"","overlay-color":"","overlay-opacity":"","overlay-gradient":""},"mobile":{"background-color":"","background-image":"","background-repeat":"repeat","background-position":"center center","background-size":"auto","background-attachment":"scroll","background-type":"","background-media":"","overlay-type":"","overlay-color":"","overlay-opacity":"","overlay-gradient":""}},"ast-content-background-meta":{"desktop":{"background-color":"var(--ast-global-color-5)","background-image":"","background-repeat":"repeat","background-position":"center center","background-size":"auto","background-attachment":"scroll","background-type":"","background-media":"","overlay-type":"","overlay-color":"","overlay-opacity":"","overlay-gradient":""},"tablet":{"background-color":"var(--ast-global-color-5)","background-image":"","background-repeat":"repeat","background-position":"center center","background-size":"auto","background-attachment":"scroll","background-type":"","background-media":"","overlay-type":"","overlay-color":"","overlay-opacity":"","overlay-gradient":""},"mobile":{"background-color":"var(--ast-global-color-5)","background-image":"","background-repeat":"repeat","background-position":"center center","background-size":"auto","background-attachment":"scroll","background-type":"","background-media":"","overlay-type":"","overlay-color":"","overlay-opacity":"","overlay-gradient":""}},"footnotes":""},"class_list":["post-2026","page","type-page","status-publish","hentry"],"post_mailing_queue_ids":[],"_links":{"self":[{"href":"https:\/\/agora.xtec.cat\/ceipbenviure\/wp-json\/wp\/v2\/pages\/2026","targetHints":{"allow":["GET"]}}],"collection":[{"href":"https:\/\/agora.xtec.cat\/ceipbenviure\/wp-json\/wp\/v2\/pages"}],"about":[{"href":"https:\/\/agora.xtec.cat\/ceipbenviure\/wp-json\/wp\/v2\/types\/page"}],"author":[{"embeddable":true,"href":"https:\/\/agora.xtec.cat\/ceipbenviure\/wp-json\/wp\/v2\/users\/2"}],"replies":[{"embeddable":true,"href":"https:\/\/agora.xtec.cat\/ceipbenviure\/wp-json\/wp\/v2\/comments?post=2026"}],"version-history":[{"count":3,"href":"https:\/\/agora.xtec.cat\/ceipbenviure\/wp-json\/wp\/v2\/pages\/2026\/revisions"}],"predecessor-version":[{"id":13186,"href":"https:\/\/agora.xtec.cat\/ceipbenviure\/wp-json\/wp\/v2\/pages\/2026\/revisions\/13186"}],"up":[{"embeddable":true,"href":"https:\/\/agora.xtec.cat\/ceipbenviure\/wp-json\/wp\/v2\/pages\/479"}],"wp:attachment":[{"href":"https:\/\/agora.xtec.cat\/ceipbenviure\/wp-json\/wp\/v2\/media?parent=2026"}],"curies":[{"name":"wp","href":"https:\/\/api.w.org\/{rel}","templated":true}]}}