{"id":1987,"date":"2014-01-24T19:16:59","date_gmt":"2014-01-24T18:16:59","guid":{"rendered":"http:\/\/benviure.cat\/?page_id=1987"},"modified":"2025-02-21T15:35:28","modified_gmt":"2025-02-21T14:35:28","slug":"el-nostre-nom","status":"publish","type":"page","link":"https:\/\/agora.xtec.cat\/ceipbenviure\/el-nostre-centre\/el-nostre-nom\/","title":{"rendered":"El nostre nom"},"content":{"rendered":"<p><img loading=\"lazy\" decoding=\"async\" class=\"alignnone size-full wp-image-10745\" src=\"https:\/\/agora.xtec.cat\/ceipbenviure\/wp-content\/uploads\/usu1908\/elnostrenom.jpg\" alt=\"\" width=\"920\" height=\"580\" srcset=\"https:\/\/agora.xtec.cat\/ceipbenviure\/wp-content\/uploads\/usu1908\/elnostrenom.jpg 920w, https:\/\/agora.xtec.cat\/ceipbenviure\/wp-content\/uploads\/usu1908\/elnostrenom-300x189.jpg 300w, https:\/\/agora.xtec.cat\/ceipbenviure\/wp-content\/uploads\/usu1908\/elnostrenom-768x484.jpg 768w\" sizes=\"auto, (max-width: 920px) 100vw, 920px\" \/><\/p>\n<p>Just al davant del col\u00b7legi hi ha el Parc de l\u2019Ermita i l\u2019ermita de Sant Vicen\u00e7. En aquest indret, abans de l\u2019any 1045, hi havia una casa de rep\u00f2s i una ermita m\u00e9s antiga que l\u2019actual. En aquells temps el riu Llobregat era la frontera amb el territori musulm\u00e0 i sovint hi havia guerres, per aix\u00f2 es va fortificar l\u2019edifici i va passar a dir-se \u201cCastell\u201d. Com que era un lloc apartat, per anar a descansar i a reposar, la gent li deia Castell del Benviure.<br \/>\nAl Castell del Benviure hi anaven sovint a descansar els bisbes, d\u2019aqu\u00ed ve el nom de CASTELLBISBAL (Castell del bisbe).<\/p>\n<p>El logotip de l&#8217;escola es va dissenyar tenint en compte aquests elements geogr\u00e0fics. El blau del riu queda reflectit en la tipografia, el marr\u00f3 vermell\u00f3s identifica el color de la nostra terra i la &#8220;B&#8221; com a gran tur\u00f3 coronat per les torres del castell t\u00e9 les formes pr\u00f2pies dels nostres camins.<\/p>\n","protected":false},"excerpt":{"rendered":"<p>Just al davant del col\u00b7legi hi ha el Parc de l\u2019Ermita i l\u2019ermita de Sant Vicen\u00e7. En aquest indret, abans de l\u2019any 1045, hi havia una casa de rep\u00f2s i una ermita m\u00e9s antiga que l\u2019actual. En aquells temps el riu Llobregat era la frontera amb el territori musulm\u00e0 i sovint hi havia guerres, per [&hellip;]<\/p>\n","protected":false},"author":2,"featured_media":0,"parent":1642,"menu_order":6,"comment_status":"closed","ping_status":"closed","template":"page-templates\/side-menu.php","meta":{"_bbp_topic_count":0,"_bbp_reply_count":0,"_bbp_total_topic_count":0,"_bbp_total_reply_count":0,"_bbp_voice_count":0,"_bbp_anonymous_reply_count":0,"_bbp_topic_count_hidden":0,"_bbp_reply_count_hidden":0,"_bbp_forum_subforum_count":0,"site-sidebar-layout":"default","site-content-layout":"","ast-site-content-layout":"","site-content-style":"default","site-sidebar-style":"default","ast-global-header-display":"","ast-banner-title-visibility":"","ast-main-header-display":"","ast-hfb-above-header-display":"","ast-hfb-below-header-display":"","ast-hfb-mobile-header-display":"","site-post-title":"","ast-breadcrumbs-content":"","ast-featured-img":"","footer-sml-layout":"","theme-transparent-header-meta":"","adv-header-id-meta":"","stick-header-meta":"","header-above-stick-meta":"","header-main-stick-meta":"","header-below-stick-meta":"","astra-migrate-meta-layouts":"default","ast-page-background-enabled":"default","ast-page-background-meta":{"desktop":{"background-color":"var(--ast-global-color-4)","background-image":"","background-repeat":"repeat","background-position":"center center","background-size":"auto","background-attachment":"scroll","background-type":"","background-media":"","overlay-type":"","overlay-color":"","overlay-opacity":"","overlay-gradient":""},"tablet":{"background-color":"","background-image":"","background-repeat":"repeat","background-position":"center center","background-size":"auto","background-attachment":"scroll","background-type":"","background-media":"","overlay-type":"","overlay-color":"","overlay-opacity":"","overlay-gradient":""},"mobile":{"background-color":"","background-image":"","background-repeat":"repeat","background-position":"center center","background-size":"auto","background-attachment":"scroll","background-type":"","background-media":"","overlay-type":"","overlay-color":"","overlay-opacity":"","overlay-gradient":""}},"ast-content-background-meta":{"desktop":{"background-color":"var(--ast-global-color-5)","background-image":"","background-repeat":"repeat","background-position":"center center","background-size":"auto","background-attachment":"scroll","background-type":"","background-media":"","overlay-type":"","overlay-color":"","overlay-opacity":"","overlay-gradient":""},"tablet":{"background-color":"var(--ast-global-color-5)","background-image":"","background-repeat":"repeat","background-position":"center center","background-size":"auto","background-attachment":"scroll","background-type":"","background-media":"","overlay-type":"","overlay-color":"","overlay-opacity":"","overlay-gradient":""},"mobile":{"background-color":"var(--ast-global-color-5)","background-image":"","background-repeat":"repeat","background-position":"center center","background-size":"auto","background-attachment":"scroll","background-type":"","background-media":"","overlay-type":"","overlay-color":"","overlay-opacity":"","overlay-gradient":""}},"footnotes":""},"class_list":["post-1987","page","type-page","status-publish","hentry"],"post_mailing_queue_ids":[],"_links":{"self":[{"href":"https:\/\/agora.xtec.cat\/ceipbenviure\/wp-json\/wp\/v2\/pages\/1987","targetHints":{"allow":["GET"]}}],"collection":[{"href":"https:\/\/agora.xtec.cat\/ceipbenviure\/wp-json\/wp\/v2\/pages"}],"about":[{"href":"https:\/\/agora.xtec.cat\/ceipbenviure\/wp-json\/wp\/v2\/types\/page"}],"author":[{"embeddable":true,"href":"https:\/\/agora.xtec.cat\/ceipbenviure\/wp-json\/wp\/v2\/users\/2"}],"replies":[{"embeddable":true,"href":"https:\/\/agora.xtec.cat\/ceipbenviure\/wp-json\/wp\/v2\/comments?post=1987"}],"version-history":[{"count":3,"href":"https:\/\/agora.xtec.cat\/ceipbenviure\/wp-json\/wp\/v2\/pages\/1987\/revisions"}],"predecessor-version":[{"id":16676,"href":"https:\/\/agora.xtec.cat\/ceipbenviure\/wp-json\/wp\/v2\/pages\/1987\/revisions\/16676"}],"up":[{"embeddable":true,"href":"https:\/\/agora.xtec.cat\/ceipbenviure\/wp-json\/wp\/v2\/pages\/1642"}],"wp:attachment":[{"href":"https:\/\/agora.xtec.cat\/ceipbenviure\/wp-json\/wp\/v2\/media?parent=1987"}],"curies":[{"name":"wp","href":"https:\/\/api.w.org\/{rel}","templated":true}]}}