{"id":17236,"date":"2026-01-23T17:39:56","date_gmt":"2026-01-23T16:39:56","guid":{"rendered":"https:\/\/agora.xtec.cat\/ceipbenviure\/?page_id=17236"},"modified":"2026-01-23T17:39:56","modified_gmt":"2026-01-23T16:39:56","slug":"comunitat-de-petits","status":"publish","type":"page","link":"https:\/\/agora.xtec.cat\/ceipbenviure\/comunitat-de-petits\/","title":{"rendered":"Comunitat de petits"},"content":{"rendered":"<p><strong>Aprenem jugant: els Ambients a Educaci\u00f3 Infantil <\/strong><\/p>\n<p>A l\u2019etapa d\u2019Educaci\u00f3 Infantil, l\u2019aprenentatge es construeix a partir del joc, la curiositat i les ganes de descobrir el m\u00f3n. Per aix\u00f2, dues tardes a la setmana, els infants d\u2019I3, I4 i I5 participen en els Ambients d\u2019aprenentatge, una proposta que els permet barrejar-se, compartir experi\u00e8ncies i, sobretot, escollir lliurement qu\u00e8 volen fer.<\/p>\n<p>Els infants poden triar entre quatre ambients diferents, segons els seus interessos i motivacions. Aquesta llibertat fomenta l\u2019autonomia, la iniciativa personal i la capacitat de prendre decisions, tot respectant el ritme i les necessitats de cadasc\u00fa.<\/p>\n<p>A trav\u00e9s del joc, l\u2019experimentaci\u00f3 i la relaci\u00f3 amb els altres, es desenvolupen compet\u00e8ncies clau com la comunicaci\u00f3, la resoluci\u00f3 de problemes, la creativitat i el treball cooperatiu. La diversitat de materials i propostes fa possible atendre diferents estils d\u2019aprenentatge i afavorir un aprenentatge significatiu.<\/p>\n<p><strong>Els nostres ambients<\/strong><\/p>\n<p>Creart<br \/>\nEls infants s\u00f3n artistes per naturalesa! En aquest ambient poden expressar-se lliurement a trav\u00e9s de l\u2019art, utilitzant materials diversos com fang, papers, fils o cartr\u00f3, i t\u00e8cniques com la pintura, el collage, l\u2019estampaci\u00f3 o el modelatge. Un espai per crear, imaginar i gaudir.<\/p>\n<p>Construmon<br \/>\nConstruir, manipular i experimentar per entendre el m\u00f3n. Amb materials estructurats (fustes, Lego, bambutxi\u2026) i no estructurats (pinyes, pedres, troncs\u2026), els infants treballen de manera natural conceptes matem\u00e0tics com les seriacions, classificacions i simetries.<\/p>\n<p>M\u00f3n imaginari<br \/>\nUn espai per inventar hist\u00f2ries, jugar amb el llenguatge i deixar volar la imaginaci\u00f3. Titelles, teles, petits escenaris, disfresses, maquillatge i propostes inspirades en contes, receptes o joguines reciclades conviden a expressar-se oralment i a crear mons nous.<\/p>\n<p>Experimentaci\u00f3<br \/>\nAqu\u00ed despertem la curiositat cient\u00edfica! Els infants manipulen, observen, oloren, fan hip\u00f2tesis i es fan preguntes. A trav\u00e9s del joc descobreixen conceptes relacionats amb la ci\u00e8ncia com els sentits, les mesures o la flotabilitat, sempre d\u2019una manera vivencial i motivadora.<\/p>\n<p>L\u2019aprenentatge en ambients tamb\u00e9 t\u00e9 un fort vessant social: els infants aprenen els uns dels altres en grups heterogenis, compartint experi\u00e8ncies i enriquint el seu desenvolupament emocional, social i relacional.<\/p>\n<div class=\"ast-oembed-container \" style=\"height: 100%;\"><iframe loading=\"lazy\" title=\"Ambients a Infantil\" width=\"500\" height=\"281\" src=\"https:\/\/www.youtube.com\/embed\/qc2o39RfTkE?feature=oembed\" frameborder=\"0\" allow=\"accelerometer; autoplay; clipboard-write; encrypted-media; gyroscope; picture-in-picture; web-share\" referrerpolicy=\"strict-origin-when-cross-origin\" allowfullscreen><\/iframe><\/div>\n<p><strong>L\u2019hort del Benviure: aprendre amb les mans a la terra<\/strong><\/p>\n<p>A m\u00e9s, els infants d\u2019I5 s\u00f3n els encarregats i encarregades de plantar i tenir cura de l\u2019hort del centre. A trav\u00e9s d\u2019aquesta experi\u00e8ncia aprenen com neixen i creixen les plantes, s\u2019endinsen en el m\u00f3n de les lletres escrivint el nom del que planten i obren el seu paladar tastant all\u00f2 que han cuidat amb tanta il\u00b7lusi\u00f3.<\/p>\n<div class=\"ast-oembed-container \" style=\"height: 100%;\"><iframe loading=\"lazy\" title=\"L\u2019hort al Benviure cuidat pels infants d\u2019I5\" width=\"500\" height=\"281\" src=\"https:\/\/www.youtube.com\/embed\/CmdGVgGJmeY?feature=oembed\" frameborder=\"0\" allow=\"accelerometer; autoplay; clipboard-write; encrypted-media; gyroscope; picture-in-picture; web-share\" referrerpolicy=\"strict-origin-when-cross-origin\" allowfullscreen><\/iframe><\/div>\n","protected":false},"excerpt":{"rendered":"<p>Aprenem jugant: els Ambients a Educaci\u00f3 Infantil A l\u2019etapa d\u2019Educaci\u00f3 Infantil, l\u2019aprenentatge es construeix a partir del joc, la curiositat i les ganes de descobrir el m\u00f3n. Per aix\u00f2, dues tardes a la setmana, els infants d\u2019I3, I4 i I5 participen en els Ambients d\u2019aprenentatge, una proposta que els permet barrejar-se, compartir experi\u00e8ncies i, sobretot, [&hellip;]<\/p>\n","protected":false},"author":16,"featured_media":0,"parent":0,"menu_order":0,"comment_status":"closed","ping_status":"closed","template":"","meta":{"_bbp_topic_count":0,"_bbp_reply_count":0,"_bbp_total_topic_count":0,"_bbp_total_reply_count":0,"_bbp_voice_count":0,"_bbp_anonymous_reply_count":0,"_bbp_topic_count_hidden":0,"_bbp_reply_count_hidden":0,"_bbp_forum_subforum_count":0,"site-sidebar-layout":"default","site-content-layout":"","ast-site-content-layout":"default","site-content-style":"default","site-sidebar-style":"default","ast-global-header-display":"","ast-banner-title-visibility":"","ast-main-header-display":"","ast-hfb-above-header-display":"","ast-hfb-below-header-display":"","ast-hfb-mobile-header-display":"","site-post-title":"","ast-breadcrumbs-content":"","ast-featured-img":"","footer-sml-layout":"","theme-transparent-header-meta":"default","adv-header-id-meta":"","stick-header-meta":"","header-above-stick-meta":"","header-main-stick-meta":"","header-below-stick-meta":"","astra-migrate-meta-layouts":"set","ast-page-background-enabled":"default","ast-page-background-meta":{"desktop":{"background-color":"var(--ast-global-color-4)","background-image":"","background-repeat":"repeat","background-position":"center center","background-size":"auto","background-attachment":"scroll","background-type":"","background-media":"","overlay-type":"","overlay-color":"","overlay-opacity":"","overlay-gradient":""},"tablet":{"background-color":"","background-image":"","background-repeat":"repeat","background-position":"center center","background-size":"auto","background-attachment":"scroll","background-type":"","background-media":"","overlay-type":"","overlay-color":"","overlay-opacity":"","overlay-gradient":""},"mobile":{"background-color":"","background-image":"","background-repeat":"repeat","background-position":"center center","background-size":"auto","background-attachment":"scroll","background-type":"","background-media":"","overlay-type":"","overlay-color":"","overlay-opacity":"","overlay-gradient":""}},"ast-content-background-meta":{"desktop":{"background-color":"var(--ast-global-color-5)","background-image":"","background-repeat":"repeat","background-position":"center center","background-size":"auto","background-attachment":"scroll","background-type":"","background-media":"","overlay-type":"","overlay-color":"","overlay-opacity":"","overlay-gradient":""},"tablet":{"background-color":"var(--ast-global-color-5)","background-image":"","background-repeat":"repeat","background-position":"center center","background-size":"auto","background-attachment":"scroll","background-type":"","background-media":"","overlay-type":"","overlay-color":"","overlay-opacity":"","overlay-gradient":""},"mobile":{"background-color":"var(--ast-global-color-5)","background-image":"","background-repeat":"repeat","background-position":"center center","background-size":"auto","background-attachment":"scroll","background-type":"","background-media":"","overlay-type":"","overlay-color":"","overlay-opacity":"","overlay-gradient":""}},"footnotes":""},"class_list":["post-17236","page","type-page","status-publish","hentry"],"post_mailing_queue_ids":[],"_links":{"self":[{"href":"https:\/\/agora.xtec.cat\/ceipbenviure\/wp-json\/wp\/v2\/pages\/17236","targetHints":{"allow":["GET"]}}],"collection":[{"href":"https:\/\/agora.xtec.cat\/ceipbenviure\/wp-json\/wp\/v2\/pages"}],"about":[{"href":"https:\/\/agora.xtec.cat\/ceipbenviure\/wp-json\/wp\/v2\/types\/page"}],"author":[{"embeddable":true,"href":"https:\/\/agora.xtec.cat\/ceipbenviure\/wp-json\/wp\/v2\/users\/16"}],"replies":[{"embeddable":true,"href":"https:\/\/agora.xtec.cat\/ceipbenviure\/wp-json\/wp\/v2\/comments?post=17236"}],"version-history":[{"count":2,"href":"https:\/\/agora.xtec.cat\/ceipbenviure\/wp-json\/wp\/v2\/pages\/17236\/revisions"}],"predecessor-version":[{"id":17262,"href":"https:\/\/agora.xtec.cat\/ceipbenviure\/wp-json\/wp\/v2\/pages\/17236\/revisions\/17262"}],"wp:attachment":[{"href":"https:\/\/agora.xtec.cat\/ceipbenviure\/wp-json\/wp\/v2\/media?parent=17236"}],"curies":[{"name":"wp","href":"https:\/\/api.w.org\/{rel}","templated":true}]}}