{"id":17043,"date":"2025-10-17T18:14:26","date_gmt":"2025-10-17T16:14:26","guid":{"rendered":"https:\/\/agora.xtec.cat\/ceipbenviure\/?page_id=17043"},"modified":"2025-10-17T18:16:47","modified_gmt":"2025-10-17T16:16:47","slug":"comunitat-de-grans","status":"publish","type":"page","link":"https:\/\/agora.xtec.cat\/ceipbenviure\/projecte-innovador\/leducacio-emocional\/comunitat-de-grans\/","title":{"rendered":"Comunitat de grans"},"content":{"rendered":"<p><a href=\"https:\/\/www.canva.com\/design\/DAG2EAL88E8\/gFgz9MLfVgsmOP51T5yqdg\/view\" target=\"_blank\" rel=\"noopener\"><img loading=\"lazy\" decoding=\"async\" class=\"alignnone wp-image-17045 aligncenter\" src=\"https:\/\/agora.xtec.cat\/ceipbenviure\/wp-content\/uploads\/usu1908\/Captura-1.jpg\" alt=\"\" width=\"463\" height=\"251\" srcset=\"https:\/\/agora.xtec.cat\/ceipbenviure\/wp-content\/uploads\/usu1908\/Captura-1.jpg 682w, https:\/\/agora.xtec.cat\/ceipbenviure\/wp-content\/uploads\/usu1908\/Captura-1-300x163.jpg 300w\" sizes=\"auto, (max-width: 463px) 100vw, 463px\" \/><\/a><\/p>\n<h3 data-start=\"126\" data-end=\"186\"><strong data-start=\"130\" data-end=\"186\">Equips X la Conviv\u00e8ncia: junts fem una escola millor<\/strong><\/h3>\n<p data-start=\"188\" data-end=\"461\">A la nostra escola creiem que conviure b\u00e9 \u00e9s aprendre a viure millor. Per aix\u00f2 comptem amb els <strong data-start=\"283\" data-end=\"310\">Equips X la Conviv\u00e8ncia<\/strong>, un grup d\u2019infants de <strong data-start=\"333\" data-end=\"344\">5\u00e8 i 6\u00e8<\/strong> que, de manera <strong data-start=\"360\" data-end=\"386\">volunt\u00e0ria i rotat\u00f2ria<\/strong>, dediquen part del seu temps a <strong data-start=\"418\" data-end=\"458\">vetllar pel benestar de tots i totes<\/strong>.<\/p>\n<p data-start=\"463\" data-end=\"775\">Aquests equips tenen una missi\u00f3 molt especial: <strong data-start=\"510\" data-end=\"584\">ajudar a resoldre petits conflictes de manera dialogada i restaurativa<\/strong>, <strong data-start=\"586\" data-end=\"611\">observar i acompanyar<\/strong> aquells companys i companyes que, en algun moment, es poden sentir sols, i <strong data-start=\"687\" data-end=\"742\">fomentar un ambient positiu, respectu\u00f3s i acollidor<\/strong> a tots els espais de l\u2019escola.<\/p>\n<p data-start=\"777\" data-end=\"959\">La seva tasca no la fan sols: <strong data-start=\"807\" data-end=\"849\">els tutors i tutores de cicle superior<\/strong> els donen suport, orientaci\u00f3 i eines perqu\u00e8 puguin dur a terme la seva feina amb responsabilitat i empatia.<\/p>\n<p data-start=\"961\" data-end=\"1202\">Amb els <strong data-start=\"969\" data-end=\"996\">Equips X la Conviv\u00e8ncia<\/strong>, fem cr\u00e9ixer els valors de la <strong data-start=\"1027\" data-end=\"1069\">col\u00b7laboraci\u00f3, l\u2019escolta i el respecte<\/strong>, i avancem junts cap a una escola on tothom se senti part d\u2019un mateix projecte: <strong data-start=\"1150\" data-end=\"1198\">aprendre a conviure i a cuidar-nos m\u00fatuament<\/strong>.<\/p>\n","protected":false},"excerpt":{"rendered":"<p>Equips X la Conviv\u00e8ncia: junts fem una escola millor A la nostra escola creiem que conviure b\u00e9 \u00e9s aprendre a viure millor. Per aix\u00f2 comptem amb els Equips X la Conviv\u00e8ncia, un grup d\u2019infants de 5\u00e8 i 6\u00e8 que, de manera volunt\u00e0ria i rotat\u00f2ria, dediquen part del seu temps a vetllar pel benestar de tots [&hellip;]<\/p>\n","protected":false},"author":16,"featured_media":0,"parent":493,"menu_order":0,"comment_status":"closed","ping_status":"closed","template":"","meta":{"_bbp_topic_count":0,"_bbp_reply_count":0,"_bbp_total_topic_count":0,"_bbp_total_reply_count":0,"_bbp_voice_count":0,"_bbp_anonymous_reply_count":0,"_bbp_topic_count_hidden":0,"_bbp_reply_count_hidden":0,"_bbp_forum_subforum_count":0,"site-sidebar-layout":"default","site-content-layout":"","ast-site-content-layout":"default","site-content-style":"default","site-sidebar-style":"default","ast-global-header-display":"","ast-banner-title-visibility":"","ast-main-header-display":"","ast-hfb-above-header-display":"","ast-hfb-below-header-display":"","ast-hfb-mobile-header-display":"","site-post-title":"","ast-breadcrumbs-content":"","ast-featured-img":"","footer-sml-layout":"","theme-transparent-header-meta":"default","adv-header-id-meta":"","stick-header-meta":"","header-above-stick-meta":"","header-main-stick-meta":"","header-below-stick-meta":"","astra-migrate-meta-layouts":"set","ast-page-background-enabled":"default","ast-page-background-meta":{"desktop":{"background-color":"var(--ast-global-color-4)","background-image":"","background-repeat":"repeat","background-position":"center center","background-size":"auto","background-attachment":"scroll","background-type":"","background-media":"","overlay-type":"","overlay-color":"","overlay-opacity":"","overlay-gradient":""},"tablet":{"background-color":"","background-image":"","background-repeat":"repeat","background-position":"center center","background-size":"auto","background-attachment":"scroll","background-type":"","background-media":"","overlay-type":"","overlay-color":"","overlay-opacity":"","overlay-gradient":""},"mobile":{"background-color":"","background-image":"","background-repeat":"repeat","background-position":"center center","background-size":"auto","background-attachment":"scroll","background-type":"","background-media":"","overlay-type":"","overlay-color":"","overlay-opacity":"","overlay-gradient":""}},"ast-content-background-meta":{"desktop":{"background-color":"var(--ast-global-color-5)","background-image":"","background-repeat":"repeat","background-position":"center center","background-size":"auto","background-attachment":"scroll","background-type":"","background-media":"","overlay-type":"","overlay-color":"","overlay-opacity":"","overlay-gradient":""},"tablet":{"background-color":"var(--ast-global-color-5)","background-image":"","background-repeat":"repeat","background-position":"center center","background-size":"auto","background-attachment":"scroll","background-type":"","background-media":"","overlay-type":"","overlay-color":"","overlay-opacity":"","overlay-gradient":""},"mobile":{"background-color":"var(--ast-global-color-5)","background-image":"","background-repeat":"repeat","background-position":"center center","background-size":"auto","background-attachment":"scroll","background-type":"","background-media":"","overlay-type":"","overlay-color":"","overlay-opacity":"","overlay-gradient":""}},"footnotes":""},"class_list":["post-17043","page","type-page","status-publish","hentry"],"post_mailing_queue_ids":[],"_links":{"self":[{"href":"https:\/\/agora.xtec.cat\/ceipbenviure\/wp-json\/wp\/v2\/pages\/17043","targetHints":{"allow":["GET"]}}],"collection":[{"href":"https:\/\/agora.xtec.cat\/ceipbenviure\/wp-json\/wp\/v2\/pages"}],"about":[{"href":"https:\/\/agora.xtec.cat\/ceipbenviure\/wp-json\/wp\/v2\/types\/page"}],"author":[{"embeddable":true,"href":"https:\/\/agora.xtec.cat\/ceipbenviure\/wp-json\/wp\/v2\/users\/16"}],"replies":[{"embeddable":true,"href":"https:\/\/agora.xtec.cat\/ceipbenviure\/wp-json\/wp\/v2\/comments?post=17043"}],"version-history":[{"count":3,"href":"https:\/\/agora.xtec.cat\/ceipbenviure\/wp-json\/wp\/v2\/pages\/17043\/revisions"}],"predecessor-version":[{"id":17047,"href":"https:\/\/agora.xtec.cat\/ceipbenviure\/wp-json\/wp\/v2\/pages\/17043\/revisions\/17047"}],"up":[{"embeddable":true,"href":"https:\/\/agora.xtec.cat\/ceipbenviure\/wp-json\/wp\/v2\/pages\/493"}],"wp:attachment":[{"href":"https:\/\/agora.xtec.cat\/ceipbenviure\/wp-json\/wp\/v2\/media?parent=17043"}],"curies":[{"name":"wp","href":"https:\/\/api.w.org\/{rel}","templated":true}]}}