{"id":1689,"date":"2014-01-14T01:36:11","date_gmt":"2014-01-14T00:36:11","guid":{"rendered":"http:\/\/benviure.cat\/?page_id=1689"},"modified":"2025-09-08T21:56:06","modified_gmt":"2025-09-08T19:56:06","slug":"equip-huma","status":"publish","type":"page","link":"https:\/\/agora.xtec.cat\/ceipbenviure\/el-nostre-centre\/equip-huma\/","title":{"rendered":"Equip hum\u00e0"},"content":{"rendered":"<p><img loading=\"lazy\" decoding=\"async\" class=\"wp-image-16927 aligncenter\" src=\"https:\/\/agora.xtec.cat\/ceipbenviure\/wp-content\/uploads\/usu1908\/foto-claustre.jpg\" alt=\"\" width=\"669\" height=\"502\" srcset=\"https:\/\/agora.xtec.cat\/ceipbenviure\/wp-content\/uploads\/usu1908\/foto-claustre.jpg 830w, https:\/\/agora.xtec.cat\/ceipbenviure\/wp-content\/uploads\/usu1908\/foto-claustre-300x225.jpg 300w, https:\/\/agora.xtec.cat\/ceipbenviure\/wp-content\/uploads\/usu1908\/foto-claustre-768x576.jpg 768w, https:\/\/agora.xtec.cat\/ceipbenviure\/wp-content\/uploads\/usu1908\/foto-claustre-200x150.jpg 200w\" sizes=\"auto, (max-width: 669px) 100vw, 669px\" \/><\/p>\n<h1>L&#8217;equip docent del nostre centre<\/h1>\n<p><strong>Els mestres guien els nens i les nenes en el seu creixement personal dins d\u2019un ambient de confian\u00e7a i exig\u00e8ncia, que afavoreix el desenvolupament de l\u2019autonomia personal i de la seva autoestima, alhora que fa construir aprenentatges.<\/strong><\/p>\n<h3>EQUIP DIRECTIU:<\/h3>\n<ul style=\"margin-left: 40px;\">\n<li>Directora: J\u00falia Mart\u00ednez<\/li>\n<li>Cap d\u2019estudis: Eva Sed\u00f3<\/li>\n<li>Secret\u00e0ria: Carme Parrondo<\/li>\n<\/ul>\n<h3>PROFESSORAT DEL CENTRE<\/h3>\n<h6>EDUCACI\u00d3 INFANTIL<\/h6>\n<h6>3 anys:<\/h6>\n<ul style=\"margin-left: 40px;\">\n<li>Tutora I3: Helena Salvador<\/li>\n<li>T\u00e8cnica educaci\u00f3 infantil: Anna Zaragoza i Carolina Moro<\/li>\n<\/ul>\n<h6>4 anys<\/h6>\n<ul style=\"margin-left: 40px;\">\n<li>Tutora I4: Susanna Pe\u00f1as<\/li>\n<\/ul>\n<h6>5\u00a0 anys<\/h6>\n<ul style=\"margin-left: 40px;\">\n<li>Tutora I5: Loida Pastall\u00e9<\/li>\n<\/ul>\n<h6>ANGL\u00c8S EDUCACI\u00d3 INFANTIL:<\/h6>\n<ul style=\"margin-left: 40px;\">\n<li>Carme Parrondo<\/li>\n<\/ul>\n<h6><\/h6>\n<h6><strong>EDUCACI\u00d3 PRIM\u00c0RIA<\/strong><\/h6>\n<h6><\/h6>\n<h6>CICLE INICIAL:<\/h6>\n<ul style=\"margin-left: 40px;\">\n<li>Tutora 1r: Carme Rod\u00f3<\/li>\n<li>Tutora 2n: Alba Delgado<\/li>\n<\/ul>\n<h6>CICLE MITJ\u00c0:<\/h6>\n<ul style=\"margin-left: 40px;\">\n<li>Tutora 3r: Neus Rovira<\/li>\n<li>Tutor 4t: Xavi Garcia<\/li>\n<\/ul>\n<h6>CICLE SUPERIOR:<\/h6>\n<ul style=\"margin-left: 40px;\">\n<li>Tutora 5\u00e8: Jenny Corrales<\/li>\n<li>Tutor 6\u00e8: Sergi Rayo<\/li>\n<\/ul>\n<h6>M\u00daSICA:<\/h6>\n<ul style=\"margin-left: 40px;\">\n<li>Clara Siles<\/li>\n<\/ul>\n<h6>CASTELL\u00c0 de 1r A 3r:<\/h6>\n<ul>\n<li>Eloy Blanco<\/li>\n<\/ul>\n<h6>EDUCACI\u00d3 F\u00cdSICA I CASTELL\u00c0 de 4t A 6\u00e8:<\/h6>\n<ul style=\"margin-left: 40px;\">\n<li>Dani Querol<\/li>\n<\/ul>\n<h6>ANGL\u00c8S PRIM\u00c0RIA i SCIENCE PRI:<\/h6>\n<ul style=\"margin-left: 40px;\">\n<li>Esther Ru\u00edz<\/li>\n<\/ul>\n<h6>EDUCACI\u00d3 ESPECIAL I SUPORT EDUCATIU:<\/h6>\n<ul style=\"margin-left: 40px;\">\n<li>Maria Navarro<\/li>\n<li>Eva Sed\u00f3<\/li>\n<li>J\u00falia Mart\u00ednez<\/li>\n<\/ul>\n<h6>RELIGI\u00d3:<\/h6>\n<ul style=\"margin-left: 40px;\">\n<li>M\u00f3nika Dal Maschio<\/li>\n<\/ul>\n<h6>EQUIP PSICOPEDAG\u00d2GIC:<\/h6>\n<p>L\u2019equip d\u2019assessorament psicopedag\u00f2gic (EAP) dep\u00e8n del Departament d\u2019Ensenyament. Els psicopedagogs tenen funcions de prevenci\u00f3, detecci\u00f3, diagn\u00f2stic, valoraci\u00f3 i, si s\u2019escau, derivaci\u00f3 d\u2019aquells alumnes amb necessitats educatives especials. Tamb\u00e9 assessoren i donen suport t\u00e8cnic al professorat del centre.<\/p>\n<ul style=\"margin-left: 40px;\">\n<li>Psicopedagoga: Laura M\u00e9ndez<\/li>\n<li>Fisioterapeuta: Aldo Sabio<\/li>\n<li>Logopeda: Rosa Vives<\/li>\n<\/ul>\n<p><!--a=1--><\/p>\n<p><!--a=1--><\/p>\n<p><!--a=1--><\/p>\n","protected":false},"excerpt":{"rendered":"<p>L&#8217;equip docent del nostre centre Els mestres guien els nens i les nenes en el seu creixement personal dins d\u2019un ambient de confian\u00e7a i exig\u00e8ncia, que afavoreix el desenvolupament de l\u2019autonomia personal i de la seva autoestima, alhora que fa construir aprenentatges. EQUIP DIRECTIU: Directora: J\u00falia Mart\u00ednez Cap d\u2019estudis: Eva Sed\u00f3 Secret\u00e0ria: Carme Parrondo PROFESSORAT [&hellip;]<\/p>\n","protected":false},"author":2,"featured_media":0,"parent":1642,"menu_order":2,"comment_status":"closed","ping_status":"closed","template":"page-templates\/side-menu.php","meta":{"_bbp_topic_count":0,"_bbp_reply_count":0,"_bbp_total_topic_count":0,"_bbp_total_reply_count":0,"_bbp_voice_count":0,"_bbp_anonymous_reply_count":0,"_bbp_topic_count_hidden":0,"_bbp_reply_count_hidden":0,"_bbp_forum_subforum_count":0,"site-sidebar-layout":"default","site-content-layout":"","ast-site-content-layout":"","site-content-style":"default","site-sidebar-style":"default","ast-global-header-display":"","ast-banner-title-visibility":"","ast-main-header-display":"","ast-hfb-above-header-display":"","ast-hfb-below-header-display":"","ast-hfb-mobile-header-display":"","site-post-title":"","ast-breadcrumbs-content":"","ast-featured-img":"","footer-sml-layout":"","theme-transparent-header-meta":"","adv-header-id-meta":"","stick-header-meta":"","header-above-stick-meta":"","header-main-stick-meta":"","header-below-stick-meta":"","astra-migrate-meta-layouts":"default","ast-page-background-enabled":"default","ast-page-background-meta":{"desktop":{"background-color":"var(--ast-global-color-4)","background-image":"","background-repeat":"repeat","background-position":"center center","background-size":"auto","background-attachment":"scroll","background-type":"","background-media":"","overlay-type":"","overlay-color":"","overlay-opacity":"","overlay-gradient":""},"tablet":{"background-color":"","background-image":"","background-repeat":"repeat","background-position":"center center","background-size":"auto","background-attachment":"scroll","background-type":"","background-media":"","overlay-type":"","overlay-color":"","overlay-opacity":"","overlay-gradient":""},"mobile":{"background-color":"","background-image":"","background-repeat":"repeat","background-position":"center center","background-size":"auto","background-attachment":"scroll","background-type":"","background-media":"","overlay-type":"","overlay-color":"","overlay-opacity":"","overlay-gradient":""}},"ast-content-background-meta":{"desktop":{"background-color":"var(--ast-global-color-5)","background-image":"","background-repeat":"repeat","background-position":"center center","background-size":"auto","background-attachment":"scroll","background-type":"","background-media":"","overlay-type":"","overlay-color":"","overlay-opacity":"","overlay-gradient":""},"tablet":{"background-color":"var(--ast-global-color-5)","background-image":"","background-repeat":"repeat","background-position":"center center","background-size":"auto","background-attachment":"scroll","background-type":"","background-media":"","overlay-type":"","overlay-color":"","overlay-opacity":"","overlay-gradient":""},"mobile":{"background-color":"var(--ast-global-color-5)","background-image":"","background-repeat":"repeat","background-position":"center center","background-size":"auto","background-attachment":"scroll","background-type":"","background-media":"","overlay-type":"","overlay-color":"","overlay-opacity":"","overlay-gradient":""}},"footnotes":""},"class_list":["post-1689","page","type-page","status-publish","hentry"],"post_mailing_queue_ids":[],"_links":{"self":[{"href":"https:\/\/agora.xtec.cat\/ceipbenviure\/wp-json\/wp\/v2\/pages\/1689","targetHints":{"allow":["GET"]}}],"collection":[{"href":"https:\/\/agora.xtec.cat\/ceipbenviure\/wp-json\/wp\/v2\/pages"}],"about":[{"href":"https:\/\/agora.xtec.cat\/ceipbenviure\/wp-json\/wp\/v2\/types\/page"}],"author":[{"embeddable":true,"href":"https:\/\/agora.xtec.cat\/ceipbenviure\/wp-json\/wp\/v2\/users\/2"}],"replies":[{"embeddable":true,"href":"https:\/\/agora.xtec.cat\/ceipbenviure\/wp-json\/wp\/v2\/comments?post=1689"}],"version-history":[{"count":7,"href":"https:\/\/agora.xtec.cat\/ceipbenviure\/wp-json\/wp\/v2\/pages\/1689\/revisions"}],"predecessor-version":[{"id":16930,"href":"https:\/\/agora.xtec.cat\/ceipbenviure\/wp-json\/wp\/v2\/pages\/1689\/revisions\/16930"}],"up":[{"embeddable":true,"href":"https:\/\/agora.xtec.cat\/ceipbenviure\/wp-json\/wp\/v2\/pages\/1642"}],"wp:attachment":[{"href":"https:\/\/agora.xtec.cat\/ceipbenviure\/wp-json\/wp\/v2\/media?parent=1689"}],"curies":[{"name":"wp","href":"https:\/\/api.w.org\/{rel}","templated":true}]}}