{"id":16652,"date":"2025-02-20T18:45:11","date_gmt":"2025-02-20T17:45:11","guid":{"rendered":"https:\/\/agora.xtec.cat\/ceipbenviure\/?page_id=16652"},"modified":"2025-06-26T23:28:09","modified_gmt":"2025-06-26T21:28:09","slug":"llibres-i-material-del-curs-2024-2025","status":"publish","type":"page","link":"https:\/\/agora.xtec.cat\/ceipbenviure\/el-nostre-centre\/llibres-i-material-del-curs-2024-2025\/","title":{"rendered":"Llibres i material del curs 2025- 2026"},"content":{"rendered":"<p>Aqu\u00ed podeu consultar els llibres i el material del curs 2024 -2025.<\/p>\n<p>&nbsp;<\/p>\n<div class=\"documents_secretaria\">\n<div class=\"sangria_color\"><a href=\"https:\/\/agora.xtec.cat\/ceipbenviure\/wp-content\/uploads\/usu1908\/I3-25-26.docx.pdf\" target=\"_blank\" rel=\"noopener noreferrer\">&gt; Llibres d&#8217;Educaci\u00f3 Infantil 3 anys<\/a><\/div>\n<div>\n<div class=\"sangria_color\"><a href=\"https:\/\/agora.xtec.cat\/ceipbenviure\/wp-content\/uploads\/usu1908\/I4-25-26.docx.pdf\" target=\"_blank\" rel=\"noopener noreferrer\">&gt; Llibres d&#8217;Educaci\u00f3 Infantil 4 anys<\/a><\/div>\n<div><a href=\"https:\/\/agora.xtec.cat\/ceipbenviure\/wp-content\/uploads\/usu1908\/I5-25-26.docx.pdf\" target=\"_blank\" rel=\"noopener noreferrer\">&gt; Llibres d&#8217;Educaci\u00f3 Infantil 5 anys<\/a><\/div>\n<\/div>\n<div class=\"sangria_color\"><a href=\"https:\/\/agora.xtec.cat\/ceipbenviure\/wp-content\/uploads\/usu1908\/Primer-25-26.docx.pdf\" target=\"_blank\" rel=\"noopener noreferrer\">&gt; Llibres de 1r<\/a><br \/>\n<a href=\"https:\/\/agora.xtec.cat\/ceipbenviure\/wp-content\/uploads\/usu1908\/Segon-25-26.docx.pdf\" target=\"_blank\" rel=\"noopener noreferrer\">&gt; Llibres de 2n<\/a><br \/>\n<a href=\"https:\/\/agora.xtec.cat\/ceipbenviure\/wp-content\/uploads\/usu1908\/Tercer-25-26.docx.pdf\" target=\"_blank\" rel=\"noopener noreferrer\">&gt; Llibres de 3r<\/a><br \/>\n<a href=\"https:\/\/agora.xtec.cat\/ceipbenviure\/wp-content\/uploads\/usu1908\/Quart-25-26.docx.pdf\" target=\"_blank\" rel=\"noopener noreferrer\">&gt; Llibres de 4t<\/a><br \/>\n<a href=\"https:\/\/agora.xtec.cat\/ceipbenviure\/wp-content\/uploads\/usu1908\/Cinque-25-26.docx.pdf\" target=\"_blank\" rel=\"noopener noreferrer\">&gt; Llibres de 5e\u0300<\/a><br \/>\n<a href=\"https:\/\/agora.xtec.cat\/ceipbenviure\/wp-content\/uploads\/usu1908\/Sise-25-26.docx.pdf\" target=\"_blank\" rel=\"noopener noreferrer\">&gt; Llibres de 6e\u0300<\/a><\/div>\n<\/div>\n<div><\/div>\n","protected":false},"excerpt":{"rendered":"<p>Aqu\u00ed podeu consultar els llibres i el material del curs 2024 -2025. &nbsp; &gt; Llibres d&#8217;Educaci\u00f3 Infantil 3 anys &gt; Llibres d&#8217;Educaci\u00f3 Infantil 4 anys &gt; Llibres d&#8217;Educaci\u00f3 Infantil 5 anys &gt; Llibres de 1r &gt; Llibres de 2n &gt; Llibres de 3r &gt; Llibres de 4t &gt; Llibres de 5e\u0300 &gt; Llibres de 6e\u0300<\/p>\n","protected":false},"author":16,"featured_media":0,"parent":1642,"menu_order":9,"comment_status":"closed","ping_status":"closed","template":"page-templates\/side-menu.php","meta":{"_bbp_topic_count":0,"_bbp_reply_count":0,"_bbp_total_topic_count":0,"_bbp_total_reply_count":0,"_bbp_voice_count":0,"_bbp_anonymous_reply_count":0,"_bbp_topic_count_hidden":0,"_bbp_reply_count_hidden":0,"_bbp_forum_subforum_count":0,"site-sidebar-layout":"default","site-content-layout":"","ast-site-content-layout":"","site-content-style":"default","site-sidebar-style":"default","ast-global-header-display":"","ast-banner-title-visibility":"","ast-main-header-display":"","ast-hfb-above-header-display":"","ast-hfb-below-header-display":"","ast-hfb-mobile-header-display":"","site-post-title":"","ast-breadcrumbs-content":"","ast-featured-img":"","footer-sml-layout":"","theme-transparent-header-meta":"","adv-header-id-meta":"","stick-header-meta":"","header-above-stick-meta":"","header-main-stick-meta":"","header-below-stick-meta":"","astra-migrate-meta-layouts":"default","ast-page-background-enabled":"default","ast-page-background-meta":{"desktop":{"background-color":"var(--ast-global-color-4)","background-image":"","background-repeat":"repeat","background-position":"center center","background-size":"auto","background-attachment":"scroll","background-type":"","background-media":"","overlay-type":"","overlay-color":"","overlay-opacity":"","overlay-gradient":""},"tablet":{"background-color":"","background-image":"","background-repeat":"repeat","background-position":"center center","background-size":"auto","background-attachment":"scroll","background-type":"","background-media":"","overlay-type":"","overlay-color":"","overlay-opacity":"","overlay-gradient":""},"mobile":{"background-color":"","background-image":"","background-repeat":"repeat","background-position":"center center","background-size":"auto","background-attachment":"scroll","background-type":"","background-media":"","overlay-type":"","overlay-color":"","overlay-opacity":"","overlay-gradient":""}},"ast-content-background-meta":{"desktop":{"background-color":"var(--ast-global-color-5)","background-image":"","background-repeat":"repeat","background-position":"center center","background-size":"auto","background-attachment":"scroll","background-type":"","background-media":"","overlay-type":"","overlay-color":"","overlay-opacity":"","overlay-gradient":""},"tablet":{"background-color":"var(--ast-global-color-5)","background-image":"","background-repeat":"repeat","background-position":"center center","background-size":"auto","background-attachment":"scroll","background-type":"","background-media":"","overlay-type":"","overlay-color":"","overlay-opacity":"","overlay-gradient":""},"mobile":{"background-color":"var(--ast-global-color-5)","background-image":"","background-repeat":"repeat","background-position":"center center","background-size":"auto","background-attachment":"scroll","background-type":"","background-media":"","overlay-type":"","overlay-color":"","overlay-opacity":"","overlay-gradient":""}},"footnotes":""},"class_list":["post-16652","page","type-page","status-publish","hentry"],"post_mailing_queue_ids":[],"_links":{"self":[{"href":"https:\/\/agora.xtec.cat\/ceipbenviure\/wp-json\/wp\/v2\/pages\/16652","targetHints":{"allow":["GET"]}}],"collection":[{"href":"https:\/\/agora.xtec.cat\/ceipbenviure\/wp-json\/wp\/v2\/pages"}],"about":[{"href":"https:\/\/agora.xtec.cat\/ceipbenviure\/wp-json\/wp\/v2\/types\/page"}],"author":[{"embeddable":true,"href":"https:\/\/agora.xtec.cat\/ceipbenviure\/wp-json\/wp\/v2\/users\/16"}],"replies":[{"embeddable":true,"href":"https:\/\/agora.xtec.cat\/ceipbenviure\/wp-json\/wp\/v2\/comments?post=16652"}],"version-history":[{"count":4,"href":"https:\/\/agora.xtec.cat\/ceipbenviure\/wp-json\/wp\/v2\/pages\/16652\/revisions"}],"predecessor-version":[{"id":16898,"href":"https:\/\/agora.xtec.cat\/ceipbenviure\/wp-json\/wp\/v2\/pages\/16652\/revisions\/16898"}],"up":[{"embeddable":true,"href":"https:\/\/agora.xtec.cat\/ceipbenviure\/wp-json\/wp\/v2\/pages\/1642"}],"wp:attachment":[{"href":"https:\/\/agora.xtec.cat\/ceipbenviure\/wp-json\/wp\/v2\/media?parent=16652"}],"curies":[{"name":"wp","href":"https:\/\/api.w.org\/{rel}","templated":true}]}}