{"id":14938,"date":"2023-02-07T22:12:03","date_gmt":"2023-02-07T21:12:03","guid":{"rendered":"https:\/\/agora.xtec.cat\/ceipbenviure\/?page_id=14938"},"modified":"2024-02-13T09:49:03","modified_gmt":"2024-02-13T08:49:03","slug":"curriculum","status":"publish","type":"page","link":"https:\/\/agora.xtec.cat\/ceipbenviure\/projecte-educatiu\/curriculum\/","title":{"rendered":"Curr\u00edculum"},"content":{"rendered":"<div><span style=\"color: #333333; font-family: OpenSansRegular, Helvetica, Arial, sans-serif;\">S&#8217;ha aprovat un Nou curr\u00edculum, una nova oportunitat per aprendre amb sentit.<\/span><\/div>\n<div>\n<p>Aprenem amb sentit quan apropem l\u2019escola a les situacions, q\u00fcestions\u00a0i problemes reals de la vida quotidiana. Aprendre amb sentit implica que les persones aprenents s\u00e0piguen mobilitzar els aprenentatges adquirits per respondre als principals desafiaments a qu\u00e8 haur\u00e0 de fer front al llarg de la seva vida, la meta no \u00e9s la mera adquisici\u00f3 de sabers, sin\u00f3 aprendre a utilitzar-los per solucionar necessitats encarnades en la realitat.<\/p>\n<p>Volem que l\u2019alumnat aprengui amb sentit per aconseguir una\u00a0societat m\u00e9s justa i democr\u00e0tica, cohesionada, inclusiva\u00a0que contempli totes les persones i on sigui possible la igualtat d\u2019oportunitats i la igualtat real i efectiva. Una societat fonamentada en una\u00a0ciutadania cr\u00edtica, activa i constructiva, que doni resposta a les aspiracions personals i col\u00b7lectives, sostenible, digitalitzada, m\u00e9s equitativa, m\u00e9s verda, m\u00e9s feminista, m\u00e9s cohesionada, sense desigualtats socioecon\u00f2miques i m\u00e9s democr\u00e0tica.<\/p>\n<p><a href=\"https:\/\/dogc.gencat.cat\/ca\/document-del-dogc\/?documentId=951431\" target=\"_blank\" rel=\"noopener\">El Decret d&#8217;Infantil\u00a0<\/a><\/p>\n<p><a href=\"https:\/\/dogc.gencat.cat\/ca\/document-del-dogc\/?documentId=951431\" target=\"_blank\" rel=\"noopener\">El Decret d&#8217;Educaci\u00f3 B\u00e0sica<\/a><\/p>\n<p>&nbsp;<\/p>\n<\/div>\n","protected":false},"excerpt":{"rendered":"<p>S&#8217;ha aprovat un Nou curr\u00edculum, una nova oportunitat per aprendre amb sentit. Aprenem amb sentit quan apropem l\u2019escola a les situacions, q\u00fcestions\u00a0i problemes reals de la vida quotidiana. Aprendre amb sentit implica que les persones aprenents s\u00e0piguen mobilitzar els aprenentatges adquirits per respondre als principals desafiaments a qu\u00e8 haur\u00e0 de fer front al llarg de [&hellip;]<\/p>\n","protected":false},"author":3,"featured_media":0,"parent":14928,"menu_order":5,"comment_status":"closed","ping_status":"closed","template":"page-templates\/side-menu.php","meta":{"_bbp_topic_count":0,"_bbp_reply_count":0,"_bbp_total_topic_count":0,"_bbp_total_reply_count":0,"_bbp_voice_count":0,"_bbp_anonymous_reply_count":0,"_bbp_topic_count_hidden":0,"_bbp_reply_count_hidden":0,"_bbp_forum_subforum_count":0,"site-sidebar-layout":"default","site-content-layout":"","ast-site-content-layout":"","site-content-style":"default","site-sidebar-style":"default","ast-global-header-display":"","ast-banner-title-visibility":"","ast-main-header-display":"","ast-hfb-above-header-display":"","ast-hfb-below-header-display":"","ast-hfb-mobile-header-display":"","site-post-title":"","ast-breadcrumbs-content":"","ast-featured-img":"","footer-sml-layout":"","theme-transparent-header-meta":"","adv-header-id-meta":"","stick-header-meta":"","header-above-stick-meta":"","header-main-stick-meta":"","header-below-stick-meta":"","astra-migrate-meta-layouts":"default","ast-page-background-enabled":"default","ast-page-background-meta":{"desktop":{"background-color":"var(--ast-global-color-4)","background-image":"","background-repeat":"repeat","background-position":"center center","background-size":"auto","background-attachment":"scroll","background-type":"","background-media":"","overlay-type":"","overlay-color":"","overlay-opacity":"","overlay-gradient":""},"tablet":{"background-color":"","background-image":"","background-repeat":"repeat","background-position":"center center","background-size":"auto","background-attachment":"scroll","background-type":"","background-media":"","overlay-type":"","overlay-color":"","overlay-opacity":"","overlay-gradient":""},"mobile":{"background-color":"","background-image":"","background-repeat":"repeat","background-position":"center center","background-size":"auto","background-attachment":"scroll","background-type":"","background-media":"","overlay-type":"","overlay-color":"","overlay-opacity":"","overlay-gradient":""}},"ast-content-background-meta":{"desktop":{"background-color":"var(--ast-global-color-5)","background-image":"","background-repeat":"repeat","background-position":"center center","background-size":"auto","background-attachment":"scroll","background-type":"","background-media":"","overlay-type":"","overlay-color":"","overlay-opacity":"","overlay-gradient":""},"tablet":{"background-color":"var(--ast-global-color-5)","background-image":"","background-repeat":"repeat","background-position":"center center","background-size":"auto","background-attachment":"scroll","background-type":"","background-media":"","overlay-type":"","overlay-color":"","overlay-opacity":"","overlay-gradient":""},"mobile":{"background-color":"var(--ast-global-color-5)","background-image":"","background-repeat":"repeat","background-position":"center center","background-size":"auto","background-attachment":"scroll","background-type":"","background-media":"","overlay-type":"","overlay-color":"","overlay-opacity":"","overlay-gradient":""}},"footnotes":""},"class_list":["post-14938","page","type-page","status-publish","hentry"],"post_mailing_queue_ids":[],"_links":{"self":[{"href":"https:\/\/agora.xtec.cat\/ceipbenviure\/wp-json\/wp\/v2\/pages\/14938","targetHints":{"allow":["GET"]}}],"collection":[{"href":"https:\/\/agora.xtec.cat\/ceipbenviure\/wp-json\/wp\/v2\/pages"}],"about":[{"href":"https:\/\/agora.xtec.cat\/ceipbenviure\/wp-json\/wp\/v2\/types\/page"}],"author":[{"embeddable":true,"href":"https:\/\/agora.xtec.cat\/ceipbenviure\/wp-json\/wp\/v2\/users\/3"}],"replies":[{"embeddable":true,"href":"https:\/\/agora.xtec.cat\/ceipbenviure\/wp-json\/wp\/v2\/comments?post=14938"}],"version-history":[{"count":4,"href":"https:\/\/agora.xtec.cat\/ceipbenviure\/wp-json\/wp\/v2\/pages\/14938\/revisions"}],"predecessor-version":[{"id":15991,"href":"https:\/\/agora.xtec.cat\/ceipbenviure\/wp-json\/wp\/v2\/pages\/14938\/revisions\/15991"}],"up":[{"embeddable":true,"href":"https:\/\/agora.xtec.cat\/ceipbenviure\/wp-json\/wp\/v2\/pages\/14928"}],"wp:attachment":[{"href":"https:\/\/agora.xtec.cat\/ceipbenviure\/wp-json\/wp\/v2\/media?parent=14938"}],"curies":[{"name":"wp","href":"https:\/\/api.w.org\/{rel}","templated":true}]}}