{"id":13515,"date":"2021-06-15T08:16:58","date_gmt":"2021-06-15T06:16:58","guid":{"rendered":"http:\/\/agora.xtec.cat\/ceipbenviure\/?page_id=13515"},"modified":"2023-02-03T16:19:18","modified_gmt":"2023-02-03T15:19:18","slug":"aprenentatge-competencial","status":"publish","type":"page","link":"https:\/\/agora.xtec.cat\/ceipbenviure\/projecte-innovador\/aprenentatge-competencial\/","title":{"rendered":"Aprenentatge competencial: Projectes, treball cooperatiu, reptes, &#8230;"},"content":{"rendered":"<p>L\u2019adquisici\u00f3 de compet\u00e8ncies estableix que la finalitat de l&#8217;educaci\u00f3 obligat\u00f2ria \u00e9s aconseguir que els nois i les noies adquireixin les eines necess\u00e0ries per entendre el m\u00f3n i esdevinguin persones capaces d\u2019intervenir activament i cr\u00edtica en la societat plural, diversa i en canvi continu que els ha tocat viure. En aquest sentit, un curr\u00edculum per compet\u00e8ncies significa ensenyar per aprendre i seguir aprenent al llarg de tota la vida. Esdevenir \u201ccompetent\u201d implica fer-se conscient que el proc\u00e9s d&#8217;ensenyament i d\u2019aprenentatge t\u00e9 un recorregut que va m\u00e9s enll\u00e0 de l&#8217;escolaritat obligat\u00f2ria.<\/p>\n<p>El desenvolupament de les compet\u00e8ncies b\u00e0siques \u00e9s, doncs, l\u2019eix del proc\u00e9s educatiu i aix\u00f2 implica metodologies que afavoreixin l\u2019adquisici\u00f3 d\u2019aquestes compet\u00e8ncies. Aquestes metodologies afecten el rol dels professors i dels alumnes i entre les que apliquem a l&#8217;escola destaquem:<\/p>\n<ul>\n<li>Treball per projectes amb projectes d&#8217;aula i un projecte interdisciplinar de centre<\/li>\n<li>Reptes per desenvolupar l&#8217;aprenentatge i l&#8217;autonomia personal amb estrat\u00e8gies com l&#8217;observaci\u00f3, la cerca d&#8217;informaci\u00f3, &#8230;<\/li>\n<li>Treball cooperatiu per millorar el rendiment dels alumnes, les relacions entre ells i la gesti\u00f3 de la diversitat a l&#8217;aula<\/li>\n<\/ul>\n","protected":false},"excerpt":{"rendered":"<p>L\u2019adquisici\u00f3 de compet\u00e8ncies estableix que la finalitat de l&#8217;educaci\u00f3 obligat\u00f2ria \u00e9s aconseguir que els nois i les noies adquireixin les eines necess\u00e0ries per entendre el m\u00f3n i esdevinguin persones capaces d\u2019intervenir activament i cr\u00edtica en la societat plural, diversa i en canvi continu que els ha tocat viure. En aquest sentit, un curr\u00edculum per compet\u00e8ncies [&hellip;]<\/p>\n","protected":false},"author":3,"featured_media":0,"parent":64,"menu_order":1,"comment_status":"closed","ping_status":"closed","template":"","meta":{"_bbp_topic_count":0,"_bbp_reply_count":0,"_bbp_total_topic_count":0,"_bbp_total_reply_count":0,"_bbp_voice_count":0,"_bbp_anonymous_reply_count":0,"_bbp_topic_count_hidden":0,"_bbp_reply_count_hidden":0,"_bbp_forum_subforum_count":0,"site-sidebar-layout":"default","site-content-layout":"","ast-site-content-layout":"","site-content-style":"default","site-sidebar-style":"default","ast-global-header-display":"","ast-banner-title-visibility":"","ast-main-header-display":"","ast-hfb-above-header-display":"","ast-hfb-below-header-display":"","ast-hfb-mobile-header-display":"","site-post-title":"","ast-breadcrumbs-content":"","ast-featured-img":"","footer-sml-layout":"","theme-transparent-header-meta":"","adv-header-id-meta":"","stick-header-meta":"","header-above-stick-meta":"","header-main-stick-meta":"","header-below-stick-meta":"","astra-migrate-meta-layouts":"default","ast-page-background-enabled":"default","ast-page-background-meta":{"desktop":{"background-color":"var(--ast-global-color-4)","background-image":"","background-repeat":"repeat","background-position":"center center","background-size":"auto","background-attachment":"scroll","background-type":"","background-media":"","overlay-type":"","overlay-color":"","overlay-opacity":"","overlay-gradient":""},"tablet":{"background-color":"","background-image":"","background-repeat":"repeat","background-position":"center center","background-size":"auto","background-attachment":"scroll","background-type":"","background-media":"","overlay-type":"","overlay-color":"","overlay-opacity":"","overlay-gradient":""},"mobile":{"background-color":"","background-image":"","background-repeat":"repeat","background-position":"center center","background-size":"auto","background-attachment":"scroll","background-type":"","background-media":"","overlay-type":"","overlay-color":"","overlay-opacity":"","overlay-gradient":""}},"ast-content-background-meta":{"desktop":{"background-color":"var(--ast-global-color-5)","background-image":"","background-repeat":"repeat","background-position":"center center","background-size":"auto","background-attachment":"scroll","background-type":"","background-media":"","overlay-type":"","overlay-color":"","overlay-opacity":"","overlay-gradient":""},"tablet":{"background-color":"var(--ast-global-color-5)","background-image":"","background-repeat":"repeat","background-position":"center center","background-size":"auto","background-attachment":"scroll","background-type":"","background-media":"","overlay-type":"","overlay-color":"","overlay-opacity":"","overlay-gradient":""},"mobile":{"background-color":"var(--ast-global-color-5)","background-image":"","background-repeat":"repeat","background-position":"center center","background-size":"auto","background-attachment":"scroll","background-type":"","background-media":"","overlay-type":"","overlay-color":"","overlay-opacity":"","overlay-gradient":""}},"footnotes":""},"class_list":["post-13515","page","type-page","status-publish","hentry"],"post_mailing_queue_ids":[],"_links":{"self":[{"href":"https:\/\/agora.xtec.cat\/ceipbenviure\/wp-json\/wp\/v2\/pages\/13515","targetHints":{"allow":["GET"]}}],"collection":[{"href":"https:\/\/agora.xtec.cat\/ceipbenviure\/wp-json\/wp\/v2\/pages"}],"about":[{"href":"https:\/\/agora.xtec.cat\/ceipbenviure\/wp-json\/wp\/v2\/types\/page"}],"author":[{"embeddable":true,"href":"https:\/\/agora.xtec.cat\/ceipbenviure\/wp-json\/wp\/v2\/users\/3"}],"replies":[{"embeddable":true,"href":"https:\/\/agora.xtec.cat\/ceipbenviure\/wp-json\/wp\/v2\/comments?post=13515"}],"version-history":[{"count":2,"href":"https:\/\/agora.xtec.cat\/ceipbenviure\/wp-json\/wp\/v2\/pages\/13515\/revisions"}],"predecessor-version":[{"id":13552,"href":"https:\/\/agora.xtec.cat\/ceipbenviure\/wp-json\/wp\/v2\/pages\/13515\/revisions\/13552"}],"up":[{"embeddable":true,"href":"https:\/\/agora.xtec.cat\/ceipbenviure\/wp-json\/wp\/v2\/pages\/64"}],"wp:attachment":[{"href":"https:\/\/agora.xtec.cat\/ceipbenviure\/wp-json\/wp\/v2\/media?parent=13515"}],"curies":[{"name":"wp","href":"https:\/\/api.w.org\/{rel}","templated":true}]}}