{"id":13513,"date":"2021-06-15T08:16:05","date_gmt":"2021-06-15T06:16:05","guid":{"rendered":"http:\/\/agora.xtec.cat\/ceipbenviure\/?page_id=13513"},"modified":"2024-09-25T09:40:56","modified_gmt":"2024-09-25T07:40:56","slug":"competencia-matematica","status":"publish","type":"page","link":"https:\/\/agora.xtec.cat\/ceipbenviure\/projecte-innovador\/competencia-matematica\/","title":{"rendered":"Compet\u00e8ncia matem\u00e0tica: InnovaMat"},"content":{"rendered":"<p>Tal i com planteja el Programa Innovamat, estem compromesos amb una societat matem\u00e0ticament competent. Apostem per un aprenentatge competencial i amb sentit did\u00e0ctic dels conceptes matem\u00e0tics.<\/p>\n<p>Innovamat \u00e9s una aposta envers uns aprenentatges matem\u00e0tics m\u00e9s competencials i basats en reptes engrescadors que permeten a l\u2019alumnat descobrir del m\u00f3n de les matem\u00e0tiques. En el seg\u00fcent v\u00eddeo podem veure resumidament la metodologia que implica treballar amb aquesta plataforma.<\/p>\n<div class=\"ast-oembed-container \" style=\"height: 100%;\"><iframe loading=\"lazy\" title=\"Que\u0300 e\u0301s fer matema\u0300tiques?\" width=\"500\" height=\"281\" src=\"https:\/\/www.youtube.com\/embed\/5XqCfjI3zi4?feature=oembed\" frameborder=\"0\" allow=\"accelerometer; autoplay; clipboard-write; encrypted-media; gyroscope; picture-in-picture; web-share\" referrerpolicy=\"strict-origin-when-cross-origin\" allowfullscreen><\/iframe><\/div>\n<p>Des de l&#8217;inici del curs 2020-2021 a l&#8217;escola s&#8217;ha posat en marxa el Programa Innovamat per a treballar les matem\u00e0tiques des de P3 fins a 6\u00e8.<\/p>\n<p>Parafrasejant als experts d\u2019Innovamat, fer matem\u00e0tiques \u00e9s\u2026<\/p>\n<ul style=\"margin-left: 40px;\">\n<li>Ser capa\u00e7 d&#8217;enfrontar-se a situacions desconegudes, de dissenyar estrat\u00e8gies per resoldre-les, d\u2019analitzar les seves possibles solucions i de plantejar-se noves preguntes.<\/li>\n<li>Ser capa\u00e7 d\u2019analitzar les situacions, fer conjectures i comprovar-les, deduir i argumentar les afirmacions que realitzem.<\/li>\n<li>Ser capa\u00e7 de descobrir les relacions existents entre les diferents idees i conceptes del m\u00f3n matem\u00e0tic o d\u2019aquests amb el m\u00f3n que ens envolta.<\/li>\n<li>Ser capa\u00e7 de transmetre i interpretar la informaci\u00f3 matem\u00e0tica a trav\u00e9s de qualsevol canal: de manera gr\u00e0fica o escrita, oral, amb l\u2019ajuda de material o mitjan\u00e7ant la tecnologia existent.<\/li>\n<\/ul>\n<p>Per aconseguir tot aix\u00f2, a l&#8217;escola destinem:<\/p>\n<ul>\n<li>Dues sessions de Laboratori de nombres on es treballa la Numeraci\u00f3 i c\u00e0lcul sobretot des de 1r a 4t i al cicle superior tamb\u00e9 la Mesura i l\u2019Estad\u00edstica i atzar. Els conceptes es presenten de manera c\u00edclica, tant al llarg del curs com a cada trimestre, augmentant la dificultat.<\/li>\n<li>Una sessi\u00f3 amb material elaborat pels mestres on es treballen la resta dels blocs Espai i forma, Estad\u00edstica i atzar i la part experimental de la Mesura.<\/li>\n<li>Una sessi\u00f3 de Plataforma on els alumnes utilitzen la plataforma digital autoadaptativa i gamificada, creada per Innovamat, per a treballar, refor\u00e7ar o ampliar all\u00f2 treballat en les altres sessions.<\/li>\n<\/ul>\n<div class=\"ast-oembed-container \" style=\"height: 100%;\"><iframe loading=\"lazy\" title=\"V\u00eddeo Innovamat\" width=\"500\" height=\"281\" src=\"https:\/\/www.youtube.com\/embed\/99TV1tcIV34?feature=oembed\" frameborder=\"0\" allow=\"accelerometer; autoplay; clipboard-write; encrypted-media; gyroscope; picture-in-picture; web-share\" referrerpolicy=\"strict-origin-when-cross-origin\" allowfullscreen><\/iframe><\/div>\n<p>A continuaci\u00f3 trobareu una s\u00e8rie d\u2019enlla\u00e7os per aprofundir m\u00e9s en el funcionament d\u2019Innovamat:<\/p>\n<p><a href=\"https:\/\/www.bmath.app\/ca\/videotutorials\/\"><strong>Videotutorials r\u00e0pids<\/strong><\/a>: Aqu\u00ed trobareu un seguit de guies sobre les principals\u00a0<strong>estrat\u00e8gies de c\u00e0lcul<\/strong> que els infants treballen al llarg de Prim\u00e0ria per ajudar-los a consolidar-les. S\u00f3n molt pr\u00e0ctiques per repassar en fam\u00edlia! Feu clic<\/p>\n<p><strong>1r i 2n<\/strong><\/p>\n<ul>\n<li style=\"font-weight: 400;\" aria-level=\"1\"><span style=\"font-weight: 400;\"><a href=\"https:\/\/www.youtube.com\/watch?v=ycBawp8Fo5s&amp;list=PLTJatQ6w11aXhYWW2VWUa5wH9KYZbSy-a\" target=\"_blank\" rel=\"noopener\">Sumem tot saltant<\/a>\u00a0<\/span><\/li>\n<li style=\"font-weight: 400;\" aria-level=\"1\"><a href=\"https:\/\/www.youtube.com\/watch?v=DZcjw_kVxDU&amp;list=PLTJatQ6w11aXhYWW2VWUa5wH9KYZbSy-a\" target=\"_blank\" rel=\"noopener\"><span style=\"font-weight: 400;\">Restem tot saltant<\/span><\/a><\/li>\n<li style=\"font-weight: 400;\" aria-level=\"1\"><a href=\"https:\/\/www.youtube.com\/watch?v=VlyZa--cIQo&amp;list=PLTJatQ6w11aXhYWW2VWUa5wH9KYZbSy-a&amp;index=3\" target=\"_blank\" rel=\"noopener\"><span style=\"font-weight: 400;\">Sumem descomponent<\/span><\/a><\/li>\n<li style=\"font-weight: 400;\" aria-level=\"1\"><a href=\"https:\/\/www.youtube.com\/watch?v=iRdarU-y70Q&amp;list=PLTJatQ6w11aXhYWW2VWUa5wH9KYZbSy-a&amp;index=4\" target=\"_blank\" rel=\"noopener\"><span style=\"font-weight: 400;\">Restem descomponent<\/span><\/a><\/li>\n<li style=\"font-weight: 400;\" aria-level=\"1\"><a href=\"https:\/\/www.youtube.com\/watch?v=Fhc6t0am-Ys&amp;list=PLTJatQ6w11aXhYWW2VWUa5wH9KYZbSy-a&amp;index=5\" target=\"_blank\" rel=\"noopener\"><span style=\"font-weight: 400;\">Derivem fets<\/span><\/a><\/li>\n<li style=\"font-weight: 400;\" aria-level=\"1\"><a href=\"https:\/\/www.youtube.com\/watch?v=t3y4MzaOAB0&amp;list=PLTJatQ6w11aXhYWW2VWUa5wH9KYZbSy-a&amp;index=6\" target=\"_blank\" rel=\"noopener\"><span style=\"font-weight: 400;\">Estimem<\/span><\/a><\/li>\n<\/ul>\n<p>3r i 4t<\/p>\n<ul>\n<li style=\"font-weight: 400;\" aria-level=\"1\"><a href=\"https:\/\/www.youtube.com\/watch?v=3G_DZdzVvtI&amp;list=PLTJatQ6w11aXhYWW2VWUa5wH9KYZbSy-a&amp;index=7\" target=\"_blank\" rel=\"noopener\"><span style=\"font-weight: 400;\">Sumem i restem saltant<\/span><\/a><\/li>\n<li style=\"font-weight: 400;\" aria-level=\"1\"><a href=\"https:\/\/www.youtube.com\/watch?v=OcIuM2gut2s&amp;list=PLTJatQ6w11aXhYWW2VWUa5wH9KYZbSy-a&amp;index=8\" target=\"_blank\" rel=\"noopener\"><span style=\"font-weight: 400;\">Sumem descomponent<\/span><\/a><\/li>\n<li style=\"font-weight: 400;\" aria-level=\"1\"><a href=\"https:\/\/www.youtube.com\/watch?v=XHcZ1V9paYc&amp;list=PLTJatQ6w11aXhYWW2VWUa5wH9KYZbSy-a&amp;index=9\" target=\"_blank\" rel=\"noopener\"><span style=\"font-weight: 400;\">Restem descomponent<\/span><\/a><\/li>\n<li style=\"font-weight: 400;\" aria-level=\"1\"><a href=\"https:\/\/www.youtube.com\/watch?v=fkN2m8MAAg4&amp;list=PLTJatQ6w11aXhYWW2VWUa5wH9KYZbSy-a&amp;index=10\" target=\"_blank\" rel=\"noopener\"><span style=\"font-weight: 400;\">Constru\u00efm i practiquem les taules de multiplicar<\/span><\/a><\/li>\n<li style=\"font-weight: 400;\" aria-level=\"1\"><a href=\"https:\/\/www.youtube.com\/watch?v=uNEHHKRFOQ0&amp;list=PLTJatQ6w11aXhYWW2VWUa5wH9KYZbSy-a&amp;index=11\" target=\"_blank\" rel=\"noopener\"><span style=\"font-weight: 400;\">Multipliquem amb el model rectangular<\/span><\/a><\/li>\n<li aria-level=\"1\"><a href=\"https:\/\/www.youtube.com\/watch?v=XR7jinkgcy4&amp;list=PLTJatQ6w11aXhYWW2VWUa5wH9KYZbSy-a&amp;index=12\" target=\"_blank\" rel=\"noopener\">Dividim<\/a><\/li>\n<li aria-level=\"1\"><a href=\"https:\/\/www.youtube.com\/watch?v=glwKqcwOnfg&amp;list=PLTJatQ6w11aXhYWW2VWUa5wH9KYZbSy-a&amp;index=13\" target=\"_blank\" rel=\"noopener\">Derivem fets<\/a><\/li>\n<li aria-level=\"1\"><a href=\"https:\/\/www.youtube.com\/watch?v=UUXb5kKcsPQ&amp;list=PLTJatQ6w11aXhYWW2VWUa5wH9KYZbSy-a&amp;index=14\" target=\"_blank\" rel=\"noopener\">Estimem<\/a><\/li>\n<\/ul>\n<p>5\u00e8 i 6\u00e8<\/p>\n<ul>\n<li style=\"font-weight: 400;\" aria-level=\"1\"><a href=\"https:\/\/www.youtube.com\/watch?v=fkN2m8MAAg4&amp;list=PLTJatQ6w11aXhYWW2VWUa5wH9KYZbSy-a&amp;index=10\" target=\"_blank\" rel=\"noopener\"><span style=\"font-weight: 400;\">Constru\u00efm i practiquem les taules de multiplicar<\/span><\/a><\/li>\n<li style=\"font-weight: 400;\" aria-level=\"1\"><a href=\"https:\/\/www.youtube.com\/watch?v=uNEHHKRFOQ0&amp;list=PLTJatQ6w11aXhYWW2VWUa5wH9KYZbSy-a&amp;index=11\" target=\"_blank\" rel=\"noopener\"><span style=\"font-weight: 400;\">Multipliquem amb el model rectangular<\/span><\/a><\/li>\n<li style=\"font-weight: 400;\" aria-level=\"1\"><a href=\"https:\/\/www.youtube.com\/watch?v=XR7jinkgcy4&amp;list=PLTJatQ6w11aXhYWW2VWUa5wH9KYZbSy-a&amp;index=12\" target=\"_blank\" rel=\"noopener\"><span style=\"font-weight: 400;\">Dividim<\/span><\/a><\/li>\n<li style=\"font-weight: 400;\" aria-level=\"1\"><a href=\"https:\/\/www.youtube.com\/watch?v=_SGtPeAgmJk&amp;list=PLTJatQ6w11aXhYWW2VWUa5wH9KYZbSy-a&amp;index=15\" target=\"_blank\" rel=\"noopener\"><span style=\"font-weight: 400;\">Sumem i restem saltant<\/span><\/a><\/li>\n<li style=\"font-weight: 400;\" aria-level=\"1\"><a href=\"https:\/\/www.youtube.com\/watch?v=Bq4xf39zy9k&amp;list=PLTJatQ6w11aXhYWW2VWUa5wH9KYZbSy-a&amp;index=16\" target=\"_blank\" rel=\"noopener\"><span style=\"font-weight: 400;\">Sumem i restem descomponent<\/span><\/a><\/li>\n<li style=\"font-weight: 400;\" aria-level=\"1\"><a href=\"https:\/\/www.youtube.com\/watch?v=QBt2c75lVWc&amp;list=PLTJatQ6w11aXhYWW2VWUa5wH9KYZbSy-a&amp;index=17\" target=\"_blank\" rel=\"noopener\"><span style=\"font-weight: 400;\">Fem percentatges<\/span><\/a><\/li>\n<li style=\"font-weight: 400;\" aria-level=\"1\"><a href=\"https:\/\/www.youtube.com\/watch?v=BfcWhHFhMv0&amp;list=PLTJatQ6w11aXhYWW2VWUa5wH9KYZbSy-a&amp;index=18\" target=\"_blank\" rel=\"noopener\"><span style=\"font-weight: 400;\">Derivem fets<\/span><\/a><\/li>\n<li style=\"font-weight: 400;\" aria-level=\"1\"><a href=\"https:\/\/www.youtube.com\/watch?v=UIk_cYyif7g&amp;list=PLTJatQ6w11aXhYWW2VWUa5wH9KYZbSy-a&amp;index=19\" target=\"_blank\" rel=\"noopener\"><span style=\"font-weight: 400;\">Estimem<\/span><\/a><\/li>\n<\/ul>\n","protected":false},"excerpt":{"rendered":"<p>Tal i com planteja el Programa Innovamat, estem compromesos amb una societat matem\u00e0ticament competent. Apostem per un aprenentatge competencial i amb sentit did\u00e0ctic dels conceptes matem\u00e0tics. Innovamat \u00e9s una aposta envers uns aprenentatges matem\u00e0tics m\u00e9s competencials i basats en reptes engrescadors que permeten a l\u2019alumnat descobrir del m\u00f3n de les matem\u00e0tiques. En el seg\u00fcent v\u00eddeo [&hellip;]<\/p>\n","protected":false},"author":3,"featured_media":0,"parent":64,"menu_order":4,"comment_status":"closed","ping_status":"closed","template":"","meta":{"_bbp_topic_count":0,"_bbp_reply_count":0,"_bbp_total_topic_count":0,"_bbp_total_reply_count":0,"_bbp_voice_count":0,"_bbp_anonymous_reply_count":0,"_bbp_topic_count_hidden":0,"_bbp_reply_count_hidden":0,"_bbp_forum_subforum_count":0,"site-sidebar-layout":"default","site-content-layout":"","ast-site-content-layout":"","site-content-style":"default","site-sidebar-style":"default","ast-global-header-display":"","ast-banner-title-visibility":"","ast-main-header-display":"","ast-hfb-above-header-display":"","ast-hfb-below-header-display":"","ast-hfb-mobile-header-display":"","site-post-title":"","ast-breadcrumbs-content":"","ast-featured-img":"","footer-sml-layout":"","theme-transparent-header-meta":"","adv-header-id-meta":"","stick-header-meta":"","header-above-stick-meta":"","header-main-stick-meta":"","header-below-stick-meta":"","astra-migrate-meta-layouts":"default","ast-page-background-enabled":"default","ast-page-background-meta":{"desktop":{"background-color":"var(--ast-global-color-4)","background-image":"","background-repeat":"repeat","background-position":"center center","background-size":"auto","background-attachment":"scroll","background-type":"","background-media":"","overlay-type":"","overlay-color":"","overlay-opacity":"","overlay-gradient":""},"tablet":{"background-color":"","background-image":"","background-repeat":"repeat","background-position":"center center","background-size":"auto","background-attachment":"scroll","background-type":"","background-media":"","overlay-type":"","overlay-color":"","overlay-opacity":"","overlay-gradient":""},"mobile":{"background-color":"","background-image":"","background-repeat":"repeat","background-position":"center center","background-size":"auto","background-attachment":"scroll","background-type":"","background-media":"","overlay-type":"","overlay-color":"","overlay-opacity":"","overlay-gradient":""}},"ast-content-background-meta":{"desktop":{"background-color":"var(--ast-global-color-5)","background-image":"","background-repeat":"repeat","background-position":"center center","background-size":"auto","background-attachment":"scroll","background-type":"","background-media":"","overlay-type":"","overlay-color":"","overlay-opacity":"","overlay-gradient":""},"tablet":{"background-color":"var(--ast-global-color-5)","background-image":"","background-repeat":"repeat","background-position":"center center","background-size":"auto","background-attachment":"scroll","background-type":"","background-media":"","overlay-type":"","overlay-color":"","overlay-opacity":"","overlay-gradient":""},"mobile":{"background-color":"var(--ast-global-color-5)","background-image":"","background-repeat":"repeat","background-position":"center center","background-size":"auto","background-attachment":"scroll","background-type":"","background-media":"","overlay-type":"","overlay-color":"","overlay-opacity":"","overlay-gradient":""}},"footnotes":""},"class_list":["post-13513","page","type-page","status-publish","hentry"],"post_mailing_queue_ids":[],"_links":{"self":[{"href":"https:\/\/agora.xtec.cat\/ceipbenviure\/wp-json\/wp\/v2\/pages\/13513","targetHints":{"allow":["GET"]}}],"collection":[{"href":"https:\/\/agora.xtec.cat\/ceipbenviure\/wp-json\/wp\/v2\/pages"}],"about":[{"href":"https:\/\/agora.xtec.cat\/ceipbenviure\/wp-json\/wp\/v2\/types\/page"}],"author":[{"embeddable":true,"href":"https:\/\/agora.xtec.cat\/ceipbenviure\/wp-json\/wp\/v2\/users\/3"}],"replies":[{"embeddable":true,"href":"https:\/\/agora.xtec.cat\/ceipbenviure\/wp-json\/wp\/v2\/comments?post=13513"}],"version-history":[{"count":6,"href":"https:\/\/agora.xtec.cat\/ceipbenviure\/wp-json\/wp\/v2\/pages\/13513\/revisions"}],"predecessor-version":[{"id":16372,"href":"https:\/\/agora.xtec.cat\/ceipbenviure\/wp-json\/wp\/v2\/pages\/13513\/revisions\/16372"}],"up":[{"embeddable":true,"href":"https:\/\/agora.xtec.cat\/ceipbenviure\/wp-json\/wp\/v2\/pages\/64"}],"wp:attachment":[{"href":"https:\/\/agora.xtec.cat\/ceipbenviure\/wp-json\/wp\/v2\/media?parent=13513"}],"curies":[{"name":"wp","href":"https:\/\/api.w.org\/{rel}","templated":true}]}}