{"id":11168,"date":"2019-03-25T18:11:09","date_gmt":"2019-03-25T17:11:09","guid":{"rendered":"http:\/\/agora.xtec.cat\/ceipbenviure\/?page_id=11168"},"modified":"2023-02-25T21:00:07","modified_gmt":"2023-02-25T20:00:07","slug":"les-noves-tecnologies","status":"publish","type":"page","link":"https:\/\/agora.xtec.cat\/ceipbenviure\/projecte-innovador\/les-noves-tecnologies\/","title":{"rendered":"Les noves tecnologies"},"content":{"rendered":"<div class=\"ast-oembed-container \" style=\"height: 100%;\"><iframe loading=\"lazy\" title=\"Noves tecnologies\" width=\"500\" height=\"281\" src=\"https:\/\/www.youtube.com\/embed\/6Fx2pL7GaSY?feature=oembed\" frameborder=\"0\" allow=\"accelerometer; autoplay; clipboard-write; encrypted-media; gyroscope; picture-in-picture; web-share\" referrerpolicy=\"strict-origin-when-cross-origin\" allowfullscreen><\/iframe><\/div>\n<p>Un dels objectius primordials \u00e9s el d\u2019integrar les noves tecnologies al proc\u00e9s d\u2019aprenentatge dels nostres alumnes. Integrem les noves tecnologies dins del curr\u00edculum, aprofitant al m\u00e0xim els recursos inform\u00e0tics i audiovisuals:<\/p>\n<ul style=\"margin-left: 40px;\">\n<li>Pissarres digitals interactives a totes les aules<\/li>\n<li>Dues aules d\u2019inform\u00e0tica totalment equipades<\/li>\n<li>Racons d\u2019ordinador a les classes<\/li>\n<li>Armari d\u2019\u00fas col\u00b7lectiu de port\u00e0tils, chromebooks i tablets.<\/li>\n<li>Treball de rob\u00f2tica amb Bee bots, Pro bots, scratch, lego 2.0<\/li>\n<li>Altres materials multim\u00e8dia: c\u00e0meres de v\u00eddeo, c\u00e0meres de fotos, r\u00e0dio xtec, DVDs, equips musicals, lupes binoculars, &#8230;<\/li>\n<\/ul>\n<p>El centre ha participat en la convocat\u00f2ria de projectes d\u2019innovaci\u00f3: Aprenem i ens divertim amb les TIC (2009).<\/p>\n<p>Arrel de la situaci\u00f3 viscuda darrerament, on la necessitat d&#8217;utilitzar plataformes per a treballar a dist\u00e0ncia, hem incorporat al centre el treball amb GSuite des de 1r de Prim\u00e0ria. Al cicle inicial, les activitats estan encaminades a qu\u00e8 els alumnes tinguin un primer contacte amb el Classroom a l&#8217;escola. Al cicle mitj\u00e0 i superior les activitats proposades aniran incrementant la complexitat progressivament per tal que els alumnes vagin adquirint la compet\u00e8ncia digital.<\/p>\n<p>Aquestes noves tecnologies tamb\u00e9 ens faciliten la comunicaci\u00f3 fam\u00edlia-escola mitjan\u00e7ant el correu electr\u00f2nic, la p\u00e0gina web, del centre, el Twitter i el Telegram<\/p>\n<p>&nbsp;<\/p>\n","protected":false},"excerpt":{"rendered":"<p>Un dels objectius primordials \u00e9s el d\u2019integrar les noves tecnologies al proc\u00e9s d\u2019aprenentatge dels nostres alumnes. Integrem les noves tecnologies dins del curr\u00edculum, aprofitant al m\u00e0xim els recursos inform\u00e0tics i audiovisuals: Pissarres digitals interactives a totes les aules Dues aules d\u2019inform\u00e0tica totalment equipades Racons d\u2019ordinador a les classes Armari d\u2019\u00fas col\u00b7lectiu de port\u00e0tils, chromebooks i [&hellip;]<\/p>\n","protected":false},"author":3,"featured_media":0,"parent":64,"menu_order":3,"comment_status":"closed","ping_status":"closed","template":"page-templates\/side-menu.php","meta":{"_bbp_topic_count":0,"_bbp_reply_count":0,"_bbp_total_topic_count":0,"_bbp_total_reply_count":0,"_bbp_voice_count":0,"_bbp_anonymous_reply_count":0,"_bbp_topic_count_hidden":0,"_bbp_reply_count_hidden":0,"_bbp_forum_subforum_count":0,"site-sidebar-layout":"default","site-content-layout":"","ast-site-content-layout":"","site-content-style":"default","site-sidebar-style":"default","ast-global-header-display":"","ast-banner-title-visibility":"","ast-main-header-display":"","ast-hfb-above-header-display":"","ast-hfb-below-header-display":"","ast-hfb-mobile-header-display":"","site-post-title":"","ast-breadcrumbs-content":"","ast-featured-img":"","footer-sml-layout":"","theme-transparent-header-meta":"","adv-header-id-meta":"","stick-header-meta":"","header-above-stick-meta":"","header-main-stick-meta":"","header-below-stick-meta":"","astra-migrate-meta-layouts":"default","ast-page-background-enabled":"default","ast-page-background-meta":{"desktop":{"background-color":"var(--ast-global-color-4)","background-image":"","background-repeat":"repeat","background-position":"center center","background-size":"auto","background-attachment":"scroll","background-type":"","background-media":"","overlay-type":"","overlay-color":"","overlay-opacity":"","overlay-gradient":""},"tablet":{"background-color":"","background-image":"","background-repeat":"repeat","background-position":"center center","background-size":"auto","background-attachment":"scroll","background-type":"","background-media":"","overlay-type":"","overlay-color":"","overlay-opacity":"","overlay-gradient":""},"mobile":{"background-color":"","background-image":"","background-repeat":"repeat","background-position":"center center","background-size":"auto","background-attachment":"scroll","background-type":"","background-media":"","overlay-type":"","overlay-color":"","overlay-opacity":"","overlay-gradient":""}},"ast-content-background-meta":{"desktop":{"background-color":"var(--ast-global-color-5)","background-image":"","background-repeat":"repeat","background-position":"center center","background-size":"auto","background-attachment":"scroll","background-type":"","background-media":"","overlay-type":"","overlay-color":"","overlay-opacity":"","overlay-gradient":""},"tablet":{"background-color":"var(--ast-global-color-5)","background-image":"","background-repeat":"repeat","background-position":"center center","background-size":"auto","background-attachment":"scroll","background-type":"","background-media":"","overlay-type":"","overlay-color":"","overlay-opacity":"","overlay-gradient":""},"mobile":{"background-color":"var(--ast-global-color-5)","background-image":"","background-repeat":"repeat","background-position":"center center","background-size":"auto","background-attachment":"scroll","background-type":"","background-media":"","overlay-type":"","overlay-color":"","overlay-opacity":"","overlay-gradient":""}},"footnotes":""},"class_list":["post-11168","page","type-page","status-publish","hentry"],"post_mailing_queue_ids":[],"_links":{"self":[{"href":"https:\/\/agora.xtec.cat\/ceipbenviure\/wp-json\/wp\/v2\/pages\/11168","targetHints":{"allow":["GET"]}}],"collection":[{"href":"https:\/\/agora.xtec.cat\/ceipbenviure\/wp-json\/wp\/v2\/pages"}],"about":[{"href":"https:\/\/agora.xtec.cat\/ceipbenviure\/wp-json\/wp\/v2\/types\/page"}],"author":[{"embeddable":true,"href":"https:\/\/agora.xtec.cat\/ceipbenviure\/wp-json\/wp\/v2\/users\/3"}],"replies":[{"embeddable":true,"href":"https:\/\/agora.xtec.cat\/ceipbenviure\/wp-json\/wp\/v2\/comments?post=11168"}],"version-history":[{"count":4,"href":"https:\/\/agora.xtec.cat\/ceipbenviure\/wp-json\/wp\/v2\/pages\/11168\/revisions"}],"predecessor-version":[{"id":15055,"href":"https:\/\/agora.xtec.cat\/ceipbenviure\/wp-json\/wp\/v2\/pages\/11168\/revisions\/15055"}],"up":[{"embeddable":true,"href":"https:\/\/agora.xtec.cat\/ceipbenviure\/wp-json\/wp\/v2\/pages\/64"}],"wp:attachment":[{"href":"https:\/\/agora.xtec.cat\/ceipbenviure\/wp-json\/wp\/v2\/media?parent=11168"}],"curies":[{"name":"wp","href":"https:\/\/api.w.org\/{rel}","templated":true}]}}