{"id":10885,"date":"2019-01-11T20:23:13","date_gmt":"2019-01-11T19:23:13","guid":{"rendered":"http:\/\/agora.xtec.cat\/ceipbenviure\/?page_id=10885"},"modified":"2021-12-26T20:06:04","modified_gmt":"2021-12-26T19:06:04","slug":"localitzacio","status":"publish","type":"page","link":"https:\/\/agora.xtec.cat\/ceipbenviure\/apadrinem-el-territori\/localitzacio\/","title":{"rendered":"Localitzaci\u00f3"},"content":{"rendered":"<p>El parc de l&#8217;ermita es troba al carrer Sant Mateu n\u00fam. 15 de Castellbisbal i l&#8217;Ermita de Sant Vicen\u00e7 del castell en un tur\u00f3 en el mateix parc.<\/p>\n<p><a href=\"https:\/\/www.google.es\/maps\/place\/Parc+de+l'ermita,Castellbisbal\/@41.4746574,1.9738922,494m\/data=!3m1!1e3!4m12!1m6!3m5!1s0x12a48e3a8129a2f5:0xd1ffea8ba3e3b35c!2sParc+de+l'ermita,Castellbisbal!8m2!3d41.4746534!4d1.9760809!3m4!1s0x12a48e3a8129a2f5:0xd1ffea8ba3e3b35c!8m2!3d41.4746534!4d1.9760809\">Localitzaci\u00f3 Google maps<\/a><\/p>\n<p>Imatges<\/p>\n<p><img loading=\"lazy\" decoding=\"async\" class=\"alignnone wp-image-13405 size-medium\" src=\"https:\/\/agora.xtec.cat\/ceipbenviure\/wp-content\/uploads\/usu1908\/03-Sant-Vicenc-del-Castell-150220_2012BISBLOG-1-225x300.jpg\" alt=\"\" width=\"225\" height=\"300\" srcset=\"https:\/\/agora.xtec.cat\/ceipbenviure\/wp-content\/uploads\/usu1908\/03-Sant-Vicenc-del-Castell-150220_2012BISBLOG-1-225x300.jpg 225w, https:\/\/agora.xtec.cat\/ceipbenviure\/wp-content\/uploads\/usu1908\/03-Sant-Vicenc-del-Castell-150220_2012BISBLOG-1.jpg 700w\" sizes=\"auto, (max-width: 225px) 100vw, 225px\" \/><\/p>\n<p><img loading=\"lazy\" decoding=\"async\" class=\"wp-image-13400 size-medium alignnone\" src=\"https:\/\/agora.xtec.cat\/ceipbenviure\/wp-content\/uploads\/usu1908\/170809-1-300x195.jpg\" alt=\"\" width=\"300\" height=\"195\" srcset=\"https:\/\/agora.xtec.cat\/ceipbenviure\/wp-content\/uploads\/usu1908\/170809-1-300x195.jpg 300w, https:\/\/agora.xtec.cat\/ceipbenviure\/wp-content\/uploads\/usu1908\/170809-1.jpg 400w\" sizes=\"auto, (max-width: 300px) 100vw, 300px\" \/><\/p>\n","protected":false},"excerpt":{"rendered":"<p>El parc de l&#8217;ermita es troba al carrer Sant Mateu n\u00fam. 15 de Castellbisbal i l&#8217;Ermita de Sant Vicen\u00e7 del castell en un tur\u00f3 en el mateix parc. Localitzaci\u00f3 Google maps Imatges<\/p>\n","protected":false},"author":3,"featured_media":0,"parent":10881,"menu_order":2,"comment_status":"closed","ping_status":"closed","template":"page-templates\/side-menu.php","meta":{"_bbp_topic_count":0,"_bbp_reply_count":0,"_bbp_total_topic_count":0,"_bbp_total_reply_count":0,"_bbp_voice_count":0,"_bbp_anonymous_reply_count":0,"_bbp_topic_count_hidden":0,"_bbp_reply_count_hidden":0,"_bbp_forum_subforum_count":0,"site-sidebar-layout":"default","site-content-layout":"","ast-site-content-layout":"","site-content-style":"default","site-sidebar-style":"default","ast-global-header-display":"","ast-banner-title-visibility":"","ast-main-header-display":"","ast-hfb-above-header-display":"","ast-hfb-below-header-display":"","ast-hfb-mobile-header-display":"","site-post-title":"","ast-breadcrumbs-content":"","ast-featured-img":"","footer-sml-layout":"","theme-transparent-header-meta":"","adv-header-id-meta":"","stick-header-meta":"","header-above-stick-meta":"","header-main-stick-meta":"","header-below-stick-meta":"","astra-migrate-meta-layouts":"default","ast-page-background-enabled":"default","ast-page-background-meta":{"desktop":{"background-color":"var(--ast-global-color-4)","background-image":"","background-repeat":"repeat","background-position":"center center","background-size":"auto","background-attachment":"scroll","background-type":"","background-media":"","overlay-type":"","overlay-color":"","overlay-opacity":"","overlay-gradient":""},"tablet":{"background-color":"","background-image":"","background-repeat":"repeat","background-position":"center center","background-size":"auto","background-attachment":"scroll","background-type":"","background-media":"","overlay-type":"","overlay-color":"","overlay-opacity":"","overlay-gradient":""},"mobile":{"background-color":"","background-image":"","background-repeat":"repeat","background-position":"center center","background-size":"auto","background-attachment":"scroll","background-type":"","background-media":"","overlay-type":"","overlay-color":"","overlay-opacity":"","overlay-gradient":""}},"ast-content-background-meta":{"desktop":{"background-color":"var(--ast-global-color-5)","background-image":"","background-repeat":"repeat","background-position":"center center","background-size":"auto","background-attachment":"scroll","background-type":"","background-media":"","overlay-type":"","overlay-color":"","overlay-opacity":"","overlay-gradient":""},"tablet":{"background-color":"var(--ast-global-color-5)","background-image":"","background-repeat":"repeat","background-position":"center center","background-size":"auto","background-attachment":"scroll","background-type":"","background-media":"","overlay-type":"","overlay-color":"","overlay-opacity":"","overlay-gradient":""},"mobile":{"background-color":"var(--ast-global-color-5)","background-image":"","background-repeat":"repeat","background-position":"center center","background-size":"auto","background-attachment":"scroll","background-type":"","background-media":"","overlay-type":"","overlay-color":"","overlay-opacity":"","overlay-gradient":""}},"footnotes":""},"class_list":["post-10885","page","type-page","status-publish","hentry"],"post_mailing_queue_ids":[],"_links":{"self":[{"href":"https:\/\/agora.xtec.cat\/ceipbenviure\/wp-json\/wp\/v2\/pages\/10885","targetHints":{"allow":["GET"]}}],"collection":[{"href":"https:\/\/agora.xtec.cat\/ceipbenviure\/wp-json\/wp\/v2\/pages"}],"about":[{"href":"https:\/\/agora.xtec.cat\/ceipbenviure\/wp-json\/wp\/v2\/types\/page"}],"author":[{"embeddable":true,"href":"https:\/\/agora.xtec.cat\/ceipbenviure\/wp-json\/wp\/v2\/users\/3"}],"replies":[{"embeddable":true,"href":"https:\/\/agora.xtec.cat\/ceipbenviure\/wp-json\/wp\/v2\/comments?post=10885"}],"version-history":[{"count":4,"href":"https:\/\/agora.xtec.cat\/ceipbenviure\/wp-json\/wp\/v2\/pages\/10885\/revisions"}],"predecessor-version":[{"id":13985,"href":"https:\/\/agora.xtec.cat\/ceipbenviure\/wp-json\/wp\/v2\/pages\/10885\/revisions\/13985"}],"up":[{"embeddable":true,"href":"https:\/\/agora.xtec.cat\/ceipbenviure\/wp-json\/wp\/v2\/pages\/10881"}],"wp:attachment":[{"href":"https:\/\/agora.xtec.cat\/ceipbenviure\/wp-json\/wp\/v2\/media?parent=10885"}],"curies":[{"name":"wp","href":"https:\/\/api.w.org\/{rel}","templated":true}]}}