{"id":10883,"date":"2019-01-11T20:22:48","date_gmt":"2019-01-11T19:22:48","guid":{"rendered":"http:\/\/agora.xtec.cat\/ceipbenviure\/?page_id=10883"},"modified":"2019-01-11T20:31:02","modified_gmt":"2019-01-11T19:31:02","slug":"projecte","status":"publish","type":"page","link":"https:\/\/agora.xtec.cat\/ceipbenviure\/apadrinem-el-territori\/projecte\/","title":{"rendered":"Projecte"},"content":{"rendered":"<p><img decoding=\"async\" src=\"https:\/\/agora.xtec.cat\/ceipbenviure\/wp-content\/uploads\/usu1908\/Ermita-de-Sant-Vicen\u00e7.jpg\" alt=\"\" \/><\/p>\n<p>El projecte \u201cApadrinem \u201d neix a partir d\u2019una proposta de participaci\u00f3 plantejada des del CRP de la zona .<\/p>\n<p>Aquesta proposta s\u2019emmarca dins el projecte d\u2019innovaci\u00f3 del Departament d\u2019Ensenyament \u00a0\u201cApadrinem el nostre patrimoni\u201d<\/p>\n<p>S\u2019inspira en experi\u00e8ncies pr\u00e8vies que s\u2019han desenvolupat en el nostre pa\u00eds i en altres pa\u00efsos per fomentar el coneixement dels elements patrimonials de l\u2019entorn amb una actitud participativa de la comunitat escolar.<\/p>\n<p>El projecte es basa en la idea de l\u2019apadrinament o adopci\u00f3 d\u2019un element patrimonial per part del centre educatiu, que comporta donar-li valor i aprofundir en el seu coneixement des del punt de vista hist\u00f2ric, art\u00edstic, cultural i, alhora, fer que aquest coneixement sigui socialment rellevant; \u00e9s a dir, arribi a la pr\u00f2pia comunitat i a l\u2019entorn de l\u2019escola.<\/p>\n<p><strong>Objectius:<\/strong><\/p>\n<ol style=\"margin-left:40px;\">\n<li>Afavorir la implicaci\u00f3 dels alumnes a partir d\u2019una proposta did\u00e0ctica dissenyada amb els criteris de significaci\u00f3, comunicaci\u00f3, acci\u00f3 i projecci\u00f3 del model competencial orientador.<\/li>\n<li>Promoure el coneixement del patrimoni monumental, cultural i natural del pa\u00eds.<\/li>\n<li>Projectar el coneixement adquirit pels alumnes sobre l\u2019element patrimonial a la mateixa comunitat i a l\u2019entorn.<\/li>\n<li>Situar l&#8217;Ermita de Sant Vicen\u00e7 del Castell i el Parc de l&#8217;Ermita a Castellbisbal. Geolocalitzaci\u00f3.<\/li>\n<li>Valorar l&#8217;ermita com a font d&#8217;informaci\u00f3 sobre la vida en el context s\u00f2cio-econ\u00f2mic i cultural on estava ubicat.<\/li>\n<li>Ajudar a desenvolupar en els alumnes el sentit de la vinculaci\u00f3 i pertinen\u00e7a al territori.<\/li>\n<li>Utilitzar estrat\u00e8gies de cerca i tractament de la informaci\u00f3<\/li>\n<li>Adoptar una actitud responsable i participativa<\/li>\n<\/ol>\n<p>El projecte planteja la realitzaci\u00f3 en general de tasques de recerca vinculades al curr\u00edculum escolar, l\u2019entorn de l\u2019element apadrinat, aix\u00ed com tamb\u00e9 planteja la realitzaci\u00f3 de tasques relacionades amb la protecci\u00f3 i difusi\u00f3\u00a0d\u2019aquest ric element patrimonial que \u00e9s.<\/p>\n","protected":false},"excerpt":{"rendered":"<p>El projecte \u201cApadrinem \u201d neix a partir d\u2019una proposta de participaci\u00f3 plantejada des del CRP de la zona . Aquesta proposta s\u2019emmarca dins el projecte d\u2019innovaci\u00f3 del Departament d\u2019Ensenyament \u00a0\u201cApadrinem el nostre patrimoni\u201d S\u2019inspira en experi\u00e8ncies pr\u00e8vies que s\u2019han desenvolupat en el nostre pa\u00eds i en altres pa\u00efsos per fomentar el coneixement dels elements patrimonials [&hellip;]<\/p>\n","protected":false},"author":3,"featured_media":0,"parent":10881,"menu_order":1,"comment_status":"closed","ping_status":"closed","template":"page-templates\/side-menu.php","meta":{"_bbp_topic_count":0,"_bbp_reply_count":0,"_bbp_total_topic_count":0,"_bbp_total_reply_count":0,"_bbp_voice_count":0,"_bbp_anonymous_reply_count":0,"_bbp_topic_count_hidden":0,"_bbp_reply_count_hidden":0,"_bbp_forum_subforum_count":0,"site-sidebar-layout":"default","site-content-layout":"","ast-site-content-layout":"","site-content-style":"default","site-sidebar-style":"default","ast-global-header-display":"","ast-banner-title-visibility":"","ast-main-header-display":"","ast-hfb-above-header-display":"","ast-hfb-below-header-display":"","ast-hfb-mobile-header-display":"","site-post-title":"","ast-breadcrumbs-content":"","ast-featured-img":"","footer-sml-layout":"","theme-transparent-header-meta":"","adv-header-id-meta":"","stick-header-meta":"","header-above-stick-meta":"","header-main-stick-meta":"","header-below-stick-meta":"","astra-migrate-meta-layouts":"default","ast-page-background-enabled":"default","ast-page-background-meta":{"desktop":{"background-color":"var(--ast-global-color-4)","background-image":"","background-repeat":"repeat","background-position":"center center","background-size":"auto","background-attachment":"scroll","background-type":"","background-media":"","overlay-type":"","overlay-color":"","overlay-opacity":"","overlay-gradient":""},"tablet":{"background-color":"","background-image":"","background-repeat":"repeat","background-position":"center center","background-size":"auto","background-attachment":"scroll","background-type":"","background-media":"","overlay-type":"","overlay-color":"","overlay-opacity":"","overlay-gradient":""},"mobile":{"background-color":"","background-image":"","background-repeat":"repeat","background-position":"center center","background-size":"auto","background-attachment":"scroll","background-type":"","background-media":"","overlay-type":"","overlay-color":"","overlay-opacity":"","overlay-gradient":""}},"ast-content-background-meta":{"desktop":{"background-color":"var(--ast-global-color-5)","background-image":"","background-repeat":"repeat","background-position":"center center","background-size":"auto","background-attachment":"scroll","background-type":"","background-media":"","overlay-type":"","overlay-color":"","overlay-opacity":"","overlay-gradient":""},"tablet":{"background-color":"var(--ast-global-color-5)","background-image":"","background-repeat":"repeat","background-position":"center center","background-size":"auto","background-attachment":"scroll","background-type":"","background-media":"","overlay-type":"","overlay-color":"","overlay-opacity":"","overlay-gradient":""},"mobile":{"background-color":"var(--ast-global-color-5)","background-image":"","background-repeat":"repeat","background-position":"center center","background-size":"auto","background-attachment":"scroll","background-type":"","background-media":"","overlay-type":"","overlay-color":"","overlay-opacity":"","overlay-gradient":""}},"footnotes":""},"class_list":["post-10883","page","type-page","status-publish","hentry"],"post_mailing_queue_ids":[],"_links":{"self":[{"href":"https:\/\/agora.xtec.cat\/ceipbenviure\/wp-json\/wp\/v2\/pages\/10883","targetHints":{"allow":["GET"]}}],"collection":[{"href":"https:\/\/agora.xtec.cat\/ceipbenviure\/wp-json\/wp\/v2\/pages"}],"about":[{"href":"https:\/\/agora.xtec.cat\/ceipbenviure\/wp-json\/wp\/v2\/types\/page"}],"author":[{"embeddable":true,"href":"https:\/\/agora.xtec.cat\/ceipbenviure\/wp-json\/wp\/v2\/users\/3"}],"replies":[{"embeddable":true,"href":"https:\/\/agora.xtec.cat\/ceipbenviure\/wp-json\/wp\/v2\/comments?post=10883"}],"version-history":[{"count":3,"href":"https:\/\/agora.xtec.cat\/ceipbenviure\/wp-json\/wp\/v2\/pages\/10883\/revisions"}],"predecessor-version":[{"id":10897,"href":"https:\/\/agora.xtec.cat\/ceipbenviure\/wp-json\/wp\/v2\/pages\/10883\/revisions\/10897"}],"up":[{"embeddable":true,"href":"https:\/\/agora.xtec.cat\/ceipbenviure\/wp-json\/wp\/v2\/pages\/10881"}],"wp:attachment":[{"href":"https:\/\/agora.xtec.cat\/ceipbenviure\/wp-json\/wp\/v2\/media?parent=10883"}],"curies":[{"name":"wp","href":"https:\/\/api.w.org\/{rel}","templated":true}]}}